{"id":8467,"date":"2026-01-29T14:50:27","date_gmt":"2026-01-29T14:50:27","guid":{"rendered":"https:\/\/turkishtrade.co\/?post_type=product&#038;p=8467"},"modified":"2026-04-09T20:24:04","modified_gmt":"2026-04-09T20:24:04","slug":"mens-black-faux-leather-sports-shoes-6","status":"publish","type":"product","link":"https:\/\/turkishtrade.co\/es\/shop\/mens-black-faux-leather-sports-shoes-6\/","title":{"rendered":"Zapatillas deportivas de piel sint\u00e9tica negra para hombre Amazing | Zapatillas deportivas de piel sint\u00e9tica negra para hombre &amp;"},"content":{"rendered":"<p><strong>Zapatillas deportivas de piel sint\u00e9tica negra para hombre<\/strong>. Calidad y dise\u00f1o incre\u00edbles.<\/p>\n<p>Disfrute de un estilo y una comodidad incomparables con nuestros productos de alta calidad. <strong>Zapatillas deportivas de piel sint\u00e9tica negra para hombre<\/strong>. Dise\u00f1adas para el hombre moderno que exige tanto atractivo est\u00e9tico como m\u00e1ximo rendimiento, estas zapatillas son la combinaci\u00f3n perfecta de dise\u00f1o innovador y funcionalidad pr\u00e1ctica. Fabricadas con un sofisticado exterior de piel sint\u00e9tica, ofrecen una durabilidad superior y un aspecto elegante y contempor\u00e1neo que se adapta perfectamente al gimnasio y a las exploraciones urbanas. La robusta confecci\u00f3n en piel sint\u00e9tica garantiza su longevidad. <strong>Zapatillas deportivas de piel sint\u00e9tica negra para hombre<\/strong> una inversi\u00f3n inteligente para tu estilo de vida activo.<\/p>\n<h3>Comodidad y dise\u00f1o inigualables<\/h3>\n<p>Experimenta una comodidad excepcional gracias al forro interior de tejido transpirable. Este estudiado dise\u00f1o garantiza el m\u00e1ximo flujo de aire, manteniendo los pies frescos y secos incluso durante entrenamientos intensos o uso prolongado. El dise\u00f1o ergon\u00f3mico proporciona una excelente sujeci\u00f3n y amortiguaci\u00f3n, haciendo que estas <strong>Zapatillas deportivas de piel sint\u00e9tica negra para hombre<\/strong> ideales para disfrutar de comodidad todo el d\u00eda. Disponibles en una amplia gama de tallas de la UE, de la 40 a la 45, encontrar el ajuste perfecto no supone ning\u00fan esfuerzo. Su elegante est\u00e9tica negra, complementada con una din\u00e1mica suela blanca, crea un llamativo atractivo visual que es a la vez moderno y atemporal.<\/p>\n<h3>Versatilidad para todas las ocasiones<\/h3>\n<p>Estos vers\u00e1tiles <strong>Zapatillas deportivas de piel sint\u00e9tica negra para hombre<\/strong> no son s\u00f3lo para atletismo; su elegante acabado en negro con una suela blanca n\u00edtida las convierte en un elegante complemento para una gran variedad de conjuntos informales y athleisure. Tanto si vas a la pista como a hacer recados o quedar con los amigos, lo har\u00e1s con confianza y estilo. El distintivo elemento de dise\u00f1o circular en el lateral a\u00f1ade un toque \u00fanico, estableciendo estos <strong>Zapatillas deportivas de piel sint\u00e9tica negra para hombre<\/strong> con una atenci\u00f3n meticulosa a los detalles. Tanto para trotar como para caminar por la ciudad, su construcci\u00f3n ligera garantiza la facilidad de movimiento y un confort duradero.<\/p>\n<h3>Oportunidades al por mayor<\/h3>\n<p>Para las empresas que desean tener en stock calzado de alta calidad y de gran demanda, nuestros <strong>Zapatillas deportivas de piel sint\u00e9tica negra para hombre<\/strong> est\u00e1n disponibles para su compra al por mayor. Con un pedido m\u00ednimo de s\u00f3lo 8 pares, los minoristas pueden a\u00f1adir f\u00e1cilmente estas zapatillas superventas a su inventario y atender a una amplia base de clientes. Ofrecer estas zapatillas <strong>Zapatillas deportivas de piel sint\u00e9tica negra para hombre<\/strong> le permite ofrecer a sus clientes la combinaci\u00f3n perfecta de dise\u00f1o vanguardista y ropa deportiva pr\u00e1ctica. Mejore su oferta de calzado hoy mismo con un par que realmente entiende el ritmo de la vida moderna y ofrece una comodidad y un estilo superiores.<\/p>","protected":false},"excerpt":{"rendered":"<ul>\n<li>Exterior de piel sint\u00e9tica de primera calidad para mayor durabilidad y elegancia<\/li>\n<li>El interior de tejido transpirable garantiza comodidad y ventilaci\u00f3n durante todo el d\u00eda<\/li>\n<li>Disponible en tallas EU: 40, 41, 42, 43, 44, 45<\/li>\n<li>Elegante dise\u00f1o negro con suela blanca en contraste para un look moderno<\/li>\n<li>Ideal para hacer deporte, entrenar en el gimnasio y para el d\u00eda a d\u00eda.<\/li>\n<li>Posibilidad de venta al por mayor (pedido m\u00ednimo: 8 pares)<\/li>\n<\/ul>","protected":false},"featured_media":6683,"template":"","meta":{"_acf_changed":false,"_uag_custom_page_level_css":"","site-sidebar-layout":"default","site-content-layout":"","ast-site-content-layout":"default","site-content-style":"default","site-sidebar-style":"default","ast-global-header-display":"","ast-banner-title-visibility":"","ast-main-header-display":"","ast-hfb-above-header-display":"","ast-hfb-below-header-display":"","ast-hfb-mobile-header-display":"","site-post-title":"","ast-breadcrumbs-content":"","ast-featured-img":"","footer-sml-layout":"","ast-disable-related-posts":"","theme-transparent-header-meta":"","adv-header-id-meta":"","stick-header-meta":"","header-above-stick-meta":"","header-main-stick-meta":"","header-below-stick-meta":"","astra-migrate-meta-layouts":"default","ast-page-background-enabled":"default","ast-page-background-meta":{"desktop":{"background-color":"var(--ast-global-color-4)","background-image":"","background-repeat":"repeat","background-position":"center center","background-size":"auto","background-attachment":"scroll","background-type":"","background-media":"","overlay-type":"","overlay-color":"","overlay-opacity":"","overlay-gradient":""},"tablet":{"background-color":"","background-image":"","background-repeat":"repeat","background-position":"center center","background-size":"auto","background-attachment":"scroll","background-type":"","background-media":"","overlay-type":"","overlay-color":"","overlay-opacity":"","overlay-gradient":""},"mobile":{"background-color":"","background-image":"","background-repeat":"repeat","background-position":"center center","background-size":"auto","background-attachment":"scroll","background-type":"","background-media":"","overlay-type":"","overlay-color":"","overlay-opacity":"","overlay-gradient":""}},"ast-content-background-meta":{"desktop":{"background-color":"var(--ast-global-color-5)","background-image":"","background-repeat":"repeat","background-position":"center center","background-size":"auto","background-attachment":"scroll","background-type":"","background-media":"","overlay-type":"","overlay-color":"","overlay-opacity":"","overlay-gradient":""},"tablet":{"background-color":"var(--ast-global-color-5)","background-image":"","background-repeat":"repeat","background-position":"center center","background-size":"auto","background-attachment":"scroll","background-type":"","background-media":"","overlay-type":"","overlay-color":"","overlay-opacity":"","overlay-gradient":""},"mobile":{"background-color":"var(--ast-global-color-5)","background-image":"","background-repeat":"repeat","background-position":"center center","background-size":"auto","background-attachment":"scroll","background-type":"","background-media":"","overlay-type":"","overlay-color":"","overlay-opacity":"","overlay-gradient":""}}},"product_brand":[],"product_cat":[430,1200,51],"product_tag":[1475,1120,216,1449,1465,1446,1445,1476,1167,281],"class_list":{"0":"post-8467","1":"product","2":"type-product","3":"status-publish","4":"has-post-thumbnail","6":"product_cat-men","7":"product_cat-mens-shoes-2","8":"product_cat-sports","9":"product_tag-athletic-footwear","10":"product_tag-black-sneakers","11":"product_tag-casual-sneakers","12":"product_tag-comfortable-sports-shoes","13":"product_tag-fabric-interior-shoes","14":"product_tag-faux-leather-shoes","15":"product_tag-mens-sports-shoes","16":"product_tag-mens-trainers","17":"product_tag-modern-mens-shoes","18":"product_tag-wholesale-shoes","19":"desktop-align-center","20":"tablet-align-center","21":"mobile-align-center","23":"first","24":"instock","25":"shipping-taxable","26":"purchasable","27":"product-type-variable","28":"has-default-attributes"},"acf":[],"uagb_featured_image_src":{"full":["https:\/\/turkishtrade.co\/wp-content\/uploads\/2026\/01\/2600OYNMN00028-BLACK-ORANGE.png",453,250,false],"thumbnail":["https:\/\/turkishtrade.co\/wp-content\/uploads\/2026\/01\/2600OYNMN00028-BLACK-ORANGE-150x150.png",150,150,true],"medium":["https:\/\/turkishtrade.co\/wp-content\/uploads\/2026\/01\/2600OYNMN00028-BLACK-ORANGE-300x166.png",300,166,true],"medium_large":["https:\/\/turkishtrade.co\/wp-content\/uploads\/2026\/01\/2600OYNMN00028-BLACK-ORANGE.png",453,250,false],"large":["https:\/\/turkishtrade.co\/wp-content\/uploads\/2026\/01\/2600OYNMN00028-BLACK-ORANGE.png",453,250,false],"1536x1536":["https:\/\/turkishtrade.co\/wp-content\/uploads\/2026\/01\/2600OYNMN00028-BLACK-ORANGE.png",453,250,false],"2048x2048":["https:\/\/turkishtrade.co\/wp-content\/uploads\/2026\/01\/2600OYNMN00028-BLACK-ORANGE.png",453,250,false],"trp-custom-language-flag":["https:\/\/turkishtrade.co\/wp-content\/uploads\/2026\/01\/2600OYNMN00028-BLACK-ORANGE-18x10.png",18,10,true],"woocommerce_thumbnail":["https:\/\/turkishtrade.co\/wp-content\/uploads\/2026\/01\/2600OYNMN00028-BLACK-ORANGE-400x250.png",400,250,true],"woocommerce_single":["https:\/\/turkishtrade.co\/wp-content\/uploads\/2026\/01\/2600OYNMN00028-BLACK-ORANGE.png",453,250,false],"woocommerce_gallery_thumbnail":["https:\/\/turkishtrade.co\/wp-content\/uploads\/2026\/01\/2600OYNMN00028-BLACK-ORANGE-100x100.png",100,100,true]},"uagb_author_info":{"display_name":"python python","author_link":"https:\/\/turkishtrade.co\/es\/author\/"},"uagb_comment_info":0,"uagb_excerpt":"Premium Faux Leather Exterior for durability and sleek appeal Breathable Fabric Interior ensures all-day comfort and ventilation Available in EU sizes: 40, 41, 42, 43, 44, 45 Stylish black design with a contrasting white sole for a modern look Ideal for sports, gym workouts, and casual everyday wear Wholesale opportunities available (Minimum order quantity: 8&hellip;","_links":{"self":[{"href":"https:\/\/turkishtrade.co\/es\/wp-json\/wp\/v2\/product\/8467","targetHints":{"allow":["GET"]}}],"collection":[{"href":"https:\/\/turkishtrade.co\/es\/wp-json\/wp\/v2\/product"}],"about":[{"href":"https:\/\/turkishtrade.co\/es\/wp-json\/wp\/v2\/types\/product"}],"wp:featuredmedia":[{"embeddable":true,"href":"https:\/\/turkishtrade.co\/es\/wp-json\/wp\/v2\/media\/6683"}],"wp:attachment":[{"href":"https:\/\/turkishtrade.co\/es\/wp-json\/wp\/v2\/media?parent=8467"}],"wp:term":[{"taxonomy":"product_brand","embeddable":true,"href":"https:\/\/turkishtrade.co\/es\/wp-json\/wp\/v2\/product_brand?post=8467"},{"taxonomy":"product_cat","embeddable":true,"href":"https:\/\/turkishtrade.co\/es\/wp-json\/wp\/v2\/product_cat?post=8467"},{"taxonomy":"product_tag","embeddable":true,"href":"https:\/\/turkishtrade.co\/es\/wp-json\/wp\/v2\/product_tag?post=8467"}],"curies":[{"name":"wp","href":"https:\/\/api.w.org\/{rel}","templated":true}]}}