{"id":8466,"date":"2026-01-29T14:50:27","date_gmt":"2026-01-29T14:50:27","guid":{"rendered":"https:\/\/turkishtrade.co\/?post_type=product&#038;p=8466"},"modified":"2026-04-09T20:24:19","modified_gmt":"2026-04-09T20:24:19","slug":"mens-black-faux-leather-athletic-trainers","status":"publish","type":"product","link":"https:\/\/turkishtrade.co\/es\/shop\/mens-black-faux-leather-athletic-trainers\/","title":{"rendered":"Zapatillas deportivas de piel sint\u00e9tica negra para hombre m\u00e1s vendidas"},"content":{"rendered":"<p><strong>Deportivas de piel sint\u00e9tica negra para hombre<\/strong>. La mejor calidad y dise\u00f1o.<\/p>\n<p>Descubra la combinaci\u00f3n perfecta de estilo, comodidad y durabilidad con nuestro <strong>Deportivas de piel sint\u00e9tica negra para hombre<\/strong>. Dise\u00f1adas para el hombre moderno, estas vers\u00e1tiles zapatillas son ideales para una amplia gama de actividades, desde deportes ligeros y sesiones de gimnasio hasta ropa informal de diario. Confeccionadas con una meticulosa atenci\u00f3n al detalle, prometen elevar tu colecci\u00f3n de calzado con su sofisticada est\u00e9tica totalmente negra.<\/p>\n<h3>Artesan\u00eda y comodidad superiores<\/h3>\n<p>Cada par de estos excepcionales <strong>Deportivas de piel sint\u00e9tica negra para hombre<\/strong> cuenta con un robusto exterior de piel sint\u00e9tica. Este material de alta calidad no s\u00f3lo proporciona un aspecto elegante y pulido, sino que tambi\u00e9n ofrece una mayor durabilidad, garantizando que sus zapatos resistan los rigores del uso diario. La inclusi\u00f3n estrat\u00e9gica de paneles de malla mejora la transpirabilidad, mientras que las suaves superposiciones de piel sint\u00e9tica a\u00f1aden estructura y estilo. Combinadas con un interior de tejido suave y transpirable, estas zapatillas garantizan la m\u00e1xima comodidad, manteniendo los pies frescos y apoyados incluso despu\u00e9s de largos periodos de uso. El dise\u00f1o inteligente permite un flujo de aire \u00f3ptimo, evitando molestias y promoviendo un entorno m\u00e1s saludable para los pies. La suela resistente y amortiguadora contribuye a\u00fan m\u00e1s a la comodidad, convirti\u00e9ndolas en una opci\u00f3n pr\u00e1ctica para diversos climas y actividades.<\/p>\n<h3>Estilo vers\u00e1til para cualquier ocasi\u00f3n<\/h3>\n<p>El dise\u00f1o atemporal totalmente negro de estos <strong>Deportivas de piel sint\u00e9tica negra para hombre<\/strong> las hace incre\u00edblemente vers\u00e1tiles. Ya sea para ir al gimnasio a entrenar, hacer recados por la ciudad, quedar con los amigos para una salida informal o simplemente disfrutar de un d\u00eda relajado, estas zapatillas complementan cualquier atuendo sin esfuerzo. Su est\u00e9tica moderna, combinada con caracter\u00edsticas pr\u00e1cticas, garantiza que no tengas que renunciar al estilo ni a la funcionalidad. La robusta suela proporciona un agarre excelente y una sujeci\u00f3n fiable, lo que las hace ideales para diversas superficies y actividades. Disponibles en una amplia gama de tallas que incluye 40, 41, 42, 43, 44 y 45, encontrar el ajuste perfecto es sencillo y garantiza una comodidad \u00f3ptima.<\/p>\n<h3>Oportunidad de venta al por mayor para minoristas<\/h3>\n<p>Para las empresas que desean tener en stock calzado de alta calidad y de gran demanda, nuestros <strong>Deportivas de piel sint\u00e9tica negra para hombre<\/strong> est\u00e1n disponibles para su compra al por mayor. Con una c\u00f3moda cantidad m\u00ednima de pedido de s\u00f3lo 8 pares, los minoristas pueden a\u00f1adir f\u00e1cilmente estas populares zapatillas a su inventario, ofreciendo a sus clientes un producto que combina un estilo que marca tendencia con una construcci\u00f3n robusta. Estas zapatillas representan una excelente oportunidad de crecimiento, ya que atraen a un amplio grupo demogr\u00e1fico de consumidores que buscan un calzado deportivo elegante, c\u00f3modo y fiable. Invierta en un producto que ofrezca tanto est\u00e9tica como rendimiento, garantizando la satisfacci\u00f3n del cliente y fomentando la repetici\u00f3n del negocio. No son s\u00f3lo zapatos; son una declaraci\u00f3n de elegancia pr\u00e1ctica, dise\u00f1ados para apoyar su estilo de vida activo y, al mismo tiempo, mantenerle a la vanguardia de la moda.<\/p>","protected":false},"excerpt":{"rendered":"<ul>\n<li>Exterior de piel sint\u00e9tica de primera calidad para una mayor durabilidad y un estilo elegante<\/li>\n<li>El interior de tejido transpirable garantiza la comodidad durante todo el d\u00eda<\/li>\n<li>Dise\u00f1o atl\u00e9tico negro cl\u00e1sico adecuado para ropa deportiva e informal<\/li>\n<li>Disponible en una amplia gama de tallas: 40, 41, 42, 43, 44, 45 (EU)<\/li>\n<li>Disponibilidad al por mayor con un pedido m\u00ednimo de 8 pares<\/li>\n<\/ul>","protected":false},"featured_media":6680,"template":"","meta":{"_acf_changed":false,"_uag_custom_page_level_css":"","site-sidebar-layout":"default","site-content-layout":"","ast-site-content-layout":"default","site-content-style":"default","site-sidebar-style":"default","ast-global-header-display":"","ast-banner-title-visibility":"","ast-main-header-display":"","ast-hfb-above-header-display":"","ast-hfb-below-header-display":"","ast-hfb-mobile-header-display":"","site-post-title":"","ast-breadcrumbs-content":"","ast-featured-img":"","footer-sml-layout":"","ast-disable-related-posts":"","theme-transparent-header-meta":"","adv-header-id-meta":"","stick-header-meta":"","header-above-stick-meta":"","header-main-stick-meta":"","header-below-stick-meta":"","astra-migrate-meta-layouts":"default","ast-page-background-enabled":"default","ast-page-background-meta":{"desktop":{"background-color":"var(--ast-global-color-4)","background-image":"","background-repeat":"repeat","background-position":"center center","background-size":"auto","background-attachment":"scroll","background-type":"","background-media":"","overlay-type":"","overlay-color":"","overlay-opacity":"","overlay-gradient":""},"tablet":{"background-color":"","background-image":"","background-repeat":"repeat","background-position":"center center","background-size":"auto","background-attachment":"scroll","background-type":"","background-media":"","overlay-type":"","overlay-color":"","overlay-opacity":"","overlay-gradient":""},"mobile":{"background-color":"","background-image":"","background-repeat":"repeat","background-position":"center center","background-size":"auto","background-attachment":"scroll","background-type":"","background-media":"","overlay-type":"","overlay-color":"","overlay-opacity":"","overlay-gradient":""}},"ast-content-background-meta":{"desktop":{"background-color":"var(--ast-global-color-5)","background-image":"","background-repeat":"repeat","background-position":"center center","background-size":"auto","background-attachment":"scroll","background-type":"","background-media":"","overlay-type":"","overlay-color":"","overlay-opacity":"","overlay-gradient":""},"tablet":{"background-color":"var(--ast-global-color-5)","background-image":"","background-repeat":"repeat","background-position":"center center","background-size":"auto","background-attachment":"scroll","background-type":"","background-media":"","overlay-type":"","overlay-color":"","overlay-opacity":"","overlay-gradient":""},"mobile":{"background-color":"var(--ast-global-color-5)","background-image":"","background-repeat":"repeat","background-position":"center center","background-size":"auto","background-attachment":"scroll","background-type":"","background-media":"","overlay-type":"","overlay-color":"","overlay-opacity":"","overlay-gradient":""}}},"product_brand":[],"product_cat":[430,1200,51],"product_tag":[1469,1454,1471,336,1474,1462,1468,1470,1473,1472],"class_list":{"0":"post-8466","1":"product","2":"type-product","3":"status-publish","4":"has-post-thumbnail","6":"product_cat-men","7":"product_cat-mens-shoes-2","8":"product_cat-sports","9":"product_tag-athletic-trainers","10":"product_tag-black-sports-shoes","11":"product_tag-casual-trainers","12":"product_tag-comfortable-footwear","13":"product_tag-durable-sneakers","14":"product_tag-faux-leather-sneakers","15":"product_tag-mens-black-faux-leather-trainers","16":"product_tag-mens-running-shoes","17":"product_tag-sports-footwear","18":"product_tag-wholesale-trainers","19":"desktop-align-center","20":"tablet-align-center","21":"mobile-align-center","23":"first","24":"instock","25":"shipping-taxable","26":"purchasable","27":"product-type-variable","28":"has-default-attributes"},"acf":[],"uagb_featured_image_src":{"full":["https:\/\/turkishtrade.co\/wp-content\/uploads\/2026\/01\/2600OYNMN00027-BLACK.png",453,250,false],"thumbnail":["https:\/\/turkishtrade.co\/wp-content\/uploads\/2026\/01\/2600OYNMN00027-BLACK-150x150.png",150,150,true],"medium":["https:\/\/turkishtrade.co\/wp-content\/uploads\/2026\/01\/2600OYNMN00027-BLACK-300x166.png",300,166,true],"medium_large":["https:\/\/turkishtrade.co\/wp-content\/uploads\/2026\/01\/2600OYNMN00027-BLACK.png",453,250,false],"large":["https:\/\/turkishtrade.co\/wp-content\/uploads\/2026\/01\/2600OYNMN00027-BLACK.png",453,250,false],"1536x1536":["https:\/\/turkishtrade.co\/wp-content\/uploads\/2026\/01\/2600OYNMN00027-BLACK.png",453,250,false],"2048x2048":["https:\/\/turkishtrade.co\/wp-content\/uploads\/2026\/01\/2600OYNMN00027-BLACK.png",453,250,false],"trp-custom-language-flag":["https:\/\/turkishtrade.co\/wp-content\/uploads\/2026\/01\/2600OYNMN00027-BLACK-18x10.png",18,10,true],"woocommerce_thumbnail":["https:\/\/turkishtrade.co\/wp-content\/uploads\/2026\/01\/2600OYNMN00027-BLACK-400x250.png",400,250,true],"woocommerce_single":["https:\/\/turkishtrade.co\/wp-content\/uploads\/2026\/01\/2600OYNMN00027-BLACK.png",453,250,false],"woocommerce_gallery_thumbnail":["https:\/\/turkishtrade.co\/wp-content\/uploads\/2026\/01\/2600OYNMN00027-BLACK-100x100.png",100,100,true]},"uagb_author_info":{"display_name":"python python","author_link":"https:\/\/turkishtrade.co\/es\/author\/"},"uagb_comment_info":0,"uagb_excerpt":"Premium faux leather exterior for durability and sleek style Breathable fabric interior ensures all-day comfort Classic black athletic design suitable for sports and casual wear Available in a wide range of sizes: 40, 41, 42, 43, 44, 45 (EU) Wholesale availability with a minimum order of 8 pairs","_links":{"self":[{"href":"https:\/\/turkishtrade.co\/es\/wp-json\/wp\/v2\/product\/8466","targetHints":{"allow":["GET"]}}],"collection":[{"href":"https:\/\/turkishtrade.co\/es\/wp-json\/wp\/v2\/product"}],"about":[{"href":"https:\/\/turkishtrade.co\/es\/wp-json\/wp\/v2\/types\/product"}],"wp:featuredmedia":[{"embeddable":true,"href":"https:\/\/turkishtrade.co\/es\/wp-json\/wp\/v2\/media\/6680"}],"wp:attachment":[{"href":"https:\/\/turkishtrade.co\/es\/wp-json\/wp\/v2\/media?parent=8466"}],"wp:term":[{"taxonomy":"product_brand","embeddable":true,"href":"https:\/\/turkishtrade.co\/es\/wp-json\/wp\/v2\/product_brand?post=8466"},{"taxonomy":"product_cat","embeddable":true,"href":"https:\/\/turkishtrade.co\/es\/wp-json\/wp\/v2\/product_cat?post=8466"},{"taxonomy":"product_tag","embeddable":true,"href":"https:\/\/turkishtrade.co\/es\/wp-json\/wp\/v2\/product_tag?post=8466"}],"curies":[{"name":"wp","href":"https:\/\/api.w.org\/{rel}","templated":true}]}}