{"id":8465,"date":"2026-01-29T14:50:26","date_gmt":"2026-01-29T14:50:26","guid":{"rendered":"https:\/\/turkishtrade.co\/?post_type=product&#038;p=8465"},"modified":"2026-04-09T20:24:26","modified_gmt":"2026-04-09T20:24:26","slug":"mens-black-faux-leather-sports-shoes","status":"publish","type":"product","link":"https:\/\/turkishtrade.co\/es\/shop\/mens-black-faux-leather-sports-shoes\/","title":{"rendered":"Zapatillas de deporte de cuero negro de imitaci\u00f3n de los hombres Elite | con interior de tela"},"content":{"rendered":"<p><strong>Zapatillas deportivas de piel sint\u00e9tica negra para hombre<\/strong>. Calidad y dise\u00f1o de \u00e9lite.<\/p>\n<p>Mejora tu calzado con nuestro incre\u00edblemente vers\u00e1til y elegante <b>Zapatillas deportivas de piel sint\u00e9tica negra para hombre<\/b>. Dise\u00f1adas para el hombre moderno que valora tanto la est\u00e9tica como la comodidad, estas zapatillas son perfectas para una amplia gama de actividades, desde paseos informales hasta deportes ligeros. El elegante dise\u00f1o negro garantiza que se integren a la perfecci\u00f3n en cualquier armario, convirti\u00e9ndolas en un complemento indispensable de tu colecci\u00f3n.<\/p>\n<p>Confeccionadas con un resistente exterior de piel sint\u00e9tica, estas <b>Zapatillas deportivas de piel sint\u00e9tica negra para hombre<\/b> ofrecen un aspecto sofisticado sin renunciar a la resistencia. La piel sint\u00e9tica de alta calidad proporciona una excelente protecci\u00f3n y es f\u00e1cil de limpiar, por lo que sus zapatos lucir\u00e1n impecables durante m\u00e1s tiempo. En el interior, encontrar\u00e1s un forro de tela suave y transpirable que envuelve tus pies con comodidad, haci\u00e9ndolos ideales para un uso prolongado durante todo el d\u00eda. Desp\u00eddete de la incomodidad y da la bienvenida a un estilo sin esfuerzo.<\/p>\n<h3>Comodidad y practicidad inigualables<\/h3>\n<p>La comodidad es primordial, y estas zapatillas deportivas la ofrecen. El interior de tela garantiza una ventilaci\u00f3n superior, manteniendo los pies frescos y secos, incluso durante periodos de actividad. Disponibles en una amplia gama de tallas, de la 40 a la 45, encontrar el ajuste perfecto es sencillo. La robusta suela proporciona un agarre y una sujeci\u00f3n excelentes, ofreciendo estabilidad tanto si est\u00e1s en la pista, en el gimnasio o simplemente recorriendo las calles de la ciudad. No son unas zapatillas cualquiera; est\u00e1n dise\u00f1adas para el rendimiento y la comodidad diaria.<\/p>\n<h3>Dise\u00f1ado para cada ocasi\u00f3n<\/h3>\n<p>Aunque est\u00e1n clasificadas como zapatillas deportivas, su elegante acabado en negro y su dise\u00f1o contempor\u00e1neo hacen que se adapten sin esfuerzo a diversos entornos. Comb\u00ednalas con tu ropa deportiva favorita para entrenar o con unos vaqueros y una camiseta para un look relajado de fin de semana. Su est\u00e9tica minimalista garantiza que estas <b>Zapatillas deportivas de piel sint\u00e9tica negra para hombre<\/b> son una opci\u00f3n realmente adaptable para cualquier persona preocupada por la moda. Entendemos la necesidad de un calzado que pueda seguir el ritmo de tu din\u00e1mico estilo de vida, y estos zapatos est\u00e1n hechos para ello.<\/p>\n<h3>Oportunidades de venta al por mayor<\/h3>\n<p>Para las empresas que desean almacenar calzado de alta calidad y de gran demanda, ofrecemos atractivas opciones de venta al por mayor. Nuestra <b>Zapatillas deportivas de piel sint\u00e9tica negra para hombre<\/b> est\u00e1n disponibles para la compra al por mayor con un pedido m\u00ednimo de 8 pares. Esto supone una excelente oportunidad para que los minoristas ofrezcan a sus clientes unas zapatillas deportivas de primera calidad, elegantes y c\u00f3modas que sin duda ser\u00e1n un \u00e9xito. No se pierda la oportunidad de a\u00f1adir este popular art\u00edculo a su inventario. Experimente la mezcla perfecta de estilo, comodidad y durabilidad a cada paso.<\/p>","protected":false},"excerpt":{"rendered":"<ul>\n<li>Tallas disponibles: 40, 41, 42, 43, 44, 45<\/li>\n<li>Exterior de piel sint\u00e9tica de primera calidad para mayor durabilidad y estilo<\/li>\n<li>C\u00f3modo interior de tela para llevarlo todo el d\u00eda<\/li>\n<li>Dise\u00f1ado para actividades deportivas y uso diario ocasional<\/li>\n<li>Se aceptan pedidos al por mayor con una compra m\u00ednima de 8 pares<\/li>\n<\/ul>","protected":false},"featured_media":6676,"template":"","meta":{"_acf_changed":false,"_uag_custom_page_level_css":"","site-sidebar-layout":"default","site-content-layout":"","ast-site-content-layout":"default","site-content-style":"default","site-sidebar-style":"default","ast-global-header-display":"","ast-banner-title-visibility":"","ast-main-header-display":"","ast-hfb-above-header-display":"","ast-hfb-below-header-display":"","ast-hfb-mobile-header-display":"","site-post-title":"","ast-breadcrumbs-content":"","ast-featured-img":"","footer-sml-layout":"","ast-disable-related-posts":"","theme-transparent-header-meta":"","adv-header-id-meta":"","stick-header-meta":"","header-above-stick-meta":"","header-main-stick-meta":"","header-below-stick-meta":"","astra-migrate-meta-layouts":"default","ast-page-background-enabled":"default","ast-page-background-meta":{"desktop":{"background-color":"var(--ast-global-color-4)","background-image":"","background-repeat":"repeat","background-position":"center center","background-size":"auto","background-attachment":"scroll","background-type":"","background-media":"","overlay-type":"","overlay-color":"","overlay-opacity":"","overlay-gradient":""},"tablet":{"background-color":"","background-image":"","background-repeat":"repeat","background-position":"center center","background-size":"auto","background-attachment":"scroll","background-type":"","background-media":"","overlay-type":"","overlay-color":"","overlay-opacity":"","overlay-gradient":""},"mobile":{"background-color":"","background-image":"","background-repeat":"repeat","background-position":"center center","background-size":"auto","background-attachment":"scroll","background-type":"","background-media":"","overlay-type":"","overlay-color":"","overlay-opacity":"","overlay-gradient":""}},"ast-content-background-meta":{"desktop":{"background-color":"var(--ast-global-color-5)","background-image":"","background-repeat":"repeat","background-position":"center center","background-size":"auto","background-attachment":"scroll","background-type":"","background-media":"","overlay-type":"","overlay-color":"","overlay-opacity":"","overlay-gradient":""},"tablet":{"background-color":"var(--ast-global-color-5)","background-image":"","background-repeat":"repeat","background-position":"center center","background-size":"auto","background-attachment":"scroll","background-type":"","background-media":"","overlay-type":"","overlay-color":"","overlay-opacity":"","overlay-gradient":""},"mobile":{"background-color":"var(--ast-global-color-5)","background-image":"","background-repeat":"repeat","background-position":"center center","background-size":"auto","background-attachment":"scroll","background-type":"","background-media":"","overlay-type":"","overlay-color":"","overlay-opacity":"","overlay-gradient":""}}},"product_brand":[],"product_cat":[430,1200,51],"product_tag":[1459,1464,1467,1466,1465,1446,964,1445,1450,262],"class_list":{"0":"post-8465","1":"product","2":"type-product","3":"status-publish","4":"has-post-thumbnail","6":"product_cat-men","7":"product_cat-mens-shoes-2","8":"product_cat-sports","9":"product_tag-black-running-shoes","10":"product_tag-black-trainers","11":"product_tag-comfortable-trainers","12":"product_tag-durable-sports-shoes","13":"product_tag-fabric-interior-shoes","14":"product_tag-faux-leather-shoes","15":"product_tag-mens-casual-footwear","16":"product_tag-mens-sports-shoes","17":"product_tag-size-40-45-shoes","18":"product_tag-wholesale-mens-shoes","19":"desktop-align-center","20":"tablet-align-center","21":"mobile-align-center","23":"first","24":"instock","25":"shipping-taxable","26":"purchasable","27":"product-type-variable","28":"has-default-attributes"},"acf":[],"uagb_featured_image_src":{"full":["https:\/\/turkishtrade.co\/wp-content\/uploads\/2026\/01\/2600OYNMN00026-BLACK.png",453,250,false],"thumbnail":["https:\/\/turkishtrade.co\/wp-content\/uploads\/2026\/01\/2600OYNMN00026-BLACK-150x150.png",150,150,true],"medium":["https:\/\/turkishtrade.co\/wp-content\/uploads\/2026\/01\/2600OYNMN00026-BLACK-300x166.png",300,166,true],"medium_large":["https:\/\/turkishtrade.co\/wp-content\/uploads\/2026\/01\/2600OYNMN00026-BLACK.png",453,250,false],"large":["https:\/\/turkishtrade.co\/wp-content\/uploads\/2026\/01\/2600OYNMN00026-BLACK.png",453,250,false],"1536x1536":["https:\/\/turkishtrade.co\/wp-content\/uploads\/2026\/01\/2600OYNMN00026-BLACK.png",453,250,false],"2048x2048":["https:\/\/turkishtrade.co\/wp-content\/uploads\/2026\/01\/2600OYNMN00026-BLACK.png",453,250,false],"trp-custom-language-flag":["https:\/\/turkishtrade.co\/wp-content\/uploads\/2026\/01\/2600OYNMN00026-BLACK-18x10.png",18,10,true],"woocommerce_thumbnail":["https:\/\/turkishtrade.co\/wp-content\/uploads\/2026\/01\/2600OYNMN00026-BLACK-400x250.png",400,250,true],"woocommerce_single":["https:\/\/turkishtrade.co\/wp-content\/uploads\/2026\/01\/2600OYNMN00026-BLACK.png",453,250,false],"woocommerce_gallery_thumbnail":["https:\/\/turkishtrade.co\/wp-content\/uploads\/2026\/01\/2600OYNMN00026-BLACK-100x100.png",100,100,true]},"uagb_author_info":{"display_name":"python python","author_link":"https:\/\/turkishtrade.co\/es\/author\/"},"uagb_comment_info":0,"uagb_excerpt":"Sizes available: 40, 41, 42, 43, 44, 45 Premium faux leather exterior for durability and style Comfortable fabric interior for all-day wear Designed for sports activities and casual everyday use Wholesale orders welcome with a minimum purchase of 8 pairs","_links":{"self":[{"href":"https:\/\/turkishtrade.co\/es\/wp-json\/wp\/v2\/product\/8465","targetHints":{"allow":["GET"]}}],"collection":[{"href":"https:\/\/turkishtrade.co\/es\/wp-json\/wp\/v2\/product"}],"about":[{"href":"https:\/\/turkishtrade.co\/es\/wp-json\/wp\/v2\/types\/product"}],"wp:featuredmedia":[{"embeddable":true,"href":"https:\/\/turkishtrade.co\/es\/wp-json\/wp\/v2\/media\/6676"}],"wp:attachment":[{"href":"https:\/\/turkishtrade.co\/es\/wp-json\/wp\/v2\/media?parent=8465"}],"wp:term":[{"taxonomy":"product_brand","embeddable":true,"href":"https:\/\/turkishtrade.co\/es\/wp-json\/wp\/v2\/product_brand?post=8465"},{"taxonomy":"product_cat","embeddable":true,"href":"https:\/\/turkishtrade.co\/es\/wp-json\/wp\/v2\/product_cat?post=8465"},{"taxonomy":"product_tag","embeddable":true,"href":"https:\/\/turkishtrade.co\/es\/wp-json\/wp\/v2\/product_tag?post=8465"}],"curies":[{"name":"wp","href":"https:\/\/api.w.org\/{rel}","templated":true}]}}