{"id":8463,"date":"2026-01-29T14:50:25","date_gmt":"2026-01-29T14:50:25","guid":{"rendered":"https:\/\/turkishtrade.co\/product\/men-2600oynmn00024\/"},"modified":"2026-04-09T20:24:47","modified_gmt":"2026-04-09T20:24:47","slug":"mens-black-sports-shoes-4","status":"publish","type":"product","link":"https:\/\/turkishtrade.co\/es\/shop\/mens-black-sports-shoes-4\/","title":{"rendered":"Zapatillas de deporte de los hombres Negro Genuino | Tela de imitaci\u00f3n de cuero negro de los hombres"},"content":{"rendered":"<p>Mejora tu juego y tu estilo con nuestra <strong>Zapatillas deportivas negras para hombre<\/strong>. Dise\u00f1adas para ofrecer el m\u00e1ximo rendimiento y comodidad en el d\u00eda a d\u00eda, estas vers\u00e1tiles zapatillas deportivas son imprescindibles para cualquier hombre activo. Tanto si vas al gimnasio, como si sales a correr o simplemente buscas un calzado elegante y c\u00f3modo para el d\u00eda a d\u00eda, estas zapatillas deportivas negras para hombre cumplen en todos los frentes. Su elegante dise\u00f1o totalmente negro garantiza que se integren a la perfecci\u00f3n en cualquier armario, convirti\u00e9ndolas en una adici\u00f3n esencial a tu colecci\u00f3n de calzado. Experimenta la fusi\u00f3n perfecta de dise\u00f1o moderno y funcionalidad pr\u00e1ctica.<\/p>\n<h3>Comodidad inigualable y mezcla de materiales superior<\/h3>\n<p>Experimente un confort superior con nuestros <strong>Zapatillas deportivas negras para hombre<\/strong>. El interior cuenta con un forro de tejido suave y transpirable que garantiza la m\u00e1xima ventilaci\u00f3n y reduce la fatiga, manteniendo los pies frescos incluso durante un uso prolongado. El exterior cuenta con un material de piel sint\u00e9tica de alta calidad, que ofrece una excelente durabilidad y resistencia al desgaste, al tiempo que proporciona un acabado sofisticado. Esta inteligente combinaci\u00f3n de tejido interior y piel sint\u00e9tica exterior garantiza un zapato robusto e incre\u00edblemente c\u00f3modo. Disponibles en una amplia gama de tallas, desde la 40, 41, 42, 43, 44 hasta la 45, encontrar su talla perfecta es sencillo y sin complicaciones.<\/p>\n<h3>Dise\u00f1ado para estilos de vida din\u00e1micos<\/h3>\n<p>Nuestra <strong>Zapatillas deportivas negras para hombre<\/strong> no se limitan a la apariencia, sino que est\u00e1n pensadas para la acci\u00f3n. Su dise\u00f1o atl\u00e9tico proporciona una gran sujeci\u00f3n y flexibilidad, lo que las hace adecuadas para diversas actividades deportivas y sesiones de entrenamiento intensas. Desde intensos entrenamientos en el gimnasio hasta paseos tranquilos, la suela reactiva ofrece una excelente amortiguaci\u00f3n y agarre, garantizando la estabilidad en diversas superficies. El sistema de cordones de seguridad proporciona un ajuste ce\u00f1ido y regulable, mejorando el rendimiento general y la comodidad durante todo el d\u00eda. Invierte en un calzado que apoye tu din\u00e1mico estilo de vida sin renunciar al estilo ni a la funcionalidad con estas excepcionales deportivas negras para hombre.<\/p>\n<h3>Oportunidad de venta al por mayor para las empresas<\/h3>\n<p>Para los minoristas y las empresas que desean almacenar calzado de alta calidad, nuestros <strong>Zapatillas deportivas negras para hombre<\/strong> est\u00e1n disponibles para su compra al por mayor. Con una cantidad m\u00ednima de pedido de s\u00f3lo 8 pares, es f\u00e1cil a\u00f1adir estas populares y elegantes zapatillas a su inventario. Benef\u00edciese de precios competitivos al por mayor y ofrezca a sus clientes un producto que combina una est\u00e9tica moderna con una durabilidad pr\u00e1ctica. Estas zapatillas representan una excelente propuesta de valor, atrayendo a una amplia base de clientes que buscan calzado deportivo fiable y a la moda. Mejore su oferta de productos con estas codiciadas zapatillas deportivas negras para hombre y satisfaga la creciente demanda de calzado deportivo de calidad.<\/p>\n<p>Elige nuestras zapatillas deportivas negras para hombre para una mezcla insuperable de estilo, comodidad y rendimiento. Perfectas para el hombre moderno que exige calidad en cada paso. No dejes pasar esta fant\u00e1stica oportunidad de experimentar un calzado de primera calidad o ampliar tu colecci\u00f3n de venta al p\u00fablico.<\/p>","protected":false},"excerpt":{"rendered":"<ul>\n<li>Tallas disponibles: 40, 41, 42, 43, 44, 45<\/li>\n<li>Mezcla de tejido transpirable (interior) y piel sint\u00e9tica duradera (exterior)<\/li>\n<li>Dise\u00f1ado para un confort, una flexibilidad y un rendimiento deportivo \u00f3ptimos<\/li>\n<li>Vers\u00e1til para actividades deportivas, entrenamientos en el gimnasio y ropa informal de diario<\/li>\n<li>Cantidad m\u00ednima de pedido: 8 pares para compras al por mayor<\/li>\n<li>Precios al por mayor y disponibilidad para empresas<\/li>\n<\/ul>","protected":false},"featured_media":6670,"template":"","meta":{"_acf_changed":false,"_uag_custom_page_level_css":"","site-sidebar-layout":"default","site-content-layout":"","ast-site-content-layout":"default","site-content-style":"default","site-sidebar-style":"default","ast-global-header-display":"","ast-banner-title-visibility":"","ast-main-header-display":"","ast-hfb-above-header-display":"","ast-hfb-below-header-display":"","ast-hfb-mobile-header-display":"","site-post-title":"","ast-breadcrumbs-content":"","ast-featured-img":"","footer-sml-layout":"","ast-disable-related-posts":"","theme-transparent-header-meta":"","adv-header-id-meta":"","stick-header-meta":"","header-above-stick-meta":"","header-main-stick-meta":"","header-below-stick-meta":"","astra-migrate-meta-layouts":"default","ast-page-background-enabled":"default","ast-page-background-meta":{"desktop":{"background-color":"var(--ast-global-color-4)","background-image":"","background-repeat":"repeat","background-position":"center center","background-size":"auto","background-attachment":"scroll","background-type":"","background-media":"","overlay-type":"","overlay-color":"","overlay-opacity":"","overlay-gradient":""},"tablet":{"background-color":"","background-image":"","background-repeat":"repeat","background-position":"center center","background-size":"auto","background-attachment":"scroll","background-type":"","background-media":"","overlay-type":"","overlay-color":"","overlay-opacity":"","overlay-gradient":""},"mobile":{"background-color":"","background-image":"","background-repeat":"repeat","background-position":"center center","background-size":"auto","background-attachment":"scroll","background-type":"","background-media":"","overlay-type":"","overlay-color":"","overlay-opacity":"","overlay-gradient":""}},"ast-content-background-meta":{"desktop":{"background-color":"var(--ast-global-color-5)","background-image":"","background-repeat":"repeat","background-position":"center center","background-size":"auto","background-attachment":"scroll","background-type":"","background-media":"","overlay-type":"","overlay-color":"","overlay-opacity":"","overlay-gradient":""},"tablet":{"background-color":"var(--ast-global-color-5)","background-image":"","background-repeat":"repeat","background-position":"center center","background-size":"auto","background-attachment":"scroll","background-type":"","background-media":"","overlay-type":"","overlay-color":"","overlay-opacity":"","overlay-gradient":""},"mobile":{"background-color":"var(--ast-global-color-5)","background-image":"","background-repeat":"repeat","background-position":"center center","background-size":"auto","background-attachment":"scroll","background-type":"","background-media":"","overlay-type":"","overlay-color":"","overlay-opacity":"","overlay-gradient":""}}},"product_brand":[],"product_cat":[430,1200,51],"product_tag":[1459,1454,290,1460,1457,1456,1455,1453,1063,1458],"class_list":{"0":"post-8463","1":"product","2":"type-product","3":"status-publish","4":"has-post-thumbnail","6":"product_cat-men","7":"product_cat-mens-shoes-2","8":"product_cat-sports","9":"product_tag-black-running-shoes","10":"product_tag-black-sports-shoes","11":"product_tag-comfortable-mens-shoes","12":"product_tag-durable-sports-footwear","13":"product_tag-fabric-sports-trainers","14":"product_tag-faux-leather-trainers","15":"product_tag-mens-athletic-shoes","16":"product_tag-mens-black-sports-shoes","17":"product_tag-turkish-trade-shoes","18":"product_tag-wholesale-sports-shoes","19":"desktop-align-center","20":"tablet-align-center","21":"mobile-align-center","23":"first","24":"instock","25":"shipping-taxable","26":"purchasable","27":"product-type-variable","28":"has-default-attributes"},"acf":[],"uagb_featured_image_src":{"full":["https:\/\/turkishtrade.co\/wp-content\/uploads\/2026\/01\/2600OYNMN00024-BLACK.png",453,250,false],"thumbnail":["https:\/\/turkishtrade.co\/wp-content\/uploads\/2026\/01\/2600OYNMN00024-BLACK-150x150.png",150,150,true],"medium":["https:\/\/turkishtrade.co\/wp-content\/uploads\/2026\/01\/2600OYNMN00024-BLACK-300x166.png",300,166,true],"medium_large":["https:\/\/turkishtrade.co\/wp-content\/uploads\/2026\/01\/2600OYNMN00024-BLACK.png",453,250,false],"large":["https:\/\/turkishtrade.co\/wp-content\/uploads\/2026\/01\/2600OYNMN00024-BLACK.png",453,250,false],"1536x1536":["https:\/\/turkishtrade.co\/wp-content\/uploads\/2026\/01\/2600OYNMN00024-BLACK.png",453,250,false],"2048x2048":["https:\/\/turkishtrade.co\/wp-content\/uploads\/2026\/01\/2600OYNMN00024-BLACK.png",453,250,false],"trp-custom-language-flag":["https:\/\/turkishtrade.co\/wp-content\/uploads\/2026\/01\/2600OYNMN00024-BLACK-18x10.png",18,10,true],"woocommerce_thumbnail":["https:\/\/turkishtrade.co\/wp-content\/uploads\/2026\/01\/2600OYNMN00024-BLACK-400x250.png",400,250,true],"woocommerce_single":["https:\/\/turkishtrade.co\/wp-content\/uploads\/2026\/01\/2600OYNMN00024-BLACK.png",453,250,false],"woocommerce_gallery_thumbnail":["https:\/\/turkishtrade.co\/wp-content\/uploads\/2026\/01\/2600OYNMN00024-BLACK-100x100.png",100,100,true]},"uagb_author_info":{"display_name":"python python","author_link":"https:\/\/turkishtrade.co\/es\/author\/"},"uagb_comment_info":0,"uagb_excerpt":"Sizes available: 40, 41, 42, 43, 44, 45 Premium blend of breathable fabric (inside) and durable faux leather (outside) Designed for optimal comfort, flexibility, and athletic performance Versatile for sports activities, gym workouts, and everyday casual wear Minimum order quantity: 8 pairs for bulk purchasing Wholesale pricing and availability for business customers","_links":{"self":[{"href":"https:\/\/turkishtrade.co\/es\/wp-json\/wp\/v2\/product\/8463","targetHints":{"allow":["GET"]}}],"collection":[{"href":"https:\/\/turkishtrade.co\/es\/wp-json\/wp\/v2\/product"}],"about":[{"href":"https:\/\/turkishtrade.co\/es\/wp-json\/wp\/v2\/types\/product"}],"wp:featuredmedia":[{"embeddable":true,"href":"https:\/\/turkishtrade.co\/es\/wp-json\/wp\/v2\/media\/6670"}],"wp:attachment":[{"href":"https:\/\/turkishtrade.co\/es\/wp-json\/wp\/v2\/media?parent=8463"}],"wp:term":[{"taxonomy":"product_brand","embeddable":true,"href":"https:\/\/turkishtrade.co\/es\/wp-json\/wp\/v2\/product_brand?post=8463"},{"taxonomy":"product_cat","embeddable":true,"href":"https:\/\/turkishtrade.co\/es\/wp-json\/wp\/v2\/product_cat?post=8463"},{"taxonomy":"product_tag","embeddable":true,"href":"https:\/\/turkishtrade.co\/es\/wp-json\/wp\/v2\/product_tag?post=8463"}],"curies":[{"name":"wp","href":"https:\/\/api.w.org\/{rel}","templated":true}]}}