{"id":8442,"date":"2026-01-29T14:50:16","date_gmt":"2026-01-29T14:50:16","guid":{"rendered":"https:\/\/turkishtrade.co\/?post_type=product&#038;p=8442"},"modified":"2026-04-09T20:25:02","modified_gmt":"2026-04-09T20:25:02","slug":"mens-black-sports-shoes","status":"publish","type":"product","link":"https:\/\/turkishtrade.co\/es\/shop\/mens-black-sports-shoes\/","title":{"rendered":"Zapatillas deportivas negras de lujo para hombre | Tela de piel sint\u00e9tica negra para hombre"},"content":{"rendered":"<p>Mejore su calzado con nuestros <strong>Zapatillas deportivas negras para hombre<\/strong>, dise\u00f1adas para el hombre moderno que valora tanto el estilo como la sustancia. Estas vers\u00e1tiles deportivas negras est\u00e1n meticulosamente confeccionadas con una combinaci\u00f3n de piel sint\u00e9tica de alta calidad en el exterior y un forro de tejido suave y transpirable en el interior. Esta cuidada selecci\u00f3n de materiales garantiza una durabilidad excepcional al tiempo que proporciona una comodidad inigualable, lo que las hace perfectas para un uso prolongado, ya sea para ir al gimnasio, salir a correr o simplemente disfrutar de un d\u00eda de ocio.<\/p>\n<p>Nuestra <strong>Zapatillas deportivas negras para hombre<\/strong> cuentan con un dise\u00f1o elegante y contempor\u00e1neo que complementa sin esfuerzo cualquier atuendo. El color negro intenso ofrece un atractivo atemporal, garantizando que estos zapatos sigan siendo un elemento b\u00e1sico en tu armario temporada tras temporada. Su robusta construcci\u00f3n promete un rendimiento duradero, soportando los rigores de la actividad diaria y diversos esfuerzos deportivos. Desde su suela acolchada hasta su cierre de cordones seguro, cada detalle est\u00e1 dise\u00f1ado para proporcionar el m\u00e1ximo apoyo y estabilidad, reduciendo la fatiga y mejorando su experiencia general.<\/p>\n<h3>Comodidad y versatilidad inigualables<\/h3>\n<p>Experimente la fusi\u00f3n perfecta de comodidad y moda con estos excepcionales <strong>Zapatillas deportivas negras para hombre<\/strong>. El forro interior de tela es suave con la piel, evita las rozaduras y favorece la circulaci\u00f3n del aire para mantener los pies frescos y secos. El exterior de piel sint\u00e9tica no s\u00f3lo a\u00f1ade un toque de sofisticaci\u00f3n, sino que tambi\u00e9n ofrece un f\u00e1cil mantenimiento y resistencia al desgaste. Estas deportivas negras no son s\u00f3lo apariencia; est\u00e1n hechas para la acci\u00f3n, proporcionando la flexibilidad y el agarre que necesitas para diversas superficies y actividades.<\/p>\n<p>Disponibles en una amplia gama de tallas, de la 40 a la 45, encontrar tu talla perfecta nunca ha sido tan f\u00e1cil. Tanto si necesitas unas zapatillas deportivas fiables como si quieres a\u00f1adir estilo a tu colecci\u00f3n informal, estas deportivas negras son una elecci\u00f3n indispensable. Su adaptabilidad las hace adecuadas para una amplia gama de ocasiones, desde entrenamientos intensos hasta paseos de fin de semana. Mejora tu estilo de vida activo con un calzado que no compromete la calidad ni la est\u00e9tica.<\/p>\n<h3>Oportunidades al por mayor para las empresas<\/h3>\n<p>Para los minoristas y las empresas que desean ofrecer calzado de alta demanda y calidad, nuestro <strong>Zapatillas deportivas negras para hombre<\/strong> est\u00e1n disponibles para su compra al por mayor. Con un pedido m\u00ednimo de s\u00f3lo 8 pares, puede abastecerse f\u00e1cilmente de estos populares zapatos deportivos negros y atender a una amplia base de clientes. Nos enorgullecemos de ofrecer una excelente relaci\u00f3n calidad-precio y un producto que cumple sistem\u00e1ticamente las expectativas del mercado en cuanto a estilo, comodidad y durabilidad. Invierta en estas fant\u00e1sticas deportivas negras para hombre y ofrezca a sus clientes un producto que les encantar\u00e1 y por el que volver\u00e1n.<\/p>","protected":false},"excerpt":{"rendered":"<ul>\n<li>Elegante dise\u00f1o negro con piel sint\u00e9tica duradera y material textil transpirable.<\/li>\n<li>Dise\u00f1adas para ofrecer comodidad y rendimiento en un estilo de calzado deportivo vers\u00e1til.<\/li>\n<li>Disponible en una amplia gama de tallas: 40, 41, 42, 43, 44, 45.<\/li>\n<li>Ideal para el uso diario, las actividades deportivas y un estilo de vida activo moderno.<\/li>\n<li>Oportunidades de venta al por mayor disponibles con un pedido m\u00ednimo de 8 pares.<\/li>\n<\/ul>","protected":false},"featured_media":6665,"template":"","meta":{"_acf_changed":false,"_uag_custom_page_level_css":"","site-sidebar-layout":"default","site-content-layout":"","ast-site-content-layout":"default","site-content-style":"default","site-sidebar-style":"default","ast-global-header-display":"","ast-banner-title-visibility":"","ast-main-header-display":"","ast-hfb-above-header-display":"","ast-hfb-below-header-display":"","ast-hfb-mobile-header-display":"","site-post-title":"","ast-breadcrumbs-content":"","ast-featured-img":"","footer-sml-layout":"","ast-disable-related-posts":"","theme-transparent-header-meta":"","adv-header-id-meta":"","stick-header-meta":"","header-above-stick-meta":"","header-main-stick-meta":"","header-below-stick-meta":"","astra-migrate-meta-layouts":"default","ast-page-background-enabled":"default","ast-page-background-meta":{"desktop":{"background-color":"var(--ast-global-color-4)","background-image":"","background-repeat":"repeat","background-position":"center center","background-size":"auto","background-attachment":"scroll","background-type":"","background-media":"","overlay-type":"","overlay-color":"","overlay-opacity":"","overlay-gradient":""},"tablet":{"background-color":"","background-image":"","background-repeat":"repeat","background-position":"center center","background-size":"auto","background-attachment":"scroll","background-type":"","background-media":"","overlay-type":"","overlay-color":"","overlay-opacity":"","overlay-gradient":""},"mobile":{"background-color":"","background-image":"","background-repeat":"repeat","background-position":"center center","background-size":"auto","background-attachment":"scroll","background-type":"","background-media":"","overlay-type":"","overlay-color":"","overlay-opacity":"","overlay-gradient":""}},"ast-content-background-meta":{"desktop":{"background-color":"var(--ast-global-color-5)","background-image":"","background-repeat":"repeat","background-position":"center center","background-size":"auto","background-attachment":"scroll","background-type":"","background-media":"","overlay-type":"","overlay-color":"","overlay-opacity":"","overlay-gradient":""},"tablet":{"background-color":"var(--ast-global-color-5)","background-image":"","background-repeat":"repeat","background-position":"center center","background-size":"auto","background-attachment":"scroll","background-type":"","background-media":"","overlay-type":"","overlay-color":"","overlay-opacity":"","overlay-gradient":""},"mobile":{"background-color":"var(--ast-global-color-5)","background-image":"","background-repeat":"repeat","background-position":"center center","background-size":"auto","background-attachment":"scroll","background-type":"","background-media":"","overlay-type":"","overlay-color":"","overlay-opacity":"","overlay-gradient":""}}},"product_brand":[],"product_cat":[430,1200,51],"product_tag":[1452,1120,1449,1447,1446,1448,1445,1451,1450,281],"class_list":{"0":"post-8442","1":"product","2":"type-product","3":"status-publish","4":"has-post-thumbnail","6":"product_cat-men","7":"product_cat-mens-shoes-2","8":"product_cat-sports","9":"product_tag-active-lifestyle-shoes","10":"product_tag-black-sneakers","11":"product_tag-comfortable-sports-shoes","12":"product_tag-fabric-trainers","13":"product_tag-faux-leather-shoes","14":"product_tag-mens-athletic-footwear","15":"product_tag-mens-sports-shoes","16":"product_tag-modern-sneakers","17":"product_tag-size-40-45-shoes","18":"product_tag-wholesale-shoes","19":"desktop-align-center","20":"tablet-align-center","21":"mobile-align-center","23":"first","24":"instock","25":"shipping-taxable","26":"purchasable","27":"product-type-variable","28":"has-default-attributes"},"acf":[],"uagb_featured_image_src":{"full":["https:\/\/turkishtrade.co\/wp-content\/uploads\/2026\/01\/2600OYNMN00023-BLACK.png",453,250,false],"thumbnail":["https:\/\/turkishtrade.co\/wp-content\/uploads\/2026\/01\/2600OYNMN00023-BLACK-150x150.png",150,150,true],"medium":["https:\/\/turkishtrade.co\/wp-content\/uploads\/2026\/01\/2600OYNMN00023-BLACK-300x166.png",300,166,true],"medium_large":["https:\/\/turkishtrade.co\/wp-content\/uploads\/2026\/01\/2600OYNMN00023-BLACK.png",453,250,false],"large":["https:\/\/turkishtrade.co\/wp-content\/uploads\/2026\/01\/2600OYNMN00023-BLACK.png",453,250,false],"1536x1536":["https:\/\/turkishtrade.co\/wp-content\/uploads\/2026\/01\/2600OYNMN00023-BLACK.png",453,250,false],"2048x2048":["https:\/\/turkishtrade.co\/wp-content\/uploads\/2026\/01\/2600OYNMN00023-BLACK.png",453,250,false],"trp-custom-language-flag":["https:\/\/turkishtrade.co\/wp-content\/uploads\/2026\/01\/2600OYNMN00023-BLACK-18x10.png",18,10,true],"woocommerce_thumbnail":["https:\/\/turkishtrade.co\/wp-content\/uploads\/2026\/01\/2600OYNMN00023-BLACK-400x250.png",400,250,true],"woocommerce_single":["https:\/\/turkishtrade.co\/wp-content\/uploads\/2026\/01\/2600OYNMN00023-BLACK.png",453,250,false],"woocommerce_gallery_thumbnail":["https:\/\/turkishtrade.co\/wp-content\/uploads\/2026\/01\/2600OYNMN00023-BLACK-100x100.png",100,100,true]},"uagb_author_info":{"display_name":"python python","author_link":"https:\/\/turkishtrade.co\/es\/author\/"},"uagb_comment_info":0,"uagb_excerpt":"Sleek black design with durable faux leather and breathable fabric material. Engineered for comfort and performance in a versatile sports shoe style. Available in a comprehensive range of sizes: 40, 41, 42, 43, 44, 45. Ideal for daily wear, athletic activities, and a modern active lifestyle. Wholesale opportunities available with a minimum order of 8&hellip;","_links":{"self":[{"href":"https:\/\/turkishtrade.co\/es\/wp-json\/wp\/v2\/product\/8442","targetHints":{"allow":["GET"]}}],"collection":[{"href":"https:\/\/turkishtrade.co\/es\/wp-json\/wp\/v2\/product"}],"about":[{"href":"https:\/\/turkishtrade.co\/es\/wp-json\/wp\/v2\/types\/product"}],"wp:featuredmedia":[{"embeddable":true,"href":"https:\/\/turkishtrade.co\/es\/wp-json\/wp\/v2\/media\/6665"}],"wp:attachment":[{"href":"https:\/\/turkishtrade.co\/es\/wp-json\/wp\/v2\/media?parent=8442"}],"wp:term":[{"taxonomy":"product_brand","embeddable":true,"href":"https:\/\/turkishtrade.co\/es\/wp-json\/wp\/v2\/product_brand?post=8442"},{"taxonomy":"product_cat","embeddable":true,"href":"https:\/\/turkishtrade.co\/es\/wp-json\/wp\/v2\/product_cat?post=8442"},{"taxonomy":"product_tag","embeddable":true,"href":"https:\/\/turkishtrade.co\/es\/wp-json\/wp\/v2\/product_tag?post=8442"}],"curies":[{"name":"wp","href":"https:\/\/api.w.org\/{rel}","templated":true}]}}