{"id":8440,"date":"2026-01-29T14:50:16","date_gmt":"2026-01-29T14:50:16","guid":{"rendered":"https:\/\/turkishtrade.co\/?post_type=product&#038;p=8440"},"modified":"2026-04-09T20:25:09","modified_gmt":"2026-04-09T20:25:09","slug":"black-faux-leather-sports-shoes","status":"publish","type":"product","link":"https:\/\/turkishtrade.co\/es\/shop\/black-faux-leather-sports-shoes\/","title":{"rendered":"Zapatillas deportivas de piel sint\u00e9tica negra Elite | Men's Dynamic"},"content":{"rendered":"<p><strong>Zapatillas deportivas de piel sint\u00e9tica negra<\/strong>. Calidad y dise\u00f1o de \u00e9lite.<\/p>\n<p>Eleve su colecci\u00f3n de calzado con nuestros exquisitos <strong>Zapatillas deportivas Dynamic de piel sint\u00e9tica negra para hombre<\/strong>. Dise\u00f1adas para el hombre moderno que valora tanto el estilo como la comodidad, estas deportivas negras son una mezcla perfecta de construcci\u00f3n robusta y est\u00e9tica contempor\u00e1nea. Tanto si vas a salir un d\u00eda informal, a hacer recados o simplemente buscas un calzado c\u00f3modo pero a la moda para el d\u00eda a d\u00eda, estas <b>Zapatillas deportivas de piel sint\u00e9tica negra<\/b> son la elecci\u00f3n ideal por su versatilidad y atractivo duradero.<\/p>\n<h3>Confort inigualable y dise\u00f1o superior<\/h3>\n<p>Experimenta una comodidad inigualable con el cuidado dise\u00f1o de estas zapatillas de inspiraci\u00f3n atl\u00e9tica. El interior est\u00e1 confeccionado en un tejido suave y transpirable que garantiza que tus pies se mantengan c\u00f3modos y frescos incluso despu\u00e9s de un uso prolongado. Como complemento, el exterior est\u00e1 fabricado en piel sint\u00e9tica de alta calidad, que ofrece una excelente durabilidad y un sofisticado y elegante acabado en negro, f\u00e1cil de combinar con cualquier atuendo. La suela gruesa y resistente no s\u00f3lo a\u00f1ade un toque moderno al dise\u00f1o, sino que tambi\u00e9n proporciona un agarre y una sujeci\u00f3n excelentes, lo que hace que estos zapatos sean algo m\u00e1s que unos simples zapatos informales: est\u00e1n preparados para tus aventuras diarias.<\/p>\n<h3>Versatilidad para todas las ocasiones<\/h3>\n<p>Nuestra <b>Zapatillas deportivas de piel sint\u00e9tica negra<\/b> son incre\u00edblemente vers\u00e1tiles. Su atemporal color negro y su elegante textura de piel sint\u00e9tica las hacen adecuadas para una gran variedad de ocasiones, desde reuniones informales hasta actividades deportivas ligeras. Tienden un puente perfecto entre la ropa deportiva y la informal elegante, permiti\u00e9ndote mantener un aspecto pulido sin sacrificar la comodidad. Su robusta construcci\u00f3n garantiza que estos zapatos resistan el desgaste diario, prometiendo un rendimiento duradero y un estilo perdurable que te mantendr\u00e1 siempre a la \u00faltima.<\/p>\n<h3>Disponible para compra individual y al por mayor<\/h3>\n<p>Estamos orgullosos de ofrecer estos elegantes <b>Zapatillas deportivas de piel sint\u00e9tica negra<\/b> en una amplia gama de tallas para hombre, concretamente 40, 41, 42, 43, 44 y 45, lo que garantiza un ajuste perfecto para muchos. Para las empresas y los minoristas que deseen disponer de calzado masculino de moda y alta calidad, estos zapatos tambi\u00e9n est\u00e1n disponibles para su compra al por mayor. Con un pedido m\u00ednimo de s\u00f3lo 8 pares, es m\u00e1s f\u00e1cil que nunca llevar estos codiciados zapatos deportivos de piel sint\u00e9tica negra a sus clientes. Invierta en un par que combina una artesan\u00eda superior con un dise\u00f1o que marca tendencia y una comodidad pr\u00e1ctica.<\/p>","protected":false},"excerpt":{"rendered":"<ul>\n<li>Exterior de piel sint\u00e9tica de primera calidad para mayor durabilidad y elegancia.<\/li>\n<li>El c\u00f3modo interior de tela garantiza su uso durante todo el d\u00eda.<\/li>\n<li>Moderno dise\u00f1o deportivo con una robusta suela gruesa.<\/li>\n<li>Disponible en una amplia gama de tallas para hombre: 40, 41, 42, 43, 44, 45.<\/li>\n<li>Venta al por mayor disponible con un pedido m\u00ednimo de 8 pares.<\/li>\n<\/ul>","protected":false},"featured_media":6830,"template":"","meta":{"_acf_changed":false,"_uag_custom_page_level_css":"","site-sidebar-layout":"default","site-content-layout":"","ast-site-content-layout":"default","site-content-style":"default","site-sidebar-style":"default","ast-global-header-display":"","ast-banner-title-visibility":"","ast-main-header-display":"","ast-hfb-above-header-display":"","ast-hfb-below-header-display":"","ast-hfb-mobile-header-display":"","site-post-title":"","ast-breadcrumbs-content":"","ast-featured-img":"","footer-sml-layout":"","ast-disable-related-posts":"","theme-transparent-header-meta":"","adv-header-id-meta":"","stick-header-meta":"","header-above-stick-meta":"","header-main-stick-meta":"","header-below-stick-meta":"","astra-migrate-meta-layouts":"default","ast-page-background-enabled":"default","ast-page-background-meta":{"desktop":{"background-color":"var(--ast-global-color-4)","background-image":"","background-repeat":"repeat","background-position":"center center","background-size":"auto","background-attachment":"scroll","background-type":"","background-media":"","overlay-type":"","overlay-color":"","overlay-opacity":"","overlay-gradient":""},"tablet":{"background-color":"","background-image":"","background-repeat":"repeat","background-position":"center center","background-size":"auto","background-attachment":"scroll","background-type":"","background-media":"","overlay-type":"","overlay-color":"","overlay-opacity":"","overlay-gradient":""},"mobile":{"background-color":"","background-image":"","background-repeat":"repeat","background-position":"center center","background-size":"auto","background-attachment":"scroll","background-type":"","background-media":"","overlay-type":"","overlay-color":"","overlay-opacity":"","overlay-gradient":""}},"ast-content-background-meta":{"desktop":{"background-color":"var(--ast-global-color-5)","background-image":"","background-repeat":"repeat","background-position":"center center","background-size":"auto","background-attachment":"scroll","background-type":"","background-media":"","overlay-type":"","overlay-color":"","overlay-opacity":"","overlay-gradient":""},"tablet":{"background-color":"var(--ast-global-color-5)","background-image":"","background-repeat":"repeat","background-position":"center center","background-size":"auto","background-attachment":"scroll","background-type":"","background-media":"","overlay-type":"","overlay-color":"","overlay-opacity":"","overlay-gradient":""},"mobile":{"background-color":"var(--ast-global-color-5)","background-image":"","background-repeat":"repeat","background-position":"center center","background-size":"auto","background-attachment":"scroll","background-type":"","background-media":"","overlay-type":"","overlay-color":"","overlay-opacity":"","overlay-gradient":""}}},"product_brand":[],"product_cat":[430,1200,51],"product_tag":[1508,1506,1120,331,340,1507,1509,1462,1445,262],"class_list":{"0":"post-8440","1":"product","2":"type-product","3":"status-publish","4":"has-post-thumbnail","6":"product_cat-men","7":"product_cat-mens-shoes-2","8":"product_cat-sports","9":"product_tag-athletic-style-shoes","10":"product_tag-black-faux-leather-sports-shoes","11":"product_tag-black-sneakers","12":"product_tag-chunky-sole-shoes","13":"product_tag-comfortable-mens-footwear","14":"product_tag-durable-casual-shoes","15":"product_tag-everyday-wear-shoes","16":"product_tag-faux-leather-sneakers","17":"product_tag-mens-sports-shoes","18":"product_tag-wholesale-mens-shoes","19":"desktop-align-center","20":"tablet-align-center","21":"mobile-align-center","23":"first","24":"instock","25":"shipping-taxable","26":"purchasable","27":"product-type-variable","28":"has-default-attributes"},"acf":[],"uagb_featured_image_src":{"full":["https:\/\/turkishtrade.co\/wp-content\/uploads\/2026\/01\/2600OYNMN00021-BLACK.png",453,250,false],"thumbnail":["https:\/\/turkishtrade.co\/wp-content\/uploads\/2026\/01\/2600OYNMN00021-BLACK-150x150.png",150,150,true],"medium":["https:\/\/turkishtrade.co\/wp-content\/uploads\/2026\/01\/2600OYNMN00021-BLACK-300x166.png",300,166,true],"medium_large":["https:\/\/turkishtrade.co\/wp-content\/uploads\/2026\/01\/2600OYNMN00021-BLACK.png",453,250,false],"large":["https:\/\/turkishtrade.co\/wp-content\/uploads\/2026\/01\/2600OYNMN00021-BLACK.png",453,250,false],"1536x1536":["https:\/\/turkishtrade.co\/wp-content\/uploads\/2026\/01\/2600OYNMN00021-BLACK.png",453,250,false],"2048x2048":["https:\/\/turkishtrade.co\/wp-content\/uploads\/2026\/01\/2600OYNMN00021-BLACK.png",453,250,false],"trp-custom-language-flag":["https:\/\/turkishtrade.co\/wp-content\/uploads\/2026\/01\/2600OYNMN00021-BLACK-18x10.png",18,10,true],"woocommerce_thumbnail":["https:\/\/turkishtrade.co\/wp-content\/uploads\/2026\/01\/2600OYNMN00021-BLACK-400x250.png",400,250,true],"woocommerce_single":["https:\/\/turkishtrade.co\/wp-content\/uploads\/2026\/01\/2600OYNMN00021-BLACK.png",453,250,false],"woocommerce_gallery_thumbnail":["https:\/\/turkishtrade.co\/wp-content\/uploads\/2026\/01\/2600OYNMN00021-BLACK-100x100.png",100,100,true]},"uagb_author_info":{"display_name":"python python","author_link":"https:\/\/turkishtrade.co\/es\/author\/"},"uagb_comment_info":0,"uagb_excerpt":"Premium faux leather exterior for durability and sleek appeal. Comfortable fabric interior ensures all-day wearability. Modern sports design with a robust chunky sole. Available in a wide range of men's sizes: 40, 41, 42, 43, 44, 45. Wholesale available with a minimum order of 8 pairs.","_links":{"self":[{"href":"https:\/\/turkishtrade.co\/es\/wp-json\/wp\/v2\/product\/8440","targetHints":{"allow":["GET"]}}],"collection":[{"href":"https:\/\/turkishtrade.co\/es\/wp-json\/wp\/v2\/product"}],"about":[{"href":"https:\/\/turkishtrade.co\/es\/wp-json\/wp\/v2\/types\/product"}],"wp:featuredmedia":[{"embeddable":true,"href":"https:\/\/turkishtrade.co\/es\/wp-json\/wp\/v2\/media\/6830"}],"wp:attachment":[{"href":"https:\/\/turkishtrade.co\/es\/wp-json\/wp\/v2\/media?parent=8440"}],"wp:term":[{"taxonomy":"product_brand","embeddable":true,"href":"https:\/\/turkishtrade.co\/es\/wp-json\/wp\/v2\/product_brand?post=8440"},{"taxonomy":"product_cat","embeddable":true,"href":"https:\/\/turkishtrade.co\/es\/wp-json\/wp\/v2\/product_cat?post=8440"},{"taxonomy":"product_tag","embeddable":true,"href":"https:\/\/turkishtrade.co\/es\/wp-json\/wp\/v2\/product_tag?post=8440"}],"curies":[{"name":"wp","href":"https:\/\/api.w.org\/{rel}","templated":true}]}}