{"id":8439,"date":"2026-01-29T14:50:16","date_gmt":"2026-01-29T14:50:16","guid":{"rendered":"https:\/\/turkishtrade.co\/?post_type=product&#038;p=8439"},"modified":"2026-04-09T20:25:15","modified_gmt":"2026-04-09T20:25:15","slug":"mens-black-faux-leather-sports-shoes-7","status":"publish","type":"product","link":"https:\/\/turkishtrade.co\/es\/shop\/mens-black-faux-leather-sports-shoes-7\/","title":{"rendered":"Zapatillas deportivas de piel sint\u00e9tica negra para hombre m\u00e1s vendidas | con forro de tela"},"content":{"rendered":"<p><strong>Zapatillas deportivas de piel sint\u00e9tica negra para hombre<\/strong>. La mejor calidad y dise\u00f1o.<\/p>\n<p>Descubra la combinaci\u00f3n perfecta de estilo, comodidad y durabilidad con nuestro excepcional <b>Zapatillas deportivas de piel sint\u00e9tica negra para hombre<\/b>. Dise\u00f1adas para el hombre moderno, estas vers\u00e1tiles zapatillas son ideales para todo, desde un en\u00e9rgico paseo por el parque hasta un d\u00eda informal con los amigos. El sofisticado dise\u00f1o totalmente negro con una llamativa entresuela blanca ofrece una est\u00e9tica contempor\u00e1nea que complementa sin esfuerzo cualquier atuendo, convirti\u00e9ndolas en una incorporaci\u00f3n imprescindible a tu colecci\u00f3n de calzado.<\/p>\n<h3>Confort inigualable y dise\u00f1o superior<\/h3>\n<p>Dise\u00f1adas para llevarlas todo el d\u00eda, estas <b>Zapatillas deportivas de piel sint\u00e9tica negra para hombre<\/b> prioriza tu comodidad. El interior est\u00e1 confeccionado con un forro de tejido suave y transpirable que garantiza un ajuste ce\u00f1ido pero ventilado, evitando molestias incluso durante largos periodos de actividad. En el exterior, el material de piel sint\u00e9tica de primera calidad proporciona un aspecto elegante y una s\u00f3lida protecci\u00f3n contra el desgaste diario. Esta cuidada combinaci\u00f3n de materiales garantiza tanto la longevidad como un tacto lujoso, lo que distingue a estas deportivas.<\/p>\n<h3>Rendimiento y versatilidad a cada paso<\/h3>\n<p>Ya sea para ir al gimnasio, hacer recados o simplemente disfrutar de un d\u00eda de ocio, nuestro <b>Zapatillas deportivas de piel sint\u00e9tica negra para hombre<\/b> ofrecen un rendimiento fiable. La robusta suela ofrece un agarre y una sujeci\u00f3n excelentes, garantizando la estabilidad en diversas superficies. Disponibles en una amplia gama de tallas, de la 40 a la 45, garantizan un ajuste perfecto para una gran variedad de pies. El dise\u00f1o ergon\u00f3mico favorece el movimiento natural del pie, reduciendo la fatiga y mejorando la experiencia general. No son s\u00f3lo zapatos; son una inversi\u00f3n en su comodidad y en su estilo de vida activo.<\/p>\n<h3>Calidad de confianza y oportunidades al por mayor<\/h3>\n<p>Estamos orgullosos de la calidad artesanal de nuestro calzado. Cada par de <b>Zapatillas deportivas de piel sint\u00e9tica negra para hombre<\/b> est\u00e1 meticulosamente fabricado para cumplir con los m\u00e1s altos est\u00e1ndares, prometiendo durabilidad y rendimiento constante. Estas zapatillas son una excelente opci\u00f3n para los minoristas que deseen tener en stock calzado deportivo de alta calidad y muy demandado. Con una cantidad m\u00ednima de pedido de s\u00f3lo 8 pares, ofrecemos atractivas oportunidades de venta al por mayor a nuestros socios. Mejore su inventario y ofrezca a sus clientes zapatillas deportivas de piel sint\u00e9tica negra de primera calidad para hombre que combinan estilo, comodidad y calidad duradera.<\/p>","protected":false},"excerpt":{"rendered":"<ul>\n<li>Elegantes zapatillas deportivas de piel sint\u00e9tica negra para hombre de uso vers\u00e1til<\/li>\n<li>El c\u00f3modo forro interior de tela garantiza comodidad durante todo el d\u00eda<\/li>\n<li>Exterior de piel sint\u00e9tica duradera para un acabado elegante y resistente<\/li>\n<li>Disponible en una amplia gama de tallas: 40, 41, 42, 43, 44, 45<\/li>\n<li>Pedido m\u00ednimo: 8 pares (\u00a1disponibilidad al por mayor para minoristas!)<\/li>\n<\/ul>","protected":false},"featured_media":6828,"template":"","meta":{"_acf_changed":false,"_uag_custom_page_level_css":"","site-sidebar-layout":"default","site-content-layout":"","ast-site-content-layout":"default","site-content-style":"default","site-sidebar-style":"default","ast-global-header-display":"","ast-banner-title-visibility":"","ast-main-header-display":"","ast-hfb-above-header-display":"","ast-hfb-below-header-display":"","ast-hfb-mobile-header-display":"","site-post-title":"","ast-breadcrumbs-content":"","ast-featured-img":"","footer-sml-layout":"","ast-disable-related-posts":"","theme-transparent-header-meta":"","adv-header-id-meta":"","stick-header-meta":"","header-above-stick-meta":"","header-main-stick-meta":"","header-below-stick-meta":"","astra-migrate-meta-layouts":"default","ast-page-background-enabled":"default","ast-page-background-meta":{"desktop":{"background-color":"var(--ast-global-color-4)","background-image":"","background-repeat":"repeat","background-position":"center center","background-size":"auto","background-attachment":"scroll","background-type":"","background-media":"","overlay-type":"","overlay-color":"","overlay-opacity":"","overlay-gradient":""},"tablet":{"background-color":"","background-image":"","background-repeat":"repeat","background-position":"center center","background-size":"auto","background-attachment":"scroll","background-type":"","background-media":"","overlay-type":"","overlay-color":"","overlay-opacity":"","overlay-gradient":""},"mobile":{"background-color":"","background-image":"","background-repeat":"repeat","background-position":"center center","background-size":"auto","background-attachment":"scroll","background-type":"","background-media":"","overlay-type":"","overlay-color":"","overlay-opacity":"","overlay-gradient":""}},"ast-content-background-meta":{"desktop":{"background-color":"var(--ast-global-color-5)","background-image":"","background-repeat":"repeat","background-position":"center center","background-size":"auto","background-attachment":"scroll","background-type":"","background-media":"","overlay-type":"","overlay-color":"","overlay-opacity":"","overlay-gradient":""},"tablet":{"background-color":"var(--ast-global-color-5)","background-image":"","background-repeat":"repeat","background-position":"center center","background-size":"auto","background-attachment":"scroll","background-type":"","background-media":"","overlay-type":"","overlay-color":"","overlay-opacity":"","overlay-gradient":""},"mobile":{"background-color":"var(--ast-global-color-5)","background-image":"","background-repeat":"repeat","background-position":"center center","background-size":"auto","background-attachment":"scroll","background-type":"","background-media":"","overlay-type":"","overlay-color":"","overlay-opacity":"","overlay-gradient":""}}},"product_brand":[],"product_cat":[430,1200,51],"product_tag":[1487,1117,1474,1446,1504,1505,1476,1473,1444],"class_list":{"0":"post-8439","1":"product","2":"type-product","3":"status-publish","4":"has-post-thumbnail","6":"product_cat-men","7":"product_cat-mens-shoes-2","8":"product_cat-sports","9":"product_tag-black-athletic-shoes","10":"product_tag-comfortable-sneakers","11":"product_tag-durable-sneakers","12":"product_tag-faux-leather-shoes","13":"product_tag-mens-black-faux-leather-sports-shoes","14":"product_tag-mens-black-sneakers","15":"product_tag-mens-trainers","16":"product_tag-sports-footwear","17":"product_tag-sports-sneakers","18":"desktop-align-center","19":"tablet-align-center","20":"mobile-align-center","22":"first","23":"instock","24":"shipping-taxable","25":"purchasable","26":"product-type-variable","27":"has-default-attributes"},"acf":[],"uagb_featured_image_src":{"full":["https:\/\/turkishtrade.co\/wp-content\/uploads\/2026\/01\/2600OYNMN00020-BLACK.png",453,250,false],"thumbnail":["https:\/\/turkishtrade.co\/wp-content\/uploads\/2026\/01\/2600OYNMN00020-BLACK-150x150.png",150,150,true],"medium":["https:\/\/turkishtrade.co\/wp-content\/uploads\/2026\/01\/2600OYNMN00020-BLACK-300x166.png",300,166,true],"medium_large":["https:\/\/turkishtrade.co\/wp-content\/uploads\/2026\/01\/2600OYNMN00020-BLACK.png",453,250,false],"large":["https:\/\/turkishtrade.co\/wp-content\/uploads\/2026\/01\/2600OYNMN00020-BLACK.png",453,250,false],"1536x1536":["https:\/\/turkishtrade.co\/wp-content\/uploads\/2026\/01\/2600OYNMN00020-BLACK.png",453,250,false],"2048x2048":["https:\/\/turkishtrade.co\/wp-content\/uploads\/2026\/01\/2600OYNMN00020-BLACK.png",453,250,false],"trp-custom-language-flag":["https:\/\/turkishtrade.co\/wp-content\/uploads\/2026\/01\/2600OYNMN00020-BLACK-18x10.png",18,10,true],"woocommerce_thumbnail":["https:\/\/turkishtrade.co\/wp-content\/uploads\/2026\/01\/2600OYNMN00020-BLACK-400x250.png",400,250,true],"woocommerce_single":["https:\/\/turkishtrade.co\/wp-content\/uploads\/2026\/01\/2600OYNMN00020-BLACK.png",453,250,false],"woocommerce_gallery_thumbnail":["https:\/\/turkishtrade.co\/wp-content\/uploads\/2026\/01\/2600OYNMN00020-BLACK-100x100.png",100,100,true]},"uagb_author_info":{"display_name":"python python","author_link":"https:\/\/turkishtrade.co\/es\/author\/"},"uagb_comment_info":0,"uagb_excerpt":"Stylish Men's Black Faux Leather Sports Shoes for versatile wear Comfortable fabric interior lining ensures all-day ease Durable faux leather exterior for a sleek and resilient finish Available in a wide range of sizes: 40, 41, 42, 43, 44, 45 Minimum order: 8 pairs (Wholesale availability for retailers!)","_links":{"self":[{"href":"https:\/\/turkishtrade.co\/es\/wp-json\/wp\/v2\/product\/8439","targetHints":{"allow":["GET"]}}],"collection":[{"href":"https:\/\/turkishtrade.co\/es\/wp-json\/wp\/v2\/product"}],"about":[{"href":"https:\/\/turkishtrade.co\/es\/wp-json\/wp\/v2\/types\/product"}],"wp:featuredmedia":[{"embeddable":true,"href":"https:\/\/turkishtrade.co\/es\/wp-json\/wp\/v2\/media\/6828"}],"wp:attachment":[{"href":"https:\/\/turkishtrade.co\/es\/wp-json\/wp\/v2\/media?parent=8439"}],"wp:term":[{"taxonomy":"product_brand","embeddable":true,"href":"https:\/\/turkishtrade.co\/es\/wp-json\/wp\/v2\/product_brand?post=8439"},{"taxonomy":"product_cat","embeddable":true,"href":"https:\/\/turkishtrade.co\/es\/wp-json\/wp\/v2\/product_cat?post=8439"},{"taxonomy":"product_tag","embeddable":true,"href":"https:\/\/turkishtrade.co\/es\/wp-json\/wp\/v2\/product_tag?post=8439"}],"curies":[{"name":"wp","href":"https:\/\/api.w.org\/{rel}","templated":true}]}}