{"id":8408,"date":"2026-01-29T14:50:06","date_gmt":"2026-01-29T14:50:06","guid":{"rendered":"https:\/\/turkishtrade.co\/?post_type=product&#038;p=8408"},"modified":"2026-04-09T20:26:40","modified_gmt":"2026-04-09T20:26:40","slug":"mens-black-faux-leather-sports-shoes-2","status":"publish","type":"product","link":"https:\/\/turkishtrade.co\/es\/shop\/mens-black-faux-leather-sports-shoes-2\/","title":{"rendered":"Zapatillas deportivas de hombre de piel sint\u00e9tica negra probada | con suela gris"},"content":{"rendered":"<p>Disfrute de comodidad y estilo con nuestros <strong>Zapatillas deportivas de piel sint\u00e9tica negra para hombre<\/strong>. Dise\u00f1adas para el hombre moderno que valora tanto la est\u00e9tica como el rendimiento, estas vers\u00e1tiles zapatillas son perfectas para una amplia gama de actividades, desde los recados diarios hasta los deportes ligeros. El elegante exterior negro de estas <strong>Zapatillas deportivas de piel sint\u00e9tica negra para hombre<\/strong> est\u00e1 fabricado en piel sint\u00e9tica de alta calidad, que ofrece un aspecto sofisticado al tiempo que garantiza su durabilidad y f\u00e1cil mantenimiento.<\/p>\n<p>En el interior, encontrar\u00e1s un forro de tejido suave y transpirable que garantiza la m\u00e1xima comodidad durante todo el d\u00eda. Esta cuidada combinaci\u00f3n de materiales hace que estos <strong>Zapatillas deportivas de piel sint\u00e9tica negra para hombre<\/strong> ideal para un uso prolongado, manteniendo tus pies frescos y apoyados. La llamativa suela gris no s\u00f3lo a\u00f1ade un toque contempor\u00e1neo al dise\u00f1o general, sino que tambi\u00e9n proporciona una excelente tracci\u00f3n y amortiguaci\u00f3n, haciendo que cada paso sea c\u00f3modo.<\/p>\n<p>Disponibles en una amplia gama de tallas, de la 40 a la 45, encontrar el ajuste perfecto es muy sencillo. Ya sea para ir al gimnasio, dar un paseo informal o simplemente para llevar a diario, nuestras <strong>Zapatillas deportivas de piel sint\u00e9tica negra para hombre<\/strong> son una excelente elecci\u00f3n. Su construcci\u00f3n robusta y su atenci\u00f3n al detalle hacen que inviertas en un calzado duradero.<\/p>\n<h3>Comodidad y durabilidad inigualables<\/h3>\n<p>Nuestra <strong>Zapatillas deportivas de piel sint\u00e9tica negra para hombre<\/strong> est\u00e1n dise\u00f1adas para un confort duradero. Su dise\u00f1o ergon\u00f3mico favorece el arco natural del pie, reduciendo la fatiga. El exterior de piel sint\u00e9tica no s\u00f3lo es elegante, sino tambi\u00e9n resistente al desgaste, lo que garantiza que sus pies se sientan c\u00f3modos. <strong>Zapatillas deportivas de piel sint\u00e9tica negra para hombre<\/strong> mantienen su aspecto impecable con el paso del tiempo. Junto con el interior de tela suave, estos zapatos proporcionan un ajuste ce\u00f1ido pero flexible.<\/p>\n<h3>Versatilidad con estilo para cualquier ocasi\u00f3n<\/h3>\n<p>Estos <strong>Zapatillas deportivas de piel sint\u00e9tica negra para hombre<\/strong> se integran sin esfuerzo en distintos armarios. Su atemporal combinaci\u00f3n de colores negro y gris las hace incre\u00edblemente vers\u00e1tiles, adecuadas para combinar con vaqueros, joggers o incluso pantalones informales. Eleve su estilo cotidiano con estas excepcionales <strong>Zapatillas deportivas de piel sint\u00e9tica negra para hombre<\/strong> que prometen ser un b\u00e1sico en tu colecci\u00f3n de calzado.<\/p>\n<p>Para las empresas que desean almacenar calzado de alta calidad, nuestro <strong>Zapatillas deportivas de piel sint\u00e9tica negra para hombre<\/strong> est\u00e1n disponibles para su compra al por mayor. Con un pedido m\u00ednimo de s\u00f3lo 8 pares, podr\u00e1 ofrecer f\u00e1cilmente a sus clientes opciones elegantes y c\u00f3modas. Estos <strong>Zapatillas deportivas de piel sint\u00e9tica negra para hombre<\/strong> representan un valor excelente y atraen a una amplia base de clientes, lo que los convierte en un complemento inteligente para cualquier inventario minorista. Invierta en la comodidad y el estilo superiores de nuestros <strong>Zapatillas deportivas de piel sint\u00e9tica negra para hombre<\/strong> hoy.<\/p>","protected":false},"excerpt":{"rendered":"<ul>\n<li>Tallas disponibles: 40, 41, 42, 43, 44, 45<\/li>\n<li>Material: Interior de tela suave para mayor comodidad, exterior de piel sint\u00e9tica duradera para mayor estilo.<\/li>\n<li>Dise\u00f1o: Moderno estilo deportivo con una llamativa suela gris.<\/li>\n<li>Versatilidad: Ideal para ropa informal, deportes ligeros y actividades cotidianas.<\/li>\n<li>Disponibilidad al por mayor: Pedido m\u00ednimo de 8 pares.<\/li>\n<\/ul>","protected":false},"featured_media":6799,"template":"","meta":{"_acf_changed":false,"_uag_custom_page_level_css":"","site-sidebar-layout":"default","site-content-layout":"","ast-site-content-layout":"default","site-content-style":"default","site-sidebar-style":"default","ast-global-header-display":"","ast-banner-title-visibility":"","ast-main-header-display":"","ast-hfb-above-header-display":"","ast-hfb-below-header-display":"","ast-hfb-mobile-header-display":"","site-post-title":"","ast-breadcrumbs-content":"","ast-featured-img":"","footer-sml-layout":"","ast-disable-related-posts":"","theme-transparent-header-meta":"","adv-header-id-meta":"","stick-header-meta":"","header-above-stick-meta":"","header-main-stick-meta":"","header-below-stick-meta":"","astra-migrate-meta-layouts":"default","ast-page-background-enabled":"default","ast-page-background-meta":{"desktop":{"background-color":"var(--ast-global-color-4)","background-image":"","background-repeat":"repeat","background-position":"center center","background-size":"auto","background-attachment":"scroll","background-type":"","background-media":"","overlay-type":"","overlay-color":"","overlay-opacity":"","overlay-gradient":""},"tablet":{"background-color":"","background-image":"","background-repeat":"repeat","background-position":"center center","background-size":"auto","background-attachment":"scroll","background-type":"","background-media":"","overlay-type":"","overlay-color":"","overlay-opacity":"","overlay-gradient":""},"mobile":{"background-color":"","background-image":"","background-repeat":"repeat","background-position":"center center","background-size":"auto","background-attachment":"scroll","background-type":"","background-media":"","overlay-type":"","overlay-color":"","overlay-opacity":"","overlay-gradient":""}},"ast-content-background-meta":{"desktop":{"background-color":"var(--ast-global-color-5)","background-image":"","background-repeat":"repeat","background-position":"center center","background-size":"auto","background-attachment":"scroll","background-type":"","background-media":"","overlay-type":"","overlay-color":"","overlay-opacity":"","overlay-gradient":""},"tablet":{"background-color":"var(--ast-global-color-5)","background-image":"","background-repeat":"repeat","background-position":"center center","background-size":"auto","background-attachment":"scroll","background-type":"","background-media":"","overlay-type":"","overlay-color":"","overlay-opacity":"","overlay-gradient":""},"mobile":{"background-color":"var(--ast-global-color-5)","background-image":"","background-repeat":"repeat","background-position":"center center","background-size":"auto","background-attachment":"scroll","background-type":"","background-media":"","overlay-type":"","overlay-color":"","overlay-opacity":"","overlay-gradient":""}}},"product_brand":[],"product_cat":[430,1200,51],"product_tag":[1495,1493,1494,1466,333,1496,1163,1445,1476,281],"class_list":{"0":"post-8408","1":"product","2":"type-product","3":"status-publish","4":"has-post-thumbnail","6":"product_cat-men","7":"product_cat-mens-shoes-2","8":"product_cat-sports","9":"product_tag-athletic-footwear-men","10":"product_tag-black-faux-leather-shoes","11":"product_tag-comfort-sports-shoes","12":"product_tag-durable-sports-shoes","13":"product_tag-fashion-sneakers","14":"product_tag-grey-sole-shoes","15":"product_tag-mens-casual-sneakers","16":"product_tag-mens-sports-shoes","17":"product_tag-mens-trainers","18":"product_tag-wholesale-shoes","19":"desktop-align-center","20":"tablet-align-center","21":"mobile-align-center","23":"first","24":"instock","25":"shipping-taxable","26":"purchasable","27":"product-type-variable","28":"has-default-attributes"},"acf":[],"uagb_featured_image_src":{"full":["https:\/\/turkishtrade.co\/wp-content\/uploads\/2026\/01\/2600OYNMN00012-BLACK.png",453,250,false],"thumbnail":["https:\/\/turkishtrade.co\/wp-content\/uploads\/2026\/01\/2600OYNMN00012-BLACK-150x150.png",150,150,true],"medium":["https:\/\/turkishtrade.co\/wp-content\/uploads\/2026\/01\/2600OYNMN00012-BLACK-300x166.png",300,166,true],"medium_large":["https:\/\/turkishtrade.co\/wp-content\/uploads\/2026\/01\/2600OYNMN00012-BLACK.png",453,250,false],"large":["https:\/\/turkishtrade.co\/wp-content\/uploads\/2026\/01\/2600OYNMN00012-BLACK.png",453,250,false],"1536x1536":["https:\/\/turkishtrade.co\/wp-content\/uploads\/2026\/01\/2600OYNMN00012-BLACK.png",453,250,false],"2048x2048":["https:\/\/turkishtrade.co\/wp-content\/uploads\/2026\/01\/2600OYNMN00012-BLACK.png",453,250,false],"trp-custom-language-flag":["https:\/\/turkishtrade.co\/wp-content\/uploads\/2026\/01\/2600OYNMN00012-BLACK-18x10.png",18,10,true],"woocommerce_thumbnail":["https:\/\/turkishtrade.co\/wp-content\/uploads\/2026\/01\/2600OYNMN00012-BLACK-400x250.png",400,250,true],"woocommerce_single":["https:\/\/turkishtrade.co\/wp-content\/uploads\/2026\/01\/2600OYNMN00012-BLACK.png",453,250,false],"woocommerce_gallery_thumbnail":["https:\/\/turkishtrade.co\/wp-content\/uploads\/2026\/01\/2600OYNMN00012-BLACK-100x100.png",100,100,true]},"uagb_author_info":{"display_name":"python python","author_link":"https:\/\/turkishtrade.co\/es\/author\/"},"uagb_comment_info":0,"uagb_excerpt":"Sizes Available: 40, 41, 42, 43, 44, 45 Material: Soft fabric interior for comfort, durable faux leather exterior for style. Design: Modern sports style with a striking grey sole. Versatility: Ideal for casual wear, light sports, and everyday activities. Wholesale Availability: Minimum order of 8 pairs.","_links":{"self":[{"href":"https:\/\/turkishtrade.co\/es\/wp-json\/wp\/v2\/product\/8408","targetHints":{"allow":["GET"]}}],"collection":[{"href":"https:\/\/turkishtrade.co\/es\/wp-json\/wp\/v2\/product"}],"about":[{"href":"https:\/\/turkishtrade.co\/es\/wp-json\/wp\/v2\/types\/product"}],"wp:featuredmedia":[{"embeddable":true,"href":"https:\/\/turkishtrade.co\/es\/wp-json\/wp\/v2\/media\/6799"}],"wp:attachment":[{"href":"https:\/\/turkishtrade.co\/es\/wp-json\/wp\/v2\/media?parent=8408"}],"wp:term":[{"taxonomy":"product_brand","embeddable":true,"href":"https:\/\/turkishtrade.co\/es\/wp-json\/wp\/v2\/product_brand?post=8408"},{"taxonomy":"product_cat","embeddable":true,"href":"https:\/\/turkishtrade.co\/es\/wp-json\/wp\/v2\/product_cat?post=8408"},{"taxonomy":"product_tag","embeddable":true,"href":"https:\/\/turkishtrade.co\/es\/wp-json\/wp\/v2\/product_tag?post=8408"}],"curies":[{"name":"wp","href":"https:\/\/api.w.org\/{rel}","templated":true}]}}