{"id":8407,"date":"2026-01-29T14:50:06","date_gmt":"2026-01-29T14:50:06","guid":{"rendered":"https:\/\/turkishtrade.co\/?post_type=product&#038;p=8407"},"modified":"2026-04-09T20:26:45","modified_gmt":"2026-04-09T20:26:45","slug":"mens-black-faux-leather-trainers","status":"publish","type":"product","link":"https:\/\/turkishtrade.co\/es\/shop\/mens-black-faux-leather-trainers\/","title":{"rendered":"Deportivas de hombre en piel sint\u00e9tica negra Inmejorables | Deportivas de hombre en piel sint\u00e9tica negra"},"content":{"rendered":"<p>Mejora tu calzado con nuestros vers\u00e1tiles <strong>Zapatillas de piel sint\u00e9tica negras para hombre<\/strong>, dise\u00f1adas meticulosamente para ofrecer la combinaci\u00f3n perfecta de estilo, comodidad y durabilidad. Estas zapatillas son un complemento esencial para el armario de cualquier hombre moderno, ya que ofrecen una est\u00e9tica elegante que permite pasar sin esfuerzo del gimnasio a las calles urbanas. Confeccionadas con un exterior de piel sint\u00e9tica de primera calidad, estas zapatillas presentan un sofisticado acabado de bajo mantenimiento que resiste el desgaste y las roturas, garantizando que luzcan fant\u00e1sticas temporada tras temporada. Su robusta construcci\u00f3n garantiza un rendimiento duradero, convirti\u00e9ndolas en una opci\u00f3n fiable para tus actividades diarias.<\/p>\n<h3>Comodidad y transpirabilidad inigualables<\/h3>\n<p>Disfrute de un confort inigualable con el cuidado dise\u00f1o de nuestro <strong>Zapatillas de piel sint\u00e9tica negras para hombre<\/strong>. El interior est\u00e1 forrado con un tejido suave y transpirable que mantiene los pies frescos y secos, incluso durante un uso prolongado. Este tejido interior, combinado con los paneles de malla visibles en la zapatilla, favorece una excelente circulaci\u00f3n del aire, evitando molestias y garantizando una sensaci\u00f3n de frescor durante todo el d\u00eda. Tanto si sales a dar un paseo a paso ligero, como si practicas alg\u00fan deporte ligero o simplemente haces recados, estas zapatillas proporcionan la sujeci\u00f3n amortiguada que tus pies merecen. El dise\u00f1o ergon\u00f3mico se adapta al movimiento natural del pie, mejorando el confort general a cada paso.<\/p>\n<h3>El dise\u00f1o moderno se une a la practicidad<\/h3>\n<p>Nuestra <strong>Zapatillas de piel sint\u00e9tica negras para hombre<\/strong> presentan un dise\u00f1o contempor\u00e1neo en negro, acentuado con detalles sutiles pero din\u00e1micos en el lateral, que a\u00f1aden un toque de elegancia deportiva. La suela robusta y gruesa no s\u00f3lo proporciona una excelente tracci\u00f3n y estabilidad en diversas superficies, sino que tambi\u00e9n contribuye a la silueta moderna del zapato. Esta mezcla de dise\u00f1o vanguardista y funcionalidad pr\u00e1ctica convierte a estas zapatillas en una opci\u00f3n perfecta para cualquier ocasi\u00f3n. Combinan perfectamente con ropa deportiva, vaqueros o incluso pantalones informales, ofreciendo infinitas posibilidades de estilo. Disponibles en las tallas 40, 41, 42, 43, 44 y 45, garantizamos un ajuste perfecto para una amplia gama de clientes.<\/p>\n<h3>Oportunidad de venta al por mayor para minoristas<\/h3>\n<p>Para las empresas que desean almacenar calzado popular de alta calidad, estos <strong>Zapatillas de piel sint\u00e9tica negras para hombre<\/strong> presentan una excelente oportunidad. Ofrecemos precios competitivos al por mayor con una c\u00f3moda cantidad m\u00ednima de pedido de s\u00f3lo 8 pares, lo que le permite satisfacer f\u00e1cilmente las demandas de su clientela. Su atractivo universal, combinado con una artesan\u00eda superior, las convierte en un art\u00edculo de r\u00e1pida rotaci\u00f3n. Eleve su inventario con zapatillas que prometen la satisfacci\u00f3n del cliente por su comodidad, estilo y calidad duradera.<\/p>","protected":false},"excerpt":{"rendered":"<ul>\n<li>Exterior de piel sint\u00e9tica de primera calidad con interior de tejido transpirable para el m\u00e1ximo confort.<\/li>\n<li>Elegante dise\u00f1o negro con toques modernos, perfecto para hacer deporte o para el d\u00eda a d\u00eda.<\/li>\n<li>Construcci\u00f3n resistente para un rendimiento duradero y un uso vers\u00e1til.<\/li>\n<li>Disponible en una amplia gama de tallas: 40, 41, 42, 43, 44, 45.<\/li>\n<li>Ideal para minoristas: Disponible para la compra al por mayor con un pedido m\u00ednimo de 8 pares.<\/li>\n<\/ul>","protected":false},"featured_media":6796,"template":"","meta":{"_acf_changed":false,"_uag_custom_page_level_css":"","site-sidebar-layout":"default","site-content-layout":"","ast-site-content-layout":"default","site-content-style":"default","site-sidebar-style":"default","ast-global-header-display":"","ast-banner-title-visibility":"","ast-main-header-display":"","ast-hfb-above-header-display":"","ast-hfb-below-header-display":"","ast-hfb-mobile-header-display":"","site-post-title":"","ast-breadcrumbs-content":"","ast-featured-img":"","footer-sml-layout":"","ast-disable-related-posts":"","theme-transparent-header-meta":"","adv-header-id-meta":"","stick-header-meta":"","header-above-stick-meta":"","header-main-stick-meta":"","header-below-stick-meta":"","astra-migrate-meta-layouts":"default","ast-page-background-enabled":"default","ast-page-background-meta":{"desktop":{"background-color":"var(--ast-global-color-4)","background-image":"","background-repeat":"repeat","background-position":"center center","background-size":"auto","background-attachment":"scroll","background-type":"","background-media":"","overlay-type":"","overlay-color":"","overlay-opacity":"","overlay-gradient":""},"tablet":{"background-color":"","background-image":"","background-repeat":"repeat","background-position":"center center","background-size":"auto","background-attachment":"scroll","background-type":"","background-media":"","overlay-type":"","overlay-color":"","overlay-opacity":"","overlay-gradient":""},"mobile":{"background-color":"","background-image":"","background-repeat":"repeat","background-position":"center center","background-size":"auto","background-attachment":"scroll","background-type":"","background-media":"","overlay-type":"","overlay-color":"","overlay-opacity":"","overlay-gradient":""}},"ast-content-background-meta":{"desktop":{"background-color":"var(--ast-global-color-5)","background-image":"","background-repeat":"repeat","background-position":"center center","background-size":"auto","background-attachment":"scroll","background-type":"","background-media":"","overlay-type":"","overlay-color":"","overlay-opacity":"","overlay-gradient":""},"tablet":{"background-color":"var(--ast-global-color-5)","background-image":"","background-repeat":"repeat","background-position":"center center","background-size":"auto","background-attachment":"scroll","background-type":"","background-media":"","overlay-type":"","overlay-color":"","overlay-opacity":"","overlay-gradient":""},"mobile":{"background-color":"var(--ast-global-color-5)","background-image":"","background-repeat":"repeat","background-position":"center center","background-size":"auto","background-attachment":"scroll","background-type":"","background-media":"","overlay-type":"","overlay-color":"","overlay-opacity":"","overlay-gradient":""}}},"product_brand":[],"product_cat":[430,1200,51],"product_tag":[1463,1464,1471,1467,1446,1476,1492,1361,281],"class_list":{"0":"post-8407","1":"product","2":"type-product","3":"status-publish","4":"has-post-thumbnail","6":"product_cat-men","7":"product_cat-mens-shoes-2","8":"product_cat-sports","9":"product_tag-athletic-shoes","10":"product_tag-black-trainers","11":"product_tag-casual-trainers","12":"product_tag-comfortable-trainers","13":"product_tag-faux-leather-shoes","14":"product_tag-mens-trainers","15":"product_tag-mesh-trainers","16":"product_tag-sports-shoes","17":"product_tag-wholesale-shoes","18":"desktop-align-center","19":"tablet-align-center","20":"mobile-align-center","22":"first","23":"instock","24":"shipping-taxable","25":"purchasable","26":"product-type-variable","27":"has-default-attributes"},"acf":[],"uagb_featured_image_src":{"full":["https:\/\/turkishtrade.co\/wp-content\/uploads\/2026\/01\/2600OYNMN00011-BLACK.png",453,250,false],"thumbnail":["https:\/\/turkishtrade.co\/wp-content\/uploads\/2026\/01\/2600OYNMN00011-BLACK-150x150.png",150,150,true],"medium":["https:\/\/turkishtrade.co\/wp-content\/uploads\/2026\/01\/2600OYNMN00011-BLACK-300x166.png",300,166,true],"medium_large":["https:\/\/turkishtrade.co\/wp-content\/uploads\/2026\/01\/2600OYNMN00011-BLACK.png",453,250,false],"large":["https:\/\/turkishtrade.co\/wp-content\/uploads\/2026\/01\/2600OYNMN00011-BLACK.png",453,250,false],"1536x1536":["https:\/\/turkishtrade.co\/wp-content\/uploads\/2026\/01\/2600OYNMN00011-BLACK.png",453,250,false],"2048x2048":["https:\/\/turkishtrade.co\/wp-content\/uploads\/2026\/01\/2600OYNMN00011-BLACK.png",453,250,false],"trp-custom-language-flag":["https:\/\/turkishtrade.co\/wp-content\/uploads\/2026\/01\/2600OYNMN00011-BLACK-18x10.png",18,10,true],"woocommerce_thumbnail":["https:\/\/turkishtrade.co\/wp-content\/uploads\/2026\/01\/2600OYNMN00011-BLACK-400x250.png",400,250,true],"woocommerce_single":["https:\/\/turkishtrade.co\/wp-content\/uploads\/2026\/01\/2600OYNMN00011-BLACK.png",453,250,false],"woocommerce_gallery_thumbnail":["https:\/\/turkishtrade.co\/wp-content\/uploads\/2026\/01\/2600OYNMN00011-BLACK-100x100.png",100,100,true]},"uagb_author_info":{"display_name":"python python","author_link":"https:\/\/turkishtrade.co\/es\/author\/"},"uagb_comment_info":0,"uagb_excerpt":"Premium faux leather exterior with breathable fabric interior for ultimate comfort. Stylish black design with modern accents, perfect for sports or casual daily wear. Durable construction built for long-lasting performance and versatile use. Available in a comprehensive size range: 40, 41, 42, 43, 44, 45. Ideal for retailers: Available for wholesale purchase with a minimum&hellip;","_links":{"self":[{"href":"https:\/\/turkishtrade.co\/es\/wp-json\/wp\/v2\/product\/8407","targetHints":{"allow":["GET"]}}],"collection":[{"href":"https:\/\/turkishtrade.co\/es\/wp-json\/wp\/v2\/product"}],"about":[{"href":"https:\/\/turkishtrade.co\/es\/wp-json\/wp\/v2\/types\/product"}],"wp:featuredmedia":[{"embeddable":true,"href":"https:\/\/turkishtrade.co\/es\/wp-json\/wp\/v2\/media\/6796"}],"wp:attachment":[{"href":"https:\/\/turkishtrade.co\/es\/wp-json\/wp\/v2\/media?parent=8407"}],"wp:term":[{"taxonomy":"product_brand","embeddable":true,"href":"https:\/\/turkishtrade.co\/es\/wp-json\/wp\/v2\/product_brand?post=8407"},{"taxonomy":"product_cat","embeddable":true,"href":"https:\/\/turkishtrade.co\/es\/wp-json\/wp\/v2\/product_cat?post=8407"},{"taxonomy":"product_tag","embeddable":true,"href":"https:\/\/turkishtrade.co\/es\/wp-json\/wp\/v2\/product_tag?post=8407"}],"curies":[{"name":"wp","href":"https:\/\/api.w.org\/{rel}","templated":true}]}}