{"id":8406,"date":"2026-01-29T14:50:05","date_gmt":"2026-01-29T14:50:05","guid":{"rendered":"https:\/\/turkishtrade.co\/?post_type=product&#038;p=8406"},"modified":"2026-04-09T20:26:49","modified_gmt":"2026-04-09T20:26:49","slug":"mens-black-sports-shoes-2","status":"publish","type":"product","link":"https:\/\/turkishtrade.co\/es\/shop\/mens-black-sports-shoes-2\/","title":{"rendered":"Zapatillas deportivas negras para hombre Proven | Zapatillas deportivas negras de piel sint\u00e9tica para hombre"},"content":{"rendered":"<p>Mejore su calzado con nuestros <b>Zapatillas deportivas negras para hombre<\/b>, dise\u00f1adas para ofrecer la combinaci\u00f3n perfecta de estilo, comodidad y rendimiento. Tanto si vas al gimnasio, como si sales a correr o simplemente disfrutas de un d\u00eda informal, estas vers\u00e1tiles zapatillas deportivas son tu compa\u00f1ero ideal. Fabricadas con una meticulosa atenci\u00f3n al detalle, estas <b>Zapatillas deportivas negras para hombre<\/b> no se limitan a la est\u00e9tica, sino que est\u00e1n pensados para durar y llevarse todo el d\u00eda.<\/p>\n<h3>Comodidad inigualable y calidad superior de los materiales<\/h3>\n<p>Experimente una comodidad sin igual en cada zancada. El interior de estas <b>Zapatillas deportivas negras para hombre<\/b> incorpora un forro de tejido suave y transpirable que garantiza que tus pies se mantengan frescos y secos, incluso durante actividades intensas. Desp\u00eddete de la incomodidad y da la bienvenida a una sensaci\u00f3n de frescor durante todo el d\u00eda. El exterior cuenta con un material de piel sint\u00e9tica de alta calidad, que proporciona un aspecto elegante y sofisticado a la vez que ofrece una excelente resistencia al desgaste. Esta combinaci\u00f3n de materiales hace que estas <b>Zapatillas deportivas negras para hombre<\/b> una elecci\u00f3n inteligente tanto para actividades deportivas como para el d\u00eda a d\u00eda.<\/p>\n<p>Nuestro compromiso con la calidad se extiende al ajuste, con tallas disponibles de la UE 40 a la 45, lo que garantiza una combinaci\u00f3n perfecta para una amplia gama de pies. El robusto dise\u00f1o de la suela, visible en la imagen, proporciona una excelente tracci\u00f3n y sujeci\u00f3n, haciendo que estas <b>Zapatillas deportivas negras para hombre<\/b> adecuado para diversos terrenos y actividades. El cierre de cordones seguro mejora a\u00fan m\u00e1s el ajuste, d\u00e1ndote confianza en cada movimiento.<\/p>\n<h3>Versatilidad para todos los estilos de vida<\/h3>\n<p>Estos <b>Zapatillas deportivas negras para hombre<\/b> son incre\u00edblemente vers\u00e1tiles. Su dise\u00f1o cl\u00e1sico completamente negro hace que sean f\u00e1ciles de combinar con casi cualquier atuendo, desde ropa deportiva hasta vaqueros y pantalones informales. Transici\u00f3n sin problemas de su rutina de entrenamiento a reuniones sociales sin necesidad de un cambio de calzado. Su robusta construcci\u00f3n hace que puedan soportar los rigores del deporte, mientras que su aspecto refinado garantiza que nunca desentonen en un entorno m\u00e1s relajado. Invierte en un calzado que apoye tu din\u00e1mico estilo de vida.<\/p>\n<h3>Oportunidades de venta al por mayor<\/h3>\n<p>Para las empresas y los minoristas que buscan ofrecer calzado deportivo de alta calidad y con estilo, nuestro <b>Zapatillas deportivas negras para hombre<\/b> est\u00e1n disponibles para su compra al por mayor. Con una cantidad m\u00ednima de pedido de s\u00f3lo 8 pares, es f\u00e1cil abastecerse de un producto que atrae constantemente a los clientes que buscan comodidad, estilo y durabilidad. Aumente su inventario con una opci\u00f3n popular y pr\u00e1ctica. P\u00f3ngase en contacto con nosotros hoy mismo para obtener m\u00e1s informaci\u00f3n sobre nuestros precios al por mayor y oportunidades de asociaci\u00f3n para estos excepcionales productos. <b>Zapatillas deportivas negras para hombre<\/b>.<\/p>","protected":false},"excerpt":{"rendered":"<ul>\n<li>Elegante dise\u00f1o totalmente negro para un estilo vers\u00e1til<\/li>\n<li>Exterior duradero de piel sint\u00e9tica combinado con un interior de tejido transpirable<\/li>\n<li>Disponible en tallas UE 40, 41, 42, 43, 44, 45<\/li>\n<li>Ideal para actividades deportivas, uso diario y salidas informales<\/li>\n<li>Opciones de venta al por mayor disponibles con un pedido m\u00ednimo de 8 pares<\/li>\n<\/ul>","protected":false},"featured_media":6795,"template":"","meta":{"_acf_changed":false,"_uag_custom_page_level_css":"","site-sidebar-layout":"default","site-content-layout":"","ast-site-content-layout":"default","site-content-style":"default","site-sidebar-style":"default","ast-global-header-display":"","ast-banner-title-visibility":"","ast-main-header-display":"","ast-hfb-above-header-display":"","ast-hfb-below-header-display":"","ast-hfb-mobile-header-display":"","site-post-title":"","ast-breadcrumbs-content":"","ast-featured-img":"","footer-sml-layout":"","ast-disable-related-posts":"","theme-transparent-header-meta":"","adv-header-id-meta":"","stick-header-meta":"","header-above-stick-meta":"","header-main-stick-meta":"","header-below-stick-meta":"","astra-migrate-meta-layouts":"default","ast-page-background-enabled":"default","ast-page-background-meta":{"desktop":{"background-color":"var(--ast-global-color-4)","background-image":"","background-repeat":"repeat","background-position":"center center","background-size":"auto","background-attachment":"scroll","background-type":"","background-media":"","overlay-type":"","overlay-color":"","overlay-opacity":"","overlay-gradient":""},"tablet":{"background-color":"","background-image":"","background-repeat":"repeat","background-position":"center center","background-size":"auto","background-attachment":"scroll","background-type":"","background-media":"","overlay-type":"","overlay-color":"","overlay-opacity":"","overlay-gradient":""},"mobile":{"background-color":"","background-image":"","background-repeat":"repeat","background-position":"center center","background-size":"auto","background-attachment":"scroll","background-type":"","background-media":"","overlay-type":"","overlay-color":"","overlay-opacity":"","overlay-gradient":""}},"ast-content-background-meta":{"desktop":{"background-color":"var(--ast-global-color-5)","background-image":"","background-repeat":"repeat","background-position":"center center","background-size":"auto","background-attachment":"scroll","background-type":"","background-media":"","overlay-type":"","overlay-color":"","overlay-opacity":"","overlay-gradient":""},"tablet":{"background-color":"var(--ast-global-color-5)","background-image":"","background-repeat":"repeat","background-position":"center center","background-size":"auto","background-attachment":"scroll","background-type":"","background-media":"","overlay-type":"","overlay-color":"","overlay-opacity":"","overlay-gradient":""},"mobile":{"background-color":"var(--ast-global-color-5)","background-image":"","background-repeat":"repeat","background-position":"center center","background-size":"auto","background-attachment":"scroll","background-type":"","background-media":"","overlay-type":"","overlay-color":"","overlay-opacity":"","overlay-gradient":""}}},"product_brand":[],"product_cat":[430,1200,51],"product_tag":[1475,1120,1449,1474,1446,1453,1491,1063,281],"class_list":{"0":"post-8406","1":"product","2":"type-product","3":"status-publish","4":"has-post-thumbnail","6":"product_cat-men","7":"product_cat-mens-shoes-2","8":"product_cat-sports","9":"product_tag-athletic-footwear","10":"product_tag-black-sneakers","11":"product_tag-comfortable-sports-shoes","12":"product_tag-durable-sneakers","13":"product_tag-faux-leather-shoes","14":"product_tag-mens-black-sports-shoes","15":"product_tag-sports-trainers","16":"product_tag-turkish-trade-shoes","17":"product_tag-wholesale-shoes","18":"desktop-align-center","19":"tablet-align-center","20":"mobile-align-center","22":"first","23":"instock","24":"shipping-taxable","25":"purchasable","26":"product-type-variable","27":"has-default-attributes"},"acf":[],"uagb_featured_image_src":{"full":["https:\/\/turkishtrade.co\/wp-content\/uploads\/2026\/01\/2600OYNMN00010-BLACK.png",453,250,false],"thumbnail":["https:\/\/turkishtrade.co\/wp-content\/uploads\/2026\/01\/2600OYNMN00010-BLACK-150x150.png",150,150,true],"medium":["https:\/\/turkishtrade.co\/wp-content\/uploads\/2026\/01\/2600OYNMN00010-BLACK-300x166.png",300,166,true],"medium_large":["https:\/\/turkishtrade.co\/wp-content\/uploads\/2026\/01\/2600OYNMN00010-BLACK.png",453,250,false],"large":["https:\/\/turkishtrade.co\/wp-content\/uploads\/2026\/01\/2600OYNMN00010-BLACK.png",453,250,false],"1536x1536":["https:\/\/turkishtrade.co\/wp-content\/uploads\/2026\/01\/2600OYNMN00010-BLACK.png",453,250,false],"2048x2048":["https:\/\/turkishtrade.co\/wp-content\/uploads\/2026\/01\/2600OYNMN00010-BLACK.png",453,250,false],"trp-custom-language-flag":["https:\/\/turkishtrade.co\/wp-content\/uploads\/2026\/01\/2600OYNMN00010-BLACK-18x10.png",18,10,true],"woocommerce_thumbnail":["https:\/\/turkishtrade.co\/wp-content\/uploads\/2026\/01\/2600OYNMN00010-BLACK-400x250.png",400,250,true],"woocommerce_single":["https:\/\/turkishtrade.co\/wp-content\/uploads\/2026\/01\/2600OYNMN00010-BLACK.png",453,250,false],"woocommerce_gallery_thumbnail":["https:\/\/turkishtrade.co\/wp-content\/uploads\/2026\/01\/2600OYNMN00010-BLACK-100x100.png",100,100,true]},"uagb_author_info":{"display_name":"python python","author_link":"https:\/\/turkishtrade.co\/es\/author\/"},"uagb_comment_info":0,"uagb_excerpt":"Sleek all-black design for versatile styling Durable faux leather exterior combined with a breathable fabric interior Available in EU sizes 40, 41, 42, 43, 44, 45 Ideal for sports activities, daily wear, and casual outings Wholesale options available with a minimum order of 8 pairs","_links":{"self":[{"href":"https:\/\/turkishtrade.co\/es\/wp-json\/wp\/v2\/product\/8406","targetHints":{"allow":["GET"]}}],"collection":[{"href":"https:\/\/turkishtrade.co\/es\/wp-json\/wp\/v2\/product"}],"about":[{"href":"https:\/\/turkishtrade.co\/es\/wp-json\/wp\/v2\/types\/product"}],"wp:featuredmedia":[{"embeddable":true,"href":"https:\/\/turkishtrade.co\/es\/wp-json\/wp\/v2\/media\/6795"}],"wp:attachment":[{"href":"https:\/\/turkishtrade.co\/es\/wp-json\/wp\/v2\/media?parent=8406"}],"wp:term":[{"taxonomy":"product_brand","embeddable":true,"href":"https:\/\/turkishtrade.co\/es\/wp-json\/wp\/v2\/product_brand?post=8406"},{"taxonomy":"product_cat","embeddable":true,"href":"https:\/\/turkishtrade.co\/es\/wp-json\/wp\/v2\/product_cat?post=8406"},{"taxonomy":"product_tag","embeddable":true,"href":"https:\/\/turkishtrade.co\/es\/wp-json\/wp\/v2\/product_tag?post=8406"}],"curies":[{"name":"wp","href":"https:\/\/api.w.org\/{rel}","templated":true}]}}