{"id":8382,"date":"2026-01-29T14:49:53","date_gmt":"2026-01-29T14:49:53","guid":{"rendered":"https:\/\/turkishtrade.co\/?post_type=product&#038;p=8382"},"modified":"2026-04-09T20:27:10","modified_gmt":"2026-04-09T20:27:10","slug":"mens-black-faux-leather-sports-shoes-5","status":"publish","type":"product","link":"https:\/\/turkishtrade.co\/es\/shop\/mens-black-faux-leather-sports-shoes-5\/","title":{"rendered":"Zapatillas deportivas de piel sint\u00e9tica negra para hombre Inmejorables"},"content":{"rendered":"<h3>Eleva tu estilo y comodidad con las zapatillas deportivas de piel sint\u00e9tica negra para hombre<\/h3>\n<p>Descubra la combinaci\u00f3n perfecta de dise\u00f1o moderno, comodidad excepcional y durabilidad duradera con nuestra gama Premium <b>Zapatillas deportivas de piel sint\u00e9tica negra para hombre<\/b>. Dise\u00f1adas para las personas activas, estas zapatillas no son solo est\u00e9ticas, sino que est\u00e1n pensadas para adaptarse a tu din\u00e1mico estilo de vida, tanto si vas al gimnasio como si sales a caminar a paso ligero o simplemente disfrutas de un d\u00eda de ocio. La elegante est\u00e9tica negra, acentuada por las cl\u00e1sicas rayas blancas, ofrece un look vers\u00e1til que complementa una amplia gama de conjuntos.<\/p>\n<p>Fabricados con una meticulosa atenci\u00f3n al detalle, cada par presenta un robusto exterior de piel sint\u00e9tica. Este material no s\u00f3lo proporciona un acabado sofisticado, sino que tambi\u00e9n garantiza una mayor resistencia al desgaste, lo que los convierte en una inversi\u00f3n inteligente para su colecci\u00f3n de calzado. En el interior, un forro de tejido suave y transpirable acuna tus pies, ofreci\u00e9ndote una comodidad inigualable desde el momento en que te las calzas hasta el final del d\u00eda. Desp\u00eddete de la incomodidad y da la bienvenida a un zapato que se mueve contigo, proporcion\u00e1ndote apoyo donde m\u00e1s lo necesitas.<\/p>\n<p>El innovador dise\u00f1o incluye un caracter\u00edstico sistema de cordones que permite un ajuste r\u00e1pido y seguro, garantizando siempre un ajuste ce\u00f1ido y personalizado. Las tallas disponibles van de la 40 a la 45, por lo que se adaptan a un amplio espectro de tama\u00f1os de pie. La robusta suela exterior multiestampada est\u00e1 dise\u00f1ada para proporcionar un agarre y una tracci\u00f3n superiores en diversas superficies, ofreciendo estabilidad y confianza en cada zancada. Desde las aventuras urbanas hasta la exploraci\u00f3n de senderos ligeros, estas <b>Zapatillas deportivas de piel sint\u00e9tica negra para hombre<\/b> son su compa\u00f1ero de confianza.<\/p>\n<p>Adopte la fusi\u00f3n de rendimiento y moda con un calzado dise\u00f1ado para el hombre moderno. Nuestro <b>Zapatillas deportivas de piel sint\u00e9tica negra para hombre<\/b> son algo m\u00e1s que calzado deportivo: son una declaraci\u00f3n de estilo y un testimonio de calidad. Experimente la diferencia que pueden marcar unos materiales de primera calidad y una fabricaci\u00f3n esmerada. Para minoristas y empresas, estas excepcionales <b>Zapatillas deportivas de piel sint\u00e9tica negra para hombre<\/b> est\u00e1n disponibles para su compra al por mayor, con un pedido m\u00ednimo de 8 pares. Ofrezca a sus clientes un producto demandado de alta calidad que combina funcionalidad y dise\u00f1o contempor\u00e1neo.<\/p>\n<p>Invierte hoy en tu comodidad y estilo con estos vers\u00e1tiles <b>Zapatillas deportivas de piel sint\u00e9tica negra para hombre<\/b>, perfecto para cualquier ocasi\u00f3n que requiera elegancia y funcionalidad. No te conformes con menos cuando puedes tener un zapato que realmente destaque.<\/p>","protected":false},"excerpt":{"rendered":"<ul>\n<li>Exterior de piel sint\u00e9tica de primera calidad para una mayor durabilidad y un estilo elegante.<\/li>\n<li>El interior de tejido c\u00f3modo y transpirable garantiza su uso durante todo el d\u00eda.<\/li>\n<li>Disponible en las tallas de hombre 40, 41, 42, 43, 44 y 45.<\/li>\n<li>Moderno dise\u00f1o deportivo con distintivo sistema de cordones toggle.<\/li>\n<li>Disponibilidad al por mayor para pedidos m\u00ednimos de 8 pares.<\/li>\n<\/ul>","protected":false},"featured_media":6789,"template":"","meta":{"_acf_changed":false,"_uag_custom_page_level_css":"","site-sidebar-layout":"default","site-content-layout":"","ast-site-content-layout":"default","site-content-style":"default","site-sidebar-style":"default","ast-global-header-display":"","ast-banner-title-visibility":"","ast-main-header-display":"","ast-hfb-above-header-display":"","ast-hfb-below-header-display":"","ast-hfb-mobile-header-display":"","site-post-title":"","ast-breadcrumbs-content":"","ast-featured-img":"","footer-sml-layout":"","ast-disable-related-posts":"","theme-transparent-header-meta":"","adv-header-id-meta":"","stick-header-meta":"","header-above-stick-meta":"","header-main-stick-meta":"","header-below-stick-meta":"","astra-migrate-meta-layouts":"default","ast-page-background-enabled":"default","ast-page-background-meta":{"desktop":{"background-color":"var(--ast-global-color-4)","background-image":"","background-repeat":"repeat","background-position":"center center","background-size":"auto","background-attachment":"scroll","background-type":"","background-media":"","overlay-type":"","overlay-color":"","overlay-opacity":"","overlay-gradient":""},"tablet":{"background-color":"","background-image":"","background-repeat":"repeat","background-position":"center center","background-size":"auto","background-attachment":"scroll","background-type":"","background-media":"","overlay-type":"","overlay-color":"","overlay-opacity":"","overlay-gradient":""},"mobile":{"background-color":"","background-image":"","background-repeat":"repeat","background-position":"center center","background-size":"auto","background-attachment":"scroll","background-type":"","background-media":"","overlay-type":"","overlay-color":"","overlay-opacity":"","overlay-gradient":""}},"ast-content-background-meta":{"desktop":{"background-color":"var(--ast-global-color-5)","background-image":"","background-repeat":"repeat","background-position":"center center","background-size":"auto","background-attachment":"scroll","background-type":"","background-media":"","overlay-type":"","overlay-color":"","overlay-opacity":"","overlay-gradient":""},"tablet":{"background-color":"var(--ast-global-color-5)","background-image":"","background-repeat":"repeat","background-position":"center center","background-size":"auto","background-attachment":"scroll","background-type":"","background-media":"","overlay-type":"","overlay-color":"","overlay-opacity":"","overlay-gradient":""},"mobile":{"background-color":"var(--ast-global-color-5)","background-image":"","background-repeat":"repeat","background-position":"center center","background-size":"auto","background-attachment":"scroll","background-type":"","background-media":"","overlay-type":"","overlay-color":"","overlay-opacity":"","overlay-gradient":""}}},"product_brand":[],"product_cat":[430,1200,51],"product_tag":[1475,1120,449,222,1474,1446,1348,1470,1445,1458],"class_list":{"0":"post-8382","1":"product","2":"type-product","3":"status-publish","4":"has-post-thumbnail","6":"product_cat-men","7":"product_cat-mens-shoes-2","8":"product_cat-sports","9":"product_tag-athletic-footwear","10":"product_tag-black-sneakers","11":"product_tag-casual-shoes","12":"product_tag-comfortable-shoes","13":"product_tag-durable-sneakers","14":"product_tag-faux-leather-shoes","15":"product_tag-mens-fashion-sneakers","16":"product_tag-mens-running-shoes","17":"product_tag-mens-sports-shoes","18":"product_tag-wholesale-sports-shoes","19":"desktop-align-center","20":"tablet-align-center","21":"mobile-align-center","23":"first","24":"instock","25":"shipping-taxable","26":"purchasable","27":"product-type-variable","28":"has-default-attributes"},"acf":[],"uagb_featured_image_src":{"full":["https:\/\/turkishtrade.co\/wp-content\/uploads\/2026\/01\/2600OYNMN00008-BLACK.png",453,250,false],"thumbnail":["https:\/\/turkishtrade.co\/wp-content\/uploads\/2026\/01\/2600OYNMN00008-BLACK-150x150.png",150,150,true],"medium":["https:\/\/turkishtrade.co\/wp-content\/uploads\/2026\/01\/2600OYNMN00008-BLACK-300x166.png",300,166,true],"medium_large":["https:\/\/turkishtrade.co\/wp-content\/uploads\/2026\/01\/2600OYNMN00008-BLACK.png",453,250,false],"large":["https:\/\/turkishtrade.co\/wp-content\/uploads\/2026\/01\/2600OYNMN00008-BLACK.png",453,250,false],"1536x1536":["https:\/\/turkishtrade.co\/wp-content\/uploads\/2026\/01\/2600OYNMN00008-BLACK.png",453,250,false],"2048x2048":["https:\/\/turkishtrade.co\/wp-content\/uploads\/2026\/01\/2600OYNMN00008-BLACK.png",453,250,false],"trp-custom-language-flag":["https:\/\/turkishtrade.co\/wp-content\/uploads\/2026\/01\/2600OYNMN00008-BLACK-18x10.png",18,10,true],"woocommerce_thumbnail":["https:\/\/turkishtrade.co\/wp-content\/uploads\/2026\/01\/2600OYNMN00008-BLACK-400x250.png",400,250,true],"woocommerce_single":["https:\/\/turkishtrade.co\/wp-content\/uploads\/2026\/01\/2600OYNMN00008-BLACK.png",453,250,false],"woocommerce_gallery_thumbnail":["https:\/\/turkishtrade.co\/wp-content\/uploads\/2026\/01\/2600OYNMN00008-BLACK-100x100.png",100,100,true]},"uagb_author_info":{"display_name":"python python","author_link":"https:\/\/turkishtrade.co\/es\/author\/"},"uagb_comment_info":0,"uagb_excerpt":"Premium faux leather exterior for durability and sleek style. Comfortable and breathable fabric interior ensures all-day wearability. Available in men's sizes 40, 41, 42, 43, 44, 45. Modern sports design with distinctive toggle lacing system. Wholesale availability for minimum orders of 8 pairs.","_links":{"self":[{"href":"https:\/\/turkishtrade.co\/es\/wp-json\/wp\/v2\/product\/8382","targetHints":{"allow":["GET"]}}],"collection":[{"href":"https:\/\/turkishtrade.co\/es\/wp-json\/wp\/v2\/product"}],"about":[{"href":"https:\/\/turkishtrade.co\/es\/wp-json\/wp\/v2\/types\/product"}],"wp:featuredmedia":[{"embeddable":true,"href":"https:\/\/turkishtrade.co\/es\/wp-json\/wp\/v2\/media\/6789"}],"wp:attachment":[{"href":"https:\/\/turkishtrade.co\/es\/wp-json\/wp\/v2\/media?parent=8382"}],"wp:term":[{"taxonomy":"product_brand","embeddable":true,"href":"https:\/\/turkishtrade.co\/es\/wp-json\/wp\/v2\/product_brand?post=8382"},{"taxonomy":"product_cat","embeddable":true,"href":"https:\/\/turkishtrade.co\/es\/wp-json\/wp\/v2\/product_cat?post=8382"},{"taxonomy":"product_tag","embeddable":true,"href":"https:\/\/turkishtrade.co\/es\/wp-json\/wp\/v2\/product_tag?post=8382"}],"curies":[{"name":"wp","href":"https:\/\/api.w.org\/{rel}","templated":true}]}}