{"id":8379,"date":"2026-01-29T14:49:52","date_gmt":"2026-01-29T14:49:52","guid":{"rendered":"https:\/\/turkishtrade.co\/?post_type=product&#038;p=8379"},"modified":"2026-04-09T20:27:25","modified_gmt":"2026-04-09T20:27:25","slug":"mens-black-faux-leather-sports-shoes-3","status":"publish","type":"product","link":"https:\/\/turkishtrade.co\/es\/shop\/mens-black-faux-leather-sports-shoes-3\/","title":{"rendered":"Zapatillas deportivas de piel sint\u00e9tica negra para hombre Sensacional"},"content":{"rendered":"<p><strong>Zapatillas deportivas de piel sint\u00e9tica negra para hombre<\/strong>. Calidad y dise\u00f1o sensacionales.<\/p>\n<p>Sum\u00e9rjase en un confort sin igual y un estilo moderno con nuestro exclusivo <b>Zapatillas deportivas de piel sint\u00e9tica negra para hombre<\/b>. Dise\u00f1ados para el individuo din\u00e1mico, estos zapatos combinan a la perfecci\u00f3n una gran durabilidad con una est\u00e9tica contempor\u00e1nea. Con un elegante exterior de piel sint\u00e9tica combinado con un interior de tejido suave y transpirable, estas... <b>Zapatillas deportivas de piel sint\u00e9tica negra para hombre<\/b> ofrecen una combinaci\u00f3n ideal de resistencia y comodidad para cualquier actividad. No son s\u00f3lo calzado; son una extensi\u00f3n de tu estilo de vida activo, que te garantiza comodidad y un aspecto impecable desde los desplazamientos matutinos hasta los entrenamientos nocturnos. El dise\u00f1o minimalista y atrevido de estas <b>Zapatillas deportivas de piel sint\u00e9tica negra para hombre<\/b> los convierte en un b\u00e1sico vers\u00e1til en cualquier armario.<\/p>\n<p>La base de estos excepcionales <b>Zapatillas deportivas de piel sint\u00e9tica negra para hombre<\/b> radica en su avanzada suela de TPU. Esta innovadora tecnolog\u00eda de suela proporciona una absorci\u00f3n de impactos superior, ofreciendo una amortiguaci\u00f3n sensible en cada zancada, tanto si vas al gimnasio como si sales a correr o te mueves por las calles de la ciudad. El material de TPU duradero garantiza un agarre excelente y un desgaste duradero, lo que hace que estas <b>Zapatillas deportivas de piel sint\u00e9tica negra para hombre<\/b> un compa\u00f1ero fiable para todas tus actividades. Su cuidada confecci\u00f3n, que incluye un forro interior de tela, garantiza una transpirabilidad \u00f3ptima, manteniendo tus pies frescos y c\u00f3modos durante todo el d\u00eda. Experimenta la mezcla perfecta de sujeci\u00f3n y flexibilidad a cada paso que das.<\/p>\n<p>M\u00e1s all\u00e1 del rendimiento, estos <b>Zapatillas deportivas de piel sint\u00e9tica negra para hombre<\/b> cuentan con un vers\u00e1til dise\u00f1o totalmente negro que complementa sin esfuerzo cualquier atuendo. Su perfil estilizado y su discreta elegancia las convierten en la elecci\u00f3n perfecta, ya se trate de un atuendo informal o de conjuntos m\u00e1s relajados para el d\u00eda a d\u00eda. Disponibles en una amplia gama de tallas (40, 41, 42, 43 y 44), encontrar el ajuste perfecto es sencillo y garantiza la m\u00e1xima comodidad. Eleve su colecci\u00f3n de calzado con estas elegantes y funcionales <b>Zapatillas deportivas de piel sint\u00e9tica negra para hombre<\/b>, Los guantes de piel, meticulosamente confeccionados para satisfacer las exigencias de una vida activa y a la moda. Est\u00e1n dise\u00f1adas para rendir al m\u00e1ximo y son perfectas para el d\u00eda a d\u00eda, por lo que siempre lucir\u00e1s un aspecto impecable.<\/p>\n<h3>Oportunidades al por mayor de Zapatillas deportivas de piel sint\u00e9tica negra para hombre<\/h3>\n<p>Para las empresas que desean almacenar calzado deportivo popular de alta calidad, nuestro <b>Zapatillas deportivas de piel sint\u00e9tica negra para hombre<\/b> son una excelente elecci\u00f3n. Con una cantidad m\u00ednima de pedido de s\u00f3lo 8 pares, estos zapatos representan una fant\u00e1stica oportunidad para que los minoristas ofrezcan a sus clientes estilo y comodidad de primera calidad. Aproveche la demanda de calzado deportivo masculino duradero y a la moda con estas populares <b>Zapatillas deportivas de piel sint\u00e9tica negra para hombre<\/b>. As\u00f3ciese con nosotros para ofrecer a su clientela un valor excepcional y productos codiciados que combinan atractivo est\u00e9tico y funcionalidad pr\u00e1ctica. Estos zapatos ser\u00e1n sin duda un \u00e9xito de ventas en su inventario.<\/p>","protected":false},"excerpt":{"rendered":"<ul>\n<li>Elegante exterior de piel sint\u00e9tica para una est\u00e9tica moderna<\/li>\n<li>Forro interior de tejido c\u00f3modo y transpirable<\/li>\n<li>Suela de TPU avanzada para una mayor absorci\u00f3n de impactos y agarre<\/li>\n<li>Disponible en tallas: 40, 41, 42, 43, 44<\/li>\n<li>Ideal para deportes, ropa informal y actividades diarias<\/li>\n<li>Venta al por mayor disponible con un pedido m\u00ednimo de 8 pares<\/li>\n<\/ul>","protected":false},"featured_media":6832,"template":"","meta":{"_acf_changed":false,"_uag_custom_page_level_css":"","site-sidebar-layout":"default","site-content-layout":"","ast-site-content-layout":"default","site-content-style":"default","site-sidebar-style":"default","ast-global-header-display":"","ast-banner-title-visibility":"","ast-main-header-display":"","ast-hfb-above-header-display":"","ast-hfb-below-header-display":"","ast-hfb-mobile-header-display":"","site-post-title":"","ast-breadcrumbs-content":"","ast-featured-img":"","footer-sml-layout":"","ast-disable-related-posts":"","theme-transparent-header-meta":"","adv-header-id-meta":"","stick-header-meta":"","header-above-stick-meta":"","header-main-stick-meta":"","header-below-stick-meta":"","astra-migrate-meta-layouts":"default","ast-page-background-enabled":"default","ast-page-background-meta":{"desktop":{"background-color":"var(--ast-global-color-4)","background-image":"","background-repeat":"repeat","background-position":"center center","background-size":"auto","background-attachment":"scroll","background-type":"","background-media":"","overlay-type":"","overlay-color":"","overlay-opacity":"","overlay-gradient":""},"tablet":{"background-color":"","background-image":"","background-repeat":"repeat","background-position":"center center","background-size":"auto","background-attachment":"scroll","background-type":"","background-media":"","overlay-type":"","overlay-color":"","overlay-opacity":"","overlay-gradient":""},"mobile":{"background-color":"","background-image":"","background-repeat":"repeat","background-position":"center center","background-size":"auto","background-attachment":"scroll","background-type":"","background-media":"","overlay-type":"","overlay-color":"","overlay-opacity":"","overlay-gradient":""}},"ast-content-background-meta":{"desktop":{"background-color":"var(--ast-global-color-5)","background-image":"","background-repeat":"repeat","background-position":"center center","background-size":"auto","background-attachment":"scroll","background-type":"","background-media":"","overlay-type":"","overlay-color":"","overlay-opacity":"","overlay-gradient":""},"tablet":{"background-color":"var(--ast-global-color-5)","background-image":"","background-repeat":"repeat","background-position":"center center","background-size":"auto","background-attachment":"scroll","background-type":"","background-media":"","overlay-type":"","overlay-color":"","overlay-opacity":"","overlay-gradient":""},"mobile":{"background-color":"var(--ast-global-color-5)","background-image":"","background-repeat":"repeat","background-position":"center center","background-size":"auto","background-attachment":"scroll","background-type":"","background-media":"","overlay-type":"","overlay-color":"","overlay-opacity":"","overlay-gradient":""}}},"product_brand":[],"product_cat":[430,1200,51],"product_tag":[1524,1475,1120,290,1446,198,1445,1451,452,281],"class_list":{"0":"post-8379","1":"product","2":"type-product","3":"status-publish","4":"has-post-thumbnail","6":"product_cat-men","7":"product_cat-mens-shoes-2","8":"product_cat-sports","9":"product_tag-active-shoes","10":"product_tag-athletic-footwear","11":"product_tag-black-sneakers","12":"product_tag-comfortable-mens-shoes","13":"product_tag-faux-leather-shoes","14":"product_tag-mens-fashion","15":"product_tag-mens-sports-shoes","16":"product_tag-modern-sneakers","17":"product_tag-tpu-sole","18":"product_tag-wholesale-shoes","19":"desktop-align-center","20":"tablet-align-center","21":"mobile-align-center","23":"first","24":"instock","25":"shipping-taxable","26":"purchasable","27":"product-type-variable","28":"has-default-attributes"},"acf":[],"uagb_featured_image_src":{"full":["https:\/\/turkishtrade.co\/wp-content\/uploads\/2026\/01\/2600OYNMN00005-BLACK.png",453,250,false],"thumbnail":["https:\/\/turkishtrade.co\/wp-content\/uploads\/2026\/01\/2600OYNMN00005-BLACK-150x150.png",150,150,true],"medium":["https:\/\/turkishtrade.co\/wp-content\/uploads\/2026\/01\/2600OYNMN00005-BLACK-300x166.png",300,166,true],"medium_large":["https:\/\/turkishtrade.co\/wp-content\/uploads\/2026\/01\/2600OYNMN00005-BLACK.png",453,250,false],"large":["https:\/\/turkishtrade.co\/wp-content\/uploads\/2026\/01\/2600OYNMN00005-BLACK.png",453,250,false],"1536x1536":["https:\/\/turkishtrade.co\/wp-content\/uploads\/2026\/01\/2600OYNMN00005-BLACK.png",453,250,false],"2048x2048":["https:\/\/turkishtrade.co\/wp-content\/uploads\/2026\/01\/2600OYNMN00005-BLACK.png",453,250,false],"trp-custom-language-flag":["https:\/\/turkishtrade.co\/wp-content\/uploads\/2026\/01\/2600OYNMN00005-BLACK-18x10.png",18,10,true],"woocommerce_thumbnail":["https:\/\/turkishtrade.co\/wp-content\/uploads\/2026\/01\/2600OYNMN00005-BLACK-400x250.png",400,250,true],"woocommerce_single":["https:\/\/turkishtrade.co\/wp-content\/uploads\/2026\/01\/2600OYNMN00005-BLACK.png",453,250,false],"woocommerce_gallery_thumbnail":["https:\/\/turkishtrade.co\/wp-content\/uploads\/2026\/01\/2600OYNMN00005-BLACK-100x100.png",100,100,true]},"uagb_author_info":{"display_name":"python python","author_link":"https:\/\/turkishtrade.co\/es\/author\/"},"uagb_comment_info":0,"uagb_excerpt":"Sleek faux leather exterior for a modern aesthetic Comfortable and breathable fabric interior lining Advanced TPU sole for superior shock absorption and grip Available in sizes: 40, 41, 42, 43, 44 Ideal for sports, casual wear, and daily activities Wholesale available with a minimum order of 8 pairs","_links":{"self":[{"href":"https:\/\/turkishtrade.co\/es\/wp-json\/wp\/v2\/product\/8379","targetHints":{"allow":["GET"]}}],"collection":[{"href":"https:\/\/turkishtrade.co\/es\/wp-json\/wp\/v2\/product"}],"about":[{"href":"https:\/\/turkishtrade.co\/es\/wp-json\/wp\/v2\/types\/product"}],"wp:featuredmedia":[{"embeddable":true,"href":"https:\/\/turkishtrade.co\/es\/wp-json\/wp\/v2\/media\/6832"}],"wp:attachment":[{"href":"https:\/\/turkishtrade.co\/es\/wp-json\/wp\/v2\/media?parent=8379"}],"wp:term":[{"taxonomy":"product_brand","embeddable":true,"href":"https:\/\/turkishtrade.co\/es\/wp-json\/wp\/v2\/product_brand?post=8379"},{"taxonomy":"product_cat","embeddable":true,"href":"https:\/\/turkishtrade.co\/es\/wp-json\/wp\/v2\/product_cat?post=8379"},{"taxonomy":"product_tag","embeddable":true,"href":"https:\/\/turkishtrade.co\/es\/wp-json\/wp\/v2\/product_tag?post=8379"}],"curies":[{"name":"wp","href":"https:\/\/api.w.org\/{rel}","templated":true}]}}