{"id":8375,"date":"2026-01-29T14:49:49","date_gmt":"2026-01-29T14:49:49","guid":{"rendered":"https:\/\/turkishtrade.co\/product\/men-2600oynmn00001\/"},"modified":"2026-04-09T20:28:03","modified_gmt":"2026-04-09T20:28:03","slug":"black-faux-leather-sneakers","status":"publish","type":"product","link":"https:\/\/turkishtrade.co\/es\/shop\/black-faux-leather-sneakers\/","title":{"rendered":"Negro de cuero de imitaci\u00f3n Zapatillas de deporte Proven | Negro de cuero de imitaci\u00f3n de los hombres"},"content":{"rendered":"<p>Mejore su calzado con nuestros excepcionales <strong>zapatillas negras de piel sint\u00e9tica<\/strong>, dise\u00f1adas meticulosamente para el hombre moderno que valora tanto el estilo como la esencia. Estas vers\u00e1tiles zapatillas son la combinaci\u00f3n perfecta de funcionalidad atl\u00e9tica y moda contempor\u00e1nea, lo que las convierte en un complemento indispensable para cualquier armario. Confeccionadas con un exterior de piel sint\u00e9tica de primera calidad, estas zapatillas ofrecen un aspecto elegante y sofisticado que es extraordinariamente duradero y f\u00e1cil de mantener, lo que garantiza que sigan siendo una opci\u00f3n a la que recurrir en innumerables ocasiones. Si buscas unos zapatos duraderos <strong>zapatillas negras de piel sint\u00e9tica<\/strong> que no comprometan la est\u00e9tica, su b\u00fasqueda termina aqu\u00ed.<\/p>\n<p>Experimenta una comodidad inigualable en cada zancada, gracias a la cuidada construcci\u00f3n de estas zapatillas deportivas. El interior est\u00e1 forrado con un tejido suave y transpirable, que proporciona un entorno acogedor para tus pies tanto si vas al gimnasio como si exploras la ciudad o simplemente disfrutas de un d\u00eda de paseo informal. La suela robusta pero ligera ofrece una excelente sujeci\u00f3n y amortiguaci\u00f3n, haciendo que estas <strong>zapatillas negras de piel sint\u00e9tica<\/strong> ideales para un uso prolongado. Disponibles en una amplia gama de tallas de la UE, de la 40 a la 44, para que encuentres tu talla perfecta. <strong>zapatillas negras de piel sint\u00e9tica<\/strong> es sin esfuerzo.<\/p>\n<h3>Estilo y durabilidad inigualables<\/h3>\n<p>Nuestros hombres <strong>deportivas de piel sint\u00e9tica negra<\/strong> destacan por su dise\u00f1o inconfundible. La est\u00e9tica totalmente negra, complementada con sutiles variaciones de textura y una silueta moderna, garantiza que estas zapatillas combinen a la perfecci\u00f3n con todo, desde ropa deportiva hasta conjuntos informales elegantes. El dise\u00f1o de suela gruesa no s\u00f3lo a\u00f1ade un toque moderno, sino que tambi\u00e9n mejora la estabilidad y la tracci\u00f3n, ofreciendo un paso seguro en diversas superficies. Apreciar\u00e1s los intrincados detalles y la artesan\u00eda superior de cada par de estas zapatillas. <strong>zapatillas negras de piel sint\u00e9tica<\/strong>, garantizando un producto hecho para durar.<\/p>\n<p>M\u00e1s all\u00e1 de su aspecto llamativo, estos <strong>zapatillas negras de piel sint\u00e9tica<\/strong> est\u00e1n dise\u00f1ados para una vida pr\u00e1ctica. La piel sint\u00e9tica de alta calidad resiste mejor los ara\u00f1azos y las marcas que la piel tradicional, y su limpieza es muy sencilla: a menudo basta con pasar un pa\u00f1o para devolverlos a su estado original. Esta combinaci\u00f3n de estilo, comodidad y bajo mantenimiento los convierte en una excelente opci\u00f3n para las personas ocupadas que buscan un producto fiable y moderno. <strong>zapatillas negras de piel sint\u00e9tica<\/strong>.<\/p>\n<h3>Oportunidad para mayoristas<\/h3>\n<p>Para los minoristas y las empresas que buscan ofrecer calzado de alta calidad y de gran demanda, estos <strong>zapatillas negras de piel sint\u00e9tica<\/strong> est\u00e1n disponibles para su compra al por mayor. Con una cantidad m\u00ednima de pedido de s\u00f3lo 8 pares, puede abastecerse f\u00e1cilmente de estas populares zapatillas deportivas para hombre y satisfacer a su clientela. Eleve su inventario con un producto que promete la satisfacci\u00f3n del cliente y la repetici\u00f3n de negocios.<\/p>\n<p>Invierta en un par de nuestros <strong>zapatillas negras de piel sint\u00e9tica<\/strong> y descubra la fusi\u00f3n perfecta de estilo perdurable, comodidad superior y durabilidad excepcional. Son m\u00e1s que unos zapatos: son una declaraci\u00f3n de sofisticada practicidad para el hombre activo.<\/p>","protected":false},"excerpt":{"rendered":"<ul>\n<li>Exterior de piel sint\u00e9tica negra de primera calidad para un estilo elegante y duradero.<\/li>\n<li>El c\u00f3modo interior de tela garantiza la transpirabilidad y el uso durante todo el d\u00eda.<\/li>\n<li>Dise\u00f1o vers\u00e1til, ideal para actividades deportivas o para el d\u00eda a d\u00eda.<\/li>\n<li>Disponible en las tallas 40, 41, 42, 43 y 44 de la UE.<\/li>\n<li>Opciones de venta al por mayor disponibles con un pedido m\u00ednimo de 8 pares.<\/li>\n<\/ul>","protected":false},"featured_media":6841,"template":"","meta":{"_acf_changed":false,"_uag_custom_page_level_css":"","site-sidebar-layout":"default","site-content-layout":"","ast-site-content-layout":"default","site-content-style":"default","site-sidebar-style":"default","ast-global-header-display":"","ast-banner-title-visibility":"","ast-main-header-display":"","ast-hfb-above-header-display":"","ast-hfb-below-header-display":"","ast-hfb-mobile-header-display":"","site-post-title":"","ast-breadcrumbs-content":"","ast-featured-img":"","footer-sml-layout":"","ast-disable-related-posts":"","theme-transparent-header-meta":"","adv-header-id-meta":"","stick-header-meta":"","header-above-stick-meta":"","header-main-stick-meta":"","header-below-stick-meta":"","astra-migrate-meta-layouts":"default","ast-page-background-enabled":"default","ast-page-background-meta":{"desktop":{"background-color":"var(--ast-global-color-4)","background-image":"","background-repeat":"repeat","background-position":"center center","background-size":"auto","background-attachment":"scroll","background-type":"","background-media":"","overlay-type":"","overlay-color":"","overlay-opacity":"","overlay-gradient":""},"tablet":{"background-color":"","background-image":"","background-repeat":"repeat","background-position":"center center","background-size":"auto","background-attachment":"scroll","background-type":"","background-media":"","overlay-type":"","overlay-color":"","overlay-opacity":"","overlay-gradient":""},"mobile":{"background-color":"","background-image":"","background-repeat":"repeat","background-position":"center center","background-size":"auto","background-attachment":"scroll","background-type":"","background-media":"","overlay-type":"","overlay-color":"","overlay-opacity":"","overlay-gradient":""}},"ast-content-background-meta":{"desktop":{"background-color":"var(--ast-global-color-5)","background-image":"","background-repeat":"repeat","background-position":"center center","background-size":"auto","background-attachment":"scroll","background-type":"","background-media":"","overlay-type":"","overlay-color":"","overlay-opacity":"","overlay-gradient":""},"tablet":{"background-color":"var(--ast-global-color-5)","background-image":"","background-repeat":"repeat","background-position":"center center","background-size":"auto","background-attachment":"scroll","background-type":"","background-media":"","overlay-type":"","overlay-color":"","overlay-opacity":"","overlay-gradient":""},"mobile":{"background-color":"var(--ast-global-color-5)","background-image":"","background-repeat":"repeat","background-position":"center center","background-size":"auto","background-attachment":"scroll","background-type":"","background-media":"","overlay-type":"","overlay-color":"","overlay-opacity":"","overlay-gradient":""}}},"product_brand":[],"product_cat":[430,1200,50,51],"product_tag":[1475,1120,216,1443,1474,1518,1446,1445,1519,1123],"class_list":{"0":"post-8375","1":"product","2":"type-product","3":"status-publish","4":"has-post-thumbnail","6":"product_cat-men","7":"product_cat-mens-shoes-2","8":"product_cat-sneakers","9":"product_cat-sports","10":"product_tag-athletic-footwear","11":"product_tag-black-sneakers","12":"product_tag-casual-sneakers","13":"product_tag-chunky-sole-sneakers","14":"product_tag-durable-sneakers","15":"product_tag-eu-40-44-shoes","16":"product_tag-faux-leather-shoes","17":"product_tag-mens-sports-shoes","18":"product_tag-stylish-black-trainers","19":"product_tag-wholesale-sneakers","20":"desktop-align-center","21":"tablet-align-center","22":"mobile-align-center","24":"first","25":"instock","26":"shipping-taxable","27":"purchasable","28":"product-type-variable","29":"has-default-attributes"},"acf":[],"uagb_featured_image_src":{"full":["https:\/\/turkishtrade.co\/wp-content\/uploads\/2026\/01\/2600OYNMN00001-BLACK.png",453,250,false],"thumbnail":["https:\/\/turkishtrade.co\/wp-content\/uploads\/2026\/01\/2600OYNMN00001-BLACK-150x150.png",150,150,true],"medium":["https:\/\/turkishtrade.co\/wp-content\/uploads\/2026\/01\/2600OYNMN00001-BLACK-300x166.png",300,166,true],"medium_large":["https:\/\/turkishtrade.co\/wp-content\/uploads\/2026\/01\/2600OYNMN00001-BLACK.png",453,250,false],"large":["https:\/\/turkishtrade.co\/wp-content\/uploads\/2026\/01\/2600OYNMN00001-BLACK.png",453,250,false],"1536x1536":["https:\/\/turkishtrade.co\/wp-content\/uploads\/2026\/01\/2600OYNMN00001-BLACK.png",453,250,false],"2048x2048":["https:\/\/turkishtrade.co\/wp-content\/uploads\/2026\/01\/2600OYNMN00001-BLACK.png",453,250,false],"trp-custom-language-flag":["https:\/\/turkishtrade.co\/wp-content\/uploads\/2026\/01\/2600OYNMN00001-BLACK-18x10.png",18,10,true],"woocommerce_thumbnail":["https:\/\/turkishtrade.co\/wp-content\/uploads\/2026\/01\/2600OYNMN00001-BLACK-400x250.png",400,250,true],"woocommerce_single":["https:\/\/turkishtrade.co\/wp-content\/uploads\/2026\/01\/2600OYNMN00001-BLACK.png",453,250,false],"woocommerce_gallery_thumbnail":["https:\/\/turkishtrade.co\/wp-content\/uploads\/2026\/01\/2600OYNMN00001-BLACK-100x100.png",100,100,true]},"uagb_author_info":{"display_name":"python python","author_link":"https:\/\/turkishtrade.co\/es\/author\/"},"uagb_comment_info":0,"uagb_excerpt":"Premium black faux leather exterior for sleek style and durability. Comfortable fabric interior ensures breathability and all-day wear. Versatile design, ideal for sports activities or casual everyday fashion. Available in EU sizes 40, 41, 42, 43, 44. Wholesale options available with a minimum order of 8 pairs.","_links":{"self":[{"href":"https:\/\/turkishtrade.co\/es\/wp-json\/wp\/v2\/product\/8375","targetHints":{"allow":["GET"]}}],"collection":[{"href":"https:\/\/turkishtrade.co\/es\/wp-json\/wp\/v2\/product"}],"about":[{"href":"https:\/\/turkishtrade.co\/es\/wp-json\/wp\/v2\/types\/product"}],"wp:featuredmedia":[{"embeddable":true,"href":"https:\/\/turkishtrade.co\/es\/wp-json\/wp\/v2\/media\/6841"}],"wp:attachment":[{"href":"https:\/\/turkishtrade.co\/es\/wp-json\/wp\/v2\/media?parent=8375"}],"wp:term":[{"taxonomy":"product_brand","embeddable":true,"href":"https:\/\/turkishtrade.co\/es\/wp-json\/wp\/v2\/product_brand?post=8375"},{"taxonomy":"product_cat","embeddable":true,"href":"https:\/\/turkishtrade.co\/es\/wp-json\/wp\/v2\/product_cat?post=8375"},{"taxonomy":"product_tag","embeddable":true,"href":"https:\/\/turkishtrade.co\/es\/wp-json\/wp\/v2\/product_tag?post=8375"}],"curies":[{"name":"wp","href":"https:\/\/api.w.org\/{rel}","templated":true}]}}