{"id":8359,"date":"2026-01-29T14:49:35","date_gmt":"2026-01-29T14:49:35","guid":{"rendered":"https:\/\/turkishtrade.co\/?post_type=product&#038;p=8359"},"modified":"2026-04-09T20:28:07","modified_gmt":"2026-04-09T20:28:07","slug":"kids-black-sports-shoes-2","status":"publish","type":"product","link":"https:\/\/turkishtrade.co\/es\/shop\/kids-black-sports-shoes-2\/","title":{"rendered":"Kids Black Zapatillas deportivas Authentic | Kids Black Zapatillas deportivas con"},"content":{"rendered":"<p><strong>Zapatillas deportivas negras para ni\u00f1os<\/strong>. Calidad y dise\u00f1o aut\u00e9nticos.<\/p>\n<p>Descubra la combinaci\u00f3n definitiva de estilo, comodidad y durabilidad con nuestros <strong>Zapatillas deportivas negras para ni\u00f1os<\/strong>. Dise\u00f1adas para el ni\u00f1o en\u00e9rgico, estas vers\u00e1tiles zapatillas est\u00e1n pensadas para soportar los rigores del juego diario, las actividades escolares y todo lo dem\u00e1s. Con una est\u00e9tica elegante totalmente negro, estos zapatos ofrecen coordinaci\u00f3n sin esfuerzo con cualquier equipo, por lo que un elemento b\u00e1sico de vestuario para los ni\u00f1os activos.<\/p>\n<h3>Durabilidad y comodidad inigualables<\/h3>\n<p>Fabricadas con material sint\u00e9tico (poli) de alta calidad, estas <strong>Zapatillas deportivas negras para ni\u00f1os<\/strong> est\u00e1n hechos para durar. Su robusta construcci\u00f3n garantiza que puedan soportar innumerables aventuras, desde el patio de recreo hasta el campo de deportes. El dise\u00f1o prioriza la comodidad de tu hijo, incorporando elementos transpirables y una suela gruesa de apoyo que amortigua cada paso. Esta cuidada construcci\u00f3n se traduce en unos pies m\u00e1s felices, incluso despu\u00e9s de horas corriendo, saltando y explorando.<\/p>\n<h3>Dise\u00f1o innovador para estilos de vida activos<\/h3>\n<p>Una de las caracter\u00edsticas m\u00e1s destacadas de estos <strong>Zapatillas deportivas negras para ni\u00f1os<\/strong> es el c\u00f3modo sistema de cordones. Desp\u00eddete de los cordones tradicionales: el sistema de palanca permite un ajuste r\u00e1pido y sencillo, garantizando siempre un ajuste ce\u00f1ido y seguro. Esto no s\u00f3lo ahorra tiempo, sino que tambi\u00e9n permite a los ni\u00f1os ponerse y quitarse los zapatos de forma independiente. La resistente suela proporciona una excelente tracci\u00f3n, ofreciendo estabilidad y evitando resbalones en diversas superficies, lo que las convierte en el calzado perfecto para los ni\u00f1os. <strong>Zapatillas deportivas negras para ni\u00f1os<\/strong> para cualquier entorno.<\/p>\n<h3>Perfecto para cualquier ocasi\u00f3n<\/h3>\n<p>Ya sea para ir al colegio, practicar deporte o para salidas informales de fin de semana, estas <strong>Zapatillas deportivas negras para ni\u00f1os<\/strong> son incre\u00edblemente vers\u00e1tiles. Su cl\u00e1sico color negro garantiza que cumplan la mayor\u00eda de las pol\u00edticas de uniformes escolares, mientras que su dise\u00f1o atl\u00e9tico proporciona la funcionalidad necesaria para la educaci\u00f3n f\u00edsica y las actividades extraescolares. Disponibles en una amplia gama de tallas para ni\u00f1os, de la 30 a la 35, encontrar el ajuste perfecto para tu hijo en edad de crecimiento es muy sencillo. Mejore su colecci\u00f3n de calzado con un par que le acompa\u00f1e en cada movimiento.<\/p>\n<h3>Oportunidades de venta al por mayor<\/h3>\n<p>Para los minoristas y las empresas que desean almacenar calzado infantil de alta calidad, nuestro <strong>Zapatillas deportivas negras para ni\u00f1os<\/strong> est\u00e1n disponibles para su compra al por mayor. Con una cantidad m\u00ednima de pedido de 8 pares, puede a\u00f1adir f\u00e1cilmente estas populares, duraderas y elegantes zapatillas a su inventario. P\u00f3ngase en contacto con nosotros hoy mismo para obtener m\u00e1s informaci\u00f3n sobre nuestras opciones de venta al por mayor y ofrezca a sus clientes estas fant\u00e1sticas zapatillas. <strong>Zapatillas deportivas negras para ni\u00f1os<\/strong> que encantar\u00e1 a padres e hijos.<\/p>","protected":false},"excerpt":{"rendered":"<ul>\n<li>Elegante dise\u00f1o totalmente negro para un estilo vers\u00e1til.<\/li>\n<li>Construcci\u00f3n duradera de material sint\u00e9tico (poli).<\/li>\n<li>C\u00f3modos cordones para ponerlas y quitarlas con facilidad y un ajuste seguro.<\/li>\n<li>C\u00f3moda suela gruesa para mejorar la sujeci\u00f3n y el agarre.<\/li>\n<li>Ideal para el colegio, el deporte y la actividad diaria.<\/li>\n<li>Disponible en tallas para ni\u00f1os: 30, 31, 32, 33, 34, 35.<\/li>\n<li>Venta al por mayor disponible con un pedido m\u00ednimo de 8 pares.<\/li>\n<\/ul>","protected":false},"featured_media":6787,"template":"","meta":{"_acf_changed":false,"_uag_custom_page_level_css":"","site-sidebar-layout":"default","site-content-layout":"","ast-site-content-layout":"default","site-content-style":"default","site-sidebar-style":"default","ast-global-header-display":"","ast-banner-title-visibility":"","ast-main-header-display":"","ast-hfb-above-header-display":"","ast-hfb-below-header-display":"","ast-hfb-mobile-header-display":"","site-post-title":"","ast-breadcrumbs-content":"","ast-featured-img":"","footer-sml-layout":"","ast-disable-related-posts":"","theme-transparent-header-meta":"","adv-header-id-meta":"","stick-header-meta":"","header-above-stick-meta":"","header-main-stick-meta":"","header-below-stick-meta":"","astra-migrate-meta-layouts":"default","ast-page-background-enabled":"default","ast-page-background-meta":{"desktop":{"background-color":"var(--ast-global-color-4)","background-image":"","background-repeat":"repeat","background-position":"center center","background-size":"auto","background-attachment":"scroll","background-type":"","background-media":"","overlay-type":"","overlay-color":"","overlay-opacity":"","overlay-gradient":""},"tablet":{"background-color":"","background-image":"","background-repeat":"repeat","background-position":"center center","background-size":"auto","background-attachment":"scroll","background-type":"","background-media":"","overlay-type":"","overlay-color":"","overlay-opacity":"","overlay-gradient":""},"mobile":{"background-color":"","background-image":"","background-repeat":"repeat","background-position":"center center","background-size":"auto","background-attachment":"scroll","background-type":"","background-media":"","overlay-type":"","overlay-color":"","overlay-opacity":"","overlay-gradient":""}},"ast-content-background-meta":{"desktop":{"background-color":"var(--ast-global-color-5)","background-image":"","background-repeat":"repeat","background-position":"center center","background-size":"auto","background-attachment":"scroll","background-type":"","background-media":"","overlay-type":"","overlay-color":"","overlay-opacity":"","overlay-gradient":""},"tablet":{"background-color":"var(--ast-global-color-5)","background-image":"","background-repeat":"repeat","background-position":"center center","background-size":"auto","background-attachment":"scroll","background-type":"","background-media":"","overlay-type":"","overlay-color":"","overlay-opacity":"","overlay-gradient":""},"mobile":{"background-color":"var(--ast-global-color-5)","background-image":"","background-repeat":"repeat","background-position":"center center","background-size":"auto","background-attachment":"scroll","background-type":"","background-media":"","overlay-type":"","overlay-color":"","overlay-opacity":"","overlay-gradient":""}}},"product_brand":[],"product_cat":[433,65],"product_tag":[1487,1574,1547,1573,1569,1577,1566,1575,1550,1576],"class_list":{"0":"post-8359","1":"product","2":"type-product","3":"status-publish","4":"has-post-thumbnail","6":"product_cat-child","7":"product_cat-child-shoes","8":"product_tag-black-athletic-shoes","9":"product_tag-childrens-sneakers","10":"product_tag-durable-kids-shoes","11":"product_tag-kids-black-sports-shoes","12":"product_tag-kids-running-shoes","13":"product_tag-play-shoes","14":"product_tag-school-shoes","15":"product_tag-toggle-lace-shoes","16":"product_tag-wholesale-kids-shoes","17":"product_tag-youth-sports-footwear","18":"desktop-align-center","19":"tablet-align-center","20":"mobile-align-center","22":"first","23":"instock","24":"shipping-taxable","25":"purchasable","26":"product-type-variable","27":"has-default-attributes"},"acf":[],"uagb_featured_image_src":{"full":["https:\/\/turkishtrade.co\/wp-content\/uploads\/2026\/01\/2600OYNBY00038-BLACK.png",453,250,false],"thumbnail":["https:\/\/turkishtrade.co\/wp-content\/uploads\/2026\/01\/2600OYNBY00038-BLACK-150x150.png",150,150,true],"medium":["https:\/\/turkishtrade.co\/wp-content\/uploads\/2026\/01\/2600OYNBY00038-BLACK-300x166.png",300,166,true],"medium_large":["https:\/\/turkishtrade.co\/wp-content\/uploads\/2026\/01\/2600OYNBY00038-BLACK.png",453,250,false],"large":["https:\/\/turkishtrade.co\/wp-content\/uploads\/2026\/01\/2600OYNBY00038-BLACK.png",453,250,false],"1536x1536":["https:\/\/turkishtrade.co\/wp-content\/uploads\/2026\/01\/2600OYNBY00038-BLACK.png",453,250,false],"2048x2048":["https:\/\/turkishtrade.co\/wp-content\/uploads\/2026\/01\/2600OYNBY00038-BLACK.png",453,250,false],"trp-custom-language-flag":["https:\/\/turkishtrade.co\/wp-content\/uploads\/2026\/01\/2600OYNBY00038-BLACK-18x10.png",18,10,true],"woocommerce_thumbnail":["https:\/\/turkishtrade.co\/wp-content\/uploads\/2026\/01\/2600OYNBY00038-BLACK-400x250.png",400,250,true],"woocommerce_single":["https:\/\/turkishtrade.co\/wp-content\/uploads\/2026\/01\/2600OYNBY00038-BLACK.png",453,250,false],"woocommerce_gallery_thumbnail":["https:\/\/turkishtrade.co\/wp-content\/uploads\/2026\/01\/2600OYNBY00038-BLACK-100x100.png",100,100,true]},"uagb_author_info":{"display_name":"python python","author_link":"https:\/\/turkishtrade.co\/es\/author\/"},"uagb_comment_info":0,"uagb_excerpt":"Sleek all-black design for versatile styling. Durable synthetic (poly) material construction. Convenient toggle laces for easy on\/off and secure fit. Comfortable chunky sole for enhanced support and grip. Ideal for school, sports, and everyday active wear. Available in children's sizes: 30, 31, 32, 33, 34, 35. Wholesale available with a minimum order of 8 Pairs.","_links":{"self":[{"href":"https:\/\/turkishtrade.co\/es\/wp-json\/wp\/v2\/product\/8359","targetHints":{"allow":["GET"]}}],"collection":[{"href":"https:\/\/turkishtrade.co\/es\/wp-json\/wp\/v2\/product"}],"about":[{"href":"https:\/\/turkishtrade.co\/es\/wp-json\/wp\/v2\/types\/product"}],"wp:featuredmedia":[{"embeddable":true,"href":"https:\/\/turkishtrade.co\/es\/wp-json\/wp\/v2\/media\/6787"}],"wp:attachment":[{"href":"https:\/\/turkishtrade.co\/es\/wp-json\/wp\/v2\/media?parent=8359"}],"wp:term":[{"taxonomy":"product_brand","embeddable":true,"href":"https:\/\/turkishtrade.co\/es\/wp-json\/wp\/v2\/product_brand?post=8359"},{"taxonomy":"product_cat","embeddable":true,"href":"https:\/\/turkishtrade.co\/es\/wp-json\/wp\/v2\/product_cat?post=8359"},{"taxonomy":"product_tag","embeddable":true,"href":"https:\/\/turkishtrade.co\/es\/wp-json\/wp\/v2\/product_tag?post=8359"}],"curies":[{"name":"wp","href":"https:\/\/api.w.org\/{rel}","templated":true}]}}