{"id":8349,"date":"2026-01-29T14:49:33","date_gmt":"2026-01-29T14:49:33","guid":{"rendered":"https:\/\/turkishtrade.co\/?post_type=product&#038;p=8349"},"modified":"2026-04-09T20:28:34","modified_gmt":"2026-04-09T20:28:34","slug":"mens-black-leather-loafers-16","status":"publish","type":"product","link":"https:\/\/turkishtrade.co\/es\/shop\/mens-black-leather-loafers-16\/","title":{"rendered":"Mocasines de cuero negro para hombre Ultimate | Hebilla de cuero genuino negro para hombre"},"content":{"rendered":"<p><strong>Mocasines de cuero negro para hombre<\/strong>. M\u00e1xima calidad y dise\u00f1o.<\/p>\n<p>Descubra el ep\u00edtome del calzado sofisticado con nuestra gama Premium <strong>Mocasines de cuero negro para hombre<\/strong>. Elaborados por expertos para el caballero moderno, estos mocasines de piel aut\u00e9ntica combinan a la perfecci\u00f3n el estilo cl\u00e1sico con una comodidad inigualable. Ya sea para asistir a una reuni\u00f3n de negocios, un evento formal o simplemente para elevar tu atuendo diario, estos mocasines con hebilla... <strong>Mocasines de cuero negro para hombre<\/strong> est\u00e1n dise\u00f1ados para causar una impresi\u00f3n duradera.<\/p>\n<h3>Calidad y artesan\u00eda inigualables<\/h3>\n<p>Cada par de nuestros <strong>Mocasines de cuero negro para hombre<\/strong> es un testimonio de artesan\u00eda superior. S\u00f3lo utilizamos la mejor piel aut\u00e9ntica de cabra y ternera, lo que garantiza una textura rica, una durabilidad excepcional y un tacto lujoso que s\u00f3lo la piel aut\u00e9ntica puede proporcionar. La transpirabilidad natural de la piel garantiza que tus pies est\u00e9n c\u00f3modos durante todo el d\u00eda, mientras que la robusta construcci\u00f3n promete longevidad. No son s\u00f3lo unos zapatos; son una inversi\u00f3n en estilo y calidad duraderos, que encarnan lo mejor de los mocasines de piel aut\u00e9ntica.<\/p>\n<h3>Dise\u00f1o atemporal y confort moderno<\/h3>\n<p>La silueta cl\u00e1sica de los mocasines se realza con una elegante hebilla plateada, que a\u00f1ade un toque de refinada elegancia que los convierte en el modelo perfecto para cualquier ocasi\u00f3n. <strong>Mocasines de cuero negro para hombre<\/strong> aparte. Este dise\u00f1o atemporal las hace incre\u00edblemente vers\u00e1tiles, combinando sin esfuerzo con trajes de sastrer\u00eda, pantalones elegantes o incluso vaqueros de primera calidad para un look elegante e informal. Bajo su sofisticado exterior se esconde una avanzada suela de EVA, famosa por su ligereza y excelente absorci\u00f3n de impactos. Esta innovadora suela proporciona amortiguaci\u00f3n y flexibilidad, transformando cada paso en una c\u00f3moda experiencia con estas cl\u00e1sicas <strong>Mocasines de cuero negro para hombre<\/strong>.<\/p>\n<h3>Ajuste perfecto para todo caballero<\/h3>\n<p>Entendemos la importancia de un ajuste perfecto, por lo que nuestros <strong>Mocasines de cuero negro para hombre<\/strong> est\u00e1n disponibles en una amplia gama de tallas europeas, de la 39 a la 45. Cada zapato se fabrica meticulosamente para ofrecer un ajuste c\u00f3modo y ce\u00f1ido, que se amolda a su pie con el paso del tiempo para ofrecerle una sensaci\u00f3n personalizada. Experimente la diferencia que la precisi\u00f3n en el tallaje y un dise\u00f1o cuidado marcan en su comodidad y confianza diarias. Estos zapatos cl\u00e1sicos son ideales para cualquier hombre exigente que busque un zapato aut\u00e9ntico. <strong>Mocasines de cuero negro para hombre<\/strong>.<\/p>\n<h3>Oportunidades de venta al por mayor<\/h3>\n<p>Para los minoristas y las empresas que desean ofrecer calzado de alta calidad, ofrecemos atractivas opciones de venta al por mayor para nuestros <strong>Mocasines de cuero negro para hombre<\/strong>. Con un pedido m\u00ednimo de s\u00f3lo 8 pares, podr\u00e1 abastecer f\u00e1cilmente su inventario con estos codiciados zapatos de piel aut\u00e9ntica. As\u00f3ciese con nosotros para ofrecer un valor y un estilo excepcionales a sus clientes. Eleve su colecci\u00f3n con estos mocasines cl\u00e1sicos de primera calidad, un b\u00e1sico para cualquier armario sofisticado.<\/p>","protected":false},"excerpt":{"rendered":"<ul>\n<li>Exquisita artesan\u00eda con aut\u00e9ntica piel de cabra y ternera para una calidad superior.<\/li>\n<li>Dise\u00f1o c\u00f3modo con suela de EVA ligera y duradera.<\/li>\n<li>Mocas\u00edn de estilo cl\u00e1sico atemporal con un elegante detalle de hebilla plateada.<\/li>\n<li>Disponible en una amplia gama de tallas europeas: EU 39, 40, 41, 42, 43, 44, 45.<\/li>\n<li>Perfecto para eventos formales o sofisticados conjuntos elegantes e informales.<\/li>\n<li>Oportunidades de venta al por mayor disponibles con un pedido m\u00ednimo de 8 pares.<\/li>\n<\/ul>","protected":false},"featured_media":6888,"template":"","meta":{"_acf_changed":false,"_uag_custom_page_level_css":"","site-sidebar-layout":"default","site-content-layout":"","ast-site-content-layout":"default","site-content-style":"default","site-sidebar-style":"default","ast-global-header-display":"","ast-banner-title-visibility":"","ast-main-header-display":"","ast-hfb-above-header-display":"","ast-hfb-below-header-display":"","ast-hfb-mobile-header-display":"","site-post-title":"","ast-breadcrumbs-content":"","ast-featured-img":"","footer-sml-layout":"","ast-disable-related-posts":"","theme-transparent-header-meta":"","adv-header-id-meta":"","stick-header-meta":"","header-above-stick-meta":"","header-main-stick-meta":"","header-below-stick-meta":"","astra-migrate-meta-layouts":"default","ast-page-background-enabled":"default","ast-page-background-meta":{"desktop":{"background-color":"var(--ast-global-color-4)","background-image":"","background-repeat":"repeat","background-position":"center center","background-size":"auto","background-attachment":"scroll","background-type":"","background-media":"","overlay-type":"","overlay-color":"","overlay-opacity":"","overlay-gradient":""},"tablet":{"background-color":"","background-image":"","background-repeat":"repeat","background-position":"center center","background-size":"auto","background-attachment":"scroll","background-type":"","background-media":"","overlay-type":"","overlay-color":"","overlay-opacity":"","overlay-gradient":""},"mobile":{"background-color":"","background-image":"","background-repeat":"repeat","background-position":"center center","background-size":"auto","background-attachment":"scroll","background-type":"","background-media":"","overlay-type":"","overlay-color":"","overlay-opacity":"","overlay-gradient":""}},"ast-content-background-meta":{"desktop":{"background-color":"var(--ast-global-color-5)","background-image":"","background-repeat":"repeat","background-position":"center center","background-size":"auto","background-attachment":"scroll","background-type":"","background-media":"","overlay-type":"","overlay-color":"","overlay-opacity":"","overlay-gradient":""},"tablet":{"background-color":"var(--ast-global-color-5)","background-image":"","background-repeat":"repeat","background-position":"center center","background-size":"auto","background-attachment":"scroll","background-type":"","background-media":"","overlay-type":"","overlay-color":"","overlay-opacity":"","overlay-gradient":""},"mobile":{"background-color":"var(--ast-global-color-5)","background-image":"","background-repeat":"repeat","background-position":"center center","background-size":"auto","background-attachment":"scroll","background-type":"","background-media":"","overlay-type":"","overlay-color":"","overlay-opacity":"","overlay-gradient":""}}},"product_brand":[],"product_cat":[47,430,1200],"product_tag":[295,315,457,287,352,952,733,1290,280,456],"class_list":{"0":"post-8349","1":"product","2":"type-product","3":"status-publish","4":"has-post-thumbnail","6":"product_cat-classic","7":"product_cat-men","8":"product_cat-mens-shoes-2","9":"product_tag-black-dress-shoes","10":"product_tag-buckle-loafers","11":"product_tag-classic-loafers","12":"product_tag-eva-sole-shoes","13":"product_tag-formal-loafers","14":"product_tag-genuine-leather-shoes","15":"product_tag-mens-black-leather-loafers","16":"product_tag-mens-leather-footwear","17":"product_tag-smart-casual-shoes","18":"product_tag-wholesale-loafers","19":"desktop-align-center","20":"tablet-align-center","21":"mobile-align-center","23":"first","24":"instock","25":"shipping-taxable","26":"purchasable","27":"product-type-variable","28":"has-default-attributes"},"acf":[],"uagb_featured_image_src":{"full":["https:\/\/turkishtrade.co\/wp-content\/uploads\/2026\/01\/2600NZWMN00033-BLACK.png",453,250,false],"thumbnail":["https:\/\/turkishtrade.co\/wp-content\/uploads\/2026\/01\/2600NZWMN00033-BLACK-150x150.png",150,150,true],"medium":["https:\/\/turkishtrade.co\/wp-content\/uploads\/2026\/01\/2600NZWMN00033-BLACK-300x166.png",300,166,true],"medium_large":["https:\/\/turkishtrade.co\/wp-content\/uploads\/2026\/01\/2600NZWMN00033-BLACK.png",453,250,false],"large":["https:\/\/turkishtrade.co\/wp-content\/uploads\/2026\/01\/2600NZWMN00033-BLACK.png",453,250,false],"1536x1536":["https:\/\/turkishtrade.co\/wp-content\/uploads\/2026\/01\/2600NZWMN00033-BLACK.png",453,250,false],"2048x2048":["https:\/\/turkishtrade.co\/wp-content\/uploads\/2026\/01\/2600NZWMN00033-BLACK.png",453,250,false],"trp-custom-language-flag":["https:\/\/turkishtrade.co\/wp-content\/uploads\/2026\/01\/2600NZWMN00033-BLACK-18x10.png",18,10,true],"woocommerce_thumbnail":["https:\/\/turkishtrade.co\/wp-content\/uploads\/2026\/01\/2600NZWMN00033-BLACK-400x250.png",400,250,true],"woocommerce_single":["https:\/\/turkishtrade.co\/wp-content\/uploads\/2026\/01\/2600NZWMN00033-BLACK.png",453,250,false],"woocommerce_gallery_thumbnail":["https:\/\/turkishtrade.co\/wp-content\/uploads\/2026\/01\/2600NZWMN00033-BLACK-100x100.png",100,100,true]},"uagb_author_info":{"display_name":"python python","author_link":"https:\/\/turkishtrade.co\/es\/author\/"},"uagb_comment_info":0,"uagb_excerpt":"Exquisite craftsmanship with genuine goat and calf leather for superior quality. Comfort-driven design featuring a lightweight and durable EVA sole. Timeless classic loafer style with an elegant silver buckle accent. Available in a comprehensive range of European sizes: EU 39, 40, 41, 42, 43, 44, 45. Perfect for formal events or sophisticated smart-casual ensembles. Wholesale&hellip;","_links":{"self":[{"href":"https:\/\/turkishtrade.co\/es\/wp-json\/wp\/v2\/product\/8349","targetHints":{"allow":["GET"]}}],"collection":[{"href":"https:\/\/turkishtrade.co\/es\/wp-json\/wp\/v2\/product"}],"about":[{"href":"https:\/\/turkishtrade.co\/es\/wp-json\/wp\/v2\/types\/product"}],"wp:featuredmedia":[{"embeddable":true,"href":"https:\/\/turkishtrade.co\/es\/wp-json\/wp\/v2\/media\/6888"}],"wp:attachment":[{"href":"https:\/\/turkishtrade.co\/es\/wp-json\/wp\/v2\/media?parent=8349"}],"wp:term":[{"taxonomy":"product_brand","embeddable":true,"href":"https:\/\/turkishtrade.co\/es\/wp-json\/wp\/v2\/product_brand?post=8349"},{"taxonomy":"product_cat","embeddable":true,"href":"https:\/\/turkishtrade.co\/es\/wp-json\/wp\/v2\/product_cat?post=8349"},{"taxonomy":"product_tag","embeddable":true,"href":"https:\/\/turkishtrade.co\/es\/wp-json\/wp\/v2\/product_tag?post=8349"}],"curies":[{"name":"wp","href":"https:\/\/api.w.org\/{rel}","templated":true}]}}