{"id":8348,"date":"2026-01-29T14:49:33","date_gmt":"2026-01-29T14:49:33","guid":{"rendered":"https:\/\/turkishtrade.co\/?post_type=product&#038;p=8348"},"modified":"2026-04-09T20:28:37","modified_gmt":"2026-04-09T20:28:37","slug":"mens-genuine-leather-classic-shoes","status":"publish","type":"product","link":"https:\/\/turkishtrade.co\/es\/shop\/mens-genuine-leather-classic-shoes\/","title":{"rendered":"Zapatos cl\u00e1sicos de cuero genuino para hombre Sensacional | Oxford cl\u00e1sico de cuero genuino para hombre"},"content":{"rendered":"<p><strong>Zapatos cl\u00e1sicos de piel aut\u00e9ntica para hombre<\/strong>. Calidad y dise\u00f1o sensacionales.<\/p>\n<p>Ad\u00e9ntrese en una sofisticaci\u00f3n sin igual con nuestro exquisito <strong>Zapatos cl\u00e1sicos de piel aut\u00e9ntica para hombre<\/strong>. Dise\u00f1ados para el caballero exigente, estos zapatos combinan la artesan\u00eda tradicional con la comodidad moderna, convirti\u00e9ndolos en un complemento indispensable para cualquier armario. Cada par est\u00e1 fabricado meticulosamente con piel aut\u00e9ntica de primera calidad, lo que garantiza no s\u00f3lo una est\u00e9tica lujosa, sino tambi\u00e9n una durabilidad excepcional que resiste el paso del tiempo. El tono marr\u00f3n intenso, combinado con la sutil textura de la pala y los cuartos, desprende un aire de discreta elegancia perfecto para multitud de ocasiones.<\/p>\n<h3>Artesan\u00eda inigualable y materiales de primera calidad<\/h3>\n<p>Nuestro compromiso con la calidad es evidente en cada puntada y detalle de estos zapatos cl\u00e1sicos. El uso de piel aut\u00e9ntica, incluida la fina piel de cabra y ternera, proporciona un empeine flexible y robusto que se amolda al pie con el tiempo, ofreciendo un ajuste personalizado. La atemporal silueta Oxford se ve realzada por un distintivo dise\u00f1o de puntera, un sello distintivo del calzado formal, que hace que estos <strong>Zapatos cl\u00e1sicos de piel aut\u00e9ntica para hombre<\/strong> ideal para reuniones de negocios, eventos formales o cualquier ocasi\u00f3n en la que una apariencia pulida sea primordial. Bajo el refinado exterior se esconde una c\u00f3moda suela de EVA, conocida por sus propiedades de ligereza y excelente absorci\u00f3n de impactos, que garantiza la comodidad incluso durante un uso prolongado.<\/p>\n<h3>Estilo atemporal y elegancia vers\u00e1til<\/h3>\n<p>El tono marr\u00f3n oscuro de estos zapatos de vestir ofrece una inmensa versatilidad, combinando a la perfecci\u00f3n con una amplia gama de trajes formales, elegantes pantalones informales e incluso sofisticados vaqueros. Ya sea para asistir a una boda, una gala o simplemente para elevar su atuendo de oficina diario, estos zapatos aportan el toque final perfecto. El cierre de cordones garantiza un ajuste seguro, mientras que la costura inmaculada de la suela subraya su construcci\u00f3n superior. Invierta en un par de zapatos que no s\u00f3lo tienen un aspecto excepcional, sino que tambi\u00e9n prometen estilo y comodidad duraderos en los a\u00f1os venideros.<\/p>\n<p>Para los minoristas y las empresas que desean ofrecer calzado de alta calidad, nuestros <strong>Zapatos cl\u00e1sicos de piel aut\u00e9ntica para hombre<\/strong> est\u00e1n disponibles para su compra al por mayor. Con un pedido m\u00ednimo de s\u00f3lo 8 pares, puede abastecer f\u00e1cilmente su inventario con estos codiciados zapatos cl\u00e1sicos, atrayendo a los clientes que aprecian la artesan\u00eda de cuero genuino y el dise\u00f1o atemporal. Eleve su colecci\u00f3n con un calzado que combina elegancia, comodidad y un valor excepcional.<\/p>","protected":false},"excerpt":{"rendered":"<ul>\n<li>Fabricado por expertos en piel aut\u00e9ntica de primera calidad para ofrecer un aspecto y un tacto lujosos.<\/li>\n<li>Presenta un dise\u00f1o Oxford cl\u00e1sico y atemporal con elegantes detalles en la puntera.<\/li>\n<li>Equipadas con una c\u00f3moda y ligera suela de EVA para llevarlas todo el d\u00eda.<\/li>\n<li>Disponible en una amplia gama de tallas, de la 39 a la 45, para garantizar un ajuste perfecto.<\/li>\n<li>Se aceptan pedidos al por mayor con una cantidad m\u00ednima de 8 pares.<\/li>\n<\/ul>","protected":false},"featured_media":6887,"template":"","meta":{"_acf_changed":false,"_uag_custom_page_level_css":"","site-sidebar-layout":"default","site-content-layout":"","ast-site-content-layout":"default","site-content-style":"default","site-sidebar-style":"default","ast-global-header-display":"","ast-banner-title-visibility":"","ast-main-header-display":"","ast-hfb-above-header-display":"","ast-hfb-below-header-display":"","ast-hfb-mobile-header-display":"","site-post-title":"","ast-breadcrumbs-content":"","ast-featured-img":"","footer-sml-layout":"","ast-disable-related-posts":"","theme-transparent-header-meta":"","adv-header-id-meta":"","stick-header-meta":"","header-above-stick-meta":"","header-main-stick-meta":"","header-below-stick-meta":"","astra-migrate-meta-layouts":"default","ast-page-background-enabled":"default","ast-page-background-meta":{"desktop":{"background-color":"var(--ast-global-color-4)","background-image":"","background-repeat":"repeat","background-position":"center center","background-size":"auto","background-attachment":"scroll","background-type":"","background-media":"","overlay-type":"","overlay-color":"","overlay-opacity":"","overlay-gradient":""},"tablet":{"background-color":"","background-image":"","background-repeat":"repeat","background-position":"center center","background-size":"auto","background-attachment":"scroll","background-type":"","background-media":"","overlay-type":"","overlay-color":"","overlay-opacity":"","overlay-gradient":""},"mobile":{"background-color":"","background-image":"","background-repeat":"repeat","background-position":"center center","background-size":"auto","background-attachment":"scroll","background-type":"","background-media":"","overlay-type":"","overlay-color":"","overlay-opacity":"","overlay-gradient":""}},"ast-content-background-meta":{"desktop":{"background-color":"var(--ast-global-color-5)","background-image":"","background-repeat":"repeat","background-position":"center center","background-size":"auto","background-attachment":"scroll","background-type":"","background-media":"","overlay-type":"","overlay-color":"","overlay-opacity":"","overlay-gradient":""},"tablet":{"background-color":"var(--ast-global-color-5)","background-image":"","background-repeat":"repeat","background-position":"center center","background-size":"auto","background-attachment":"scroll","background-type":"","background-media":"","overlay-type":"","overlay-color":"","overlay-opacity":"","overlay-gradient":""},"mobile":{"background-color":"var(--ast-global-color-5)","background-image":"","background-repeat":"repeat","background-position":"center center","background-size":"auto","background-attachment":"scroll","background-type":"","background-media":"","overlay-type":"","overlay-color":"","overlay-opacity":"","overlay-gradient":""}}},"product_brand":[],"product_cat":[47,430,1200],"product_tag":[292,145,284,438,251,221,351,204,281],"class_list":{"0":"post-8348","1":"product","2":"type-product","3":"status-publish","4":"has-post-thumbnail","6":"product_cat-classic","7":"product_cat-men","8":"product_cat-mens-shoes-2","9":"product_tag-brown-leather-shoes","10":"product_tag-classic-shoes","11":"product_tag-dress-shoes","12":"product_tag-eva-sole","13":"product_tag-formal-shoes","14":"product_tag-genuine-leather","15":"product_tag-leather-footwear","16":"product_tag-oxford-shoes","17":"product_tag-wholesale-shoes","18":"desktop-align-center","19":"tablet-align-center","20":"mobile-align-center","22":"first","23":"instock","24":"shipping-taxable","25":"purchasable","26":"product-type-variable","27":"has-default-attributes"},"acf":[],"uagb_featured_image_src":{"full":["https:\/\/turkishtrade.co\/wp-content\/uploads\/2026\/01\/2600NZWMN00032-BROWN.png",453,250,false],"thumbnail":["https:\/\/turkishtrade.co\/wp-content\/uploads\/2026\/01\/2600NZWMN00032-BROWN-150x150.png",150,150,true],"medium":["https:\/\/turkishtrade.co\/wp-content\/uploads\/2026\/01\/2600NZWMN00032-BROWN-300x166.png",300,166,true],"medium_large":["https:\/\/turkishtrade.co\/wp-content\/uploads\/2026\/01\/2600NZWMN00032-BROWN.png",453,250,false],"large":["https:\/\/turkishtrade.co\/wp-content\/uploads\/2026\/01\/2600NZWMN00032-BROWN.png",453,250,false],"1536x1536":["https:\/\/turkishtrade.co\/wp-content\/uploads\/2026\/01\/2600NZWMN00032-BROWN.png",453,250,false],"2048x2048":["https:\/\/turkishtrade.co\/wp-content\/uploads\/2026\/01\/2600NZWMN00032-BROWN.png",453,250,false],"trp-custom-language-flag":["https:\/\/turkishtrade.co\/wp-content\/uploads\/2026\/01\/2600NZWMN00032-BROWN-18x10.png",18,10,true],"woocommerce_thumbnail":["https:\/\/turkishtrade.co\/wp-content\/uploads\/2026\/01\/2600NZWMN00032-BROWN-400x250.png",400,250,true],"woocommerce_single":["https:\/\/turkishtrade.co\/wp-content\/uploads\/2026\/01\/2600NZWMN00032-BROWN.png",453,250,false],"woocommerce_gallery_thumbnail":["https:\/\/turkishtrade.co\/wp-content\/uploads\/2026\/01\/2600NZWMN00032-BROWN-100x100.png",100,100,true]},"uagb_author_info":{"display_name":"python python","author_link":"https:\/\/turkishtrade.co\/es\/author\/"},"uagb_comment_info":0,"uagb_excerpt":"Expertly crafted from premium genuine leather for a luxurious look and feel. Features a timeless classic Oxford design with elegant cap-toe detailing. Equipped with a comfortable and lightweight EVA sole for all-day wear. Available in a wide range of sizes from 39 to 45 to ensure a perfect fit. Wholesale orders welcome with a minimum&hellip;","_links":{"self":[{"href":"https:\/\/turkishtrade.co\/es\/wp-json\/wp\/v2\/product\/8348","targetHints":{"allow":["GET"]}}],"collection":[{"href":"https:\/\/turkishtrade.co\/es\/wp-json\/wp\/v2\/product"}],"about":[{"href":"https:\/\/turkishtrade.co\/es\/wp-json\/wp\/v2\/types\/product"}],"wp:featuredmedia":[{"embeddable":true,"href":"https:\/\/turkishtrade.co\/es\/wp-json\/wp\/v2\/media\/6887"}],"wp:attachment":[{"href":"https:\/\/turkishtrade.co\/es\/wp-json\/wp\/v2\/media?parent=8348"}],"wp:term":[{"taxonomy":"product_brand","embeddable":true,"href":"https:\/\/turkishtrade.co\/es\/wp-json\/wp\/v2\/product_brand?post=8348"},{"taxonomy":"product_cat","embeddable":true,"href":"https:\/\/turkishtrade.co\/es\/wp-json\/wp\/v2\/product_cat?post=8348"},{"taxonomy":"product_tag","embeddable":true,"href":"https:\/\/turkishtrade.co\/es\/wp-json\/wp\/v2\/product_tag?post=8348"}],"curies":[{"name":"wp","href":"https:\/\/api.w.org\/{rel}","templated":true}]}}