{"id":8347,"date":"2026-01-29T14:49:33","date_gmt":"2026-01-29T14:49:33","guid":{"rendered":"https:\/\/turkishtrade.co\/?post_type=product&#038;p=8347"},"modified":"2026-04-09T20:28:42","modified_gmt":"2026-04-09T20:28:42","slug":"mens-black-crocodile-loafers","status":"publish","type":"product","link":"https:\/\/turkishtrade.co\/es\/shop\/mens-black-crocodile-loafers\/","title":{"rendered":"Men's Black Crocodile Loafers Elite | Men's Black Crocodile Embossed Genuine"},"content":{"rendered":"<p><strong>Mocasines de hombre en cocodrilo negro<\/strong>. Calidad y dise\u00f1o de \u00e9lite.<\/p>\n<p>Ad\u00e9ntrese en un mundo de estilo sofisticado y confort incomparable con nuestro excepcional <strong>Mocasines de hombre en cocodrilo negro<\/strong>. Meticulosamente elaborados con la mejor piel aut\u00e9ntica, estos zapatos est\u00e1n dise\u00f1ados para el caballero moderno que aprecia la elegancia cl\u00e1sica con un toque distintivo. La llamativa textura de cocodrilo en relieve en la parte superior eleva al instante estos mocasines, por lo que una adici\u00f3n destacada a cualquier guardarropa exigente. Combinados con una elegante hebilla plateada en la pala, estos mocasines dan un toque contempor\u00e1neo a un dise\u00f1o atemporal, perfecto para causar una impresi\u00f3n memorable.<\/p>\n<h3>Calidad inigualable y dise\u00f1o distintivo<\/h3>\n<p>Nuestro compromiso con la calidad es evidente en cada detalle de estos extraordinarios zapatos. El exterior es de piel aut\u00e9ntica de primera calidad, art\u00edsticamente repujada con un rico estampado de cocodrilo que capta la luz maravillosamente. Esta intrincada textura proporciona un tacto lujoso y un atractivo visual \u00fanico que los hace \u00fanicos. <strong>Mocasines de hombre en cocodrilo negro<\/strong> aparte. El interior est\u00e1 forrado con una suntuosa combinaci\u00f3n de aut\u00e9ntica piel de cabra y ternera, que garantiza la transpirabilidad y un extraordinario confort a cada paso. Desde las cuidadas costuras hasta el acabado perfectamente pulido, estos mocasines con hebilla son un testimonio de artesan\u00eda superior y atenci\u00f3n al detalle, y prometen tanto durabilidad como estilo perdurable.<\/p>\n<h3>Versatilidad para todas las ocasiones<\/h3>\n<p>Tanto si asiste a una reuni\u00f3n de negocios de alto nivel, a un evento formal por la noche o a una elegante reuni\u00f3n informal, estas gafas de sol son perfectas para usted. <strong>Mocasines de hombre en cocodrilo negro<\/strong> son tu compa\u00f1ero perfecto. Su elegante tono negro permite combinarlos sin esfuerzo con una gran variedad de atuendos, desde elegantes trajes a medida hasta sofisticados blazers y pantalones. La silueta cl\u00e1sica del mocas\u00edn, realzada por la exclusiva textura de cocodrilo y la elegante hebilla, consigue el equilibrio ideal entre encanto tradicional y estilo contempor\u00e1neo. Disponibles en una amplia gama de tallas, de la UE 39 a la 45, nunca ha sido tan f\u00e1cil encontrar la talla perfecta para disfrutar del m\u00e1ximo confort y estilo.<\/p>\n<h3>Fabricado para ofrecer comodidad y durabilidad duraderas<\/h3>\n<p>M\u00e1s all\u00e1 de su llamativa est\u00e9tica, estos mocasines negros de piel aut\u00e9ntica est\u00e1n hechos para durar. La duradera suela exterior proporciona un excelente agarre y estabilidad, garantizando confianza en cada zancada, mientras que la robusta construcci\u00f3n promete longevidad. El forro interior de piel de cabra y ternera no s\u00f3lo aporta una sensaci\u00f3n de lujo, sino que tambi\u00e9n absorbe la humedad, manteniendo los pies c\u00f3modos durante todo el d\u00eda. Invierta en un par de zapatos que no s\u00f3lo tienen un aspecto excepcional, sino que tambi\u00e9n son excepcionales. Para minoristas y empresas, estos <strong>Mocasines de hombre en cocodrilo negro<\/strong> est\u00e1n disponibles para su compra al por mayor con un pedido m\u00ednimo de 8 pares, lo que supone una excelente oportunidad para almacenar un producto de alta calidad y gran demanda.<\/p>","protected":false},"excerpt":{"rendered":"<ul>\n<li>Exquisita piel aut\u00e9ntica con lujoso grabado de cocodrilo<\/li>\n<li>Sofisticado acabado en negro con elegante detalle de hebilla plateada<\/li>\n<li>C\u00f3modo forro interior de piel de cabra y ternera de primera calidad<\/li>\n<li>Suela duradera cosida para un desgaste duradero y un agarre excepcional<\/li>\n<li>Dise\u00f1o cl\u00e1sico vers\u00e1til adecuado para ocasiones formales y elegantes-casuales<\/li>\n<li>Disponible en una amplia gama de tallas: EU 39, 40, 41, 42, 43, 44, 45<\/li>\n<li>Oportunidades de venta al por mayor disponibles con un pedido m\u00ednimo de 8 pares<\/li>\n<\/ul>","protected":false},"featured_media":6885,"template":"","meta":{"_acf_changed":false,"_uag_custom_page_level_css":"","site-sidebar-layout":"default","site-content-layout":"","ast-site-content-layout":"default","site-content-style":"default","site-sidebar-style":"default","ast-global-header-display":"","ast-banner-title-visibility":"","ast-main-header-display":"","ast-hfb-above-header-display":"","ast-hfb-below-header-display":"","ast-hfb-mobile-header-display":"","site-post-title":"","ast-breadcrumbs-content":"","ast-featured-img":"","footer-sml-layout":"","ast-disable-related-posts":"","theme-transparent-header-meta":"","adv-header-id-meta":"","stick-header-meta":"","header-above-stick-meta":"","header-main-stick-meta":"","header-below-stick-meta":"","astra-migrate-meta-layouts":"default","ast-page-background-enabled":"default","ast-page-background-meta":{"desktop":{"background-color":"var(--ast-global-color-4)","background-image":"","background-repeat":"repeat","background-position":"center center","background-size":"auto","background-attachment":"scroll","background-type":"","background-media":"","overlay-type":"","overlay-color":"","overlay-opacity":"","overlay-gradient":""},"tablet":{"background-color":"","background-image":"","background-repeat":"repeat","background-position":"center center","background-size":"auto","background-attachment":"scroll","background-type":"","background-media":"","overlay-type":"","overlay-color":"","overlay-opacity":"","overlay-gradient":""},"mobile":{"background-color":"","background-image":"","background-repeat":"repeat","background-position":"center center","background-size":"auto","background-attachment":"scroll","background-type":"","background-media":"","overlay-type":"","overlay-color":"","overlay-opacity":"","overlay-gradient":""}},"ast-content-background-meta":{"desktop":{"background-color":"var(--ast-global-color-5)","background-image":"","background-repeat":"repeat","background-position":"center center","background-size":"auto","background-attachment":"scroll","background-type":"","background-media":"","overlay-type":"","overlay-color":"","overlay-opacity":"","overlay-gradient":""},"tablet":{"background-color":"var(--ast-global-color-5)","background-image":"","background-repeat":"repeat","background-position":"center center","background-size":"auto","background-attachment":"scroll","background-type":"","background-media":"","overlay-type":"","overlay-color":"","overlay-opacity":"","overlay-gradient":""},"mobile":{"background-color":"var(--ast-global-color-5)","background-image":"","background-repeat":"repeat","background-position":"center center","background-size":"auto","background-attachment":"scroll","background-type":"","background-media":"","overlay-type":"","overlay-color":"","overlay-opacity":"","overlay-gradient":""}}},"product_brand":[],"product_cat":[47,430,1200],"product_tag":[295,1291,754,534,352,1294,384,1319,1320,380],"class_list":{"0":"post-8347","1":"product","2":"type-product","3":"status-publish","4":"has-post-thumbnail","6":"product_cat-classic","7":"product_cat-men","8":"product_cat-mens-shoes-2","9":"product_tag-black-dress-shoes","10":"product_tag-business-attire-shoes","11":"product_tag-classic-mens-shoes","12":"product_tag-crocodile-embossed-shoes","13":"product_tag-formal-loafers","14":"product_tag-genuine-leather-loafers","15":"product_tag-luxury-loafers","16":"product_tag-mens-black-crocodile-loafers","17":"product_tag-mens-buckle-shoes","18":"product_tag-smart-casual-footwear","19":"desktop-align-center","20":"tablet-align-center","21":"mobile-align-center","23":"first","24":"instock","25":"shipping-taxable","26":"purchasable","27":"product-type-variable","28":"has-default-attributes"},"acf":[],"uagb_featured_image_src":{"full":["https:\/\/turkishtrade.co\/wp-content\/uploads\/2026\/01\/2600NZWMN00031-BLACK.png",453,250,false],"thumbnail":["https:\/\/turkishtrade.co\/wp-content\/uploads\/2026\/01\/2600NZWMN00031-BLACK-150x150.png",150,150,true],"medium":["https:\/\/turkishtrade.co\/wp-content\/uploads\/2026\/01\/2600NZWMN00031-BLACK-300x166.png",300,166,true],"medium_large":["https:\/\/turkishtrade.co\/wp-content\/uploads\/2026\/01\/2600NZWMN00031-BLACK.png",453,250,false],"large":["https:\/\/turkishtrade.co\/wp-content\/uploads\/2026\/01\/2600NZWMN00031-BLACK.png",453,250,false],"1536x1536":["https:\/\/turkishtrade.co\/wp-content\/uploads\/2026\/01\/2600NZWMN00031-BLACK.png",453,250,false],"2048x2048":["https:\/\/turkishtrade.co\/wp-content\/uploads\/2026\/01\/2600NZWMN00031-BLACK.png",453,250,false],"trp-custom-language-flag":["https:\/\/turkishtrade.co\/wp-content\/uploads\/2026\/01\/2600NZWMN00031-BLACK-18x10.png",18,10,true],"woocommerce_thumbnail":["https:\/\/turkishtrade.co\/wp-content\/uploads\/2026\/01\/2600NZWMN00031-BLACK-400x250.png",400,250,true],"woocommerce_single":["https:\/\/turkishtrade.co\/wp-content\/uploads\/2026\/01\/2600NZWMN00031-BLACK.png",453,250,false],"woocommerce_gallery_thumbnail":["https:\/\/turkishtrade.co\/wp-content\/uploads\/2026\/01\/2600NZWMN00031-BLACK-100x100.png",100,100,true]},"uagb_author_info":{"display_name":"python python","author_link":"https:\/\/turkishtrade.co\/es\/author\/"},"uagb_comment_info":0,"uagb_excerpt":"Exquisite genuine leather with luxurious crocodile embossing Sophisticated black finish with elegant silver-tone buckle detail Comfortable inner lining made from premium goat and calf leather Durable stitched sole for lasting wear and exceptional grip Versatile classic design suitable for formal and smart-casual occasions Available in a wide range of sizes: EU 39, 40, 41, 42,&hellip;","_links":{"self":[{"href":"https:\/\/turkishtrade.co\/es\/wp-json\/wp\/v2\/product\/8347","targetHints":{"allow":["GET"]}}],"collection":[{"href":"https:\/\/turkishtrade.co\/es\/wp-json\/wp\/v2\/product"}],"about":[{"href":"https:\/\/turkishtrade.co\/es\/wp-json\/wp\/v2\/types\/product"}],"wp:featuredmedia":[{"embeddable":true,"href":"https:\/\/turkishtrade.co\/es\/wp-json\/wp\/v2\/media\/6885"}],"wp:attachment":[{"href":"https:\/\/turkishtrade.co\/es\/wp-json\/wp\/v2\/media?parent=8347"}],"wp:term":[{"taxonomy":"product_brand","embeddable":true,"href":"https:\/\/turkishtrade.co\/es\/wp-json\/wp\/v2\/product_brand?post=8347"},{"taxonomy":"product_cat","embeddable":true,"href":"https:\/\/turkishtrade.co\/es\/wp-json\/wp\/v2\/product_cat?post=8347"},{"taxonomy":"product_tag","embeddable":true,"href":"https:\/\/turkishtrade.co\/es\/wp-json\/wp\/v2\/product_tag?post=8347"}],"curies":[{"name":"wp","href":"https:\/\/api.w.org\/{rel}","templated":true}]}}