{"id":8346,"date":"2026-01-29T14:49:33","date_gmt":"2026-01-29T14:49:33","guid":{"rendered":"https:\/\/turkishtrade.co\/?post_type=product&#038;p=8346"},"modified":"2026-04-09T20:28:45","modified_gmt":"2026-04-09T20:28:45","slug":"black-patent-leather-oxford-dress-shoes","status":"publish","type":"product","link":"https:\/\/turkishtrade.co\/es\/shop\/black-patent-leather-oxford-dress-shoes\/","title":{"rendered":"Zapatos de vestir Oxford de charol negro Exclusive | Men's"},"content":{"rendered":"<p><strong>Zapatos de vestir Oxford de charol negro<\/strong>. Calidad y dise\u00f1o exclusivos.<\/p>\n<p>Cuando la sofisticaci\u00f3n llama, responda con una elegancia sin igual en nuestra gama alta. <strong>Zapatos de vestir Oxford de charol negro<\/strong>. Meticulosamente elaborados a mano para el caballero exigente, estos zapatos son el ep\u00edtome del estilo y el lujo atemporales. Perfectos para eventos de etiqueta, bodas, galas y cualquier ocasi\u00f3n que exija una refinada declaraci\u00f3n de sastrer\u00eda, nuestros <strong>Oxfords de charol negro<\/strong> Aseg\u00farese de dejar una impresi\u00f3n duradera.<\/p>\n<h3>Artesan\u00eda inigualable y materiales de primera calidad<\/h3>\n<p>Cada par de estos exquisitos <strong>zapatos de vestir Oxford de charol negro<\/strong> es un testimonio de artesan\u00eda superior. La parte superior est\u00e1 confeccionada con la mejor piel de ternero aut\u00e9ntica, pulida con un acabado de charol brillante que capta la luz a la perfecci\u00f3n. En el interior, los pies disfrutan de la comodidad de un forro de piel de cabra suave y transpirable, que garantiza un uso lujoso incluso durante periodos prolongados. Esta combinaci\u00f3n de materiales de primera calidad no s\u00f3lo es sin\u00f3nimo de calidad, sino que tambi\u00e9n garantiza una durabilidad y un confort excepcionales.<\/p>\n<h3>Dise\u00f1o atemporal y confort moderno<\/h3>\n<p>La cl\u00e1sica silueta Oxford es famosa por sus l\u00edneas elegantes y su sistema de cordones cerrados, ofreciendo una est\u00e9tica formal que nunca pasa de moda. Nuestro <strong>zapatos de hombre de charol negro<\/strong> presentan este dise\u00f1o ic\u00f3nico, lo que las convierte en la piedra angular de cualquier armario sofisticado. A la vez que destilan encanto tradicional, estos zapatos est\u00e1n dise\u00f1ados para ofrecer un confort contempor\u00e1neo. Incorporan una plantilla acolchada de EVA ligera y avanzada que proporciona una sujeci\u00f3n excelente y reduce la fatiga del pie, permiti\u00e9ndole moverse con confianza y facilidad durante todo el d\u00eda o la noche. La robusta suela de cuero de alta calidad mejora a\u00fan m\u00e1s la longevidad del zapato y su atractivo tradicional.<\/p>\n<h3>La elecci\u00f3n perfecta para cualquier ocasi\u00f3n formal<\/h3>\n<p>Tanto si camina hacia el altar, como si asiste a una reuni\u00f3n de negocios crucial o pisa la alfombra roja, nuestros <strong>zapatos de vestir Oxford de charol negro<\/strong> son su mejor compa\u00f1ero. Complementan sin esfuerzo un esmoquin, un traje elegante o cualquier atuendo formal, elevando su look con su brillo impecable y su distinguida presencia. Disponibles en una amplia gama de tallas europeas, de la 39 a la 45, encontrar el ajuste perfecto es sencillo. Invertir en estos <strong>zapatos de vestir de charol<\/strong> es una inversi\u00f3n en estilo perdurable y confianza inquebrantable.<\/p>\n<p>Experimente la mezcla de tradici\u00f3n e innovaci\u00f3n. Estos magn\u00edficos <strong>Oxfords de charol negro<\/strong> est\u00e1n dise\u00f1ados para ofrecer un impacto visual y una comodidad sin igual. Tambi\u00e9n ofrecemos atractivos precios al por mayor con un pedido m\u00ednimo de 8 pares, lo que los convierte en una excelente opci\u00f3n para los minoristas que buscan calzado formal de alta calidad. Mejore su colecci\u00f3n con estos imprescindibles <strong>zapatos de vestir Oxford de charol negro<\/strong> hoy.<\/p>","protected":false},"excerpt":{"rendered":"<ul>\n<li>Exquisito empeine de aut\u00e9ntica piel de becerro con acabado charolado<\/li>\n<li>Lujoso forro interior de piel de cabra para mayor transpirabilidad<\/li>\n<li>Dise\u00f1o Oxford cl\u00e1sico para una elegancia atemporal<\/li>\n<li>Plantilla acolchada de EVA para mayor comodidad<\/li>\n<li>Suela de cuero resistente y elegante<\/li>\n<li>Disponible en tallas europeas: 39, 40, 41, 42, 43, 44, 45<\/li>\n<li>Se aceptan pedidos al por mayor (m\u00ednimo 8 pares)<\/li>\n<\/ul>","protected":false},"featured_media":6884,"template":"","meta":{"_acf_changed":false,"_uag_custom_page_level_css":"","site-sidebar-layout":"default","site-content-layout":"","ast-site-content-layout":"default","site-content-style":"default","site-sidebar-style":"default","ast-global-header-display":"","ast-banner-title-visibility":"","ast-main-header-display":"","ast-hfb-above-header-display":"","ast-hfb-below-header-display":"","ast-hfb-mobile-header-display":"","site-post-title":"","ast-breadcrumbs-content":"","ast-featured-img":"","footer-sml-layout":"","ast-disable-related-posts":"","theme-transparent-header-meta":"","adv-header-id-meta":"","stick-header-meta":"","header-above-stick-meta":"","header-main-stick-meta":"","header-below-stick-meta":"","astra-migrate-meta-layouts":"default","ast-page-background-enabled":"default","ast-page-background-meta":{"desktop":{"background-color":"var(--ast-global-color-4)","background-image":"","background-repeat":"repeat","background-position":"center center","background-size":"auto","background-attachment":"scroll","background-type":"","background-media":"","overlay-type":"","overlay-color":"","overlay-opacity":"","overlay-gradient":""},"tablet":{"background-color":"","background-image":"","background-repeat":"repeat","background-position":"center center","background-size":"auto","background-attachment":"scroll","background-type":"","background-media":"","overlay-type":"","overlay-color":"","overlay-opacity":"","overlay-gradient":""},"mobile":{"background-color":"","background-image":"","background-repeat":"repeat","background-position":"center center","background-size":"auto","background-attachment":"scroll","background-type":"","background-media":"","overlay-type":"","overlay-color":"","overlay-opacity":"","overlay-gradient":""}},"ast-content-background-meta":{"desktop":{"background-color":"var(--ast-global-color-5)","background-image":"","background-repeat":"repeat","background-position":"center center","background-size":"auto","background-attachment":"scroll","background-type":"","background-media":"","overlay-type":"","overlay-color":"","overlay-opacity":"","overlay-gradient":""},"tablet":{"background-color":"var(--ast-global-color-5)","background-image":"","background-repeat":"repeat","background-position":"center center","background-size":"auto","background-attachment":"scroll","background-type":"","background-media":"","overlay-type":"","overlay-color":"","overlay-opacity":"","overlay-gradient":""},"mobile":{"background-color":"var(--ast-global-color-5)","background-image":"","background-repeat":"repeat","background-position":"center center","background-size":"auto","background-attachment":"scroll","background-type":"","background-media":"","overlay-type":"","overlay-color":"","overlay-opacity":"","overlay-gradient":""}}},"product_brand":[],"product_cat":[47,430,1200],"product_tag":[663,1285,1317,734,198,565,1316,1318,664,675],"class_list":{"0":"post-8346","1":"product","2":"type-product","3":"status-publish","4":"has-post-thumbnail","6":"product_cat-classic","7":"product_cat-men","8":"product_cat-mens-shoes-2","9":"product_tag-black-patent-leather-shoes","10":"product_tag-classic-dress-shoes","11":"product_tag-genuine-leather-oxfords","12":"product_tag-luxury-dress-shoes","13":"product_tag-mens-fashion","14":"product_tag-mens-formal-shoes","15":"product_tag-oxford-dress-shoes","16":"product_tag-patent-leather-oxfords","17":"product_tag-tuxedo-shoes","18":"product_tag-wedding-shoes","19":"desktop-align-center","20":"tablet-align-center","21":"mobile-align-center","23":"first","24":"instock","25":"shipping-taxable","26":"purchasable","27":"product-type-variable","28":"has-default-attributes"},"acf":[],"uagb_featured_image_src":{"full":["https:\/\/turkishtrade.co\/wp-content\/uploads\/2026\/01\/2600NZWMN00030-BLACK.png",453,250,false],"thumbnail":["https:\/\/turkishtrade.co\/wp-content\/uploads\/2026\/01\/2600NZWMN00030-BLACK-150x150.png",150,150,true],"medium":["https:\/\/turkishtrade.co\/wp-content\/uploads\/2026\/01\/2600NZWMN00030-BLACK-300x166.png",300,166,true],"medium_large":["https:\/\/turkishtrade.co\/wp-content\/uploads\/2026\/01\/2600NZWMN00030-BLACK.png",453,250,false],"large":["https:\/\/turkishtrade.co\/wp-content\/uploads\/2026\/01\/2600NZWMN00030-BLACK.png",453,250,false],"1536x1536":["https:\/\/turkishtrade.co\/wp-content\/uploads\/2026\/01\/2600NZWMN00030-BLACK.png",453,250,false],"2048x2048":["https:\/\/turkishtrade.co\/wp-content\/uploads\/2026\/01\/2600NZWMN00030-BLACK.png",453,250,false],"trp-custom-language-flag":["https:\/\/turkishtrade.co\/wp-content\/uploads\/2026\/01\/2600NZWMN00030-BLACK-18x10.png",18,10,true],"woocommerce_thumbnail":["https:\/\/turkishtrade.co\/wp-content\/uploads\/2026\/01\/2600NZWMN00030-BLACK-400x250.png",400,250,true],"woocommerce_single":["https:\/\/turkishtrade.co\/wp-content\/uploads\/2026\/01\/2600NZWMN00030-BLACK.png",453,250,false],"woocommerce_gallery_thumbnail":["https:\/\/turkishtrade.co\/wp-content\/uploads\/2026\/01\/2600NZWMN00030-BLACK-100x100.png",100,100,true]},"uagb_author_info":{"display_name":"python python","author_link":"https:\/\/turkishtrade.co\/es\/author\/"},"uagb_comment_info":0,"uagb_excerpt":"Exquisite Genuine Calf Leather Upper with Patent Finish Luxurious Goat Leather Inner Lining for Breathability Classic Oxford Design for Timeless Elegance Comfort-Enhancing EVA Cushioned Insole Durable and Stylish Leather Outsole Available in European Sizes: 39, 40, 41, 42, 43, 44, 45 Wholesale orders welcome (minimum 8 pairs)","_links":{"self":[{"href":"https:\/\/turkishtrade.co\/es\/wp-json\/wp\/v2\/product\/8346","targetHints":{"allow":["GET"]}}],"collection":[{"href":"https:\/\/turkishtrade.co\/es\/wp-json\/wp\/v2\/product"}],"about":[{"href":"https:\/\/turkishtrade.co\/es\/wp-json\/wp\/v2\/types\/product"}],"wp:featuredmedia":[{"embeddable":true,"href":"https:\/\/turkishtrade.co\/es\/wp-json\/wp\/v2\/media\/6884"}],"wp:attachment":[{"href":"https:\/\/turkishtrade.co\/es\/wp-json\/wp\/v2\/media?parent=8346"}],"wp:term":[{"taxonomy":"product_brand","embeddable":true,"href":"https:\/\/turkishtrade.co\/es\/wp-json\/wp\/v2\/product_brand?post=8346"},{"taxonomy":"product_cat","embeddable":true,"href":"https:\/\/turkishtrade.co\/es\/wp-json\/wp\/v2\/product_cat?post=8346"},{"taxonomy":"product_tag","embeddable":true,"href":"https:\/\/turkishtrade.co\/es\/wp-json\/wp\/v2\/product_tag?post=8346"}],"curies":[{"name":"wp","href":"https:\/\/api.w.org\/{rel}","templated":true}]}}