{"id":8328,"date":"2026-01-29T14:49:19","date_gmt":"2026-01-29T14:49:19","guid":{"rendered":"https:\/\/turkishtrade.co\/?post_type=product&#038;p=8328"},"modified":"2026-04-09T20:28:52","modified_gmt":"2026-04-09T20:28:52","slug":"mens-black-leather-loafers-14","status":"publish","type":"product","link":"https:\/\/turkishtrade.co\/es\/shop\/mens-black-leather-loafers-14\/","title":{"rendered":"Mocasines de cuero negro de los hombres m\u00e1s vendidos | Cl\u00e1sico de cuero genuino negro de los hombres"},"content":{"rendered":"<p><strong>Mocasines de cuero negro para hombre<\/strong>. La mejor calidad y dise\u00f1o.<\/p>\n<p>Descubra el ep\u00edtome del estilo cl\u00e1sico y la comodidad sin igual con nuestro exquisito <strong>Mocasines de cuero negro para hombre<\/strong>. Dise\u00f1ados para el caballero exigente, estos mocasines de primera calidad combinan la artesan\u00eda tradicional con la elegancia moderna. Cada par est\u00e1 fabricado meticulosamente con la mejor piel negra aut\u00e9ntica, lo que promete no s\u00f3lo un tacto lujoso, sino tambi\u00e9n una durabilidad excepcional que resiste el paso del tiempo. El acabado rico y texturizado de la piel transmite calidad de inmediato, lo que los convierte en algo m\u00e1s que zapatos: son una declaraci\u00f3n de gusto sofisticado.<\/p>\n<h3>Calidad inigualable y dise\u00f1o atemporal<\/h3>\n<p>Nuestra <strong>Mocasines de cuero negro para hombre<\/strong> presentan una silueta atemporal sin cordones, caracterizada por la ic\u00f3nica correa de centavo en la pala. Este dise\u00f1o cl\u00e1sico hace que estos mocasines sean incre\u00edblemente vers\u00e1tiles, ya que se adaptan a la perfecci\u00f3n tanto a los atuendos formales de negocios como a los conjuntos informales de fin de semana. El tono negro intenso proporciona un acabado elegante y pulido que combina sin esfuerzo con una amplia gama de atuendos, desde trajes sastre hasta chinos o vaqueros oscuros. Siente la confianza de llevar un calzado elegante y duradero.<\/p>\n<p>M\u00e1s all\u00e1 de su aspecto llamativo, estos zapatos cl\u00e1sicos de piel aut\u00e9ntica est\u00e1n dise\u00f1ados para ofrecer la m\u00e1xima comodidad. La parte superior de piel flexible se amolda al pie con el paso del tiempo, proporcionando un ajuste personalizado. La robusta suela, elaborada con atenci\u00f3n al detalle, ofrece una excelente sujeci\u00f3n y estabilidad para llevarlos todo el d\u00eda. Tanto si se desplaza por el paisaje urbano como si acude a un evento importante, apreciar\u00e1 el tacto superior y la robusta construcci\u00f3n de estos excepcionales mocasines. Entendemos la importancia de un ajuste perfecto, por eso nuestros <strong>Mocasines de cuero negro para hombre<\/strong> est\u00e1n disponibles en una amplia gama de tallas, de la 39 a la 45.<\/p>\n<h3>Invierta en estilo y comodidad duraderos<\/h3>\n<p>Elegir nuestro <strong>Mocasines de cuero negro para hombre<\/strong> significa invertir en un calzado que combina la tradici\u00f3n con las necesidades contempor\u00e1neas. El compromiso de utilizar piel aut\u00e9ntica no s\u00f3lo realza el atractivo est\u00e9tico, sino que tambi\u00e9n contribuye a la transpirabilidad y longevidad del zapato. Estos mocasines est\u00e1n hechos para ser una piedra angular de su guardarropa en los a\u00f1os venideros, madurando maravillosamente con la edad y el uso. Para minoristas y empresas que deseen ofrecer calzado de primera calidad a su clientela, tambi\u00e9n ofrecemos atractivas opciones de venta al por mayor con un pedido m\u00ednimo de 8 pares. Eleve su colecci\u00f3n y ofrezca a sus clientes la elegancia atemporal y la comodidad de estos magn\u00edficos mocasines de piel aut\u00e9ntica.<\/p>","protected":false},"excerpt":{"rendered":"<ul>\n<li>Exquisitamente elaborados en aut\u00e9ntica piel negra de calidad superior.<\/li>\n<li>Mocas\u00edn de dise\u00f1o cl\u00e1sico con una refinada correa, que ofrece una sofisticaci\u00f3n atemporal.<\/li>\n<li>C\u00f3modo estilo slip-on, ideal para una elegancia sin esfuerzo y un uso vers\u00e1til.<\/li>\n<li>Presenta una construcci\u00f3n duradera con una suela de cuero meticulosamente cosida.<\/li>\n<li>Disponible en una amplia gama de tallas: 39, 40, 41, 42, 43, 44, 45.<\/li>\n<li>Las oportunidades de venta al por mayor est\u00e1n disponibles con una cantidad m\u00ednima de pedido de 8 pares.<\/li>\n<\/ul>","protected":false},"featured_media":6882,"template":"","meta":{"_acf_changed":false,"_uag_custom_page_level_css":"","site-sidebar-layout":"default","site-content-layout":"","ast-site-content-layout":"default","site-content-style":"default","site-sidebar-style":"default","ast-global-header-display":"","ast-banner-title-visibility":"","ast-main-header-display":"","ast-hfb-above-header-display":"","ast-hfb-below-header-display":"","ast-hfb-mobile-header-display":"","site-post-title":"","ast-breadcrumbs-content":"","ast-featured-img":"","footer-sml-layout":"","ast-disable-related-posts":"","theme-transparent-header-meta":"","adv-header-id-meta":"","stick-header-meta":"","header-above-stick-meta":"","header-main-stick-meta":"","header-below-stick-meta":"","astra-migrate-meta-layouts":"default","ast-page-background-enabled":"default","ast-page-background-meta":{"desktop":{"background-color":"var(--ast-global-color-4)","background-image":"","background-repeat":"repeat","background-position":"center center","background-size":"auto","background-attachment":"scroll","background-type":"","background-media":"","overlay-type":"","overlay-color":"","overlay-opacity":"","overlay-gradient":""},"tablet":{"background-color":"","background-image":"","background-repeat":"repeat","background-position":"center center","background-size":"auto","background-attachment":"scroll","background-type":"","background-media":"","overlay-type":"","overlay-color":"","overlay-opacity":"","overlay-gradient":""},"mobile":{"background-color":"","background-image":"","background-repeat":"repeat","background-position":"center center","background-size":"auto","background-attachment":"scroll","background-type":"","background-media":"","overlay-type":"","overlay-color":"","overlay-opacity":"","overlay-gradient":""}},"ast-content-background-meta":{"desktop":{"background-color":"var(--ast-global-color-5)","background-image":"","background-repeat":"repeat","background-position":"center center","background-size":"auto","background-attachment":"scroll","background-type":"","background-media":"","overlay-type":"","overlay-color":"","overlay-opacity":"","overlay-gradient":""},"tablet":{"background-color":"var(--ast-global-color-5)","background-image":"","background-repeat":"repeat","background-position":"center center","background-size":"auto","background-attachment":"scroll","background-type":"","background-media":"","overlay-type":"","overlay-color":"","overlay-opacity":"","overlay-gradient":""},"mobile":{"background-color":"var(--ast-global-color-5)","background-image":"","background-repeat":"repeat","background-position":"center center","background-size":"auto","background-attachment":"scroll","background-type":"","background-media":"","overlay-type":"","overlay-color":"","overlay-opacity":"","overlay-gradient":""}}},"product_brand":[],"product_cat":[47,430,1200],"product_tag":[1314,513,457,1315,952,297,733,565,279,184],"class_list":{"0":"post-8328","1":"product","2":"type-product","3":"status-publish","4":"has-post-thumbnail","6":"product_cat-classic","7":"product_cat-men","8":"product_cat-mens-shoes-2","9":"product_tag-black-leather-footwear","10":"product_tag-business-casual-shoes","11":"product_tag-classic-loafers","12":"product_tag-elegant-mens-loafers","13":"product_tag-genuine-leather-shoes","14":"product_tag-handmade-leather-shoes","15":"product_tag-mens-black-leather-loafers","16":"product_tag-mens-formal-shoes","17":"product_tag-penny-loafers","18":"product_tag-slip-on-shoes","19":"desktop-align-center","20":"tablet-align-center","21":"mobile-align-center","23":"first","24":"instock","25":"shipping-taxable","26":"purchasable","27":"product-type-variable","28":"has-default-attributes"},"acf":[],"uagb_featured_image_src":{"full":["https:\/\/turkishtrade.co\/wp-content\/uploads\/2026\/01\/2600NZWMN00029-BLACK.png",453,250,false],"thumbnail":["https:\/\/turkishtrade.co\/wp-content\/uploads\/2026\/01\/2600NZWMN00029-BLACK-150x150.png",150,150,true],"medium":["https:\/\/turkishtrade.co\/wp-content\/uploads\/2026\/01\/2600NZWMN00029-BLACK-300x166.png",300,166,true],"medium_large":["https:\/\/turkishtrade.co\/wp-content\/uploads\/2026\/01\/2600NZWMN00029-BLACK.png",453,250,false],"large":["https:\/\/turkishtrade.co\/wp-content\/uploads\/2026\/01\/2600NZWMN00029-BLACK.png",453,250,false],"1536x1536":["https:\/\/turkishtrade.co\/wp-content\/uploads\/2026\/01\/2600NZWMN00029-BLACK.png",453,250,false],"2048x2048":["https:\/\/turkishtrade.co\/wp-content\/uploads\/2026\/01\/2600NZWMN00029-BLACK.png",453,250,false],"trp-custom-language-flag":["https:\/\/turkishtrade.co\/wp-content\/uploads\/2026\/01\/2600NZWMN00029-BLACK-18x10.png",18,10,true],"woocommerce_thumbnail":["https:\/\/turkishtrade.co\/wp-content\/uploads\/2026\/01\/2600NZWMN00029-BLACK-400x250.png",400,250,true],"woocommerce_single":["https:\/\/turkishtrade.co\/wp-content\/uploads\/2026\/01\/2600NZWMN00029-BLACK.png",453,250,false],"woocommerce_gallery_thumbnail":["https:\/\/turkishtrade.co\/wp-content\/uploads\/2026\/01\/2600NZWMN00029-BLACK-100x100.png",100,100,true]},"uagb_author_info":{"display_name":"python python","author_link":"https:\/\/turkishtrade.co\/es\/author\/"},"uagb_comment_info":0,"uagb_excerpt":"Exquisitely crafted from genuine black leather for superior quality. Classic loafer design with a refined strap, offering timeless sophistication. Comfortable slip-on style, ideal for effortless elegance and versatile wear. Features a durable construction with a meticulously stitched leather sole. Available in a comprehensive range of sizes: 39, 40, 41, 42, 43, 44, 45. Wholesale opportunities&hellip;","_links":{"self":[{"href":"https:\/\/turkishtrade.co\/es\/wp-json\/wp\/v2\/product\/8328","targetHints":{"allow":["GET"]}}],"collection":[{"href":"https:\/\/turkishtrade.co\/es\/wp-json\/wp\/v2\/product"}],"about":[{"href":"https:\/\/turkishtrade.co\/es\/wp-json\/wp\/v2\/types\/product"}],"wp:featuredmedia":[{"embeddable":true,"href":"https:\/\/turkishtrade.co\/es\/wp-json\/wp\/v2\/media\/6882"}],"wp:attachment":[{"href":"https:\/\/turkishtrade.co\/es\/wp-json\/wp\/v2\/media?parent=8328"}],"wp:term":[{"taxonomy":"product_brand","embeddable":true,"href":"https:\/\/turkishtrade.co\/es\/wp-json\/wp\/v2\/product_brand?post=8328"},{"taxonomy":"product_cat","embeddable":true,"href":"https:\/\/turkishtrade.co\/es\/wp-json\/wp\/v2\/product_cat?post=8328"},{"taxonomy":"product_tag","embeddable":true,"href":"https:\/\/turkishtrade.co\/es\/wp-json\/wp\/v2\/product_tag?post=8328"}],"curies":[{"name":"wp","href":"https:\/\/api.w.org\/{rel}","templated":true}]}}