{"id":8326,"date":"2026-01-29T14:49:19","date_gmt":"2026-01-29T14:49:19","guid":{"rendered":"https:\/\/turkishtrade.co\/?post_type=product&#038;p=8326"},"modified":"2026-04-09T20:29:02","modified_gmt":"2026-04-09T20:29:02","slug":"mens-genuine-leather-loafers-3","status":"publish","type":"product","link":"https:\/\/turkishtrade.co\/es\/shop\/mens-genuine-leather-loafers-3\/","title":{"rendered":"Mocasines para hombre de cuero genuino de lujo | Mocasines para hombre de cuero genuino de color canela cl\u00e1sico"},"content":{"rendered":"<p><strong>Mocasines de piel aut\u00e9ntica para hombre<\/strong>. Calidad y dise\u00f1o de lujo.<\/p>\n<p>Descubra el ep\u00edtome del estilo cl\u00e1sico y la comodidad sin igual con nuestro exquisito <strong>Mocasines de piel aut\u00e9ntica para hombre<\/strong>. Meticulosamente elaborados a mano con una mezcla de aut\u00e9ntica piel de cabra y ternera de primera calidad, estos mocasines ofrecen un tacto lujoso y una durabilidad excepcional que superan la prueba del tiempo. La rica tonalidad tostada de la piel proporciona un aspecto vers\u00e1til y sofisticado, perfecto para un sinf\u00edn de ocasiones, desde importantes reuniones de negocios hasta elegantes eventos nocturnos o reuniones informales de alto nivel.<\/p>\n<p>El distintivo dise\u00f1o presenta una silueta de mocas\u00edn atemporal, realzada por un intrincado estampado acolchado en la pala. Este detalle \u00fanico a\u00f1ade un toque de refinada elegancia, diferenciando estos zapatos del calzado convencional. M\u00e1s all\u00e1 de su aspecto llamativo, estos <strong>Mocasines de piel aut\u00e9ntica para hombre<\/strong> est\u00e1n dise\u00f1adas para ofrecer la m\u00e1xima comodidad. La suela de EVA, ligera pero resistente, proporciona una amortiguaci\u00f3n y una sujeci\u00f3n excelentes, para que puedas llevarlas c\u00f3modamente durante todo tu ajetreado d\u00eda sin renunciar al estilo ni a la calidad. El forro transpirable de piel aut\u00e9ntica mejora a\u00fan m\u00e1s la experiencia de uso, manteniendo tus pies c\u00f3modos y frescos.<\/p>\n<h3>Experimente una calidad y versatilidad inigualables con nuestros mocasines de piel aut\u00e9ntica<\/h3>\n<p>Nuestro compromiso con la artesan\u00eda superior es evidente en cada puntada y acabado de estos extraordinarios zapatos. Cada par es un testimonio de las t\u00e9cnicas tradicionales de fabricaci\u00f3n de calzado combinadas con la sensibilidad del dise\u00f1o moderno. Disponibles en una amplia gama de tallas, normalmente de la 39 a la 45, encontrar el ajuste perfecto no supone ning\u00fan esfuerzo. Estos <strong>Mocasines de piel aut\u00e9ntica para hombre<\/strong> no son s\u00f3lo zapatos; son una inversi\u00f3n en su vestuario, que promete un estilo duradero y un rendimiento fiable durante a\u00f1os.<\/p>\n<p>Tanto si desea mejorar su colecci\u00f3n personal como si busca calzado de alta calidad para su negocio minorista, estos mocasines son una excelente elecci\u00f3n. Estamos orgullosos de ofrecer oportunidades al por mayor para compras al por mayor, con un c\u00f3modo pedido m\u00ednimo de 8 pares. Eleve su inventario con un calzado que combina lujo, comodidad y una est\u00e9tica verdaderamente cl\u00e1sica. Elija estos mocasines de piel aut\u00e9ntica de primera calidad para hombre y entre en un mundo en el que la calidad y el estilo convergen sin esfuerzo.<\/p>","protected":false},"excerpt":{"rendered":"<ul>\n<li>Fabricados en aut\u00e9ntica piel de cabra y ternera de primera calidad.<\/li>\n<li>Presenta un sofisticado dise\u00f1o de mocas\u00edn con un elegante empeine acolchado.<\/li>\n<li>Dise\u00f1adas con una c\u00f3moda y ligera suela de EVA para llevarlas todo el d\u00eda.<\/li>\n<li>Disponible en una amplia gama de tallas para un ajuste perfecto (normalmente 39-45).<\/li>\n<li>Ideal para ocasiones formales e informales.<\/li>\n<li>Precios al por mayor disponibles con un pedido m\u00ednimo de 8 pares.<\/li>\n<\/ul>","protected":false},"featured_media":6880,"template":"","meta":{"_acf_changed":false,"_uag_custom_page_level_css":"","site-sidebar-layout":"default","site-content-layout":"","ast-site-content-layout":"default","site-content-style":"default","site-sidebar-style":"default","ast-global-header-display":"","ast-banner-title-visibility":"","ast-main-header-display":"","ast-hfb-above-header-display":"","ast-hfb-below-header-display":"","ast-hfb-mobile-header-display":"","site-post-title":"","ast-breadcrumbs-content":"","ast-featured-img":"","footer-sml-layout":"","ast-disable-related-posts":"","theme-transparent-header-meta":"default","adv-header-id-meta":"","stick-header-meta":"","header-above-stick-meta":"","header-main-stick-meta":"","header-below-stick-meta":"","astra-migrate-meta-layouts":"set","ast-page-background-enabled":"default","ast-page-background-meta":{"desktop":{"background-color":"var(--ast-global-color-4)","background-image":"","background-repeat":"repeat","background-position":"center center","background-size":"auto","background-attachment":"scroll","background-type":"","background-media":"","overlay-type":"","overlay-color":"","overlay-opacity":"","overlay-gradient":""},"tablet":{"background-color":"","background-image":"","background-repeat":"repeat","background-position":"center center","background-size":"auto","background-attachment":"scroll","background-type":"","background-media":"","overlay-type":"","overlay-color":"","overlay-opacity":"","overlay-gradient":""},"mobile":{"background-color":"","background-image":"","background-repeat":"repeat","background-position":"center center","background-size":"auto","background-attachment":"scroll","background-type":"","background-media":"","overlay-type":"","overlay-color":"","overlay-opacity":"","overlay-gradient":""}},"ast-content-background-meta":{"desktop":{"background-color":"var(--ast-global-color-5)","background-image":"","background-repeat":"repeat","background-position":"center center","background-size":"auto","background-attachment":"scroll","background-type":"","background-media":"","overlay-type":"","overlay-color":"","overlay-opacity":"","overlay-gradient":""},"tablet":{"background-color":"var(--ast-global-color-5)","background-image":"","background-repeat":"repeat","background-position":"center center","background-size":"auto","background-attachment":"scroll","background-type":"","background-media":"","overlay-type":"","overlay-color":"","overlay-opacity":"","overlay-gradient":""},"mobile":{"background-color":"var(--ast-global-color-5)","background-image":"","background-repeat":"repeat","background-position":"center center","background-size":"auto","background-attachment":"scroll","background-type":"","background-media":"","overlay-type":"","overlay-color":"","overlay-opacity":"","overlay-gradient":""}}},"product_brand":[],"product_cat":[47,430,1200],"product_tag":[513,754,287,952,324,719,279,1312,1311,456],"class_list":{"0":"post-8326","1":"product","2":"type-product","3":"status-publish","4":"has-post-thumbnail","6":"product_cat-classic","7":"product_cat-men","8":"product_cat-mens-shoes-2","9":"product_tag-business-casual-shoes","10":"product_tag-classic-mens-shoes","11":"product_tag-eva-sole-shoes","12":"product_tag-genuine-leather-shoes","13":"product_tag-mens-dress-shoes","14":"product_tag-mens-leather-loafers","15":"product_tag-penny-loafers","16":"product_tag-quilted-loafers","17":"product_tag-tan-leather-loafers","18":"product_tag-wholesale-loafers","19":"desktop-align-center","20":"tablet-align-center","21":"mobile-align-center","23":"first","24":"instock","25":"shipping-taxable","26":"purchasable","27":"product-type-variable","28":"has-default-attributes"},"acf":[],"uagb_featured_image_src":{"full":["https:\/\/turkishtrade.co\/wp-content\/uploads\/2026\/01\/2600NZWMN00027-BROWN.png",453,250,false],"thumbnail":["https:\/\/turkishtrade.co\/wp-content\/uploads\/2026\/01\/2600NZWMN00027-BROWN-150x150.png",150,150,true],"medium":["https:\/\/turkishtrade.co\/wp-content\/uploads\/2026\/01\/2600NZWMN00027-BROWN-300x166.png",300,166,true],"medium_large":["https:\/\/turkishtrade.co\/wp-content\/uploads\/2026\/01\/2600NZWMN00027-BROWN.png",453,250,false],"large":["https:\/\/turkishtrade.co\/wp-content\/uploads\/2026\/01\/2600NZWMN00027-BROWN.png",453,250,false],"1536x1536":["https:\/\/turkishtrade.co\/wp-content\/uploads\/2026\/01\/2600NZWMN00027-BROWN.png",453,250,false],"2048x2048":["https:\/\/turkishtrade.co\/wp-content\/uploads\/2026\/01\/2600NZWMN00027-BROWN.png",453,250,false],"trp-custom-language-flag":["https:\/\/turkishtrade.co\/wp-content\/uploads\/2026\/01\/2600NZWMN00027-BROWN-18x10.png",18,10,true],"woocommerce_thumbnail":["https:\/\/turkishtrade.co\/wp-content\/uploads\/2026\/01\/2600NZWMN00027-BROWN-400x250.png",400,250,true],"woocommerce_single":["https:\/\/turkishtrade.co\/wp-content\/uploads\/2026\/01\/2600NZWMN00027-BROWN.png",453,250,false],"woocommerce_gallery_thumbnail":["https:\/\/turkishtrade.co\/wp-content\/uploads\/2026\/01\/2600NZWMN00027-BROWN-100x100.png",100,100,true]},"uagb_author_info":{"display_name":"python python","author_link":"https:\/\/turkishtrade.co\/es\/author\/"},"uagb_comment_info":0,"uagb_excerpt":"Crafted from premium genuine goat and calf leather for superior quality. Features a sophisticated penny loafer design with an elegant quilted vamp. Designed with a comfortable and lightweight EVA sole for all-day wear. Available in a wide range of sizes for the perfect fit (typically 39-45). Ideal for both formal and smart-casual occasions. Wholesale pricing&hellip;","_links":{"self":[{"href":"https:\/\/turkishtrade.co\/es\/wp-json\/wp\/v2\/product\/8326","targetHints":{"allow":["GET"]}}],"collection":[{"href":"https:\/\/turkishtrade.co\/es\/wp-json\/wp\/v2\/product"}],"about":[{"href":"https:\/\/turkishtrade.co\/es\/wp-json\/wp\/v2\/types\/product"}],"wp:featuredmedia":[{"embeddable":true,"href":"https:\/\/turkishtrade.co\/es\/wp-json\/wp\/v2\/media\/6880"}],"wp:attachment":[{"href":"https:\/\/turkishtrade.co\/es\/wp-json\/wp\/v2\/media?parent=8326"}],"wp:term":[{"taxonomy":"product_brand","embeddable":true,"href":"https:\/\/turkishtrade.co\/es\/wp-json\/wp\/v2\/product_brand?post=8326"},{"taxonomy":"product_cat","embeddable":true,"href":"https:\/\/turkishtrade.co\/es\/wp-json\/wp\/v2\/product_cat?post=8326"},{"taxonomy":"product_tag","embeddable":true,"href":"https:\/\/turkishtrade.co\/es\/wp-json\/wp\/v2\/product_tag?post=8326"}],"curies":[{"name":"wp","href":"https:\/\/api.w.org\/{rel}","templated":true}]}}