{"id":8324,"date":"2026-01-29T14:49:19","date_gmt":"2026-01-29T14:49:19","guid":{"rendered":"https:\/\/turkishtrade.co\/?post_type=product&#038;p=8324"},"modified":"2026-04-09T20:29:09","modified_gmt":"2026-04-09T20:29:09","slug":"mens-black-patent-leather-dress-shoes","status":"publish","type":"product","link":"https:\/\/turkishtrade.co\/es\/shop\/mens-black-patent-leather-dress-shoes\/","title":{"rendered":"Zapatos de vestir de charol negro para hombre Incredible | Zapatos de vestir de charol negro para hombre"},"content":{"rendered":"<p><strong>Zapatos de vestir de charol negro para hombre<\/strong>. Calidad y dise\u00f1o incre\u00edbles.<\/p>\n<p>Ad\u00e9ntrese en una sofisticaci\u00f3n sin igual con nuestro exquisito <strong>Zapatos de vestir de charol negro para hombre<\/strong>. Dise\u00f1ados para el caballero exigente, estos zapatos son el ep\u00edtome de la elegancia y el estilo atemporal. Tanto si asiste a un evento de etiqueta como a una boda o una importante reuni\u00f3n de negocios, estos zapatos de vestir le garantizar\u00e1n una impresi\u00f3n duradera. Su radiante acabado de charol capta la luz maravillosamente, a\u00f1adiendo un toque de grandeza a cualquier conjunto formal. No son s\u00f3lo unos zapatos; son una declaraci\u00f3n de gusto y confianza impecables.<\/p>\n<h3>Artesan\u00eda inigualable y materiales de primera calidad<\/h3>\n<p>En el centro de estos notables <strong>Zapatos de vestir de charol negro para hombre<\/strong> yace en una artesan\u00eda excepcional y un compromiso con la calidad. El exterior est\u00e1 meticulosamente confeccionado en aut\u00e9ntica piel de ternero, tratada por expertos para lograr ese codiciado acabado de charol de alto brillo. Esto no s\u00f3lo proporciona una est\u00e9tica impresionante, sino que tambi\u00e9n garantiza su durabilidad y un tacto lujoso. En el interior, sus pies disfrutar\u00e1n del m\u00e1ximo confort gracias al forro de piel de cabra suave y transpirable. Esta combinaci\u00f3n de materiales de primera calidad garantiza tanto un aspecto sofisticado como una c\u00f3moda experiencia de uso, incluso durante periodos prolongados.<\/p>\n<h3>Dise\u00f1o cl\u00e1sico y confort moderno<\/h3>\n<p>Encarnando el cl\u00e1sico dise\u00f1o Cap-Toe Oxford, estos zapatos presentan l\u00edneas limpias y una silueta distinguida que se ha mantenido como s\u00edmbolo de la indumentaria formal durante siglos. El elegante sistema de cordones se suma a su aspecto refinado, haci\u00e9ndolos lo suficientemente vers\u00e1tiles para las ocasiones m\u00e1s formales. M\u00e1s all\u00e1 de su aspecto llamativo, estos <strong>Zapatos de vestir de charol negro para hombre<\/strong> est\u00e1n dise\u00f1adas para un confort moderno. Incorporan una suela de EVA ligera y resistente, famosa por sus propiedades de absorci\u00f3n de impactos y su excelente flexibilidad. Esta avanzada tecnolog\u00eda de suela garantiza la amortiguaci\u00f3n de cada paso, proporcionando una comodidad superior de la que a menudo carecen las suelas tradicionales, permiti\u00e9ndote moverte con facilidad y confianza.<\/p>\n<h3>Perfecto para cualquier gran ocasi\u00f3n<\/h3>\n<p>Estos zapatos son un complemento indispensable para cualquier armario sofisticado. Son la elecci\u00f3n ideal para novios, invitados de boda, galas, ceremonias de entrega de premios y cualquier evento en el que sea esencial un aspecto pulido y formal. Comb\u00ednelos con un esmoquin, un traje elegante o incluso un sofisticado smoking para conseguir un conjunto que desprenda clase. Invertir en un par de estos zapatos de vestir de piel aut\u00e9ntica significa invertir en estilo y comodidad duraderos. Con un mantenimiento cuidadoso, seguir\u00e1n siendo una parte apreciada de su colecci\u00f3n formal durante a\u00f1os. Tambi\u00e9n atendemos a empresas y minoristas, ofreciendo opciones de venta al por mayor con un pedido m\u00ednimo de 8 pares, lo que facilita el almacenamiento de estos codiciados zapatos cl\u00e1sicos.<\/p>","protected":false},"excerpt":{"rendered":"<ul>\n<li>Fabricados en aut\u00e9ntica piel de becerro de primera calidad con un elegante acabado charolado.<\/li>\n<li>El lujoso forro interior de piel de cabra garantiza un confort excepcional.<\/li>\n<li>Equipadas con una suela de EVA ligera y duradera para llevarlas todo el d\u00eda.<\/li>\n<li>Presenta un dise\u00f1o cl\u00e1sico de puntera Oxford, perfecto para atuendos formales.<\/li>\n<li>Disponible en las tallas europeas 39, 40, 41, 42, 43, 44 y 45.<\/li>\n<li>Se aceptan pedidos al por mayor con una compra m\u00ednima de 8 pares.<\/li>\n<\/ul>","protected":false},"featured_media":6878,"template":"","meta":{"_acf_changed":false,"_uag_custom_page_level_css":"","site-sidebar-layout":"default","site-content-layout":"","ast-site-content-layout":"default","site-content-style":"default","site-sidebar-style":"default","ast-global-header-display":"","ast-banner-title-visibility":"","ast-main-header-display":"","ast-hfb-above-header-display":"","ast-hfb-below-header-display":"","ast-hfb-mobile-header-display":"","site-post-title":"","ast-breadcrumbs-content":"","ast-featured-img":"","footer-sml-layout":"","ast-disable-related-posts":"","theme-transparent-header-meta":"","adv-header-id-meta":"","stick-header-meta":"","header-above-stick-meta":"","header-main-stick-meta":"","header-below-stick-meta":"","astra-migrate-meta-layouts":"default","ast-page-background-enabled":"default","ast-page-background-meta":{"desktop":{"background-color":"var(--ast-global-color-4)","background-image":"","background-repeat":"repeat","background-position":"center center","background-size":"auto","background-attachment":"scroll","background-type":"","background-media":"","overlay-type":"","overlay-color":"","overlay-opacity":"","overlay-gradient":""},"tablet":{"background-color":"","background-image":"","background-repeat":"repeat","background-position":"center center","background-size":"auto","background-attachment":"scroll","background-type":"","background-media":"","overlay-type":"","overlay-color":"","overlay-opacity":"","overlay-gradient":""},"mobile":{"background-color":"","background-image":"","background-repeat":"repeat","background-position":"center center","background-size":"auto","background-attachment":"scroll","background-type":"","background-media":"","overlay-type":"","overlay-color":"","overlay-opacity":"","overlay-gradient":""}},"ast-content-background-meta":{"desktop":{"background-color":"var(--ast-global-color-5)","background-image":"","background-repeat":"repeat","background-position":"center center","background-size":"auto","background-attachment":"scroll","background-type":"","background-media":"","overlay-type":"","overlay-color":"","overlay-opacity":"","overlay-gradient":""},"tablet":{"background-color":"var(--ast-global-color-5)","background-image":"","background-repeat":"repeat","background-position":"center center","background-size":"auto","background-attachment":"scroll","background-type":"","background-media":"","overlay-type":"","overlay-color":"","overlay-opacity":"","overlay-gradient":""},"mobile":{"background-color":"var(--ast-global-color-5)","background-image":"","background-repeat":"repeat","background-position":"center center","background-size":"auto","background-attachment":"scroll","background-type":"","background-media":"","overlay-type":"","overlay-color":"","overlay-opacity":"","overlay-gradient":""}}},"product_brand":[],"product_cat":[47,430,1200],"product_tag":[663,405,458,145,454,251,952,324,204,675],"class_list":{"0":"post-8324","1":"product","2":"type-product","3":"status-publish","4":"has-post-thumbnail","6":"product_cat-classic","7":"product_cat-men","8":"product_cat-mens-shoes-2","9":"product_tag-black-patent-leather-shoes","10":"product_tag-business-shoes","11":"product_tag-cap-toe-shoes","12":"product_tag-classic-shoes","13":"product_tag-elegant-footwear","14":"product_tag-formal-shoes","15":"product_tag-genuine-leather-shoes","16":"product_tag-mens-dress-shoes","17":"product_tag-oxford-shoes","18":"product_tag-wedding-shoes","19":"desktop-align-center","20":"tablet-align-center","21":"mobile-align-center","23":"first","24":"instock","25":"shipping-taxable","26":"purchasable","27":"product-type-variable","28":"has-default-attributes"},"acf":[],"uagb_featured_image_src":{"full":["https:\/\/turkishtrade.co\/wp-content\/uploads\/2026\/01\/2600NZWMN00025-BLACK.png",453,250,false],"thumbnail":["https:\/\/turkishtrade.co\/wp-content\/uploads\/2026\/01\/2600NZWMN00025-BLACK-150x150.png",150,150,true],"medium":["https:\/\/turkishtrade.co\/wp-content\/uploads\/2026\/01\/2600NZWMN00025-BLACK-300x166.png",300,166,true],"medium_large":["https:\/\/turkishtrade.co\/wp-content\/uploads\/2026\/01\/2600NZWMN00025-BLACK.png",453,250,false],"large":["https:\/\/turkishtrade.co\/wp-content\/uploads\/2026\/01\/2600NZWMN00025-BLACK.png",453,250,false],"1536x1536":["https:\/\/turkishtrade.co\/wp-content\/uploads\/2026\/01\/2600NZWMN00025-BLACK.png",453,250,false],"2048x2048":["https:\/\/turkishtrade.co\/wp-content\/uploads\/2026\/01\/2600NZWMN00025-BLACK.png",453,250,false],"trp-custom-language-flag":["https:\/\/turkishtrade.co\/wp-content\/uploads\/2026\/01\/2600NZWMN00025-BLACK-18x10.png",18,10,true],"woocommerce_thumbnail":["https:\/\/turkishtrade.co\/wp-content\/uploads\/2026\/01\/2600NZWMN00025-BLACK-400x250.png",400,250,true],"woocommerce_single":["https:\/\/turkishtrade.co\/wp-content\/uploads\/2026\/01\/2600NZWMN00025-BLACK.png",453,250,false],"woocommerce_gallery_thumbnail":["https:\/\/turkishtrade.co\/wp-content\/uploads\/2026\/01\/2600NZWMN00025-BLACK-100x100.png",100,100,true]},"uagb_author_info":{"display_name":"python python","author_link":"https:\/\/turkishtrade.co\/es\/author\/"},"uagb_comment_info":0,"uagb_excerpt":"Crafted from premium genuine calf leather for a sleek patent finish. Luxurious goat leather interior lining ensures exceptional comfort. Equipped with a lightweight and durable EVA sole for all-day wear. Features a classic cap-toe Oxford design, perfect for formal attire. Available in European sizes 39, 40, 41, 42, 43, 44, 45. Wholesale orders are welcome&hellip;","_links":{"self":[{"href":"https:\/\/turkishtrade.co\/es\/wp-json\/wp\/v2\/product\/8324","targetHints":{"allow":["GET"]}}],"collection":[{"href":"https:\/\/turkishtrade.co\/es\/wp-json\/wp\/v2\/product"}],"about":[{"href":"https:\/\/turkishtrade.co\/es\/wp-json\/wp\/v2\/types\/product"}],"wp:featuredmedia":[{"embeddable":true,"href":"https:\/\/turkishtrade.co\/es\/wp-json\/wp\/v2\/media\/6878"}],"wp:attachment":[{"href":"https:\/\/turkishtrade.co\/es\/wp-json\/wp\/v2\/media?parent=8324"}],"wp:term":[{"taxonomy":"product_brand","embeddable":true,"href":"https:\/\/turkishtrade.co\/es\/wp-json\/wp\/v2\/product_brand?post=8324"},{"taxonomy":"product_cat","embeddable":true,"href":"https:\/\/turkishtrade.co\/es\/wp-json\/wp\/v2\/product_cat?post=8324"},{"taxonomy":"product_tag","embeddable":true,"href":"https:\/\/turkishtrade.co\/es\/wp-json\/wp\/v2\/product_tag?post=8324"}],"curies":[{"name":"wp","href":"https:\/\/api.w.org\/{rel}","templated":true}]}}