{"id":8317,"date":"2026-01-29T14:49:18","date_gmt":"2026-01-29T14:49:18","guid":{"rendered":"https:\/\/turkishtrade.co\/?post_type=product&#038;p=8317"},"modified":"2026-04-09T20:29:29","modified_gmt":"2026-04-09T20:29:29","slug":"mens-genuine-leather-oxford-shoes","status":"publish","type":"product","link":"https:\/\/turkishtrade.co\/es\/shop\/mens-genuine-leather-oxford-shoes\/","title":{"rendered":"Zapatos Oxford de piel aut\u00e9ntica para hombre Incre\u00edble | con detalle de cocodrilo en relieve"},"content":{"rendered":"<p><strong>Zapatos Oxford de piel aut\u00e9ntica para hombre<\/strong>. Calidad y dise\u00f1o incre\u00edbles.<\/p>\n<p>Sum\u00e9rjase en un estilo y un confort incomparables con nuestro exquisito <strong>Zapatos Oxford de piel aut\u00e9ntica para hombre<\/strong>. Meticulosamente elaborados con la mejor piel aut\u00e9ntica de ternera y cabra, estos zapatos est\u00e1n dise\u00f1ados para el caballero exigente que valora tanto la elegancia como la durabilidad. La rica piel negra, combinada con un distintivo detalle de cocodrilo en relieve en la puntera y los paneles laterales, a\u00f1ade una textura \u00fanica y un toque sofisticado que distingue a estos zapatos cl\u00e1sicos de lo com\u00fan. Cada puntada habla de una artesan\u00eda experta, garantizando un producto que no s\u00f3lo tiene un aspecto magn\u00edfico, sino que tambi\u00e9n resiste el paso del tiempo.<\/p>\n<p>Nuestra <strong>Zapatos Oxford de piel aut\u00e9ntica para hombre<\/strong> son m\u00e1s que una simple declaraci\u00f3n de moda: son una inversi\u00f3n en calidad duradera. La piel aut\u00e9ntica garantiza la transpirabilidad y se amolda al pie con el paso del tiempo, proporcionando un ajuste personalizado que resulta m\u00e1s c\u00f3modo con cada uso. El empeine de primera calidad se complementa con una suela de EVA ligera pero incre\u00edblemente duradera. Esta avanzada tecnolog\u00eda de suela ofrece una amortiguaci\u00f3n y una sujeci\u00f3n excepcionales, reduciendo la fatiga del pie y permiti\u00e9ndole moverse con facilidad y confianza durante sus d\u00edas m\u00e1s ajetreados o sus veladas m\u00e1s especiales. Tanto si asiste a una importante reuni\u00f3n de negocios como a una boda o a una elegante cena, estos zapatos le proporcionar\u00e1n la base perfecta para su conjunto.<\/p>\n<h3>Dise\u00f1o atemporal y confort moderno<\/h3>\n<p>El dise\u00f1o Oxford atemporal convierte a estos zapatos en un complemento vers\u00e1til para cualquier armario. Se adaptan a la perfecci\u00f3n al atuendo formal de negocios y a los sofisticados trajes de noche, para que siempre causes una buena impresi\u00f3n. Disponibles en una amplia gama de tallas, de la 39 a la 45, garantizamos un ajuste perfecto para cada pie. La robusta construcci\u00f3n y los materiales de alta calidad hacen que estos <strong>Zapatos Oxford de piel aut\u00e9ntica para hombre<\/strong> est\u00e1n hechos para durar, lo que los convierte en una opci\u00f3n sostenible para tu colecci\u00f3n de calzado.<\/p>\n<h3>Oportunidades al por mayor<\/h3>\n<p>Para minoristas y empresas que deseen ofrecer calzado de primera calidad, estos zapatos cl\u00e1sicos est\u00e1n disponibles para su compra al por mayor. Con un pedido m\u00ednimo de solo 8 pares, puede abastecerse de un producto que promete la satisfacci\u00f3n del cliente y la repetici\u00f3n del negocio. Nuestro compromiso con la calidad y el estilo cl\u00e1sico garantiza que estos zapatos de piel aut\u00e9ntica ser\u00e1n un art\u00edculo codiciado. Experimente la mezcla perfecta de tradici\u00f3n, lujo y comodidad moderna con nuestros excepcionales Oxford de cuero negro.<\/p>","protected":false},"excerpt":{"rendered":"<ul>\n<li>Fabricados en aut\u00e9ntica piel de ternera y cabra de primera calidad.<\/li>\n<li>Distinguido detalle de cocodrilo en relieve en la puntera y los paneles laterales.<\/li>\n<li>Dise\u00f1o Oxford cl\u00e1sico con cordones para un look refinado y sofisticado.<\/li>\n<li>Suela de EVA ligera y duradera que garantiza la comodidad durante todo el d\u00eda.<\/li>\n<li>Disponible en una amplia gama de tallas: 39, 40, 41, 42, 43, 44, 45.<\/li>\n<li>Ideal para negocios, eventos formales y ropa informal de lujo.<\/li>\n<li>Oportunidades de venta al por mayor disponibles con un pedido m\u00ednimo de 8 pares.<\/li>\n<\/ul>","protected":false},"featured_media":6871,"template":"","meta":{"_acf_changed":false,"_uag_custom_page_level_css":"","site-sidebar-layout":"default","site-content-layout":"","ast-site-content-layout":"default","site-content-style":"default","site-sidebar-style":"default","ast-global-header-display":"","ast-banner-title-visibility":"","ast-main-header-display":"","ast-hfb-above-header-display":"","ast-hfb-below-header-display":"","ast-hfb-mobile-header-display":"","site-post-title":"","ast-breadcrumbs-content":"","ast-featured-img":"","footer-sml-layout":"","ast-disable-related-posts":"","theme-transparent-header-meta":"","adv-header-id-meta":"","stick-header-meta":"","header-above-stick-meta":"","header-main-stick-meta":"","header-below-stick-meta":"","astra-migrate-meta-layouts":"default","ast-page-background-enabled":"default","ast-page-background-meta":{"desktop":{"background-color":"var(--ast-global-color-4)","background-image":"","background-repeat":"repeat","background-position":"center center","background-size":"auto","background-attachment":"scroll","background-type":"","background-media":"","overlay-type":"","overlay-color":"","overlay-opacity":"","overlay-gradient":""},"tablet":{"background-color":"","background-image":"","background-repeat":"repeat","background-position":"center center","background-size":"auto","background-attachment":"scroll","background-type":"","background-media":"","overlay-type":"","overlay-color":"","overlay-opacity":"","overlay-gradient":""},"mobile":{"background-color":"","background-image":"","background-repeat":"repeat","background-position":"center center","background-size":"auto","background-attachment":"scroll","background-type":"","background-media":"","overlay-type":"","overlay-color":"","overlay-opacity":"","overlay-gradient":""}},"ast-content-background-meta":{"desktop":{"background-color":"var(--ast-global-color-5)","background-image":"","background-repeat":"repeat","background-position":"center center","background-size":"auto","background-attachment":"scroll","background-type":"","background-media":"","overlay-type":"","overlay-color":"","overlay-opacity":"","overlay-gradient":""},"tablet":{"background-color":"var(--ast-global-color-5)","background-image":"","background-repeat":"repeat","background-position":"center center","background-size":"auto","background-attachment":"scroll","background-type":"","background-media":"","overlay-type":"","overlay-color":"","overlay-opacity":"","overlay-gradient":""},"mobile":{"background-color":"var(--ast-global-color-5)","background-image":"","background-repeat":"repeat","background-position":"center center","background-size":"auto","background-attachment":"scroll","background-type":"","background-media":"","overlay-type":"","overlay-color":"","overlay-opacity":"","overlay-gradient":""}}},"product_brand":[],"product_cat":[47,430,1200],"product_tag":[196,405,534,284,287,251,221,286,204,281],"class_list":{"0":"post-8317","1":"product","2":"type-product","3":"status-publish","4":"has-post-thumbnail","6":"product_cat-classic","7":"product_cat-men","8":"product_cat-mens-shoes-2","9":"product_tag-black-leather-shoes","10":"product_tag-business-shoes","11":"product_tag-crocodile-embossed-shoes","12":"product_tag-dress-shoes","13":"product_tag-eva-sole-shoes","14":"product_tag-formal-shoes","15":"product_tag-genuine-leather","16":"product_tag-mens-leather-shoes","17":"product_tag-oxford-shoes","18":"product_tag-wholesale-shoes","19":"desktop-align-center","20":"tablet-align-center","21":"mobile-align-center","23":"first","24":"instock","25":"shipping-taxable","26":"purchasable","27":"product-type-variable","28":"has-default-attributes"},"acf":[],"uagb_featured_image_src":{"full":["https:\/\/turkishtrade.co\/wp-content\/uploads\/2026\/01\/2600NZWMN00017-BLACK.png",453,250,false],"thumbnail":["https:\/\/turkishtrade.co\/wp-content\/uploads\/2026\/01\/2600NZWMN00017-BLACK-150x150.png",150,150,true],"medium":["https:\/\/turkishtrade.co\/wp-content\/uploads\/2026\/01\/2600NZWMN00017-BLACK-300x166.png",300,166,true],"medium_large":["https:\/\/turkishtrade.co\/wp-content\/uploads\/2026\/01\/2600NZWMN00017-BLACK.png",453,250,false],"large":["https:\/\/turkishtrade.co\/wp-content\/uploads\/2026\/01\/2600NZWMN00017-BLACK.png",453,250,false],"1536x1536":["https:\/\/turkishtrade.co\/wp-content\/uploads\/2026\/01\/2600NZWMN00017-BLACK.png",453,250,false],"2048x2048":["https:\/\/turkishtrade.co\/wp-content\/uploads\/2026\/01\/2600NZWMN00017-BLACK.png",453,250,false],"trp-custom-language-flag":["https:\/\/turkishtrade.co\/wp-content\/uploads\/2026\/01\/2600NZWMN00017-BLACK-18x10.png",18,10,true],"woocommerce_thumbnail":["https:\/\/turkishtrade.co\/wp-content\/uploads\/2026\/01\/2600NZWMN00017-BLACK-400x250.png",400,250,true],"woocommerce_single":["https:\/\/turkishtrade.co\/wp-content\/uploads\/2026\/01\/2600NZWMN00017-BLACK.png",453,250,false],"woocommerce_gallery_thumbnail":["https:\/\/turkishtrade.co\/wp-content\/uploads\/2026\/01\/2600NZWMN00017-BLACK-100x100.png",100,100,true]},"uagb_author_info":{"display_name":"python python","author_link":"https:\/\/turkishtrade.co\/es\/author\/"},"uagb_comment_info":0,"uagb_excerpt":"Crafted from premium genuine calf and goat leather for superior quality. Distinguished crocodile embossed detail on the toe cap and side panels. Classic Oxford lace-up design for a refined, sophisticated look. Lightweight and durable EVA sole ensures all-day comfort. Available in a wide range of sizes: 39, 40, 41, 42, 43, 44, 45. Ideal for&hellip;","_links":{"self":[{"href":"https:\/\/turkishtrade.co\/es\/wp-json\/wp\/v2\/product\/8317","targetHints":{"allow":["GET"]}}],"collection":[{"href":"https:\/\/turkishtrade.co\/es\/wp-json\/wp\/v2\/product"}],"about":[{"href":"https:\/\/turkishtrade.co\/es\/wp-json\/wp\/v2\/types\/product"}],"wp:featuredmedia":[{"embeddable":true,"href":"https:\/\/turkishtrade.co\/es\/wp-json\/wp\/v2\/media\/6871"}],"wp:attachment":[{"href":"https:\/\/turkishtrade.co\/es\/wp-json\/wp\/v2\/media?parent=8317"}],"wp:term":[{"taxonomy":"product_brand","embeddable":true,"href":"https:\/\/turkishtrade.co\/es\/wp-json\/wp\/v2\/product_brand?post=8317"},{"taxonomy":"product_cat","embeddable":true,"href":"https:\/\/turkishtrade.co\/es\/wp-json\/wp\/v2\/product_cat?post=8317"},{"taxonomy":"product_tag","embeddable":true,"href":"https:\/\/turkishtrade.co\/es\/wp-json\/wp\/v2\/product_tag?post=8317"}],"curies":[{"name":"wp","href":"https:\/\/api.w.org\/{rel}","templated":true}]}}