{"id":8316,"date":"2026-01-29T14:49:18","date_gmt":"2026-01-29T14:49:18","guid":{"rendered":"https:\/\/turkishtrade.co\/?post_type=product&#038;p=8316"},"modified":"2026-04-09T20:29:35","modified_gmt":"2026-04-09T20:29:35","slug":"mens-black-leather-loafers-13","status":"publish","type":"product","link":"https:\/\/turkishtrade.co\/es\/shop\/mens-black-leather-loafers-13\/","title":{"rendered":"Mocasines de hombre de cuero negro de lujo | Cl\u00e1sico de los hombres de cuero genuino negro"},"content":{"rendered":"<h3>Experimente una elegancia sin igual con nuestros mocasines de hombre en piel negra<\/h3>\n<p>Ad\u00e9ntrese en la sofisticaci\u00f3n atemporal con nuestro exquisito <b>Mocasines de cuero negro para hombre<\/b>. Meticulosamente confeccionados en piel aut\u00e9ntica 100%, estos zapatos slip-on cl\u00e1sicos est\u00e1n dise\u00f1ados para el hombre moderno que valora tanto el estilo como la comodidad. Perfecto para una amplia gama de ocasiones, desde reuniones profesionales a reuniones elegantes-casuales, estos... <b>Mocasines de cuero negro para hombre<\/b> ofrecen una versatilidad sin igual y una elegancia duradera. Experimente el tacto lujoso y el acabado impecable que distinguen a estos zapatos, convirti\u00e9ndolos en un complemento esencial para cualquier armario exigente. Su dise\u00f1o elegante, combinado con una construcci\u00f3n robusta, garantiza que causar\u00e1s una impresi\u00f3n duradera vayas donde vayas.<\/p>\n<h3>Artesan\u00eda superior y materiales de primera calidad en cada par<\/h3>\n<p>Nuestra <b>Mocasines de cuero negro para hombre<\/b> son un testimonio de artesan\u00eda superior y atenci\u00f3n al detalle. Cada par est\u00e1 fabricado con \u2018hakiki deri\u2019 (cuero aut\u00e9ntico) de primera calidad, lo que garantiza una textura rica y una durabilidad excepcional que s\u00f3lo el cuero aut\u00e9ntico puede proporcionar. El forro interior, confeccionado con cuero de primera calidad, potencialmente \u2018ic keci d dana\u2019 (en referencia al interior de cuero de cabra o ternera), proporciona un entorno suave y transpirable para los pies, mejorando el confort general y evitando la acumulaci\u00f3n de humedad. La suela robusta pero flexible, con un compuesto de EVA como indica \u2018Eva CLASSIC SHOES\u2019, ofrece una excelente absorci\u00f3n de impactos y apoyo, haciendo que estos <b>Mocasines de cuero negro para hombre<\/b> adecuado para un uso prolongado a lo largo de su ajetreado d\u00eda. Esta combinaci\u00f3n de m\u00e9todos tradicionales y materiales modernos da como resultado un calzado lujoso y pr\u00e1ctico a la vez.<\/p>\n<h3>Estilo vers\u00e1til para cada ocasi\u00f3n y oportunidades de venta al por mayor<\/h3>\n<p>El dise\u00f1o cl\u00e1sico de estos mocasines de penny <b>Mocasines de cuero negro para hombre<\/b> garantiza que nunca pasen de moda. Su est\u00e9tica elegante y discreta hace que sean incre\u00edblemente f\u00e1ciles de combinar con distintos atuendos. Ll\u00e9valos con trajes de sastrer\u00eda para un look business elegante, con pantalones chinos para un conjunto informal sofisticado o incluso con vaqueros oscuros para un conjunto de fin de semana sofisticado. El tono negro intenso garantiza que estos mocasines de piel aut\u00e9ntica complementen pr\u00e1cticamente cualquier paleta de colores, ofreciendo infinitas posibilidades de estilo. Disponibles en una amplia gama de tallas europeas, de la 39 a la 45, encontrar su talla perfecta no le supondr\u00e1 ning\u00fan esfuerzo. Para empresas y minoristas, nuestra cantidad m\u00ednima de pedido de 8 pares hace que estos mocasines de primera calidad sean ideales para cualquier ocasi\u00f3n. <b>Mocasines de cuero negro para hombre<\/b> una excelente opci\u00f3n para almacenar calzado de alta demanda y calidad. Invierta en calidad y estilo con estos vers\u00e1tiles <b>Mocasines de cuero negro para hombre<\/b> que pasan sin problemas del d\u00eda a la noche, de la oficina a la velada, y son perfectas para la venta al por mayor.<\/p>","protected":false},"excerpt":{"rendered":"<ul>\n<li>Fabricado en piel aut\u00e9ntica 100% de primera calidad (\u2018hakiki deri\u2019).<\/li>\n<li>Presenta un dise\u00f1o cl\u00e1sico de mocas\u00edn slip-on.<\/li>\n<li>C\u00f3moda suela de EVA para llevarlas todo el d\u00eda y ofrecer una sujeci\u00f3n excelente.<\/li>\n<li>Disponible en las tallas europeas 39, 40, 41, 42, 43, 44 y 45.<\/li>\n<li>Ideal para pedidos al por mayor con una cantidad m\u00ednima de 8 pares.<\/li>\n<\/ul>","protected":false},"featured_media":6869,"template":"","meta":{"_acf_changed":false,"_uag_custom_page_level_css":"","site-sidebar-layout":"default","site-content-layout":"","ast-site-content-layout":"default","site-content-style":"default","site-sidebar-style":"default","ast-global-header-display":"","ast-banner-title-visibility":"","ast-main-header-display":"","ast-hfb-above-header-display":"","ast-hfb-below-header-display":"","ast-hfb-mobile-header-display":"","site-post-title":"","ast-breadcrumbs-content":"","ast-featured-img":"","footer-sml-layout":"","ast-disable-related-posts":"","theme-transparent-header-meta":"","adv-header-id-meta":"","stick-header-meta":"","header-above-stick-meta":"","header-main-stick-meta":"","header-below-stick-meta":"","astra-migrate-meta-layouts":"default","ast-page-background-enabled":"default","ast-page-background-meta":{"desktop":{"background-color":"var(--ast-global-color-4)","background-image":"","background-repeat":"repeat","background-position":"center center","background-size":"auto","background-attachment":"scroll","background-type":"","background-media":"","overlay-type":"","overlay-color":"","overlay-opacity":"","overlay-gradient":""},"tablet":{"background-color":"","background-image":"","background-repeat":"repeat","background-position":"center center","background-size":"auto","background-attachment":"scroll","background-type":"","background-media":"","overlay-type":"","overlay-color":"","overlay-opacity":"","overlay-gradient":""},"mobile":{"background-color":"","background-image":"","background-repeat":"repeat","background-position":"center center","background-size":"auto","background-attachment":"scroll","background-type":"","background-media":"","overlay-type":"","overlay-color":"","overlay-opacity":"","overlay-gradient":""}},"ast-content-background-meta":{"desktop":{"background-color":"var(--ast-global-color-5)","background-image":"","background-repeat":"repeat","background-position":"center center","background-size":"auto","background-attachment":"scroll","background-type":"","background-media":"","overlay-type":"","overlay-color":"","overlay-opacity":"","overlay-gradient":""},"tablet":{"background-color":"var(--ast-global-color-5)","background-image":"","background-repeat":"repeat","background-position":"center center","background-size":"auto","background-attachment":"scroll","background-type":"","background-media":"","overlay-type":"","overlay-color":"","overlay-opacity":"","overlay-gradient":""},"mobile":{"background-color":"var(--ast-global-color-5)","background-image":"","background-repeat":"repeat","background-position":"center center","background-size":"auto","background-attachment":"scroll","background-type":"","background-media":"","overlay-type":"","overlay-color":"","overlay-opacity":"","overlay-gradient":""}}},"product_brand":[],"product_cat":[47,430,1200],"product_tag":[295,457,319,287,352,952,1302,733,372,262],"class_list":{"0":"post-8316","1":"product","2":"type-product","3":"status-publish","4":"has-post-thumbnail","6":"product_cat-classic","7":"product_cat-men","8":"product_cat-mens-shoes-2","9":"product_tag-black-dress-shoes","10":"product_tag-classic-loafers","11":"product_tag-comfortable-leather-shoes","12":"product_tag-eva-sole-shoes","13":"product_tag-formal-loafers","14":"product_tag-genuine-leather-shoes","15":"product_tag-leather-penny-loafers","16":"product_tag-mens-black-leather-loafers","17":"product_tag-mens-slip-on-shoes","18":"product_tag-wholesale-mens-shoes","19":"desktop-align-center","20":"tablet-align-center","21":"mobile-align-center","23":"first","24":"instock","25":"shipping-taxable","26":"purchasable","27":"product-type-variable","28":"has-default-attributes"},"acf":[],"uagb_featured_image_src":{"full":["https:\/\/turkishtrade.co\/wp-content\/uploads\/2026\/01\/2600NZWMN00016-BLACK.png",453,250,false],"thumbnail":["https:\/\/turkishtrade.co\/wp-content\/uploads\/2026\/01\/2600NZWMN00016-BLACK-150x150.png",150,150,true],"medium":["https:\/\/turkishtrade.co\/wp-content\/uploads\/2026\/01\/2600NZWMN00016-BLACK-300x166.png",300,166,true],"medium_large":["https:\/\/turkishtrade.co\/wp-content\/uploads\/2026\/01\/2600NZWMN00016-BLACK.png",453,250,false],"large":["https:\/\/turkishtrade.co\/wp-content\/uploads\/2026\/01\/2600NZWMN00016-BLACK.png",453,250,false],"1536x1536":["https:\/\/turkishtrade.co\/wp-content\/uploads\/2026\/01\/2600NZWMN00016-BLACK.png",453,250,false],"2048x2048":["https:\/\/turkishtrade.co\/wp-content\/uploads\/2026\/01\/2600NZWMN00016-BLACK.png",453,250,false],"trp-custom-language-flag":["https:\/\/turkishtrade.co\/wp-content\/uploads\/2026\/01\/2600NZWMN00016-BLACK-18x10.png",18,10,true],"woocommerce_thumbnail":["https:\/\/turkishtrade.co\/wp-content\/uploads\/2026\/01\/2600NZWMN00016-BLACK-400x250.png",400,250,true],"woocommerce_single":["https:\/\/turkishtrade.co\/wp-content\/uploads\/2026\/01\/2600NZWMN00016-BLACK.png",453,250,false],"woocommerce_gallery_thumbnail":["https:\/\/turkishtrade.co\/wp-content\/uploads\/2026\/01\/2600NZWMN00016-BLACK-100x100.png",100,100,true]},"uagb_author_info":{"display_name":"python python","author_link":"https:\/\/turkishtrade.co\/es\/author\/"},"uagb_comment_info":0,"uagb_excerpt":"Crafted from premium 100% genuine leather ('hakiki deri'). Features a classic slip-on penny loafer design. Comfortable EVA sole for all-day wear and excellent support. Available in European sizes 39, 40, 41, 42, 43, 44, 45. Ideal for wholesale orders with a minimum quantity of 8 pairs.","_links":{"self":[{"href":"https:\/\/turkishtrade.co\/es\/wp-json\/wp\/v2\/product\/8316","targetHints":{"allow":["GET"]}}],"collection":[{"href":"https:\/\/turkishtrade.co\/es\/wp-json\/wp\/v2\/product"}],"about":[{"href":"https:\/\/turkishtrade.co\/es\/wp-json\/wp\/v2\/types\/product"}],"wp:featuredmedia":[{"embeddable":true,"href":"https:\/\/turkishtrade.co\/es\/wp-json\/wp\/v2\/media\/6869"}],"wp:attachment":[{"href":"https:\/\/turkishtrade.co\/es\/wp-json\/wp\/v2\/media?parent=8316"}],"wp:term":[{"taxonomy":"product_brand","embeddable":true,"href":"https:\/\/turkishtrade.co\/es\/wp-json\/wp\/v2\/product_brand?post=8316"},{"taxonomy":"product_cat","embeddable":true,"href":"https:\/\/turkishtrade.co\/es\/wp-json\/wp\/v2\/product_cat?post=8316"},{"taxonomy":"product_tag","embeddable":true,"href":"https:\/\/turkishtrade.co\/es\/wp-json\/wp\/v2\/product_tag?post=8316"}],"curies":[{"name":"wp","href":"https:\/\/api.w.org\/{rel}","templated":true}]}}