{"id":8291,"date":"2026-01-29T14:49:05","date_gmt":"2026-01-29T14:49:05","guid":{"rendered":"https:\/\/turkishtrade.co\/?post_type=product&#038;p=8291"},"modified":"2026-04-09T20:30:11","modified_gmt":"2026-04-09T20:30:11","slug":"mens-brown-leather-oxford-shoes-2","status":"publish","type":"product","link":"https:\/\/turkishtrade.co\/es\/shop\/mens-brown-leather-oxford-shoes-2\/","title":{"rendered":"Zapatos Oxford de cuero marr\u00f3n para hombre Sensacional | Premium con detalles de brogue"},"content":{"rendered":"<p><strong>Zapatos Oxford de piel marr\u00f3n para hombre<\/strong>. Calidad y dise\u00f1o sensacionales.<\/p>\n<p>Descubra el ep\u00edtome de la elegancia sartorial con nuestro exquisito <strong>Zapatos Oxford de piel marr\u00f3n para hombre<\/strong>. Meticulosamente elaborados a mano con aut\u00e9ntica piel de becerro de primera calidad, estos zapatos est\u00e1n dise\u00f1ados para el caballero exigente que valora tanto el estilo atemporal como la calidad sin igual. El rico tono marr\u00f3n bru\u00f1ido ofrece una versatilidad notable, por lo que estos Oxfords una adici\u00f3n esencial a cualquier guardarropa sofisticado, complementando a la perfecci\u00f3n traje de negocios, ropa formal, e incluso conjuntos casuales elegantes.<\/p>\n<h3>Artesan\u00eda inigualable y excelencia en los materiales<\/h3>\n<p>Cada par de estos excepcionales <strong>Zapatos Oxford de piel marr\u00f3n para hombre<\/strong> hace gala de una artesan\u00eda superior. El exterior est\u00e1 confeccionado en piel de becerro flexible y duradera, conocida por su suave textura y su capacidad para desarrollar una hermosa p\u00e1tina con el paso del tiempo. La cl\u00e1sica silueta Oxford se realza con una refinada puntera y elegantes perforaciones, que a\u00f1aden un toque de encanto tradicional sin renunciar a la sofisticaci\u00f3n moderna. Las costuras expertas y la robusta construcci\u00f3n garantizan no s\u00f3lo un aspecto refinado, sino tambi\u00e9n una calidad duradera que resiste el paso del tiempo.<\/p>\n<h3>Dise\u00f1ado para ofrecer la m\u00e1xima comodidad y durabilidad<\/h3>\n<p>M\u00e1s all\u00e1 de su impactante est\u00e9tica, estos <strong>Zapatos Oxford de piel marr\u00f3n para hombre<\/strong> est\u00e1n dise\u00f1adas para ofrecer comodidad. El interior presenta un suave forro de piel aut\u00e9ntica que acuna el pie, proporcionando una experiencia transpirable y c\u00f3moda durante todo el d\u00eda. El sistema de amortiguaci\u00f3n EVA integrado mejora a\u00fan m\u00e1s el confort, absorbiendo los impactos y sujetando los pies durante largas horas, tanto si se recorren los pasillos de la empresa como si se asiste a eventos especiales. La suela robusta y duradera proporciona un agarre y una estabilidad excelentes, garantizando que estos zapatos sean tan pr\u00e1cticos como elegantes.<\/p>\n<h3>Versatilidad para todas las ocasiones<\/h3>\n<p>El dise\u00f1o vers\u00e1til de nuestro <strong>Zapatos Oxford de piel marr\u00f3n para hombre<\/strong> los hace perfectos para un sinf\u00edn de ocasiones. Comb\u00ednalos con un traje elegante para reuniones de negocios importantes, un esmoquin para encuentros formales o unos pantalones elegantes y una americana para un look semiformal. Su atractivo cl\u00e1sico te garantiza que siempre causar\u00e1s una impresi\u00f3n segura y elegante. Invertir en estos Oxford de primera calidad significa invertir en una pieza de calzado que eleva todo tu vestuario y refleja tu gusto impecable.<\/p>\n<h3>Oportunidades de venta al por mayor<\/h3>\n<p>Para los minoristas y las empresas que desean ofrecer calzado de piel aut\u00e9ntica de alta calidad, nuestro <strong>Zapatos Oxford de piel marr\u00f3n para hombre<\/strong> est\u00e1n disponibles para su compra al por mayor. Requerimos un pedido m\u00ednimo de 8 pares, lo que le permite almacenar una gama de tama\u00f1os y satisfacer las demandas de su clientela. Proporcione a sus clientes el lujo y la comodidad que se merecen, y mejore su inventario con estos zapatos de impecable factura.<\/p>","protected":false},"excerpt":{"rendered":"<ul>\n<li>Fabricados a mano en aut\u00e9ntica piel de becerro para ofrecer una calidad superior y un tacto lujoso.<\/li>\n<li>Presenta un dise\u00f1o Oxford cl\u00e1sico con una elegante puntera y sutiles perforaciones.<\/li>\n<li>Dise\u00f1ado para un confort excepcional, ideal para largas horas en entornos formales o de negocios.<\/li>\n<li>Disponible en una amplia gama de tallas de la UE, de la 39 a la 45, para garantizar el ajuste perfecto.<\/li>\n<li>Se admiten consultas al por mayor. Pedido m\u00ednimo de 8 pares.<\/li>\n<\/ul>","protected":false},"featured_media":6857,"template":"","meta":{"_acf_changed":false,"_uag_custom_page_level_css":"","site-sidebar-layout":"default","site-content-layout":"","ast-site-content-layout":"default","site-content-style":"default","site-sidebar-style":"default","ast-global-header-display":"","ast-banner-title-visibility":"","ast-main-header-display":"","ast-hfb-above-header-display":"","ast-hfb-below-header-display":"","ast-hfb-mobile-header-display":"","site-post-title":"","ast-breadcrumbs-content":"","ast-featured-img":"","footer-sml-layout":"","ast-disable-related-posts":"","theme-transparent-header-meta":"","adv-header-id-meta":"","stick-header-meta":"","header-above-stick-meta":"","header-main-stick-meta":"","header-below-stick-meta":"","astra-migrate-meta-layouts":"default","ast-page-background-enabled":"default","ast-page-background-meta":{"desktop":{"background-color":"var(--ast-global-color-4)","background-image":"","background-repeat":"repeat","background-position":"center center","background-size":"auto","background-attachment":"scroll","background-type":"","background-media":"","overlay-type":"","overlay-color":"","overlay-opacity":"","overlay-gradient":""},"tablet":{"background-color":"","background-image":"","background-repeat":"repeat","background-position":"center center","background-size":"auto","background-attachment":"scroll","background-type":"","background-media":"","overlay-type":"","overlay-color":"","overlay-opacity":"","overlay-gradient":""},"mobile":{"background-color":"","background-image":"","background-repeat":"repeat","background-position":"center center","background-size":"auto","background-attachment":"scroll","background-type":"","background-media":"","overlay-type":"","overlay-color":"","overlay-opacity":"","overlay-gradient":""}},"ast-content-background-meta":{"desktop":{"background-color":"var(--ast-global-color-5)","background-image":"","background-repeat":"repeat","background-position":"center center","background-size":"auto","background-attachment":"scroll","background-type":"","background-media":"","overlay-type":"","overlay-color":"","overlay-opacity":"","overlay-gradient":""},"tablet":{"background-color":"var(--ast-global-color-5)","background-image":"","background-repeat":"repeat","background-position":"center center","background-size":"auto","background-attachment":"scroll","background-type":"","background-media":"","overlay-type":"","overlay-color":"","overlay-opacity":"","overlay-gradient":""},"mobile":{"background-color":"var(--ast-global-color-5)","background-image":"","background-repeat":"repeat","background-position":"center center","background-size":"auto","background-attachment":"scroll","background-type":"","background-media":"","overlay-type":"","overlay-color":"","overlay-opacity":"","overlay-gradient":""}}},"product_brand":[],"product_cat":[47,430,1200],"product_tag":[654,830,405,754,1265,201,952,286,255],"class_list":{"0":"post-8291","1":"product","2":"type-product","3":"status-publish","4":"has-post-thumbnail","6":"product_cat-classic","7":"product_cat-men","8":"product_cat-mens-shoes-2","9":"product_tag-brogue-shoes","10":"product_tag-brown-oxford-shoes","11":"product_tag-business-shoes","12":"product_tag-classic-mens-shoes","13":"product_tag-dress-shoes-men","14":"product_tag-formal-footwear","15":"product_tag-genuine-leather-shoes","16":"product_tag-mens-leather-shoes","17":"product_tag-turkish-leather-shoes","18":"desktop-align-center","19":"tablet-align-center","20":"mobile-align-center","22":"first","23":"instock","24":"shipping-taxable","25":"purchasable","26":"product-type-variable","27":"has-default-attributes"},"acf":[],"uagb_featured_image_src":{"full":["https:\/\/turkishtrade.co\/wp-content\/uploads\/2026\/01\/2600NZWMN00007-BLACK.png",453,250,false],"thumbnail":["https:\/\/turkishtrade.co\/wp-content\/uploads\/2026\/01\/2600NZWMN00007-BLACK-150x150.png",150,150,true],"medium":["https:\/\/turkishtrade.co\/wp-content\/uploads\/2026\/01\/2600NZWMN00007-BLACK-300x166.png",300,166,true],"medium_large":["https:\/\/turkishtrade.co\/wp-content\/uploads\/2026\/01\/2600NZWMN00007-BLACK.png",453,250,false],"large":["https:\/\/turkishtrade.co\/wp-content\/uploads\/2026\/01\/2600NZWMN00007-BLACK.png",453,250,false],"1536x1536":["https:\/\/turkishtrade.co\/wp-content\/uploads\/2026\/01\/2600NZWMN00007-BLACK.png",453,250,false],"2048x2048":["https:\/\/turkishtrade.co\/wp-content\/uploads\/2026\/01\/2600NZWMN00007-BLACK.png",453,250,false],"trp-custom-language-flag":["https:\/\/turkishtrade.co\/wp-content\/uploads\/2026\/01\/2600NZWMN00007-BLACK-18x10.png",18,10,true],"woocommerce_thumbnail":["https:\/\/turkishtrade.co\/wp-content\/uploads\/2026\/01\/2600NZWMN00007-BLACK-400x250.png",400,250,true],"woocommerce_single":["https:\/\/turkishtrade.co\/wp-content\/uploads\/2026\/01\/2600NZWMN00007-BLACK.png",453,250,false],"woocommerce_gallery_thumbnail":["https:\/\/turkishtrade.co\/wp-content\/uploads\/2026\/01\/2600NZWMN00007-BLACK-100x100.png",100,100,true]},"uagb_author_info":{"display_name":"python python","author_link":"https:\/\/turkishtrade.co\/es\/author\/"},"uagb_comment_info":0,"uagb_excerpt":"Handcrafted from genuine calfskin leather for superior quality and luxurious feel. Features a classic Oxford design with elegant cap toe and subtle brogue perforations. Designed for exceptional comfort, ideal for long hours in formal or business settings. Available in a wide range of EU sizes from 39 to 45 to ensure the perfect fit. Wholesale&hellip;","_links":{"self":[{"href":"https:\/\/turkishtrade.co\/es\/wp-json\/wp\/v2\/product\/8291","targetHints":{"allow":["GET"]}}],"collection":[{"href":"https:\/\/turkishtrade.co\/es\/wp-json\/wp\/v2\/product"}],"about":[{"href":"https:\/\/turkishtrade.co\/es\/wp-json\/wp\/v2\/types\/product"}],"wp:featuredmedia":[{"embeddable":true,"href":"https:\/\/turkishtrade.co\/es\/wp-json\/wp\/v2\/media\/6857"}],"wp:attachment":[{"href":"https:\/\/turkishtrade.co\/es\/wp-json\/wp\/v2\/media?parent=8291"}],"wp:term":[{"taxonomy":"product_brand","embeddable":true,"href":"https:\/\/turkishtrade.co\/es\/wp-json\/wp\/v2\/product_brand?post=8291"},{"taxonomy":"product_cat","embeddable":true,"href":"https:\/\/turkishtrade.co\/es\/wp-json\/wp\/v2\/product_cat?post=8291"},{"taxonomy":"product_tag","embeddable":true,"href":"https:\/\/turkishtrade.co\/es\/wp-json\/wp\/v2\/product_tag?post=8291"}],"curies":[{"name":"wp","href":"https:\/\/api.w.org\/{rel}","templated":true}]}}