{"id":8290,"date":"2026-01-29T14:49:05","date_gmt":"2026-01-29T14:49:05","guid":{"rendered":"https:\/\/turkishtrade.co\/?post_type=product&#038;p=8290"},"modified":"2026-04-09T20:30:17","modified_gmt":"2026-04-09T20:30:17","slug":"mens-black-leather-loafers-15","status":"publish","type":"product","link":"https:\/\/turkishtrade.co\/es\/shop\/mens-black-leather-loafers-15\/","title":{"rendered":"Mocasines de cuero negro para hombre Inmejorables | Cl\u00e1sicos con detalle trenzado"},"content":{"rendered":"<p><strong>Mocasines de cuero negro para hombre<\/strong>. Calidad y dise\u00f1o inmejorables.<\/p>\n<p>Ad\u00e9ntrese en una sofisticaci\u00f3n sin igual con nuestro exquisito <strong>Mocasines de cuero negro para hombre<\/strong>. Dise\u00f1ados para el caballero exigente, estos mocasines combinan a la perfecci\u00f3n la elegancia atemporal con la comodidad moderna, convirti\u00e9ndolos en un complemento indispensable para cualquier armario. Cada par de estos mocasines <strong>Mocasines de cuero negro para hombre<\/strong> es un testimonio de artesan\u00eda superior, que garantiza tanto un estilo perdurable como una durabilidad excepcional.<\/p>\n<h3>Calidad y materiales inigualables<\/h3>\n<p>Nuestro compromiso con la calidad comienza con la selecci\u00f3n de los mejores materiales. La parte superior de estos elegantes <strong>Mocasines de cuero negro para hombre<\/strong> est\u00e1 meticulosamente confeccionado en aut\u00e9ntica piel de ternero, famosa por su suave textura, resistencia y capacidad para desarrollar una hermosa p\u00e1tina con el paso del tiempo. En el interior, sus pies experimentar\u00e1n el lujoso abrazo del suave forro de piel de cabra, que proporciona transpirabilidad y un ajuste c\u00f3modo como un guante que se amolda a su pie con cada uso. La intrincada costura de la puntera y el distintivo detalle de la correa trenzada no son meros toques est\u00e9ticos, sino que reflejan la meticulosa atenci\u00f3n al detalle que se presta a cada par de estos mocasines cl\u00e1sicos.<\/p>\n<h3>Dise\u00f1ado para ofrecer comodidad y versatilidad<\/h3>\n<p>La comodidad es primordial, por eso estas <strong>Mocasines de cuero negro para hombre<\/strong> cuentan con una innovadora suela integrada de EVA. Esta construcci\u00f3n avanzada proporciona una amortiguaci\u00f3n superior y una flexibilidad ligera, lo que le permite moverse con facilidad y confianza durante todo el d\u00eda, tanto si se desplaza por las calles de la ciudad como si asiste a una larga reuni\u00f3n de negocios. El cl\u00e1sico dise\u00f1o sin cordones ofrece comodidad, mientras que la robusta construcci\u00f3n garantiza un uso duradero.<\/p>\n<p>Estos vers\u00e1tiles <strong>Mocasines de cuero negro para hombre<\/strong> son perfectas para una gran variedad de ocasiones. Comb\u00ednalos con un traje elegante para un look formal de negocios, con unos pantalones chinos para un conjunto elegante e informal, o con unos vaqueros de sastrer\u00eda para un sofisticado conjunto de fin de semana. Su atractivo atemporal garantiza que seguir\u00e1n siendo un b\u00e1sico en tu colecci\u00f3n de calzado durante a\u00f1os. Est\u00e1n disponibles en una amplia gama de tallas de la UE (39-45), lo que garantiza un ajuste perfecto para todos los clientes que buscan estos zapatos de alta calidad. <strong>Mocasines de cuero negro para hombre<\/strong>.<\/p>\n<h3>Oportunidades al por mayor<\/h3>\n<p>Para los minoristas y las empresas que desean ofrecer calzado de primera calidad, nuestro <strong>Mocasines de cuero negro para hombre<\/strong> est\u00e1n disponibles para su compra al por mayor. Requerimos un pedido m\u00ednimo de s\u00f3lo 8 pares, por lo que es f\u00e1cil abastecerse de esta opci\u00f3n popular y elegante. Eleve su inventario con estas exquisitamente elaboradas <strong>Mocasines de cuero negro para hombre<\/strong>, conocidos por sus materiales superiores, su comodidad y su dise\u00f1o cl\u00e1sico. Proporcione a sus clientes el calzado sofisticado que se merecen, dise\u00f1ado para impresionar y rendir.<\/p>","protected":false},"excerpt":{"rendered":"<ul>\n<li>Fabricado en aut\u00e9ntica piel de ternero para un exterior sofisticado.<\/li>\n<li>Lujosamente forrado con suave piel de cabra para el m\u00e1ximo confort.<\/li>\n<li>Incorpora una suela de EVA integrada para mayor comodidad y flexibilidad.<\/li>\n<li>Presenta un elegante detalle de correa trenzada y la cl\u00e1sica costura moc-toe.<\/li>\n<li>Perfecta tanto para un entorno formal de negocios como para un atuendo informal refinado.<\/li>\n<li>Disponible en tallas UE 39, 40, 41, 42, 43, 44, 45.<\/li>\n<li>Oportunidades de venta al por mayor disponibles con una cantidad m\u00ednima de pedido de 8 pares.<\/li>\n<\/ul>","protected":false},"featured_media":6855,"template":"","meta":{"_acf_changed":false,"_uag_custom_page_level_css":"","site-sidebar-layout":"default","site-content-layout":"","ast-site-content-layout":"default","site-content-style":"default","site-sidebar-style":"default","ast-global-header-display":"","ast-banner-title-visibility":"","ast-main-header-display":"","ast-hfb-above-header-display":"","ast-hfb-below-header-display":"","ast-hfb-mobile-header-display":"","site-post-title":"","ast-breadcrumbs-content":"","ast-featured-img":"","footer-sml-layout":"","ast-disable-related-posts":"","theme-transparent-header-meta":"","adv-header-id-meta":"","stick-header-meta":"","header-above-stick-meta":"","header-main-stick-meta":"","header-below-stick-meta":"","astra-migrate-meta-layouts":"default","ast-page-background-enabled":"default","ast-page-background-meta":{"desktop":{"background-color":"var(--ast-global-color-4)","background-image":"","background-repeat":"repeat","background-position":"center center","background-size":"auto","background-attachment":"scroll","background-type":"","background-media":"","overlay-type":"","overlay-color":"","overlay-opacity":"","overlay-gradient":""},"tablet":{"background-color":"","background-image":"","background-repeat":"repeat","background-position":"center center","background-size":"auto","background-attachment":"scroll","background-type":"","background-media":"","overlay-type":"","overlay-color":"","overlay-opacity":"","overlay-gradient":""},"mobile":{"background-color":"","background-image":"","background-repeat":"repeat","background-position":"center center","background-size":"auto","background-attachment":"scroll","background-type":"","background-media":"","overlay-type":"","overlay-color":"","overlay-opacity":"","overlay-gradient":""}},"ast-content-background-meta":{"desktop":{"background-color":"var(--ast-global-color-5)","background-image":"","background-repeat":"repeat","background-position":"center center","background-size":"auto","background-attachment":"scroll","background-type":"","background-media":"","overlay-type":"","overlay-color":"","overlay-opacity":"","overlay-gradient":""},"tablet":{"background-color":"var(--ast-global-color-5)","background-image":"","background-repeat":"repeat","background-position":"center center","background-size":"auto","background-attachment":"scroll","background-type":"","background-media":"","overlay-type":"","overlay-color":"","overlay-opacity":"","overlay-gradient":""},"mobile":{"background-color":"var(--ast-global-color-5)","background-image":"","background-repeat":"repeat","background-position":"center center","background-size":"auto","background-attachment":"scroll","background-type":"","background-media":"","overlay-type":"","overlay-color":"","overlay-opacity":"","overlay-gradient":""}}},"product_brand":[],"product_cat":[47,430,1200],"product_tag":[196,513,145,737,450,215,198,186,184,281],"class_list":{"0":"post-8290","1":"product","2":"type-product","3":"status-publish","4":"has-post-thumbnail","6":"product_cat-classic","7":"product_cat-men","8":"product_cat-mens-shoes-2","9":"product_tag-black-leather-shoes","10":"product_tag-business-casual-shoes","11":"product_tag-classic-shoes","12":"product_tag-dress-loafers","13":"product_tag-handcrafted-shoes","14":"product_tag-leather-loafers","15":"product_tag-mens-fashion","16":"product_tag-mens-loafers","17":"product_tag-slip-on-shoes","18":"product_tag-wholesale-shoes","19":"desktop-align-center","20":"tablet-align-center","21":"mobile-align-center","23":"first","24":"instock","25":"shipping-taxable","26":"purchasable","27":"product-type-variable","28":"has-default-attributes"},"acf":[],"uagb_featured_image_src":{"full":["https:\/\/turkishtrade.co\/wp-content\/uploads\/2026\/01\/2600NZWMN00006-BLACK.png",453,250,false],"thumbnail":["https:\/\/turkishtrade.co\/wp-content\/uploads\/2026\/01\/2600NZWMN00006-BLACK-150x150.png",150,150,true],"medium":["https:\/\/turkishtrade.co\/wp-content\/uploads\/2026\/01\/2600NZWMN00006-BLACK-300x166.png",300,166,true],"medium_large":["https:\/\/turkishtrade.co\/wp-content\/uploads\/2026\/01\/2600NZWMN00006-BLACK.png",453,250,false],"large":["https:\/\/turkishtrade.co\/wp-content\/uploads\/2026\/01\/2600NZWMN00006-BLACK.png",453,250,false],"1536x1536":["https:\/\/turkishtrade.co\/wp-content\/uploads\/2026\/01\/2600NZWMN00006-BLACK.png",453,250,false],"2048x2048":["https:\/\/turkishtrade.co\/wp-content\/uploads\/2026\/01\/2600NZWMN00006-BLACK.png",453,250,false],"trp-custom-language-flag":["https:\/\/turkishtrade.co\/wp-content\/uploads\/2026\/01\/2600NZWMN00006-BLACK-18x10.png",18,10,true],"woocommerce_thumbnail":["https:\/\/turkishtrade.co\/wp-content\/uploads\/2026\/01\/2600NZWMN00006-BLACK-400x250.png",400,250,true],"woocommerce_single":["https:\/\/turkishtrade.co\/wp-content\/uploads\/2026\/01\/2600NZWMN00006-BLACK.png",453,250,false],"woocommerce_gallery_thumbnail":["https:\/\/turkishtrade.co\/wp-content\/uploads\/2026\/01\/2600NZWMN00006-BLACK-100x100.png",100,100,true]},"uagb_author_info":{"display_name":"python python","author_link":"https:\/\/turkishtrade.co\/es\/author\/"},"uagb_comment_info":0,"uagb_excerpt":"Crafted from genuine calf leather for a sophisticated exterior. Luxuriously lined with soft goat leather for ultimate comfort. Features a comfort-enhanced EVA-integrated sole for lightweight flexibility. Boasts elegant braided strap detail and classic moc-toe stitching. Perfect for both formal business settings and refined casual wear. Available in EU sizes 39, 40, 41, 42, 43, 44,&hellip;","_links":{"self":[{"href":"https:\/\/turkishtrade.co\/es\/wp-json\/wp\/v2\/product\/8290","targetHints":{"allow":["GET"]}}],"collection":[{"href":"https:\/\/turkishtrade.co\/es\/wp-json\/wp\/v2\/product"}],"about":[{"href":"https:\/\/turkishtrade.co\/es\/wp-json\/wp\/v2\/types\/product"}],"wp:featuredmedia":[{"embeddable":true,"href":"https:\/\/turkishtrade.co\/es\/wp-json\/wp\/v2\/media\/6855"}],"wp:attachment":[{"href":"https:\/\/turkishtrade.co\/es\/wp-json\/wp\/v2\/media?parent=8290"}],"wp:term":[{"taxonomy":"product_brand","embeddable":true,"href":"https:\/\/turkishtrade.co\/es\/wp-json\/wp\/v2\/product_brand?post=8290"},{"taxonomy":"product_cat","embeddable":true,"href":"https:\/\/turkishtrade.co\/es\/wp-json\/wp\/v2\/product_cat?post=8290"},{"taxonomy":"product_tag","embeddable":true,"href":"https:\/\/turkishtrade.co\/es\/wp-json\/wp\/v2\/product_tag?post=8290"}],"curies":[{"name":"wp","href":"https:\/\/api.w.org\/{rel}","templated":true}]}}