{"id":8287,"date":"2026-01-29T14:49:04","date_gmt":"2026-01-29T14:49:04","guid":{"rendered":"https:\/\/turkishtrade.co\/?post_type=product&#038;p=8287"},"modified":"2026-04-09T20:30:25","modified_gmt":"2026-04-09T20:30:25","slug":"mens-black-patent-loafers-2","status":"publish","type":"product","link":"https:\/\/turkishtrade.co\/es\/shop\/mens-black-patent-loafers-2\/","title":{"rendered":"Mocasines de charol negro para hombre Sensacional | Mocasines de charol negro para hombre"},"content":{"rendered":"<p><strong>Mocasines de charol negro para hombre<\/strong>. Calidad y dise\u00f1o sensacionales.<\/p>\n<p>Ad\u00e9ntrese en una sofisticaci\u00f3n sin igual con nuestro exquisito <b>Mocasines de charol negro para hombre<\/b>. Dise\u00f1ados para el caballero moderno, estos zapatos cl\u00e1sicos combinan a la perfecci\u00f3n la elegancia atemporal con la comodidad contempor\u00e1nea, convirti\u00e9ndolos en un complemento esencial para cualquier armario exigente.<\/p>\n<h3>Artesan\u00eda inigualable y materiales de primera calidad<\/h3>\n<p>Cada par de estas <b>Mocasines de charol negro para hombre<\/b> est\u00e1 meticulosamente confeccionado con la mejor piel aut\u00e9ntica. La parte superior luce un impresionante acabado de charol que capta la luz maravillosamente, mientras que el interior est\u00e1 forrado de suave piel de cabra transpirable, garantizando un lujoso confort a cada paso. La suela de EVA, robusta pero ligera, proporciona una amortiguaci\u00f3n y flexibilidad excepcionales, permiti\u00e9ndole moverse con facilidad durante todo el d\u00eda sin renunciar al estilo. Nuestro inquebrantable compromiso con la calidad garantiza un zapato duradero que resiste el paso del tiempo, reflejo de la superior artesan\u00eda turca.<\/p>\n<h3>Dise\u00f1o elegante para cualquier ocasi\u00f3n<\/h3>\n<p>Con una silueta elegante complementada con un sutil pero llamativo detalle de hebilla met\u00e1lica, estas <b>Mocasines de charol negro para hombre<\/b> desprenden un aire de refinado encanto. Su dise\u00f1o vers\u00e1til los hace adecuados para multitud de ocasiones. Comb\u00ednalos con un traje elegante para reuniones de negocios importantes, eventos formales como bodas y galas, o mod\u00e9ralos ligeramente con unos pantalones de sastrer\u00eda y una americana elegante para un look sofisticado semi-casual. Estos mocasines se han dise\u00f1ado para que causes una impresi\u00f3n duradera en cualquier situaci\u00f3n.<\/p>\n<h3>Comodidad superior y ajuste perfecto<\/h3>\n<p>Experimente la comodidad durante todo el d\u00eda gracias a la construcci\u00f3n cuidadosamente dise\u00f1ada y a los materiales de alta calidad. Disponibles en una amplia gama de tallas europeas, entre ellas 39, 40, 41, 42, 43, 44 y 45, estos <b>Mocasines de charol negro para hombre<\/b> est\u00e1n dise\u00f1adas para proporcionar un ajuste \u00f3ptimo a distintos tama\u00f1os de pie. La avanzada suela de EVA no s\u00f3lo ofrece una amortiguaci\u00f3n superior, sino que tambi\u00e9n contribuye significativamente a la ligereza general del zapato, reduciendo activamente la fatiga del pie incluso despu\u00e9s de un uso prolongado.<\/p>\n<h3>Oportunidad para mayoristas<\/h3>\n<p>Para los minoristas y las empresas que buscan ofrecer calzado de primera calidad, estas excepcionales <b>Mocasines de charol negro para hombre<\/b> est\u00e1n disponibles para su compra al por mayor. Con una cantidad m\u00ednima de pedido de s\u00f3lo 8 pares, podr\u00e1 abastecerse f\u00e1cilmente de un codiciado producto que promete alta calidad y un estilo impecable a sus valiosos clientes. As\u00f3ciese con nosotros para aportar elegancia de cuero aut\u00e9ntico a su inventario.<\/p>\n<p>Invierta en un par de <b>Mocasines de charol negro para hombre<\/b> hoy mismo y redefina su colecci\u00f3n de calzado con un toque de elegancia atemporal y artesan\u00eda inigualable. No son solo zapatos; son una declaraci\u00f3n de gusto sofisticado.<\/p>","protected":false},"excerpt":{"rendered":"<ul>\n<li>Parte superior y forro de aut\u00e9ntica piel de ternera y cabra de primera calidad para un confort y una durabilidad m\u00e1ximos.<\/li>\n<li>El elegante acabado en charol negro a\u00f1ade un toque de sofisticaci\u00f3n a cualquier conjunto.<\/li>\n<li>La suela de EVA ligera y flexible proporciona comodidad durante todo el d\u00eda y una amortiguaci\u00f3n superior.<\/li>\n<li>La elegante hebilla met\u00e1lica realza el dise\u00f1o cl\u00e1sico del mocas\u00edn.<\/li>\n<li>Disponible en las tallas EU 39, 40, 41, 42, 43, 44, 45 para un ajuste perfecto.<\/li>\n<li>Oportunidades de venta al por mayor disponibles con un pedido m\u00ednimo de 8 pares.<\/li>\n<\/ul>","protected":false},"featured_media":6852,"template":"","meta":{"_acf_changed":false,"_uag_custom_page_level_css":"","site-sidebar-layout":"default","site-content-layout":"","ast-site-content-layout":"default","site-content-style":"default","site-sidebar-style":"default","ast-global-header-display":"","ast-banner-title-visibility":"","ast-main-header-display":"","ast-hfb-above-header-display":"","ast-hfb-below-header-display":"","ast-hfb-mobile-header-display":"","site-post-title":"","ast-breadcrumbs-content":"","ast-featured-img":"","footer-sml-layout":"","ast-disable-related-posts":"","theme-transparent-header-meta":"","adv-header-id-meta":"","stick-header-meta":"","header-above-stick-meta":"","header-main-stick-meta":"","header-below-stick-meta":"","astra-migrate-meta-layouts":"default","ast-page-background-enabled":"default","ast-page-background-meta":{"desktop":{"background-color":"var(--ast-global-color-4)","background-image":"","background-repeat":"repeat","background-position":"center center","background-size":"auto","background-attachment":"scroll","background-type":"","background-media":"","overlay-type":"","overlay-color":"","overlay-opacity":"","overlay-gradient":""},"tablet":{"background-color":"","background-image":"","background-repeat":"repeat","background-position":"center center","background-size":"auto","background-attachment":"scroll","background-type":"","background-media":"","overlay-type":"","overlay-color":"","overlay-opacity":"","overlay-gradient":""},"mobile":{"background-color":"","background-image":"","background-repeat":"repeat","background-position":"center center","background-size":"auto","background-attachment":"scroll","background-type":"","background-media":"","overlay-type":"","overlay-color":"","overlay-opacity":"","overlay-gradient":""}},"ast-content-background-meta":{"desktop":{"background-color":"var(--ast-global-color-5)","background-image":"","background-repeat":"repeat","background-position":"center center","background-size":"auto","background-attachment":"scroll","background-type":"","background-media":"","overlay-type":"","overlay-color":"","overlay-opacity":"","overlay-gradient":""},"tablet":{"background-color":"var(--ast-global-color-5)","background-image":"","background-repeat":"repeat","background-position":"center center","background-size":"auto","background-attachment":"scroll","background-type":"","background-media":"","overlay-type":"","overlay-color":"","overlay-opacity":"","overlay-gradient":""},"mobile":{"background-color":"var(--ast-global-color-5)","background-image":"","background-repeat":"repeat","background-position":"center center","background-size":"auto","background-attachment":"scroll","background-type":"","background-media":"","overlay-type":"","overlay-color":"","overlay-opacity":"","overlay-gradient":""}}},"product_brand":[],"product_cat":[47,430,1200],"product_tag":[315,457,609,287,1294,932,860,565,657,596],"class_list":{"0":"post-8287","1":"product","2":"type-product","3":"status-publish","4":"has-post-thumbnail","6":"product_cat-classic","7":"product_cat-men","8":"product_cat-mens-shoes-2","9":"product_tag-buckle-loafers","10":"product_tag-classic-loafers","11":"product_tag-elegant-mens-shoes","12":"product_tag-eva-sole-shoes","13":"product_tag-genuine-leather-loafers","14":"product_tag-mens-black-patent-loafers","15":"product_tag-mens-dress-loafers","16":"product_tag-mens-formal-shoes","17":"product_tag-patent-leather-shoes","18":"product_tag-turkish-made-shoes","19":"desktop-align-center","20":"tablet-align-center","21":"mobile-align-center","23":"first","24":"instock","25":"shipping-taxable","26":"purchasable","27":"product-type-variable","28":"has-default-attributes"},"acf":[],"uagb_featured_image_src":{"full":["https:\/\/turkishtrade.co\/wp-content\/uploads\/2026\/01\/2600NZWMN00003-BLACK.png",453,250,false],"thumbnail":["https:\/\/turkishtrade.co\/wp-content\/uploads\/2026\/01\/2600NZWMN00003-BLACK-150x150.png",150,150,true],"medium":["https:\/\/turkishtrade.co\/wp-content\/uploads\/2026\/01\/2600NZWMN00003-BLACK-300x166.png",300,166,true],"medium_large":["https:\/\/turkishtrade.co\/wp-content\/uploads\/2026\/01\/2600NZWMN00003-BLACK.png",453,250,false],"large":["https:\/\/turkishtrade.co\/wp-content\/uploads\/2026\/01\/2600NZWMN00003-BLACK.png",453,250,false],"1536x1536":["https:\/\/turkishtrade.co\/wp-content\/uploads\/2026\/01\/2600NZWMN00003-BLACK.png",453,250,false],"2048x2048":["https:\/\/turkishtrade.co\/wp-content\/uploads\/2026\/01\/2600NZWMN00003-BLACK.png",453,250,false],"trp-custom-language-flag":["https:\/\/turkishtrade.co\/wp-content\/uploads\/2026\/01\/2600NZWMN00003-BLACK-18x10.png",18,10,true],"woocommerce_thumbnail":["https:\/\/turkishtrade.co\/wp-content\/uploads\/2026\/01\/2600NZWMN00003-BLACK-400x250.png",400,250,true],"woocommerce_single":["https:\/\/turkishtrade.co\/wp-content\/uploads\/2026\/01\/2600NZWMN00003-BLACK.png",453,250,false],"woocommerce_gallery_thumbnail":["https:\/\/turkishtrade.co\/wp-content\/uploads\/2026\/01\/2600NZWMN00003-BLACK-100x100.png",100,100,true]},"uagb_author_info":{"display_name":"python python","author_link":"https:\/\/turkishtrade.co\/es\/author\/"},"uagb_comment_info":0,"uagb_excerpt":"Premium genuine calf and goat leather upper and lining for ultimate comfort and durability. Sleek black patent finish adds a touch of sophistication to any ensemble. Lightweight and flexible EVA sole provides all-day comfort and superior shock absorption. Stylish metal buckle accent enhances the classic loafer design. Available in EU sizes 39, 40, 41, 42,&hellip;","_links":{"self":[{"href":"https:\/\/turkishtrade.co\/es\/wp-json\/wp\/v2\/product\/8287","targetHints":{"allow":["GET"]}}],"collection":[{"href":"https:\/\/turkishtrade.co\/es\/wp-json\/wp\/v2\/product"}],"about":[{"href":"https:\/\/turkishtrade.co\/es\/wp-json\/wp\/v2\/types\/product"}],"wp:featuredmedia":[{"embeddable":true,"href":"https:\/\/turkishtrade.co\/es\/wp-json\/wp\/v2\/media\/6852"}],"wp:attachment":[{"href":"https:\/\/turkishtrade.co\/es\/wp-json\/wp\/v2\/media?parent=8287"}],"wp:term":[{"taxonomy":"product_brand","embeddable":true,"href":"https:\/\/turkishtrade.co\/es\/wp-json\/wp\/v2\/product_brand?post=8287"},{"taxonomy":"product_cat","embeddable":true,"href":"https:\/\/turkishtrade.co\/es\/wp-json\/wp\/v2\/product_cat?post=8287"},{"taxonomy":"product_tag","embeddable":true,"href":"https:\/\/turkishtrade.co\/es\/wp-json\/wp\/v2\/product_tag?post=8287"}],"curies":[{"name":"wp","href":"https:\/\/api.w.org\/{rel}","templated":true}]}}