{"id":8268,"date":"2026-01-29T14:48:51","date_gmt":"2026-01-29T14:48:51","guid":{"rendered":"https:\/\/turkishtrade.co\/?post_type=product&#038;p=8268"},"modified":"2026-04-09T20:30:37","modified_gmt":"2026-04-09T20:30:37","slug":"mens-cap-toe-leather-derby-shoes","status":"publish","type":"product","link":"https:\/\/turkishtrade.co\/es\/shop\/mens-cap-toe-leather-derby-shoes\/","title":{"rendered":"Derby de piel con puntera de lujo para hombre Derby de piel con puntera de lujo para hombre"},"content":{"rendered":"<p>Disfrute de un confort sofisticado con nuestros <strong>Zapatos Derby de caballero con puntera de cuero<\/strong>. Dise\u00f1ados para el hombre moderno que aprecia la calidad y el estilo, estos zapatos combinan la est\u00e9tica cl\u00e1sica con la comodidad contempor\u00e1nea. Confeccionados a mano en aut\u00e9ntica piel de vacuno, su elegante dise\u00f1o de puntera combinada con una robusta construcci\u00f3n hace que estos <strong>Zapatos Derby de caballero con puntera de cuero<\/strong> un complemento vers\u00e1til para cualquier armario. Tanto si te vistes para una salida informal como para un evento elegante o para ir a la oficina, estos zapatos ofrecen el equilibrio perfecto entre estilo refinado y comodidad para el d\u00eda a d\u00eda.<\/p>\n<h3>Artesan\u00eda inigualable y materiales de calidad superior<\/h3>\n<p>Nuestra <strong>Zapatos Derby de caballero con puntera de cuero<\/strong> est\u00e1n meticulosamente elaborados para garantizar tanto su durabilidad como un tacto lujoso. La parte superior est\u00e1 fabricada en piel de vacuno aut\u00e9ntica de alta calidad, que proporciona una textura rica y una resistencia excepcional. El distintivo detalle de la puntera a\u00f1ade un toque de elegancia tradicional, mientras que el cierre de cordones garantiza un ajuste ce\u00f1ido y c\u00f3modo. En el interior, tus pies disfrutar\u00e1n del suave tacto de un forro de aut\u00e9ntica piel de cabra, conocida por sus propiedades transpirables y de evacuaci\u00f3n de la humedad, que mantendr\u00e1n tus pies c\u00f3modos y frescos durante todo el d\u00eda.<\/p>\n<h3>Experimenta la comodidad de la ligereza con la suela de EVA<\/h3>\n<p>La comodidad es primordial con estos exquisitos <strong>Zapatos Derby de caballero con puntera de cuero<\/strong>. Hemos integrado una suela de EVA de \u00faltima generaci\u00f3n, famosa por su ligereza, flexibilidad y amortiguaci\u00f3n. Este innovador material de suela reduce significativamente el peso total del zapato, permitiendo un movimiento sin esfuerzo y un uso prolongado sin fatiga. La robusta suela de EVA tambi\u00e9n proporciona una excelente tracci\u00f3n y durabilidad, garantizando que sus pasos sean firmes y seguros en diversas superficies. Desde los desplazamientos matutinos hasta los paseos nocturnos, experimente una comodidad inigualable a cada paso.<\/p>\n<h3>Estilo vers\u00e1til para cualquier ocasi\u00f3n<\/h3>\n<p>El dise\u00f1o atemporal de estos zapatos derby los hace incre\u00edblemente vers\u00e1tiles. Su silueta cl\u00e1sica y su aspecto refinado los hacen adecuados para una amplia gama de atuendos, desde trajes elegantes hasta chinos y vaqueros. El intenso tono azul oscuro de la parte superior de piel ofrece una sofisticada alternativa a los tradicionales negro o marr\u00f3n, lo que permite combinarlos f\u00e1cilmente con diversas paletas de colores de su armario. Eleve su look profesional o a\u00f1ada un toque elegante a su conjunto informal de fin de semana con estos zapatos de piel esenciales para hombre. Para las empresas que buscan un calzado de alta calidad, estos <strong>Zapatos Derby de caballero con puntera de cuero<\/strong> est\u00e1n disponibles para la venta al por mayor, con una cantidad m\u00ednima de pedido de 16 pares, perfectos para ampliar su inventario con un art\u00edculo superventas.<\/p>","protected":false},"excerpt":{"rendered":"<ul>\n<li>Fabricado en piel de vaca aut\u00e9ntica de primera calidad<\/li>\n<li>Forro de piel de cabra suave y transpirable<\/li>\n<li>Equipado con una suela de EVA ligera y c\u00f3moda<\/li>\n<li>Derby cl\u00e1sico con puntera de cordones para un estilo atemporal<\/li>\n<li>Disponible en tallas de hombre: 40, 41, 42, 43, 44<\/li>\n<li>Perfecta para conjuntos informales, elegantes e informales de negocios<\/li>\n<li>Disponibilidad al por mayor: Pedido m\u00ednimo de 16 pares<\/li>\n<\/ul>","protected":false},"featured_media":6914,"template":"","meta":{"_acf_changed":false,"_uag_custom_page_level_css":"","site-sidebar-layout":"default","site-content-layout":"","ast-site-content-layout":"default","site-content-style":"default","site-sidebar-style":"default","ast-global-header-display":"","ast-banner-title-visibility":"","ast-main-header-display":"","ast-hfb-above-header-display":"","ast-hfb-below-header-display":"","ast-hfb-mobile-header-display":"","site-post-title":"","ast-breadcrumbs-content":"","ast-featured-img":"","footer-sml-layout":"","ast-disable-related-posts":"","theme-transparent-header-meta":"","adv-header-id-meta":"","stick-header-meta":"","header-above-stick-meta":"","header-main-stick-meta":"","header-below-stick-meta":"","astra-migrate-meta-layouts":"default","ast-page-background-enabled":"default","ast-page-background-meta":{"desktop":{"background-color":"var(--ast-global-color-4)","background-image":"","background-repeat":"repeat","background-position":"center center","background-size":"auto","background-attachment":"scroll","background-type":"","background-media":"","overlay-type":"","overlay-color":"","overlay-opacity":"","overlay-gradient":""},"tablet":{"background-color":"","background-image":"","background-repeat":"repeat","background-position":"center center","background-size":"auto","background-attachment":"scroll","background-type":"","background-media":"","overlay-type":"","overlay-color":"","overlay-opacity":"","overlay-gradient":""},"mobile":{"background-color":"","background-image":"","background-repeat":"repeat","background-position":"center center","background-size":"auto","background-attachment":"scroll","background-type":"","background-media":"","overlay-type":"","overlay-color":"","overlay-opacity":"","overlay-gradient":""}},"ast-content-background-meta":{"desktop":{"background-color":"var(--ast-global-color-5)","background-image":"","background-repeat":"repeat","background-position":"center center","background-size":"auto","background-attachment":"scroll","background-type":"","background-media":"","overlay-type":"","overlay-color":"","overlay-opacity":"","overlay-gradient":""},"tablet":{"background-color":"var(--ast-global-color-5)","background-image":"","background-repeat":"repeat","background-position":"center center","background-size":"auto","background-attachment":"scroll","background-type":"","background-media":"","overlay-type":"","overlay-color":"","overlay-opacity":"","overlay-gradient":""},"mobile":{"background-color":"var(--ast-global-color-5)","background-image":"","background-repeat":"repeat","background-position":"center center","background-size":"auto","background-attachment":"scroll","background-type":"","background-media":"","overlay-type":"","overlay-color":"","overlay-opacity":"","overlay-gradient":""}}},"product_brand":[],"product_cat":[48,47,49,430,1200],"product_tag":[1076,287,952,1278,649,1394,312,380,262],"class_list":{"0":"post-8268","1":"product","2":"type-product","3":"status-publish","4":"has-post-thumbnail","6":"product_cat-casual","7":"product_cat-classic","8":"product_cat-loafer","9":"product_cat-men","10":"product_cat-mens-shoes-2","11":"product_tag-classic-derby","12":"product_tag-eva-sole-shoes","13":"product_tag-genuine-leather-shoes","14":"product_tag-goat-lining-shoes","15":"product_tag-leather-derby-shoes","16":"product_tag-mens-cap-toe-leather-derby-shoes","17":"product_tag-mens-lace-up-shoes","18":"product_tag-smart-casual-footwear","19":"product_tag-wholesale-mens-shoes","20":"desktop-align-center","21":"tablet-align-center","22":"mobile-align-center","24":"first","25":"instock","26":"shipping-taxable","27":"purchasable","28":"product-type-variable","29":"has-default-attributes"},"acf":[],"uagb_featured_image_src":{"full":["https:\/\/turkishtrade.co\/wp-content\/uploads\/2026\/01\/2600NZTMN00083-BLUE.png",453,250,false],"thumbnail":["https:\/\/turkishtrade.co\/wp-content\/uploads\/2026\/01\/2600NZTMN00083-BLUE-150x150.png",150,150,true],"medium":["https:\/\/turkishtrade.co\/wp-content\/uploads\/2026\/01\/2600NZTMN00083-BLUE-300x166.png",300,166,true],"medium_large":["https:\/\/turkishtrade.co\/wp-content\/uploads\/2026\/01\/2600NZTMN00083-BLUE.png",453,250,false],"large":["https:\/\/turkishtrade.co\/wp-content\/uploads\/2026\/01\/2600NZTMN00083-BLUE.png",453,250,false],"1536x1536":["https:\/\/turkishtrade.co\/wp-content\/uploads\/2026\/01\/2600NZTMN00083-BLUE.png",453,250,false],"2048x2048":["https:\/\/turkishtrade.co\/wp-content\/uploads\/2026\/01\/2600NZTMN00083-BLUE.png",453,250,false],"trp-custom-language-flag":["https:\/\/turkishtrade.co\/wp-content\/uploads\/2026\/01\/2600NZTMN00083-BLUE-18x10.png",18,10,true],"woocommerce_thumbnail":["https:\/\/turkishtrade.co\/wp-content\/uploads\/2026\/01\/2600NZTMN00083-BLUE-400x250.png",400,250,true],"woocommerce_single":["https:\/\/turkishtrade.co\/wp-content\/uploads\/2026\/01\/2600NZTMN00083-BLUE.png",453,250,false],"woocommerce_gallery_thumbnail":["https:\/\/turkishtrade.co\/wp-content\/uploads\/2026\/01\/2600NZTMN00083-BLUE-100x100.png",100,100,true]},"uagb_author_info":{"display_name":"python python","author_link":"https:\/\/turkishtrade.co\/es\/author\/"},"uagb_comment_info":0,"uagb_excerpt":"Crafted from Premium Genuine Cow Leather Features a Soft and Breathable Goat Leather Lining Equipped with a Lightweight and Comfortable EVA Sole Classic Cap-Toe Lace-Up Derby Design for Timeless Style Available in Men's Sizes: 40, 41, 42, 43, 44 Perfect for Casual, Smart-Casual, and Business Casual Outfits Wholesale Availability: Minimum Order of 16 Pairs","_links":{"self":[{"href":"https:\/\/turkishtrade.co\/es\/wp-json\/wp\/v2\/product\/8268","targetHints":{"allow":["GET"]}}],"collection":[{"href":"https:\/\/turkishtrade.co\/es\/wp-json\/wp\/v2\/product"}],"about":[{"href":"https:\/\/turkishtrade.co\/es\/wp-json\/wp\/v2\/types\/product"}],"wp:featuredmedia":[{"embeddable":true,"href":"https:\/\/turkishtrade.co\/es\/wp-json\/wp\/v2\/media\/6914"}],"wp:attachment":[{"href":"https:\/\/turkishtrade.co\/es\/wp-json\/wp\/v2\/media?parent=8268"}],"wp:term":[{"taxonomy":"product_brand","embeddable":true,"href":"https:\/\/turkishtrade.co\/es\/wp-json\/wp\/v2\/product_brand?post=8268"},{"taxonomy":"product_cat","embeddable":true,"href":"https:\/\/turkishtrade.co\/es\/wp-json\/wp\/v2\/product_cat?post=8268"},{"taxonomy":"product_tag","embeddable":true,"href":"https:\/\/turkishtrade.co\/es\/wp-json\/wp\/v2\/product_tag?post=8268"}],"curies":[{"name":"wp","href":"https:\/\/api.w.org\/{rel}","templated":true}]}}