{"id":8265,"date":"2026-01-29T14:48:51","date_gmt":"2026-01-29T14:48:51","guid":{"rendered":"https:\/\/turkishtrade.co\/?post_type=product&#038;p=8265"},"modified":"2026-04-09T20:30:46","modified_gmt":"2026-04-09T20:30:46","slug":"mens-perforated-leather-loafers","status":"publish","type":"product","link":"https:\/\/turkishtrade.co\/es\/shop\/mens-perforated-leather-loafers\/","title":{"rendered":"Mocasines de hombre de piel perforada de primera calidad | Mocasines de hombre cl\u00e1sicos de becerro marr\u00f3n perforado"},"content":{"rendered":"<p><strong>Mocasines de hombre de piel perforada<\/strong>. Calidad y dise\u00f1o de primera.<\/p>\n<p>Descubra la combinaci\u00f3n definitiva de estilo y comodidad con nuestro exquisito <b>Mocasines de hombre de piel perforada<\/b>. Elaborados para el caballero exigente, estos mocasines redefinen la elegancia informal y est\u00e1n dise\u00f1ados para realzar cualquier atuendo. Cada par de nuestros <b>Mocasines de hombre de piel perforada<\/b> presenta una parte superior de piel de ternero de primera calidad, famosa por su suave textura, su notable durabilidad y su rico tono marr\u00f3n bru\u00f1ido. Las perforaciones meticulosamente aplicadas no s\u00f3lo a\u00f1aden un toque de detalle sofisticado, sino que tambi\u00e9n garantizan una transpirabilidad superior, manteniendo los pies frescos y c\u00f3modos durante todo el d\u00eda. Este dise\u00f1o cl\u00e1sico hace que estos <b>Mocasines de hombre de piel perforada<\/b> una opci\u00f3n realmente vers\u00e1til, que pasa sin problemas del d\u00eda a la noche.<\/p>\n<h3>Disfrute de un confort y un acabado inigualables<\/h3>\n<p>Experimenta una comodidad inigualable con el lujoso forro de piel de cabra. Este interior suave y flexible acuna tu pie, ofreci\u00e9ndote una experiencia suave y sin rozaduras desde el momento en que te las calzas. Combinadas con una suela de EVA ligera pero robusta, estas <b>Mocasines de hombre de piel perforada<\/b> proporcionan una amortiguaci\u00f3n y flexibilidad excepcionales, permitiendo un movimiento sin esfuerzo y reduciendo la fatiga, incluso despu\u00e9s de horas de uso. La duradera suela de EVA tambi\u00e9n ofrece un excelente agarre, por lo que son adecuados para diversas superficies y garantizan la longevidad de su inversi\u00f3n en calzado de primera calidad. Nuestra dedicaci\u00f3n a la calidad garantiza que cada paso sea un placer, fusionando la fabricaci\u00f3n tradicional de calzado con la moderna tecnolog\u00eda del confort.<\/p>\n<h3>Estilo vers\u00e1til para cualquier ocasi\u00f3n<\/h3>\n<p>Tanto si se dirige a una reuni\u00f3n informal de negocios, como si disfruta de un brunch de fin de semana o simplemente busca un calzado refinado para el d\u00eda a d\u00eda, estos mocasines cl\u00e1sicos son su compa\u00f1ero perfecto. Su dise\u00f1o atemporal, combinado con modernas tecnolog\u00edas de confort, los hace incre\u00edblemente vers\u00e1tiles. Las sutiles costuras y el elegante detalle de la correa del mocas\u00edn realzan a\u00fan m\u00e1s su sofisticado atractivo, haciendo que estos <b>Mocasines de hombre de piel perforada<\/b> un complemento imprescindible en cualquier armario contempor\u00e1neo. Disponibles en las tallas m\u00e1s populares, como 40, 41c, 42c, 43c y 44, para que encuentres tu talla perfecta. <b>Mocasines de hombre de piel perforada<\/b> es f\u00e1cil, lo que garantiza que todo el mundo pueda disfrutar de esta mezcla de lujo y practicidad.<\/p>\n<h3>Oportunidad al por mayor: Eleve su inventario<\/h3>\n<p>Para los minoristas y las empresas que desean ofrecer calzado de alta calidad, nuestros <b>Mocasines de hombre de piel perforada<\/b> est\u00e1n disponibles para su compra al por mayor. Con un pedido m\u00ednimo de s\u00f3lo 16 pares, puede abastecerse f\u00e1cilmente de un producto que promete la satisfacci\u00f3n del cliente y la repetici\u00f3n del negocio. Estos mocasines est\u00e1n disponibles en una gama de tallas populares (40, 41c, 42c, 43c, 44), que satisfacen a una amplia clientela. Invierta en un calzado que combina la artesan\u00eda tradicional con un dise\u00f1o innovador. Eleve su colecci\u00f3n con nuestros <b>Mocasines de hombre de piel perforada<\/b> y permita que sus clientes disfruten de la m\u00e1xima comodidad y estilo. No son solo zapatos; son una declaraci\u00f3n de calidad duradera y gusto refinado que mejorar\u00e1 cualquier oferta de calzado.<\/p>","protected":false},"excerpt":{"rendered":"<ul>\n<li>Parte superior de piel de becerro de primera calidad para una mayor durabilidad y un estilo sofisticado<\/li>\n<li>El dise\u00f1o perforado transpirable garantiza un mayor flujo de aire y comodidad<\/li>\n<li>El lujoso forro de piel de cabra proporciona un tacto excepcionalmente suave<\/li>\n<li>Suela de EVA ligera y flexible para ofrecer comodidad y sujeci\u00f3n durante todo el d\u00eda<\/li>\n<li>Dise\u00f1o de mocas\u00edn cl\u00e1sico, ideal para ocasiones informales y semiformales<\/li>\n<li>Venta al por mayor disponible con un pedido m\u00ednimo de 16 pares<\/li>\n<\/ul>","protected":false},"featured_media":6973,"template":"","meta":{"_acf_changed":false,"_uag_custom_page_level_css":"","site-sidebar-layout":"default","site-content-layout":"","ast-site-content-layout":"default","site-content-style":"default","site-sidebar-style":"default","ast-global-header-display":"","ast-banner-title-visibility":"","ast-main-header-display":"","ast-hfb-above-header-display":"","ast-hfb-below-header-display":"","ast-hfb-mobile-header-display":"","site-post-title":"","ast-breadcrumbs-content":"","ast-featured-img":"","footer-sml-layout":"","ast-disable-related-posts":"","theme-transparent-header-meta":"","adv-header-id-meta":"","stick-header-meta":"","header-above-stick-meta":"","header-main-stick-meta":"","header-below-stick-meta":"","astra-migrate-meta-layouts":"default","ast-page-background-enabled":"default","ast-page-background-meta":{"desktop":{"background-color":"var(--ast-global-color-4)","background-image":"","background-repeat":"repeat","background-position":"center center","background-size":"auto","background-attachment":"scroll","background-type":"","background-media":"","overlay-type":"","overlay-color":"","overlay-opacity":"","overlay-gradient":""},"tablet":{"background-color":"","background-image":"","background-repeat":"repeat","background-position":"center center","background-size":"auto","background-attachment":"scroll","background-type":"","background-media":"","overlay-type":"","overlay-color":"","overlay-opacity":"","overlay-gradient":""},"mobile":{"background-color":"","background-image":"","background-repeat":"repeat","background-position":"center center","background-size":"auto","background-attachment":"scroll","background-type":"","background-media":"","overlay-type":"","overlay-color":"","overlay-opacity":"","overlay-gradient":""}},"ast-content-background-meta":{"desktop":{"background-color":"var(--ast-global-color-5)","background-image":"","background-repeat":"repeat","background-position":"center center","background-size":"auto","background-attachment":"scroll","background-type":"","background-media":"","overlay-type":"","overlay-color":"","overlay-opacity":"","overlay-gradient":""},"tablet":{"background-color":"var(--ast-global-color-5)","background-image":"","background-repeat":"repeat","background-position":"center center","background-size":"auto","background-attachment":"scroll","background-type":"","background-media":"","overlay-type":"","overlay-color":"","overlay-opacity":"","overlay-gradient":""},"mobile":{"background-color":"var(--ast-global-color-5)","background-image":"","background-repeat":"repeat","background-position":"center center","background-size":"auto","background-attachment":"scroll","background-type":"","background-media":"","overlay-type":"","overlay-color":"","overlay-opacity":"","overlay-gradient":""}}},"product_brand":[],"product_cat":[48,47,49,430,1200],"product_tag":[147,185,512,457,438,1249,215,186,279,1289],"class_list":{"0":"post-8265","1":"product","2":"type-product","3":"status-publish","4":"has-post-thumbnail","6":"product_cat-casual","7":"product_cat-classic","8":"product_cat-loafer","9":"product_cat-men","10":"product_cat-mens-shoes-2","11":"product_tag-brown-loafers","12":"product_tag-calf-leather-shoes","13":"product_tag-casual-loafers","14":"product_tag-classic-loafers","15":"product_tag-eva-sole","16":"product_tag-goat-lining","17":"product_tag-leather-loafers","18":"product_tag-mens-loafers","19":"product_tag-penny-loafers","20":"product_tag-perforated-loafers","21":"desktop-align-center","22":"tablet-align-center","23":"mobile-align-center","25":"first","26":"instock","27":"shipping-taxable","28":"purchasable","29":"product-type-variable","30":"has-default-attributes"},"acf":[],"uagb_featured_image_src":{"full":["https:\/\/turkishtrade.co\/wp-content\/uploads\/2026\/01\/2600NZTMN00080-CAMEL.png",453,250,false],"thumbnail":["https:\/\/turkishtrade.co\/wp-content\/uploads\/2026\/01\/2600NZTMN00080-CAMEL-150x150.png",150,150,true],"medium":["https:\/\/turkishtrade.co\/wp-content\/uploads\/2026\/01\/2600NZTMN00080-CAMEL-300x166.png",300,166,true],"medium_large":["https:\/\/turkishtrade.co\/wp-content\/uploads\/2026\/01\/2600NZTMN00080-CAMEL.png",453,250,false],"large":["https:\/\/turkishtrade.co\/wp-content\/uploads\/2026\/01\/2600NZTMN00080-CAMEL.png",453,250,false],"1536x1536":["https:\/\/turkishtrade.co\/wp-content\/uploads\/2026\/01\/2600NZTMN00080-CAMEL.png",453,250,false],"2048x2048":["https:\/\/turkishtrade.co\/wp-content\/uploads\/2026\/01\/2600NZTMN00080-CAMEL.png",453,250,false],"trp-custom-language-flag":["https:\/\/turkishtrade.co\/wp-content\/uploads\/2026\/01\/2600NZTMN00080-CAMEL-18x10.png",18,10,true],"woocommerce_thumbnail":["https:\/\/turkishtrade.co\/wp-content\/uploads\/2026\/01\/2600NZTMN00080-CAMEL-400x250.png",400,250,true],"woocommerce_single":["https:\/\/turkishtrade.co\/wp-content\/uploads\/2026\/01\/2600NZTMN00080-CAMEL.png",453,250,false],"woocommerce_gallery_thumbnail":["https:\/\/turkishtrade.co\/wp-content\/uploads\/2026\/01\/2600NZTMN00080-CAMEL-100x100.png",100,100,true]},"uagb_author_info":{"display_name":"python python","author_link":"https:\/\/turkishtrade.co\/es\/author\/"},"uagb_comment_info":0,"uagb_excerpt":"Premium calf leather upper for durability and sophisticated style Breathable perforated design ensures enhanced airflow and comfort Luxurious goat leather lining provides an exceptionally soft feel Lightweight and flexible EVA sole for all-day comfort and support Classic loafer design, ideal for casual and semi-formal occasions Wholesale available with a minimum order of 16 pairs","_links":{"self":[{"href":"https:\/\/turkishtrade.co\/es\/wp-json\/wp\/v2\/product\/8265","targetHints":{"allow":["GET"]}}],"collection":[{"href":"https:\/\/turkishtrade.co\/es\/wp-json\/wp\/v2\/product"}],"about":[{"href":"https:\/\/turkishtrade.co\/es\/wp-json\/wp\/v2\/types\/product"}],"wp:featuredmedia":[{"embeddable":true,"href":"https:\/\/turkishtrade.co\/es\/wp-json\/wp\/v2\/media\/6973"}],"wp:attachment":[{"href":"https:\/\/turkishtrade.co\/es\/wp-json\/wp\/v2\/media?parent=8265"}],"wp:term":[{"taxonomy":"product_brand","embeddable":true,"href":"https:\/\/turkishtrade.co\/es\/wp-json\/wp\/v2\/product_brand?post=8265"},{"taxonomy":"product_cat","embeddable":true,"href":"https:\/\/turkishtrade.co\/es\/wp-json\/wp\/v2\/product_cat?post=8265"},{"taxonomy":"product_tag","embeddable":true,"href":"https:\/\/turkishtrade.co\/es\/wp-json\/wp\/v2\/product_tag?post=8265"}],"curies":[{"name":"wp","href":"https:\/\/api.w.org\/{rel}","templated":true}]}}