{"id":8263,"date":"2026-01-29T14:48:50","date_gmt":"2026-01-29T14:48:50","guid":{"rendered":"https:\/\/turkishtrade.co\/?post_type=product&#038;p=8263"},"modified":"2026-04-09T20:30:59","modified_gmt":"2026-04-09T20:30:59","slug":"mens-brown-leather-casual-shoes-4","status":"publish","type":"product","link":"https:\/\/turkishtrade.co\/es\/shop\/mens-brown-leather-casual-shoes-4\/","title":{"rendered":"Zapatos Casual Hombre Cuero Marr\u00f3n Lujo | Zapatos Casual Hombre Cuero Marr\u00f3n Cl\u00e1sico"},"content":{"rendered":"<p><strong>Zapatos casuales de cuero marr\u00f3n para hombre<\/strong>. Calidad y dise\u00f1o de lujo.<\/p>\n<p>Sum\u00e9rjase en un estilo y un confort incomparables con nuestro exquisito <strong>Zapatos de hombre cl\u00e1sicos de piel marr\u00f3n<\/strong>. Dise\u00f1ados para el hombre moderno que valora tanto la elegancia como la comodidad, estos zapatos son un testimonio de artesan\u00eda superior y materiales de primera calidad. Confeccionados en aut\u00e9ntica piel de ternero, estos zapatos lucen un bonito acabado en marr\u00f3n bru\u00f1ido que destila sofisticaci\u00f3n y realza sin esfuerzo cualquier atuendo, ya sea informal o de fin de semana.<\/p>\n<p>La atenci\u00f3n al detalle se extiende al interior, donde un forro de piel de cabra suave y transpirable garantiza el m\u00e1ximo confort durante todo el d\u00eda. A diferencia de las alternativas sint\u00e9ticas, la piel de cabra evacua la humedad de forma natural, manteniendo los pies secos y frescos, incluso durante un uso prolongado. Este cuidado dise\u00f1o hace que nuestros <strong>Zapatos casuales de cuero marr\u00f3n para hombre<\/strong> un verdadero placer de llevar, proporcionando una sensaci\u00f3n de lujo a cada paso.<\/p>\n<h3>Confort inigualable gracias a la tecnolog\u00eda de suela EVA<\/h3>\n<p>Lo que realmente distingue a estas zapatillas es su innovadora y ligera suela de EVA. La suela de EVA (etilvinilacetato) es famosa por su excepcional flexibilidad, absorci\u00f3n de impactos y durabilidad. Esta avanzada tecnolog\u00eda de suela proporciona una sensaci\u00f3n el\u00e1stica, reduciendo la fatiga y ofreciendo una excelente amortiguaci\u00f3n, haciendo que estas <strong>Zapatos casuales de cuero marr\u00f3n para hombre<\/strong> ideal para el uso diario, largas caminatas o periodos prolongados de pie. El agarre texturizado de la suela garantiza una tracci\u00f3n fiable, lo que a\u00f1ade practicidad y seguridad al calzado.<\/p>\n<p>Combinando el atractivo atemporal de un dise\u00f1o cl\u00e1sico con cordones con la sensaci\u00f3n relajada del calzado informal, estos zapatos logran el equilibrio perfecto. Tanto si te diriges a una reuni\u00f3n informal, como si disfrutas de un brunch tranquilo o exploras la ciudad, estos zapatos de piel marr\u00f3n complementar\u00e1n tu look con encanto sin esfuerzo. El tono marr\u00f3n intenso ofrece versatilidad, combinando bien con vaqueros, chinos o incluso pantalones elegantes.<\/p>\n<p>Disponibles en una amplia gama de tallas, de la 40 a la 44, encontrar el ajuste perfecto es sencillo. Experimente la diferencia que marcan los materiales de primera calidad y una fabricaci\u00f3n experta. Para las empresas interesadas en almacenar nuestro calzado de alta calidad, estas <strong>Zapatos casuales de cuero marr\u00f3n para hombre<\/strong> est\u00e1n disponibles para su compra al por mayor con un pedido m\u00ednimo de 16 pares. Invierta en un par que le ofrezca un estilo duradero, una comodidad excepcional y la calidad duradera que se merece.<\/p>","protected":false},"excerpt":{"rendered":"<ul>\n<li>Elaborado con piel de ternera aut\u00e9ntica de alta calidad (dana deri).<\/li>\n<li>Lujoso forro interior de piel de cabra (ke\u00e7i astar) para una mayor comodidad y transpirabilidad.<\/li>\n<li>La suela ligera y flexible de EVA (EVA taban) proporciona una amortiguaci\u00f3n y una sujeci\u00f3n excepcionales.<\/li>\n<li>Combina un estilo cl\u00e1sico con una versatilidad desenfadada, perfecta para diversas ocasiones.<\/li>\n<li>Disponible en las tallas 40, 41, 42, 43 y 44 para garantizar un ajuste perfecto.<\/li>\n<li>Venta al por mayor disponible con un pedido m\u00ednimo de 16 pares.<\/li>\n<\/ul>","protected":false},"featured_media":6969,"template":"","meta":{"_acf_changed":false,"_uag_custom_page_level_css":"","site-sidebar-layout":"default","site-content-layout":"","ast-site-content-layout":"default","site-content-style":"default","site-sidebar-style":"default","ast-global-header-display":"","ast-banner-title-visibility":"","ast-main-header-display":"","ast-hfb-above-header-display":"","ast-hfb-below-header-display":"","ast-hfb-mobile-header-display":"","site-post-title":"","ast-breadcrumbs-content":"","ast-featured-img":"","footer-sml-layout":"","ast-disable-related-posts":"","theme-transparent-header-meta":"","adv-header-id-meta":"","stick-header-meta":"","header-above-stick-meta":"","header-main-stick-meta":"","header-below-stick-meta":"","astra-migrate-meta-layouts":"default","ast-page-background-enabled":"default","ast-page-background-meta":{"desktop":{"background-color":"var(--ast-global-color-4)","background-image":"","background-repeat":"repeat","background-position":"center center","background-size":"auto","background-attachment":"scroll","background-type":"","background-media":"","overlay-type":"","overlay-color":"","overlay-opacity":"","overlay-gradient":""},"tablet":{"background-color":"","background-image":"","background-repeat":"repeat","background-position":"center center","background-size":"auto","background-attachment":"scroll","background-type":"","background-media":"","overlay-type":"","overlay-color":"","overlay-opacity":"","overlay-gradient":""},"mobile":{"background-color":"","background-image":"","background-repeat":"repeat","background-position":"center center","background-size":"auto","background-attachment":"scroll","background-type":"","background-media":"","overlay-type":"","overlay-color":"","overlay-opacity":"","overlay-gradient":""}},"ast-content-background-meta":{"desktop":{"background-color":"var(--ast-global-color-5)","background-image":"","background-repeat":"repeat","background-position":"center center","background-size":"auto","background-attachment":"scroll","background-type":"","background-media":"","overlay-type":"","overlay-color":"","overlay-opacity":"","overlay-gradient":""},"tablet":{"background-color":"var(--ast-global-color-5)","background-image":"","background-repeat":"repeat","background-position":"center center","background-size":"auto","background-attachment":"scroll","background-type":"","background-media":"","overlay-type":"","overlay-color":"","overlay-opacity":"","overlay-gradient":""},"mobile":{"background-color":"var(--ast-global-color-5)","background-image":"","background-repeat":"repeat","background-position":"center center","background-size":"auto","background-attachment":"scroll","background-type":"","background-media":"","overlay-type":"","overlay-color":"","overlay-opacity":"","overlay-gradient":""}}},"product_brand":[],"product_cat":[48,47,49,430,1200],"product_tag":[292,202,449,145,222,212,438,1249,281],"class_list":{"0":"post-8263","1":"product","2":"type-product","3":"status-publish","4":"has-post-thumbnail","6":"product_cat-casual","7":"product_cat-classic","8":"product_cat-loafer","9":"product_cat-men","10":"product_cat-mens-shoes-2","11":"product_tag-brown-leather-shoes","12":"product_tag-calf-leather","13":"product_tag-casual-shoes","14":"product_tag-classic-shoes","15":"product_tag-comfortable-shoes","16":"product_tag-derby-shoes","17":"product_tag-eva-sole","18":"product_tag-goat-lining","19":"product_tag-wholesale-shoes","20":"desktop-align-center","21":"tablet-align-center","22":"mobile-align-center","24":"first","25":"instock","26":"shipping-taxable","27":"purchasable","28":"product-type-variable","29":"has-default-attributes"},"acf":[],"uagb_featured_image_src":{"full":["https:\/\/turkishtrade.co\/wp-content\/uploads\/2026\/01\/2600NZTMN00078-BROWN.png",453,250,false],"thumbnail":["https:\/\/turkishtrade.co\/wp-content\/uploads\/2026\/01\/2600NZTMN00078-BROWN-150x150.png",150,150,true],"medium":["https:\/\/turkishtrade.co\/wp-content\/uploads\/2026\/01\/2600NZTMN00078-BROWN-300x166.png",300,166,true],"medium_large":["https:\/\/turkishtrade.co\/wp-content\/uploads\/2026\/01\/2600NZTMN00078-BROWN.png",453,250,false],"large":["https:\/\/turkishtrade.co\/wp-content\/uploads\/2026\/01\/2600NZTMN00078-BROWN.png",453,250,false],"1536x1536":["https:\/\/turkishtrade.co\/wp-content\/uploads\/2026\/01\/2600NZTMN00078-BROWN.png",453,250,false],"2048x2048":["https:\/\/turkishtrade.co\/wp-content\/uploads\/2026\/01\/2600NZTMN00078-BROWN.png",453,250,false],"trp-custom-language-flag":["https:\/\/turkishtrade.co\/wp-content\/uploads\/2026\/01\/2600NZTMN00078-BROWN-18x10.png",18,10,true],"woocommerce_thumbnail":["https:\/\/turkishtrade.co\/wp-content\/uploads\/2026\/01\/2600NZTMN00078-BROWN-400x250.png",400,250,true],"woocommerce_single":["https:\/\/turkishtrade.co\/wp-content\/uploads\/2026\/01\/2600NZTMN00078-BROWN.png",453,250,false],"woocommerce_gallery_thumbnail":["https:\/\/turkishtrade.co\/wp-content\/uploads\/2026\/01\/2600NZTMN00078-BROWN-100x100.png",100,100,true]},"uagb_author_info":{"display_name":"python python","author_link":"https:\/\/turkishtrade.co\/es\/author\/"},"uagb_comment_info":0,"uagb_excerpt":"Expertly crafted from high-quality genuine calf leather (dana deri). Luxurious goat leather interior lining (ke\u00e7i astar) for superior comfort and breathability. Lightweight and flexible EVA sole (EVA taban) provides exceptional cushioning and support. Blends classic style with casual versatility, perfect for various occasions. Available in sizes 40, 41, 42, 43, 44 to ensure a perfect&hellip;","_links":{"self":[{"href":"https:\/\/turkishtrade.co\/es\/wp-json\/wp\/v2\/product\/8263","targetHints":{"allow":["GET"]}}],"collection":[{"href":"https:\/\/turkishtrade.co\/es\/wp-json\/wp\/v2\/product"}],"about":[{"href":"https:\/\/turkishtrade.co\/es\/wp-json\/wp\/v2\/types\/product"}],"wp:featuredmedia":[{"embeddable":true,"href":"https:\/\/turkishtrade.co\/es\/wp-json\/wp\/v2\/media\/6969"}],"wp:attachment":[{"href":"https:\/\/turkishtrade.co\/es\/wp-json\/wp\/v2\/media?parent=8263"}],"wp:term":[{"taxonomy":"product_brand","embeddable":true,"href":"https:\/\/turkishtrade.co\/es\/wp-json\/wp\/v2\/product_brand?post=8263"},{"taxonomy":"product_cat","embeddable":true,"href":"https:\/\/turkishtrade.co\/es\/wp-json\/wp\/v2\/product_cat?post=8263"},{"taxonomy":"product_tag","embeddable":true,"href":"https:\/\/turkishtrade.co\/es\/wp-json\/wp\/v2\/product_tag?post=8263"}],"curies":[{"name":"wp","href":"https:\/\/api.w.org\/{rel}","templated":true}]}}