{"id":8262,"date":"2026-01-29T14:48:50","date_gmt":"2026-01-29T14:48:50","guid":{"rendered":"https:\/\/turkishtrade.co\/?post_type=product&#038;p=8262"},"modified":"2026-04-09T20:31:04","modified_gmt":"2026-04-09T20:31:04","slug":"mens-casual-suede-loafers-2","status":"publish","type":"product","link":"https:\/\/turkishtrade.co\/es\/shop\/mens-casual-suede-loafers-2\/","title":{"rendered":"Mocasines casuales de ante para hombre Incredible | Mocasines casuales de ante marr\u00f3n para hombre"},"content":{"rendered":"<p><strong>Mocasines casuales de ante para hombre<\/strong>. Calidad y dise\u00f1o incre\u00edbles.<\/p>\n<p>Sum\u00e9rjase en un confort incomparable y un estilo atemporal con nuestro exquisito <strong>Mocasines casuales de ante para hombre<\/strong>. Dise\u00f1ados para el hombre moderno que valora tanto la est\u00e9tica como la practicidad, estos mocasines son un testimonio de artesan\u00eda superior y materiales de primera calidad. Tanto si te diriges a un brunch informal, a una reuni\u00f3n de negocios relajada o simplemente a disfrutar de un d\u00eda fuera, estos mocasines de ante marr\u00f3n ofrecen la combinaci\u00f3n perfecta de elegancia y facilidad.<\/p>\n<h3>Comodidad inigualable y materiales de primera calidad<\/h3>\n<p>Nuestra <strong>mocasines casual de ante para hombre<\/strong> est\u00e1n meticulosamente confeccionadas en ante de aut\u00e9ntica piel de ternero, que proporciona una textura rica y suave, duradera y elegante a la vez. El tono marr\u00f3n c\u00e1lido y profundo ofrece versatilidad, complementando f\u00e1cilmente una amplia gama de trajes de mezclilla a los pantalones chinos. En el interior, sus pies estar\u00e1n envueltos en lujo gracias al forro completo de piel de cabra. Este material de forro natural es famoso por su excepcional suavidad, transpirabilidad y propiedades de evacuaci\u00f3n de la humedad, lo que garantiza que tus pies se mantengan c\u00f3modos y frescos durante todo el d\u00eda, incluso durante un uso prolongado.<\/p>\n<p>La base de estas extraordinarias zapatillas reside en su avanzada suela de EVA. A diferencia de las suelas pesadas tradicionales, la suela de EVA es incre\u00edblemente ligera y flexible, y ofrece una excelente amortiguaci\u00f3n y absorci\u00f3n de impactos. Este innovador dise\u00f1o permite caminar sin esfuerzo, reduciendo la fatiga del pie y proporcionando una sensaci\u00f3n de flotabilidad a cada paso. La duradera suela tambi\u00e9n ofrece un agarre fiable, garantizando la estabilidad en diversas superficies. Desde el flexible empeine de ante hasta la suela de EVA, cada componente se ha elegido para ofrecer una experiencia de calzado de primera calidad.<\/p>\n<h3>Estilo vers\u00e1til para cualquier ocasi\u00f3n<\/h3>\n<p>La cl\u00e1sica silueta de mocas\u00edn, realzada por detalles sutiles y sofisticados, hace que estos zapatos sean incre\u00edblemente vers\u00e1tiles. El dise\u00f1o minimalista con un refinado acento de correa garantiza que estos <strong>mocasines casual de ante para hombre<\/strong> pueden pasar sin esfuerzo de fines de semana relajados a ambientes informales m\u00e1s elegantes. Comb\u00ednalas con unos pantalones cortos entallados para un look veraniego, con unos chinos para un look de oficina informal y elegante, o con tus vaqueros favoritos para un atuendo cotidiano m\u00e1s sofisticado. Son la elecci\u00f3n ideal para quienes buscan una alternativa elegante y c\u00f3moda a los zapatos de vestir o las zapatillas deportivas tradicionales.<\/p>\n<p>Disponibles en una amplia gama de tallas de la UE, de la 40 a la 44, encontrar la talla perfecta es muy sencillo. Nos enorgullecemos de ofrecer un calzado que no s\u00f3lo se ve bien, sino que tambi\u00e9n se siente incre\u00edble. Para las empresas que desean ofrecer a sus clientes un calzado moderno y de alta calidad, estos mocasines de ante marr\u00f3n est\u00e1n disponibles para su compra al por mayor con un pedido m\u00ednimo de 16 pares. Invierta en un par hoy mismo y experimente la fusi\u00f3n perfecta de lujo, comodidad y estilo duradero.<\/p>","protected":false},"excerpt":{"rendered":"<ul>\n<li>Confeccionado en ante de piel de ternero marr\u00f3n de primera calidad para un look sofisticado<\/li>\n<li>El lujoso forro de piel de cabra garantiza una transpirabilidad y un confort excepcionales<\/li>\n<li>Suela de EVA ligera, flexible y duradera para llevarla todo el d\u00eda<\/li>\n<li>Elegante dise\u00f1o de mocas\u00edn informal con elegantes detalles<\/li>\n<li>Disponible en tallas UE 40, 41, 42, 43, 44<\/li>\n<li>Se aceptan consultas al por mayor para pedidos al por mayor (Pedido m\u00ednimo: 16 pares)<\/li>\n<\/ul>","protected":false},"featured_media":6967,"template":"","meta":{"_acf_changed":false,"_uag_custom_page_level_css":"","site-sidebar-layout":"default","site-content-layout":"","ast-site-content-layout":"default","site-content-style":"default","site-sidebar-style":"default","ast-global-header-display":"","ast-banner-title-visibility":"","ast-main-header-display":"","ast-hfb-above-header-display":"","ast-hfb-below-header-display":"","ast-hfb-mobile-header-display":"","site-post-title":"","ast-breadcrumbs-content":"","ast-featured-img":"","footer-sml-layout":"","ast-disable-related-posts":"","theme-transparent-header-meta":"","adv-header-id-meta":"","stick-header-meta":"","header-above-stick-meta":"","header-main-stick-meta":"","header-below-stick-meta":"","astra-migrate-meta-layouts":"default","ast-page-background-enabled":"default","ast-page-background-meta":{"desktop":{"background-color":"var(--ast-global-color-4)","background-image":"","background-repeat":"repeat","background-position":"center center","background-size":"auto","background-attachment":"scroll","background-type":"","background-media":"","overlay-type":"","overlay-color":"","overlay-opacity":"","overlay-gradient":""},"tablet":{"background-color":"","background-image":"","background-repeat":"repeat","background-position":"center center","background-size":"auto","background-attachment":"scroll","background-type":"","background-media":"","overlay-type":"","overlay-color":"","overlay-opacity":"","overlay-gradient":""},"mobile":{"background-color":"","background-image":"","background-repeat":"repeat","background-position":"center center","background-size":"auto","background-attachment":"scroll","background-type":"","background-media":"","overlay-type":"","overlay-color":"","overlay-opacity":"","overlay-gradient":""}},"ast-content-background-meta":{"desktop":{"background-color":"var(--ast-global-color-5)","background-image":"","background-repeat":"repeat","background-position":"center center","background-size":"auto","background-attachment":"scroll","background-type":"","background-media":"","overlay-type":"","overlay-color":"","overlay-opacity":"","overlay-gradient":""},"tablet":{"background-color":"var(--ast-global-color-5)","background-image":"","background-repeat":"repeat","background-position":"center center","background-size":"auto","background-attachment":"scroll","background-type":"","background-media":"","overlay-type":"","overlay-color":"","overlay-opacity":"","overlay-gradient":""},"mobile":{"background-color":"var(--ast-global-color-5)","background-image":"","background-repeat":"repeat","background-position":"center center","background-size":"auto","background-attachment":"scroll","background-type":"","background-media":"","overlay-type":"","overlay-color":"","overlay-opacity":"","overlay-gradient":""}}},"product_brand":[],"product_cat":[48,49,430,1200],"product_tag":[348,287,189,215,1049,1042,787,184,380,307],"class_list":{"0":"post-8262","1":"product","2":"type-product","3":"status-publish","4":"has-post-thumbnail","6":"product_cat-casual","7":"product_cat-loafer","8":"product_cat-men","9":"product_cat-mens-shoes-2","10":"product_tag-brown-suede-shoes","11":"product_tag-eva-sole-shoes","12":"product_tag-goat-leather-lining","13":"product_tag-leather-loafers","14":"product_tag-mens-casual-loafers","15":"product_tag-mens-comfort-shoes","16":"product_tag-premium-mens-shoes","17":"product_tag-slip-on-shoes","18":"product_tag-smart-casual-footwear","19":"product_tag-suede-footwear","20":"desktop-align-center","21":"tablet-align-center","22":"mobile-align-center","24":"first","25":"instock","26":"shipping-taxable","27":"purchasable","28":"product-type-variable","29":"has-default-attributes"},"acf":[],"uagb_featured_image_src":{"full":["https:\/\/turkishtrade.co\/wp-content\/uploads\/2026\/01\/2600NZTMN00077-CAMEL.png",453,250,false],"thumbnail":["https:\/\/turkishtrade.co\/wp-content\/uploads\/2026\/01\/2600NZTMN00077-CAMEL-150x150.png",150,150,true],"medium":["https:\/\/turkishtrade.co\/wp-content\/uploads\/2026\/01\/2600NZTMN00077-CAMEL-300x166.png",300,166,true],"medium_large":["https:\/\/turkishtrade.co\/wp-content\/uploads\/2026\/01\/2600NZTMN00077-CAMEL.png",453,250,false],"large":["https:\/\/turkishtrade.co\/wp-content\/uploads\/2026\/01\/2600NZTMN00077-CAMEL.png",453,250,false],"1536x1536":["https:\/\/turkishtrade.co\/wp-content\/uploads\/2026\/01\/2600NZTMN00077-CAMEL.png",453,250,false],"2048x2048":["https:\/\/turkishtrade.co\/wp-content\/uploads\/2026\/01\/2600NZTMN00077-CAMEL.png",453,250,false],"trp-custom-language-flag":["https:\/\/turkishtrade.co\/wp-content\/uploads\/2026\/01\/2600NZTMN00077-CAMEL-18x10.png",18,10,true],"woocommerce_thumbnail":["https:\/\/turkishtrade.co\/wp-content\/uploads\/2026\/01\/2600NZTMN00077-CAMEL-400x250.png",400,250,true],"woocommerce_single":["https:\/\/turkishtrade.co\/wp-content\/uploads\/2026\/01\/2600NZTMN00077-CAMEL.png",453,250,false],"woocommerce_gallery_thumbnail":["https:\/\/turkishtrade.co\/wp-content\/uploads\/2026\/01\/2600NZTMN00077-CAMEL-100x100.png",100,100,true]},"uagb_author_info":{"display_name":"python python","author_link":"https:\/\/turkishtrade.co\/es\/author\/"},"uagb_comment_info":0,"uagb_excerpt":"Crafted from premium brown calf leather suede for a sophisticated look Luxurious goat leather lining ensures exceptional breathability and comfort Lightweight, flexible, and durable EVA sole for all-day wear Stylish casual loafer design with elegant detailing Available in EU sizes 40, 41, 42, 43, 44 Wholesale inquiries welcome for bulk orders (Minimum Order: 16 Pairs)","_links":{"self":[{"href":"https:\/\/turkishtrade.co\/es\/wp-json\/wp\/v2\/product\/8262","targetHints":{"allow":["GET"]}}],"collection":[{"href":"https:\/\/turkishtrade.co\/es\/wp-json\/wp\/v2\/product"}],"about":[{"href":"https:\/\/turkishtrade.co\/es\/wp-json\/wp\/v2\/types\/product"}],"wp:featuredmedia":[{"embeddable":true,"href":"https:\/\/turkishtrade.co\/es\/wp-json\/wp\/v2\/media\/6967"}],"wp:attachment":[{"href":"https:\/\/turkishtrade.co\/es\/wp-json\/wp\/v2\/media?parent=8262"}],"wp:term":[{"taxonomy":"product_brand","embeddable":true,"href":"https:\/\/turkishtrade.co\/es\/wp-json\/wp\/v2\/product_brand?post=8262"},{"taxonomy":"product_cat","embeddable":true,"href":"https:\/\/turkishtrade.co\/es\/wp-json\/wp\/v2\/product_cat?post=8262"},{"taxonomy":"product_tag","embeddable":true,"href":"https:\/\/turkishtrade.co\/es\/wp-json\/wp\/v2\/product_tag?post=8262"}],"curies":[{"name":"wp","href":"https:\/\/api.w.org\/{rel}","templated":true}]}}