{"id":8234,"date":"2026-01-29T14:48:36","date_gmt":"2026-01-29T14:48:36","guid":{"rendered":"https:\/\/turkishtrade.co\/?post_type=product&#038;p=8234"},"modified":"2026-04-09T20:31:32","modified_gmt":"2026-04-09T20:31:32","slug":"mens-black-leather-brogue-derby","status":"publish","type":"product","link":"https:\/\/turkishtrade.co\/es\/shop\/mens-black-leather-brogue-derby\/","title":{"rendered":"Zapatos Derby Elite Brogue de cuero negro para hombre con suela de EVA"},"content":{"rendered":"<p><strong>Derby Brogue de cuero negro para hombre<\/strong>. Calidad y dise\u00f1o de \u00e9lite.<\/p>\n<p>Eleve su colecci\u00f3n de calzado con nuestros exquisitos <strong>Zapatos Derby Brogue de piel negra para hombre<\/strong>. Dise\u00f1ados para el caballero moderno que valora tanto el estilo como la esencia, estos zapatos combinan a la perfecci\u00f3n la artesan\u00eda cl\u00e1sica con la comodidad contempor\u00e1nea. Confeccionados a mano con la mejor piel de ternero plena flor, ofrecen una est\u00e9tica sofisticada que se adapta sin esfuerzo tanto a la oficina como a las salidas informales m\u00e1s elegantes. El intenso tono negro les confiere un atractivo atemporal, convirti\u00e9ndolos en un complemento vers\u00e1til para cualquier armario.<\/p>\n<h3>Confort inigualable y materiales de primera calidad<\/h3>\n<p>Experimenta una comodidad inigualable a cada paso, gracias a la cuidada selecci\u00f3n de materiales. El interior est\u00e1 meticulosamente forrado con suave piel de cabra, que proporciona una sensaci\u00f3n transpirable y lujosa contra el pie. Este forro natural evacua la humedad, garantizando que tus pies se mantengan frescos y c\u00f3modos durante todo el d\u00eda. Debajo, la innovadora suela de EVA proporciona una amortiguaci\u00f3n excepcional y una flexibilidad ligera. A diferencia de las suelas pesadas tradicionales, nuestra suela de EVA absorbe el impacto, reduciendo la fatiga y haciendo que estas <strong>Zapatos Derby Brogue de piel negra para hombre<\/strong> perfecto para un uso prolongado.<\/p>\n<h3>Dise\u00f1o atemporal y durabilidad moderna<\/h3>\n<p>Estos zapatos Derby presentan las cl\u00e1sicas perforaciones brogue que a\u00f1aden un toque de elegancia tradicional, mostrando una meticulosa atenci\u00f3n al detalle. El sistema de cordones abiertos caracter\u00edstico de los zapatos Derby ofrece un ajuste c\u00f3modo y regulable que se adapta a diversas formas de pie. La robusta suela de EVA ligeramente gruesa no s\u00f3lo aumenta la comodidad, sino que tambi\u00e9n aporta un toque moderno al dise\u00f1o cl\u00e1sico, garantizando una excelente tracci\u00f3n y durabilidad. Ya sea con pantalones de sastrer\u00eda, chinos elegantes o incluso vaqueros oscuros, estos <strong>Zapatos Derby Brogue de piel negra para hombre<\/strong> completar\u00e1 tu look con una sofisticaci\u00f3n sin esfuerzo.<\/p>\n<h3>Creado para el individuo exigente<\/h3>\n<p>Cada par es un testimonio de la calidad de la fabricaci\u00f3n artesanal de calzado, construido para durar y dise\u00f1ado para impresionar. La duradera piel de becerro envejecer\u00e1 maravillosamente, desarrollando con el tiempo una p\u00e1tina \u00fanica que cuenta su propia historia. Disponibles en una amplia gama de tallas europeas, de la 40 a la 44, encontrar el ajuste perfecto es sencillo. Invierta en un par de zapatos que no s\u00f3lo tengan un aspecto excepcional, sino que tambi\u00e9n le hagan sentir incre\u00edble, d\u00eda tras d\u00eda. Para nuestros socios mayoristas, estos zapatos de primera calidad est\u00e1n disponibles con una cantidad m\u00ednima de pedido de 16 pares, lo que ofrece una fant\u00e1stica oportunidad de almacenar un producto de gran demanda y calidad.<\/p>","protected":false},"excerpt":{"rendered":"<ul>\n<li>Fabricado a mano en piel de ternero de primera calidad superior<\/li>\n<li>El lujoso forro de piel de cabra garantiza un confort excepcional<\/li>\n<li>Suela de EVA ligera y duradera para llevarla todo el d\u00eda<\/li>\n<li>Detalles cl\u00e1sicos de brogue en una moderna silueta Derby<\/li>\n<li>Disponible en las vers\u00e1tiles tallas europeas 40-44<\/li>\n<li>Posibilidad de venta al por mayor (pedido m\u00ednimo: 16 pares)<\/li>\n<\/ul>","protected":false},"featured_media":6905,"template":"","meta":{"_acf_changed":false,"_uag_custom_page_level_css":"","site-sidebar-layout":"default","site-content-layout":"","ast-site-content-layout":"default","site-content-style":"default","site-sidebar-style":"default","ast-global-header-display":"","ast-banner-title-visibility":"","ast-main-header-display":"","ast-hfb-above-header-display":"","ast-hfb-below-header-display":"","ast-hfb-mobile-header-display":"","site-post-title":"","ast-breadcrumbs-content":"","ast-featured-img":"","footer-sml-layout":"","ast-disable-related-posts":"","theme-transparent-header-meta":"","adv-header-id-meta":"","stick-header-meta":"","header-above-stick-meta":"","header-main-stick-meta":"","header-below-stick-meta":"","astra-migrate-meta-layouts":"default","ast-page-background-enabled":"default","ast-page-background-meta":{"desktop":{"background-color":"var(--ast-global-color-4)","background-image":"","background-repeat":"repeat","background-position":"center center","background-size":"auto","background-attachment":"scroll","background-type":"","background-media":"","overlay-type":"","overlay-color":"","overlay-opacity":"","overlay-gradient":""},"tablet":{"background-color":"","background-image":"","background-repeat":"repeat","background-position":"center center","background-size":"auto","background-attachment":"scroll","background-type":"","background-media":"","overlay-type":"","overlay-color":"","overlay-opacity":"","overlay-gradient":""},"mobile":{"background-color":"","background-image":"","background-repeat":"repeat","background-position":"center center","background-size":"auto","background-attachment":"scroll","background-type":"","background-media":"","overlay-type":"","overlay-color":"","overlay-opacity":"","overlay-gradient":""}},"ast-content-background-meta":{"desktop":{"background-color":"var(--ast-global-color-5)","background-image":"","background-repeat":"repeat","background-position":"center center","background-size":"auto","background-attachment":"scroll","background-type":"","background-media":"","overlay-type":"","overlay-color":"","overlay-opacity":"","overlay-gradient":""},"tablet":{"background-color":"var(--ast-global-color-5)","background-image":"","background-repeat":"repeat","background-position":"center center","background-size":"auto","background-attachment":"scroll","background-type":"","background-media":"","overlay-type":"","overlay-color":"","overlay-opacity":"","overlay-gradient":""},"mobile":{"background-color":"var(--ast-global-color-5)","background-image":"","background-repeat":"repeat","background-position":"center center","background-size":"auto","background-attachment":"scroll","background-type":"","background-media":"","overlay-type":"","overlay-color":"","overlay-opacity":"","overlay-gradient":""}}},"product_brand":[],"product_cat":[48,47,49,430,1200],"product_tag":[605,654,202,449,145,212,438,1389,227],"class_list":{"0":"post-8234","1":"product","2":"type-product","3":"status-publish","4":"has-post-thumbnail","6":"product_cat-casual","7":"product_cat-classic","8":"product_cat-loafer","9":"product_cat-men","10":"product_cat-mens-shoes-2","11":"product_tag-black-shoes","12":"product_tag-brogue-shoes","13":"product_tag-calf-leather","14":"product_tag-casual-shoes","15":"product_tag-classic-shoes","16":"product_tag-derby-shoes","17":"product_tag-eva-sole","18":"product_tag-goat-lined","19":"product_tag-leather-shoes","20":"desktop-align-center","21":"tablet-align-center","22":"mobile-align-center","24":"first","25":"instock","26":"shipping-taxable","27":"purchasable","28":"product-type-variable","29":"has-default-attributes"},"acf":[],"uagb_featured_image_src":{"full":["https:\/\/turkishtrade.co\/wp-content\/uploads\/2026\/01\/2600NZTMN00068-BLACK.png",453,250,false],"thumbnail":["https:\/\/turkishtrade.co\/wp-content\/uploads\/2026\/01\/2600NZTMN00068-BLACK-150x150.png",150,150,true],"medium":["https:\/\/turkishtrade.co\/wp-content\/uploads\/2026\/01\/2600NZTMN00068-BLACK-300x166.png",300,166,true],"medium_large":["https:\/\/turkishtrade.co\/wp-content\/uploads\/2026\/01\/2600NZTMN00068-BLACK.png",453,250,false],"large":["https:\/\/turkishtrade.co\/wp-content\/uploads\/2026\/01\/2600NZTMN00068-BLACK.png",453,250,false],"1536x1536":["https:\/\/turkishtrade.co\/wp-content\/uploads\/2026\/01\/2600NZTMN00068-BLACK.png",453,250,false],"2048x2048":["https:\/\/turkishtrade.co\/wp-content\/uploads\/2026\/01\/2600NZTMN00068-BLACK.png",453,250,false],"trp-custom-language-flag":["https:\/\/turkishtrade.co\/wp-content\/uploads\/2026\/01\/2600NZTMN00068-BLACK-18x10.png",18,10,true],"woocommerce_thumbnail":["https:\/\/turkishtrade.co\/wp-content\/uploads\/2026\/01\/2600NZTMN00068-BLACK-400x250.png",400,250,true],"woocommerce_single":["https:\/\/turkishtrade.co\/wp-content\/uploads\/2026\/01\/2600NZTMN00068-BLACK.png",453,250,false],"woocommerce_gallery_thumbnail":["https:\/\/turkishtrade.co\/wp-content\/uploads\/2026\/01\/2600NZTMN00068-BLACK-100x100.png",100,100,true]},"uagb_author_info":{"display_name":"python python","author_link":"https:\/\/turkishtrade.co\/es\/author\/"},"uagb_comment_info":0,"uagb_excerpt":"Handcrafted from premium calf leather for superior quality Luxurious goat leather lining ensures exceptional comfort Lightweight and durable EVA sole for all-day wear Features classic brogue detailing on a modern Derby silhouette Available in versatile European sizes 40-44 Wholesale opportunities available (Minimum Order: 16 Pairs)","_links":{"self":[{"href":"https:\/\/turkishtrade.co\/es\/wp-json\/wp\/v2\/product\/8234","targetHints":{"allow":["GET"]}}],"collection":[{"href":"https:\/\/turkishtrade.co\/es\/wp-json\/wp\/v2\/product"}],"about":[{"href":"https:\/\/turkishtrade.co\/es\/wp-json\/wp\/v2\/types\/product"}],"wp:featuredmedia":[{"embeddable":true,"href":"https:\/\/turkishtrade.co\/es\/wp-json\/wp\/v2\/media\/6905"}],"wp:attachment":[{"href":"https:\/\/turkishtrade.co\/es\/wp-json\/wp\/v2\/media?parent=8234"}],"wp:term":[{"taxonomy":"product_brand","embeddable":true,"href":"https:\/\/turkishtrade.co\/es\/wp-json\/wp\/v2\/product_brand?post=8234"},{"taxonomy":"product_cat","embeddable":true,"href":"https:\/\/turkishtrade.co\/es\/wp-json\/wp\/v2\/product_cat?post=8234"},{"taxonomy":"product_tag","embeddable":true,"href":"https:\/\/turkishtrade.co\/es\/wp-json\/wp\/v2\/product_tag?post=8234"}],"curies":[{"name":"wp","href":"https:\/\/api.w.org\/{rel}","templated":true}]}}