{"id":8232,"date":"2026-01-29T14:48:35","date_gmt":"2026-01-29T14:48:35","guid":{"rendered":"https:\/\/turkishtrade.co\/?post_type=product&#038;p=8232"},"modified":"2026-04-09T20:31:41","modified_gmt":"2026-04-09T20:31:41","slug":"mens-casual-black-leather-shoes","status":"publish","type":"product","link":"https:\/\/turkishtrade.co\/es\/shop\/mens-casual-black-leather-shoes\/","title":{"rendered":"Zapatos Casual Hombre Cuero Negro Garantizado | Zapatos Casual Hombre Cuero Negro Cl\u00e1sico"},"content":{"rendered":"<p><strong>Zapatos Casual Hombre Piel Negra<\/strong>. Calidad y dise\u00f1o garantizados.<\/p>\n<p>Sum\u00e9rjase en un estilo y un confort incomparables con nuestro exquisito <strong>Zapatos Casual Hombre Piel Negra<\/strong>. Dise\u00f1ados para el individuo exigente, estos zapatos de primera calidad combinan a la perfecci\u00f3n la est\u00e9tica cl\u00e1sica con la comodidad contempor\u00e1nea. Confeccionados con la mejor piel de ternero, el empeine luce una sofisticada textura en la puntera que confiere a estos zapatos derby un toque \u00fanico. El tono negro intenso garantiza la versatilidad, haciendo que estos <strong>Zapatos Casual Hombre Piel Negra<\/strong> un complemento indispensable en cualquier armario moderno.<\/p>\n<p>Experimenta un confort superior a cada paso, gracias a la innovadora suela de EVA. Este material ligero pero duradero proporciona una excelente amortiguaci\u00f3n y sujeci\u00f3n, haciendo que estas <strong>Zapatos Casual Hombre Piel Negra<\/strong> ideal para un uso prolongado. Tanto si te mueves por las ajetreadas calles de la ciudad como si disfrutas de un relajado fin de semana, la suela de EVA minimiza la fatiga y maximiza tu comodidad. Como complemento del robusto exterior, el lujoso forro de piel de cabra garantiza la transpirabilidad y un tacto suave sobre la piel, una caracter\u00edstica que suele asociarse a la comodidad y facilidad inherentes a los mocasines cl\u00e1sicos.<\/p>\n<h3>Calidad inigualable y estilo vers\u00e1til<\/h3>\n<p>Nuestro compromiso con la calidad es evidente en cada detalle. La rica piel de becerro no s\u00f3lo ofrece una durabilidad excepcional, sino que tambi\u00e9n desarrolla una p\u00e1tina \u00fanica con el tiempo, contando la historia de tus viajes. Estos zapatos derby con cordones, aunque encarnan una silueta cl\u00e1sica, incorporan una moderna suela gruesa que a\u00f1ade un toque contempor\u00e1neo, lo que les permite tender un puente entre el calzado formal y el puramente informal. Esto los hace incre\u00edblemente vers\u00e1tiles, combinando sin esfuerzo con pantalones de sastrer\u00eda, chinos o incluso vaqueros de primera calidad, creando un look distintivo.<\/p>\n<p>El atractivo atemporal de estos <strong>Zapatos Casual Hombre Piel Negra<\/strong> garantiza que sigan siendo un b\u00e1sico temporada tras temporada. Disponibles en una amplia gama de tallas, de la 40 a la 44, satisfacen las necesidades de una clientela muy variada. Disfrute de la combinaci\u00f3n perfecta de dise\u00f1o cl\u00e1sico, comodidad informal y construcci\u00f3n robusta. Para las empresas que buscan calzado de alta calidad, estos <strong>Zapatos Casual Hombre Piel Negra<\/strong> est\u00e1n disponibles para la venta al por mayor, con una cantidad m\u00ednima de pedido de 16 pares, lo que las convierte en una excelente inversi\u00f3n para su inventario.<\/p>\n<p>Invierta en un calzado que promete un estilo duradero y una comodidad excepcional. Nuestro <strong>Zapatos Casual Hombre Piel Negra<\/strong> son m\u00e1s que un par de zapatos; son una declaraci\u00f3n de sofisticada elegancia casual. Eleva tu colecci\u00f3n de calzado hoy mismo con este par imprescindible que promete realzar tu estilo y ofrecer un uso duradero.<\/p>","protected":false},"excerpt":{"rendered":"<ul>\n<li><strong>Parte superior de piel de becerro de primera calidad:<\/strong> Confeccionados con piel de ternero de alta calidad para ofrecer un aspecto refinado y una durabilidad duradera.<\/li>\n<li><strong>Suela ligera de EVA:<\/strong> Dise\u00f1adas con una suela de EVA robusta pero ligera para una mayor amortiguaci\u00f3n y comodidad durante todo el d\u00eda.<\/li>\n<li><strong>Lujoso forro de piel de cabra:<\/strong> Presenta un interior de piel de cabra suave y transpirable, que garantiza un confort y una ventilaci\u00f3n excepcionales.<\/li>\n<li><strong>Dise\u00f1o casual vers\u00e1til:<\/strong> Una mezcla perfecta de clasicismo y modernidad, ideal para vestir elegante e informal, para la oficina o para salir el fin de semana.<\/li>\n<li><strong>Disponibilidad al por mayor:<\/strong> Pedido m\u00ednimo de 16 pares, perfecto para minoristas que buscan calzado masculino de primera calidad.<\/li>\n<\/ul>","protected":false},"featured_media":6902,"template":"","meta":{"_acf_changed":false,"_uag_custom_page_level_css":"","site-sidebar-layout":"default","site-content-layout":"","ast-site-content-layout":"default","site-content-style":"default","site-sidebar-style":"default","ast-global-header-display":"","ast-banner-title-visibility":"","ast-main-header-display":"","ast-hfb-above-header-display":"","ast-hfb-below-header-display":"","ast-hfb-mobile-header-display":"","site-post-title":"","ast-breadcrumbs-content":"","ast-featured-img":"","footer-sml-layout":"","ast-disable-related-posts":"","theme-transparent-header-meta":"","adv-header-id-meta":"","stick-header-meta":"","header-above-stick-meta":"","header-main-stick-meta":"","header-below-stick-meta":"","astra-migrate-meta-layouts":"default","ast-page-background-enabled":"default","ast-page-background-meta":{"desktop":{"background-color":"var(--ast-global-color-4)","background-image":"","background-repeat":"repeat","background-position":"center center","background-size":"auto","background-attachment":"scroll","background-type":"","background-media":"","overlay-type":"","overlay-color":"","overlay-opacity":"","overlay-gradient":""},"tablet":{"background-color":"","background-image":"","background-repeat":"repeat","background-position":"center center","background-size":"auto","background-attachment":"scroll","background-type":"","background-media":"","overlay-type":"","overlay-color":"","overlay-opacity":"","overlay-gradient":""},"mobile":{"background-color":"","background-image":"","background-repeat":"repeat","background-position":"center center","background-size":"auto","background-attachment":"scroll","background-type":"","background-media":"","overlay-type":"","overlay-color":"","overlay-opacity":"","overlay-gradient":""}},"ast-content-background-meta":{"desktop":{"background-color":"var(--ast-global-color-5)","background-image":"","background-repeat":"repeat","background-position":"center center","background-size":"auto","background-attachment":"scroll","background-type":"","background-media":"","overlay-type":"","overlay-color":"","overlay-opacity":"","overlay-gradient":""},"tablet":{"background-color":"var(--ast-global-color-5)","background-image":"","background-repeat":"repeat","background-position":"center center","background-size":"auto","background-attachment":"scroll","background-type":"","background-media":"","overlay-type":"","overlay-color":"","overlay-opacity":"","overlay-gradient":""},"mobile":{"background-color":"var(--ast-global-color-5)","background-image":"","background-repeat":"repeat","background-position":"center center","background-size":"auto","background-attachment":"scroll","background-type":"","background-media":"","overlay-type":"","overlay-color":"","overlay-opacity":"","overlay-gradient":""}}},"product_brand":[],"product_cat":[48,47,49,430,1200],"product_tag":[420,185,1062,331,754,319,303,1255,1388,254],"class_list":{"0":"post-8232","1":"product","2":"type-product","3":"status-publish","4":"has-post-thumbnail","6":"product_cat-casual","7":"product_cat-classic","8":"product_cat-loafer","9":"product_cat-men","10":"product_cat-mens-shoes-2","11":"product_tag-black-lace-up-shoes","12":"product_tag-calf-leather-shoes","13":"product_tag-casual-derby-shoes","14":"product_tag-chunky-sole-shoes","15":"product_tag-classic-mens-shoes","16":"product_tag-comfortable-leather-shoes","17":"product_tag-eva-sole-footwear","18":"product_tag-goat-leather-lined","19":"product_tag-mens-black-leather-shoes","20":"product_tag-wholesale-footwear","21":"desktop-align-center","22":"tablet-align-center","23":"mobile-align-center","25":"first","26":"instock","27":"shipping-taxable","28":"purchasable","29":"product-type-variable","30":"has-default-attributes"},"acf":[],"uagb_featured_image_src":{"full":["https:\/\/turkishtrade.co\/wp-content\/uploads\/2026\/01\/2600NZTMN00066-BLACK.png",453,250,false],"thumbnail":["https:\/\/turkishtrade.co\/wp-content\/uploads\/2026\/01\/2600NZTMN00066-BLACK-150x150.png",150,150,true],"medium":["https:\/\/turkishtrade.co\/wp-content\/uploads\/2026\/01\/2600NZTMN00066-BLACK-300x166.png",300,166,true],"medium_large":["https:\/\/turkishtrade.co\/wp-content\/uploads\/2026\/01\/2600NZTMN00066-BLACK.png",453,250,false],"large":["https:\/\/turkishtrade.co\/wp-content\/uploads\/2026\/01\/2600NZTMN00066-BLACK.png",453,250,false],"1536x1536":["https:\/\/turkishtrade.co\/wp-content\/uploads\/2026\/01\/2600NZTMN00066-BLACK.png",453,250,false],"2048x2048":["https:\/\/turkishtrade.co\/wp-content\/uploads\/2026\/01\/2600NZTMN00066-BLACK.png",453,250,false],"trp-custom-language-flag":["https:\/\/turkishtrade.co\/wp-content\/uploads\/2026\/01\/2600NZTMN00066-BLACK-18x10.png",18,10,true],"woocommerce_thumbnail":["https:\/\/turkishtrade.co\/wp-content\/uploads\/2026\/01\/2600NZTMN00066-BLACK-400x250.png",400,250,true],"woocommerce_single":["https:\/\/turkishtrade.co\/wp-content\/uploads\/2026\/01\/2600NZTMN00066-BLACK.png",453,250,false],"woocommerce_gallery_thumbnail":["https:\/\/turkishtrade.co\/wp-content\/uploads\/2026\/01\/2600NZTMN00066-BLACK-100x100.png",100,100,true]},"uagb_author_info":{"display_name":"python python","author_link":"https:\/\/turkishtrade.co\/es\/author\/"},"uagb_comment_info":0,"uagb_excerpt":"Premium Calf Leather Upper: Expertly crafted from high-quality calf leather for a refined look and lasting durability. Lightweight EVA Sole: Engineered with a robust yet lightweight EVA sole for superior shock absorption and all-day comfort. Luxurious Goat Leather Lining: Features a soft and breathable goat leather interior, ensuring exceptional comfort and ventilation. Versatile Casual Design:&hellip;","_links":{"self":[{"href":"https:\/\/turkishtrade.co\/es\/wp-json\/wp\/v2\/product\/8232","targetHints":{"allow":["GET"]}}],"collection":[{"href":"https:\/\/turkishtrade.co\/es\/wp-json\/wp\/v2\/product"}],"about":[{"href":"https:\/\/turkishtrade.co\/es\/wp-json\/wp\/v2\/types\/product"}],"wp:featuredmedia":[{"embeddable":true,"href":"https:\/\/turkishtrade.co\/es\/wp-json\/wp\/v2\/media\/6902"}],"wp:attachment":[{"href":"https:\/\/turkishtrade.co\/es\/wp-json\/wp\/v2\/media?parent=8232"}],"wp:term":[{"taxonomy":"product_brand","embeddable":true,"href":"https:\/\/turkishtrade.co\/es\/wp-json\/wp\/v2\/product_brand?post=8232"},{"taxonomy":"product_cat","embeddable":true,"href":"https:\/\/turkishtrade.co\/es\/wp-json\/wp\/v2\/product_cat?post=8232"},{"taxonomy":"product_tag","embeddable":true,"href":"https:\/\/turkishtrade.co\/es\/wp-json\/wp\/v2\/product_tag?post=8232"}],"curies":[{"name":"wp","href":"https:\/\/api.w.org\/{rel}","templated":true}]}}