{"id":8230,"date":"2026-01-29T14:48:35","date_gmt":"2026-01-29T14:48:35","guid":{"rendered":"https:\/\/turkishtrade.co\/?post_type=product&#038;p=8230"},"modified":"2026-04-09T20:31:46","modified_gmt":"2026-04-09T20:31:46","slug":"mens-suede-brogue-casual-sneakers","status":"publish","type":"product","link":"https:\/\/turkishtrade.co\/es\/shop\/mens-suede-brogue-casual-sneakers\/","title":{"rendered":"Hombre de gamuza Brogue Casual Sneakers Proven | Verde Oliva"},"content":{"rendered":"<p>Eleve su calzado diario con nuestro exclusivo <strong>Sneakers Casual Brogue de Ante para Hombre<\/strong> en un sofisticado verde oliva. Estos excepcionales zapatos combinan a la perfecci\u00f3n la elegancia tradicional con la comodidad moderna, convirti\u00e9ndolos en la elecci\u00f3n perfecta para el caballero exigente que valora tanto el estilo como la practicidad. Experimente una fusi\u00f3n \u00fanica en la que el detalle cl\u00e1sico del brogue se une al atractivo relajado de una zapatilla deportiva informal.<\/p>\n<p>Confeccionadas en ante de piel de ternera aut\u00e9ntica de primera calidad, la parte superior de estas <strong>zapatillas casual brogue de ante<\/strong> ofrece una textura lujosa y una durabilidad notable. La rica tonalidad verde oliva a\u00f1ade un toque de sofisticaci\u00f3n discreta, asegurando que estos zapatos complementan una amplia gama de trajes, desde elegantes pantalones chinos casuales a sus pantalones vaqueros favoritos. Cada puntada y perforaci\u00f3n del dise\u00f1o wingtip brogue refleja un meticuloso trabajo artesanal, que distingue a estas zapatillas del calzado corriente.<\/p>\n<h3>Confort y calidad inigualables<\/h3>\n<p>M\u00e1s all\u00e1 de su llamativo aspecto, la comodidad es primordial. Cada par de estos <strong>Sneakers Casual Brogue de Ante para Hombre<\/strong> cuenta con un forro de piel de cabra afelpada que proporciona una transpirabilidad excepcional y un abrazo suave y c\u00f3modo para tus pies durante todo el d\u00eda. Este forro de primera calidad ayuda a regular la temperatura, garantizando frescura y comodidad incluso durante un uso prolongado. La base de estos incre\u00edbles zapatos es una suela de EVA ligera pero incre\u00edblemente duradera. Esta avanzada tecnolog\u00eda de suela proporciona una amortiguaci\u00f3n y flexibilidad superiores, absorbiendo el impacto a cada paso y haci\u00e9ndolas ideales para llevarlas durante todo el d\u00eda, tanto si te mueves por las calles de la ciudad como si disfrutas de un relajado fin de semana.<\/p>\n<p>Su innovador dise\u00f1o a\u00fana lo mejor de ambos mundos: el atractivo atemporal de un zapato brogue con la facilidad contempor\u00e1nea de una zapatilla deportiva. Esto hace que nuestros <strong>Sneakers Casual Brogue de Ante para Hombre<\/strong> incre\u00edblemente vers\u00e1tiles. Son una opci\u00f3n excelente para una gran variedad de ocasiones, pasando sin esfuerzo de reuniones informales de negocios a salidas de fin de semana con los amigos. Su robusta construcci\u00f3n, combinada con materiales de calidad como el ante de piel de ternero y una resistente suela de EVA, garantiza su longevidad, convirti\u00e9ndolas en una sabia inversi\u00f3n para tu armario. No renuncies al estilo ni a la comodidad; elige estas inconfundibles zapatillas informales para causar una impresi\u00f3n duradera.<\/p>","protected":false},"excerpt":{"rendered":"<ul>\n<li>Parte superior de ante de aut\u00e9ntica piel de ternero de primera calidad en verde oliva<\/li>\n<li>Forro de piel de cabra lujoso y transpirable<\/li>\n<li>Suela de EVA ligera, flexible y duradera para una mayor comodidad durante todo el d\u00eda<\/li>\n<li>Brogue cl\u00e1sico y detalles en punta de ala con pespuntes en contraste<\/li>\n<li>Dise\u00f1o informal vers\u00e1til adecuado para diversas ocasiones<\/li>\n<li>Disponible en tallas 40, 41, 42, 43, 44<\/li>\n<li>Los pedidos al por mayor est\u00e1n disponibles con un m\u00ednimo de 16 pares<\/li>\n<\/ul>","protected":false},"featured_media":6900,"template":"","meta":{"_acf_changed":false,"_uag_custom_page_level_css":"","site-sidebar-layout":"default","site-content-layout":"","ast-site-content-layout":"default","site-content-style":"default","site-sidebar-style":"default","ast-global-header-display":"","ast-banner-title-visibility":"","ast-main-header-display":"","ast-hfb-above-header-display":"","ast-hfb-below-header-display":"","ast-hfb-mobile-header-display":"","site-post-title":"","ast-breadcrumbs-content":"","ast-featured-img":"","footer-sml-layout":"","ast-disable-related-posts":"","theme-transparent-header-meta":"","adv-header-id-meta":"","stick-header-meta":"","header-above-stick-meta":"","header-main-stick-meta":"","header-below-stick-meta":"","astra-migrate-meta-layouts":"default","ast-page-background-enabled":"default","ast-page-background-meta":{"desktop":{"background-color":"var(--ast-global-color-4)","background-image":"","background-repeat":"repeat","background-position":"center center","background-size":"auto","background-attachment":"scroll","background-type":"","background-media":"","overlay-type":"","overlay-color":"","overlay-opacity":"","overlay-gradient":""},"tablet":{"background-color":"","background-image":"","background-repeat":"repeat","background-position":"center center","background-size":"auto","background-attachment":"scroll","background-type":"","background-media":"","overlay-type":"","overlay-color":"","overlay-opacity":"","overlay-gradient":""},"mobile":{"background-color":"","background-image":"","background-repeat":"repeat","background-position":"center center","background-size":"auto","background-attachment":"scroll","background-type":"","background-media":"","overlay-type":"","overlay-color":"","overlay-opacity":"","overlay-gradient":""}},"ast-content-background-meta":{"desktop":{"background-color":"var(--ast-global-color-5)","background-image":"","background-repeat":"repeat","background-position":"center center","background-size":"auto","background-attachment":"scroll","background-type":"","background-media":"","overlay-type":"","overlay-color":"","overlay-opacity":"","overlay-gradient":""},"tablet":{"background-color":"var(--ast-global-color-5)","background-image":"","background-repeat":"repeat","background-position":"center center","background-size":"auto","background-attachment":"scroll","background-type":"","background-media":"","overlay-type":"","overlay-color":"","overlay-opacity":"","overlay-gradient":""},"mobile":{"background-color":"var(--ast-global-color-5)","background-image":"","background-repeat":"repeat","background-position":"center center","background-size":"auto","background-attachment":"scroll","background-type":"","background-media":"","overlay-type":"","overlay-color":"","overlay-opacity":"","overlay-gradient":""}}},"product_brand":[],"product_cat":[48,49,430,1200,50],"product_tag":[216,1117,287,1278,286,1396,1353,936,380,1397],"class_list":{"0":"post-8230","1":"product","2":"type-product","3":"status-publish","4":"has-post-thumbnail","6":"product_cat-casual","7":"product_cat-loafer","8":"product_cat-men","9":"product_cat-mens-shoes-2","10":"product_cat-sneakers","11":"product_tag-casual-sneakers","12":"product_tag-comfortable-sneakers","13":"product_tag-eva-sole-shoes","14":"product_tag-goat-lining-shoes","15":"product_tag-mens-leather-shoes","16":"product_tag-mens-suede-brogue-sneakers","17":"product_tag-olive-green-shoes","18":"product_tag-premium-mens-footwear","19":"product_tag-smart-casual-footwear","20":"product_tag-wingtip-sneakers","21":"desktop-align-center","22":"tablet-align-center","23":"mobile-align-center","25":"first","26":"instock","27":"shipping-taxable","28":"purchasable","29":"product-type-variable","30":"has-default-attributes"},"acf":[],"uagb_featured_image_src":{"full":["https:\/\/turkishtrade.co\/wp-content\/uploads\/2026\/01\/2600NZTMN00064-GREEN.png",453,250,false],"thumbnail":["https:\/\/turkishtrade.co\/wp-content\/uploads\/2026\/01\/2600NZTMN00064-GREEN-150x150.png",150,150,true],"medium":["https:\/\/turkishtrade.co\/wp-content\/uploads\/2026\/01\/2600NZTMN00064-GREEN-300x166.png",300,166,true],"medium_large":["https:\/\/turkishtrade.co\/wp-content\/uploads\/2026\/01\/2600NZTMN00064-GREEN.png",453,250,false],"large":["https:\/\/turkishtrade.co\/wp-content\/uploads\/2026\/01\/2600NZTMN00064-GREEN.png",453,250,false],"1536x1536":["https:\/\/turkishtrade.co\/wp-content\/uploads\/2026\/01\/2600NZTMN00064-GREEN.png",453,250,false],"2048x2048":["https:\/\/turkishtrade.co\/wp-content\/uploads\/2026\/01\/2600NZTMN00064-GREEN.png",453,250,false],"trp-custom-language-flag":["https:\/\/turkishtrade.co\/wp-content\/uploads\/2026\/01\/2600NZTMN00064-GREEN-18x10.png",18,10,true],"woocommerce_thumbnail":["https:\/\/turkishtrade.co\/wp-content\/uploads\/2026\/01\/2600NZTMN00064-GREEN-400x250.png",400,250,true],"woocommerce_single":["https:\/\/turkishtrade.co\/wp-content\/uploads\/2026\/01\/2600NZTMN00064-GREEN.png",453,250,false],"woocommerce_gallery_thumbnail":["https:\/\/turkishtrade.co\/wp-content\/uploads\/2026\/01\/2600NZTMN00064-GREEN-100x100.png",100,100,true]},"uagb_author_info":{"display_name":"python python","author_link":"https:\/\/turkishtrade.co\/es\/author\/"},"uagb_comment_info":0,"uagb_excerpt":"Premium genuine calf leather suede upper in olive green Luxurious and breathable goat leather lining Lightweight, flexible, and durable EVA sole for all-day comfort Classic brogue and wingtip detailing with contrasting stitching Versatile casual design suitable for various occasions Available in sizes 40, 41, 42, 43, 44 Wholesale orders are available with a minimum of&hellip;","_links":{"self":[{"href":"https:\/\/turkishtrade.co\/es\/wp-json\/wp\/v2\/product\/8230","targetHints":{"allow":["GET"]}}],"collection":[{"href":"https:\/\/turkishtrade.co\/es\/wp-json\/wp\/v2\/product"}],"about":[{"href":"https:\/\/turkishtrade.co\/es\/wp-json\/wp\/v2\/types\/product"}],"wp:featuredmedia":[{"embeddable":true,"href":"https:\/\/turkishtrade.co\/es\/wp-json\/wp\/v2\/media\/6900"}],"wp:attachment":[{"href":"https:\/\/turkishtrade.co\/es\/wp-json\/wp\/v2\/media?parent=8230"}],"wp:term":[{"taxonomy":"product_brand","embeddable":true,"href":"https:\/\/turkishtrade.co\/es\/wp-json\/wp\/v2\/product_brand?post=8230"},{"taxonomy":"product_cat","embeddable":true,"href":"https:\/\/turkishtrade.co\/es\/wp-json\/wp\/v2\/product_cat?post=8230"},{"taxonomy":"product_tag","embeddable":true,"href":"https:\/\/turkishtrade.co\/es\/wp-json\/wp\/v2\/product_tag?post=8230"}],"curies":[{"name":"wp","href":"https:\/\/api.w.org\/{rel}","templated":true}]}}