{"id":8227,"date":"2026-01-29T14:48:35","date_gmt":"2026-01-29T14:48:35","guid":{"rendered":"https:\/\/turkishtrade.co\/?post_type=product&#038;p=8227"},"modified":"2026-04-09T20:32:03","modified_gmt":"2026-04-09T20:32:03","slug":"mens-casual-leather-loafers-6","status":"publish","type":"product","link":"https:\/\/turkishtrade.co\/es\/shop\/mens-casual-leather-loafers-6\/","title":{"rendered":"Mocasines de Cuero Casual para Hombre Elite | Mocasines de Cuero Genuino Negro para Hombre"},"content":{"rendered":"<p><strong>Mocasines de cuero para hombre<\/strong>. Calidad y dise\u00f1o de \u00e9lite.<\/p>\n<p>Eleve su estilo cotidiano con nuestros exquisitos <b>Mocasines casuales de cuero negro para hombre<\/b>. Estos mocasines, que combinan a la perfecci\u00f3n la elegancia cl\u00e1sica con la comodidad moderna, est\u00e1n dise\u00f1ados para el hombre exigente que valora tanto la est\u00e9tica como la practicidad. Elaborados con una meticulosa atenci\u00f3n al detalle, representan la cima del calzado informal, por lo que son un complemento imprescindible en cualquier armario.<\/p>\n<h3>Calidad y artesan\u00eda inigualables<\/h3>\n<p>Cada par de estos excepcionales <b>mocasines de cuero para hombre<\/b> est\u00e1 fabricado en \u201cdana deri\u201d (aut\u00e9ntica piel de ternero) de primera calidad, conocida por su textura flexible, durabilidad y atractivo natural. El acabado en negro intenso le confiere un aspecto vers\u00e1til que permite pasar sin esfuerzo de la oficina a las salidas de fin de semana. Adem\u00e1s del exterior, el interior est\u00e1 forrado con suave \u201ckeci astar\u201d (aut\u00e9ntica piel de cabra), que ofrece un tacto lujoso y una transpirabilidad superior que mantiene los pies c\u00f3modos durante todo el d\u00eda. Este compromiso con los materiales de alta calidad garantiza no s\u00f3lo un aspecto sofisticado, sino tambi\u00e9n una notable longevidad para su inversi\u00f3n.<\/p>\n<p>El dise\u00f1o distintivo de estos <b>mocasines casual de cuero negro<\/b> presenta un estilo contempor\u00e1neo de cordones complementado con intrincadas perforaciones de inspiraci\u00f3n brogue, que a\u00f1aden un toque de car\u00e1cter refinado. Esta mezcla \u00fanica de detalles tradicionales con una silueta relajada hace que estos zapatos destaquen. Tanto si te vistes para un evento semiformal como si simplemente disfrutas de un d\u00eda de ocio, estos <b>mocasines de cuero para hombre<\/b> proporcionan la fusi\u00f3n perfecta de estilo y facilidad.<\/p>\n<h3>Comodidad superior con tecnolog\u00eda de suela EVA<\/h3>\n<p>Experimenta un confort inigualable con la innovadora suela ligera de EVA. Esta avanzada tecnolog\u00eda de suela es famosa por sus excepcionales propiedades de amortiguaci\u00f3n y absorci\u00f3n de impactos, reduciendo la fatiga del pie y proporcionando un resorte en su paso. La naturaleza flexible de la suela de EVA se mueve con el pie, ofreciendo una sujeci\u00f3n y comodidad sostenidas, haciendo que estas <b>mocasines de cuero para hombre<\/b> ideal para un uso prolongado. La suela blanca en contraste no s\u00f3lo a\u00f1ade un toque contempor\u00e1neo a la parte superior de cuero negro, sino que tambi\u00e9n mejora la est\u00e9tica casual general, creando un perfil din\u00e1mico y elegante.<\/p>\n<p>Nuestra <b>Mocasines casuales de hombre en piel aut\u00e9ntica negra con suela de EVA<\/b> est\u00e1n disponibles en una pr\u00e1ctica gama de tallas de la 40 a la 44, lo que garantiza un ajuste perfecto para una amplia gama de clientes. Estamos orgullosos de ofrecer estos zapatos de alta calidad al por mayor, con un pedido m\u00ednimo de 16 pares. Esto supone una excelente oportunidad para que los minoristas almacenen un producto de primera calidad que garantiza la satisfacci\u00f3n del cliente y la repetici\u00f3n del negocio. Invierta en comodidad, calidad y estilo atemporal con estos extraordinarios zapatos. <b>mocasines de cuero para hombre<\/b>.<\/p>","protected":false},"excerpt":{"rendered":"<ul>\n<li><b>Piel aut\u00e9ntica de primera calidad:<\/b> Fabricado con piel de ternera de alta calidad \u201cdana deri\u201d para una mayor durabilidad y un acabado sofisticado.<\/li>\n<li><b>Lujoso forro de piel de cabra:<\/b> Incorpora un suave \u201ckeci astar\u201d (forro de piel de cabra) que garantiza una transpirabilidad superior y un confort excepcional.<\/li>\n<li><b>Suela ligera de EVA:<\/b> Dise\u00f1adas con una suela de EVA flexible y amortiguadora para proporcionar una sujeci\u00f3n y comodidad \u00f3ptimas durante todo el d\u00eda.<\/li>\n<li><b>Elegante dise\u00f1o informal:<\/b> Estos mocasines informales de piel para hombre presentan un moderno dise\u00f1o con cordones y elegantes detalles de inspiraci\u00f3n brogue, perfectos para un estilo vers\u00e1til.<\/li>\n<li><b>Tallas disponibles:<\/b> Se ofrece en una amplia gama de tallas: 40, 41, 42, 43 y 44.<\/li>\n<li><b>Oportunidad de venta al por mayor:<\/b> Benef\u00edciese de nuestros atractivos precios al por mayor con un pedido m\u00ednimo de 16 pares.<\/li>\n<\/ul>","protected":false},"featured_media":6965,"template":"","meta":{"_acf_changed":false,"_uag_custom_page_level_css":"","site-sidebar-layout":"default","site-content-layout":"","ast-site-content-layout":"default","site-content-style":"default","site-sidebar-style":"default","ast-global-header-display":"","ast-banner-title-visibility":"","ast-main-header-display":"","ast-hfb-above-header-display":"","ast-hfb-below-header-display":"","ast-hfb-mobile-header-display":"","site-post-title":"","ast-breadcrumbs-content":"","ast-featured-img":"","footer-sml-layout":"","ast-disable-related-posts":"","theme-transparent-header-meta":"","adv-header-id-meta":"","stick-header-meta":"","header-above-stick-meta":"","header-main-stick-meta":"","header-below-stick-meta":"","astra-migrate-meta-layouts":"default","ast-page-background-enabled":"default","ast-page-background-meta":{"desktop":{"background-color":"var(--ast-global-color-4)","background-image":"","background-repeat":"repeat","background-position":"center center","background-size":"auto","background-attachment":"scroll","background-type":"","background-media":"","overlay-type":"","overlay-color":"","overlay-opacity":"","overlay-gradient":""},"tablet":{"background-color":"","background-image":"","background-repeat":"repeat","background-position":"center center","background-size":"auto","background-attachment":"scroll","background-type":"","background-media":"","overlay-type":"","overlay-color":"","overlay-opacity":"","overlay-gradient":""},"mobile":{"background-color":"","background-image":"","background-repeat":"repeat","background-position":"center center","background-size":"auto","background-attachment":"scroll","background-type":"","background-media":"","overlay-type":"","overlay-color":"","overlay-opacity":"","overlay-gradient":""}},"ast-content-background-meta":{"desktop":{"background-color":"var(--ast-global-color-5)","background-image":"","background-repeat":"repeat","background-position":"center center","background-size":"auto","background-attachment":"scroll","background-type":"","background-media":"","overlay-type":"","overlay-color":"","overlay-opacity":"","overlay-gradient":""},"tablet":{"background-color":"var(--ast-global-color-5)","background-image":"","background-repeat":"repeat","background-position":"center center","background-size":"auto","background-attachment":"scroll","background-type":"","background-media":"","overlay-type":"","overlay-color":"","overlay-opacity":"","overlay-gradient":""},"mobile":{"background-color":"var(--ast-global-color-5)","background-image":"","background-repeat":"repeat","background-position":"center center","background-size":"auto","background-attachment":"scroll","background-type":"","background-media":"","overlay-type":"","overlay-color":"","overlay-opacity":"","overlay-gradient":""}}},"product_brand":[],"product_cat":[48,49,430,1200],"product_tag":[814,220,287,952,1374,215,1085,281],"class_list":{"0":"post-8227","1":"product","2":"type-product","3":"status-publish","4":"has-post-thumbnail","6":"product_cat-casual","7":"product_cat-loafer","8":"product_cat-men","9":"product_cat-mens-shoes-2","10":"product_tag-black-leather-loafers","11":"product_tag-comfortable-loafers","12":"product_tag-eva-sole-shoes","13":"product_tag-genuine-leather-shoes","14":"product_tag-lace-up-casual-shoes","15":"product_tag-leather-loafers","16":"product_tag-mens-casual-leather-loafers","17":"product_tag-wholesale-shoes","18":"desktop-align-center","19":"tablet-align-center","20":"mobile-align-center","22":"first","23":"instock","24":"shipping-taxable","25":"purchasable","26":"product-type-variable","27":"has-default-attributes"},"acf":[],"uagb_featured_image_src":{"full":["https:\/\/turkishtrade.co\/wp-content\/uploads\/2026\/01\/2600NZTMN00061-BLACK.png",453,250,false],"thumbnail":["https:\/\/turkishtrade.co\/wp-content\/uploads\/2026\/01\/2600NZTMN00061-BLACK-150x150.png",150,150,true],"medium":["https:\/\/turkishtrade.co\/wp-content\/uploads\/2026\/01\/2600NZTMN00061-BLACK-300x166.png",300,166,true],"medium_large":["https:\/\/turkishtrade.co\/wp-content\/uploads\/2026\/01\/2600NZTMN00061-BLACK.png",453,250,false],"large":["https:\/\/turkishtrade.co\/wp-content\/uploads\/2026\/01\/2600NZTMN00061-BLACK.png",453,250,false],"1536x1536":["https:\/\/turkishtrade.co\/wp-content\/uploads\/2026\/01\/2600NZTMN00061-BLACK.png",453,250,false],"2048x2048":["https:\/\/turkishtrade.co\/wp-content\/uploads\/2026\/01\/2600NZTMN00061-BLACK.png",453,250,false],"trp-custom-language-flag":["https:\/\/turkishtrade.co\/wp-content\/uploads\/2026\/01\/2600NZTMN00061-BLACK-18x10.png",18,10,true],"woocommerce_thumbnail":["https:\/\/turkishtrade.co\/wp-content\/uploads\/2026\/01\/2600NZTMN00061-BLACK-400x250.png",400,250,true],"woocommerce_single":["https:\/\/turkishtrade.co\/wp-content\/uploads\/2026\/01\/2600NZTMN00061-BLACK.png",453,250,false],"woocommerce_gallery_thumbnail":["https:\/\/turkishtrade.co\/wp-content\/uploads\/2026\/01\/2600NZTMN00061-BLACK-100x100.png",100,100,true]},"uagb_author_info":{"display_name":"python python","author_link":"https:\/\/turkishtrade.co\/es\/author\/"},"uagb_comment_info":0,"uagb_excerpt":"Premium Genuine Leather: Expertly crafted from high-quality \"dana deri\" (calf leather) for lasting durability and a sophisticated finish. Luxurious Goat Leather Lining: Features a soft \"keci astar\" (goat leather lining) that ensures superior breathability and exceptional comfort. Lightweight EVA Sole: Designed with a flexible, cushioning EVA sole to provide optimal support and comfort for all-day&hellip;","_links":{"self":[{"href":"https:\/\/turkishtrade.co\/es\/wp-json\/wp\/v2\/product\/8227","targetHints":{"allow":["GET"]}}],"collection":[{"href":"https:\/\/turkishtrade.co\/es\/wp-json\/wp\/v2\/product"}],"about":[{"href":"https:\/\/turkishtrade.co\/es\/wp-json\/wp\/v2\/types\/product"}],"wp:featuredmedia":[{"embeddable":true,"href":"https:\/\/turkishtrade.co\/es\/wp-json\/wp\/v2\/media\/6965"}],"wp:attachment":[{"href":"https:\/\/turkishtrade.co\/es\/wp-json\/wp\/v2\/media?parent=8227"}],"wp:term":[{"taxonomy":"product_brand","embeddable":true,"href":"https:\/\/turkishtrade.co\/es\/wp-json\/wp\/v2\/product_brand?post=8227"},{"taxonomy":"product_cat","embeddable":true,"href":"https:\/\/turkishtrade.co\/es\/wp-json\/wp\/v2\/product_cat?post=8227"},{"taxonomy":"product_tag","embeddable":true,"href":"https:\/\/turkishtrade.co\/es\/wp-json\/wp\/v2\/product_tag?post=8227"}],"curies":[{"name":"wp","href":"https:\/\/api.w.org\/{rel}","templated":true}]}}