{"id":8209,"date":"2026-01-29T14:48:22","date_gmt":"2026-01-29T14:48:22","guid":{"rendered":"https:\/\/turkishtrade.co\/?post_type=product&#038;p=8209"},"modified":"2026-04-09T20:32:21","modified_gmt":"2026-04-09T20:32:21","slug":"mens-camel-leather-casual-sneakers","status":"publish","type":"product","link":"https:\/\/turkishtrade.co\/es\/shop\/mens-camel-leather-casual-sneakers\/","title":{"rendered":"Hombre de cuero camel Casual Sneakers Genuine | con suela de EVA"},"content":{"rendered":"<p>Eleve su estilo cotidiano con nuestros <b>Zapatillas casual de piel camel para hombre<\/b>. Confeccionadas por expertos para el hombre moderno, estas zapatillas ofrecen una mezcla inigualable de sofisticaci\u00f3n, comodidad y durabilidad. La parte superior de piel de vacuno aut\u00e9ntica de color camel desprende un atractivo atemporal, lo que convierte a estas zapatillas en un complemento vers\u00e1til para cualquier armario. Tanto si te diriges a una reuni\u00f3n de negocios informal, como si exploras la ciudad o disfrutas de un fin de semana relajado, estas zapatillas est\u00e1n dise\u00f1adas para mantenerte c\u00f3modo y con estilo durante todo el d\u00eda.<\/p>\n<h3>Confort inigualable y materiales de calidad<\/h3>\n<p>Estos excepcionales <b>Zapatillas casual de piel camel para hombre<\/b> est\u00e1n dise\u00f1adas para ofrecer longevidad y un confort inigualable. La parte superior est\u00e1 meticulosamente fabricada en piel de vacuno de alta calidad, conocida por su robustez y su capacidad para envejecer maravillosamente, desarrollando una p\u00e1tina \u00fanica con el paso del tiempo. En el interior, sus pies se acunar\u00e1n en el lujoso tacto del forro de aut\u00e9ntica piel de cabra. Este forro natural es incre\u00edblemente suave, muy transpirable y delicado con la piel, por lo que evita molestias incluso durante un uso prolongado.<\/p>\n<h3>Dise\u00f1o ligero con soporte superior<\/h3>\n<p>La base de estos <b>Zapatillas casual de piel camel para hombre<\/b> reside en su avanzada suela de EVA. Este material ligero pero robusto ofrece una amortiguaci\u00f3n superior, absorbiendo el impacto a cada paso y proporcionando un excelente apoyo a tus pies. La suela de EVA tambi\u00e9n contribuye a la flexibilidad general de la zapatilla, permitiendo un movimiento natural y reduciendo la fatiga del pie. Junto con la construcci\u00f3n duradera, estas zapatillas est\u00e1n hechas para soportar los rigores del uso diario, manteniendo su aspecto y tacto impecables.<\/p>\n<h3>Versatilidad y oportunidades al por mayor<\/h3>\n<p>El dise\u00f1o vers\u00e1til y el cl\u00e1sico tono camel de estos <b>Zapatillas casual de piel camel para hombre<\/b> garantizan que combinen sin esfuerzo con una amplia gama de conjuntos, desde vaqueros y chinos hasta elegantes pantalones informales. Disponibles en las pr\u00e1cticas tallas 40, 41, 42, 43 y 44, encontrar el ajuste perfecto es muy sencillo. Tambi\u00e9n estamos orgullosos de ofrecer estos <b>Zapatillas casual de piel camel para hombre<\/b> para la venta al por mayor, con un pedido m\u00ednimo de 16 pares. Esto las convierte en una excelente y atractiva adici\u00f3n a cualquier colecci\u00f3n minorista, prometiendo calidad y estilo que sus clientes apreciar\u00e1n. Invierta en comodidad y estilo atemporal con nuestras exquisitas zapatillas informales de cuero camel.<\/p>","protected":false},"excerpt":{"rendered":"<ul>\n<li>Parte superior de aut\u00e9ntica piel de vacuno de primera calidad para un estilo sofisticado.<\/li>\n<li>El lujoso forro de piel de cabra garantiza un confort y una transpirabilidad excepcionales.<\/li>\n<li>Suela de EVA ligera y duradera que proporciona una amortiguaci\u00f3n y tracci\u00f3n superiores.<\/li>\n<li>Elegante dise\u00f1o informal en un vers\u00e1til tono camel.<\/li>\n<li>Disponible en las tallas 40, 41, 42, 43 y 44.<\/li>\n<li>Se aceptan pedidos al por mayor (pedido m\u00ednimo de 16 pares).<\/li>\n<\/ul>","protected":false},"featured_media":6959,"template":"","meta":{"_acf_changed":false,"_uag_custom_page_level_css":"","site-sidebar-layout":"default","site-content-layout":"","ast-site-content-layout":"default","site-content-style":"default","site-sidebar-style":"default","ast-global-header-display":"","ast-banner-title-visibility":"","ast-main-header-display":"","ast-hfb-above-header-display":"","ast-hfb-below-header-display":"","ast-hfb-mobile-header-display":"","site-post-title":"","ast-breadcrumbs-content":"","ast-featured-img":"","footer-sml-layout":"","ast-disable-related-posts":"","theme-transparent-header-meta":"","adv-header-id-meta":"","stick-header-meta":"","header-above-stick-meta":"","header-main-stick-meta":"","header-below-stick-meta":"","astra-migrate-meta-layouts":"default","ast-page-background-enabled":"default","ast-page-background-meta":{"desktop":{"background-color":"var(--ast-global-color-4)","background-image":"","background-repeat":"repeat","background-position":"center center","background-size":"auto","background-attachment":"scroll","background-type":"","background-media":"","overlay-type":"","overlay-color":"","overlay-opacity":"","overlay-gradient":""},"tablet":{"background-color":"","background-image":"","background-repeat":"repeat","background-position":"center center","background-size":"auto","background-attachment":"scroll","background-type":"","background-media":"","overlay-type":"","overlay-color":"","overlay-opacity":"","overlay-gradient":""},"mobile":{"background-color":"","background-image":"","background-repeat":"repeat","background-position":"center center","background-size":"auto","background-attachment":"scroll","background-type":"","background-media":"","overlay-type":"","overlay-color":"","overlay-opacity":"","overlay-gradient":""}},"ast-content-background-meta":{"desktop":{"background-color":"var(--ast-global-color-5)","background-image":"","background-repeat":"repeat","background-position":"center center","background-size":"auto","background-attachment":"scroll","background-type":"","background-media":"","overlay-type":"","overlay-color":"","overlay-opacity":"","overlay-gradient":""},"tablet":{"background-color":"var(--ast-global-color-5)","background-image":"","background-repeat":"repeat","background-position":"center center","background-size":"auto","background-attachment":"scroll","background-type":"","background-media":"","overlay-type":"","overlay-color":"","overlay-opacity":"","overlay-gradient":""},"mobile":{"background-color":"var(--ast-global-color-5)","background-image":"","background-repeat":"repeat","background-position":"center center","background-size":"auto","background-attachment":"scroll","background-type":"","background-media":"","overlay-type":"","overlay-color":"","overlay-opacity":"","overlay-gradient":""}}},"product_brand":[],"product_cat":[48,430,1200,50],"product_tag":[292,258,241,1375,1359,952,189,214,596,1123],"class_list":{"0":"post-8209","1":"product","2":"type-product","3":"status-publish","4":"has-post-thumbnail","6":"product_cat-casual","7":"product_cat-men","8":"product_cat-mens-shoes-2","9":"product_cat-sneakers","10":"product_tag-brown-leather-shoes","11":"product_tag-camel-leather-shoes","12":"product_tag-casual-footwear","13":"product_tag-comfort-sneakers","14":"product_tag-eva-sole-sneakers","15":"product_tag-genuine-leather-shoes","16":"product_tag-goat-leather-lining","17":"product_tag-mens-sneakers","18":"product_tag-turkish-made-shoes","19":"product_tag-wholesale-sneakers","20":"desktop-align-center","21":"tablet-align-center","22":"mobile-align-center","24":"first","25":"instock","26":"shipping-taxable","27":"purchasable","28":"product-type-variable","29":"has-default-attributes"},"acf":[],"uagb_featured_image_src":{"full":["https:\/\/turkishtrade.co\/wp-content\/uploads\/2026\/01\/2600NZTMN00060-BEIGE.png",453,250,false],"thumbnail":["https:\/\/turkishtrade.co\/wp-content\/uploads\/2026\/01\/2600NZTMN00060-BEIGE-150x150.png",150,150,true],"medium":["https:\/\/turkishtrade.co\/wp-content\/uploads\/2026\/01\/2600NZTMN00060-BEIGE-300x166.png",300,166,true],"medium_large":["https:\/\/turkishtrade.co\/wp-content\/uploads\/2026\/01\/2600NZTMN00060-BEIGE.png",453,250,false],"large":["https:\/\/turkishtrade.co\/wp-content\/uploads\/2026\/01\/2600NZTMN00060-BEIGE.png",453,250,false],"1536x1536":["https:\/\/turkishtrade.co\/wp-content\/uploads\/2026\/01\/2600NZTMN00060-BEIGE.png",453,250,false],"2048x2048":["https:\/\/turkishtrade.co\/wp-content\/uploads\/2026\/01\/2600NZTMN00060-BEIGE.png",453,250,false],"trp-custom-language-flag":["https:\/\/turkishtrade.co\/wp-content\/uploads\/2026\/01\/2600NZTMN00060-BEIGE-18x10.png",18,10,true],"woocommerce_thumbnail":["https:\/\/turkishtrade.co\/wp-content\/uploads\/2026\/01\/2600NZTMN00060-BEIGE-400x250.png",400,250,true],"woocommerce_single":["https:\/\/turkishtrade.co\/wp-content\/uploads\/2026\/01\/2600NZTMN00060-BEIGE.png",453,250,false],"woocommerce_gallery_thumbnail":["https:\/\/turkishtrade.co\/wp-content\/uploads\/2026\/01\/2600NZTMN00060-BEIGE-100x100.png",100,100,true]},"uagb_author_info":{"display_name":"python python","author_link":"https:\/\/turkishtrade.co\/es\/author\/"},"uagb_comment_info":0,"uagb_excerpt":"Premium genuine bovine leather upper for sophisticated style. Luxurious goat leather lining ensures exceptional comfort and breathability. Lightweight and durable EVA sole provides superior cushioning and traction. Stylish casual design in a versatile camel hue. Available in sizes 40, 41, 42, 43, and 44. Wholesale orders welcome (minimum order of 16 pairs).","_links":{"self":[{"href":"https:\/\/turkishtrade.co\/es\/wp-json\/wp\/v2\/product\/8209","targetHints":{"allow":["GET"]}}],"collection":[{"href":"https:\/\/turkishtrade.co\/es\/wp-json\/wp\/v2\/product"}],"about":[{"href":"https:\/\/turkishtrade.co\/es\/wp-json\/wp\/v2\/types\/product"}],"wp:featuredmedia":[{"embeddable":true,"href":"https:\/\/turkishtrade.co\/es\/wp-json\/wp\/v2\/media\/6959"}],"wp:attachment":[{"href":"https:\/\/turkishtrade.co\/es\/wp-json\/wp\/v2\/media?parent=8209"}],"wp:term":[{"taxonomy":"product_brand","embeddable":true,"href":"https:\/\/turkishtrade.co\/es\/wp-json\/wp\/v2\/product_brand?post=8209"},{"taxonomy":"product_cat","embeddable":true,"href":"https:\/\/turkishtrade.co\/es\/wp-json\/wp\/v2\/product_cat?post=8209"},{"taxonomy":"product_tag","embeddable":true,"href":"https:\/\/turkishtrade.co\/es\/wp-json\/wp\/v2\/product_tag?post=8209"}],"curies":[{"name":"wp","href":"https:\/\/api.w.org\/{rel}","templated":true}]}}