{"id":8208,"date":"2026-01-29T14:48:22","date_gmt":"2026-01-29T14:48:22","guid":{"rendered":"https:\/\/turkishtrade.co\/?post_type=product&#038;p=8208"},"modified":"2026-04-09T20:32:25","modified_gmt":"2026-04-09T20:32:25","slug":"mens-classic-black-leather-tassel-loafers","status":"publish","type":"product","link":"https:\/\/turkishtrade.co\/es\/shop\/mens-classic-black-leather-tassel-loafers\/","title":{"rendered":"Mocasines con borla de cuero negro para hombre Elite"},"content":{"rendered":"<p><strong>Mocasines cl\u00e1sicos de hombre con borla de cuero negro<\/strong>. Calidad y dise\u00f1o de \u00e9lite.<\/p>\n<p>Descubra la combinaci\u00f3n perfecta de estilo atemporal y confort moderno con nuestro exquisito <strong>Mocasines cl\u00e1sicos de hombre con borla de cuero negro<\/strong>. Dise\u00f1ados para el caballero exigente, estos mocasines son un testimonio de artesan\u00eda superior y gusto refinado. Tanto si te vistes para una reuni\u00f3n de negocios, una salida informal de fin de semana o un evento especial por la noche, estos zapatos vers\u00e1tiles elevar\u00e1n sin esfuerzo todo tu look.<\/p>\n<h3>Calidad y artesan\u00eda inigualables<\/h3>\n<p>Cada par de estos mocasines de primera calidad est\u00e1 meticulosamente elaborado con la mejor piel de ternero aut\u00e9ntica, que ofrece una textura rica y una durabilidad excepcional que s\u00f3lo mejora con el paso del tiempo. El elegante acabado en negro garantiza <strong>Mocasines cl\u00e1sicos de hombre con borla de cuero negro<\/strong> son una pieza b\u00e1sica en cualquier armario, proporcionando una base sofisticada para innumerables conjuntos. Como complemento a su robusto exterior, el interior cuenta con un forro de piel de cabra suave y transpirable que garantiza la m\u00e1xima comodidad y ventilaci\u00f3n, manteniendo los pies c\u00f3modos incluso durante un uso prolongado.<\/p>\n<h3>Comodidad superior con suela de EVA<\/h3>\n<p>Experimenta un confort inigualable con la suela de EVA de \u00faltima generaci\u00f3n. Este material ligero pero incre\u00edblemente duradero proporciona una excelente amortiguaci\u00f3n y flexibilidad, absorbiendo los impactos a cada paso. El dise\u00f1o contorneado de la suela ofrece un agarre y una estabilidad fiables, haciendo que estas <strong>Mocasines cl\u00e1sicos de hombre con borla de cuero negro<\/strong> no s\u00f3lo elegantes, sino tambi\u00e9n muy pr\u00e1cticos para el d\u00eda a d\u00eda. Desp\u00eddete de la fatiga de los pies y disfruta de la comodidad durante todo el d\u00eda sin renunciar a la elegancia.<\/p>\n<h3>Estilo vers\u00e1til para cualquier ocasi\u00f3n<\/h3>\n<p>El distintivo detalle de borla de estos mocasines a\u00f1ade un toque de encanto cl\u00e1sico, convirti\u00e9ndolos en un aut\u00e9ntico \u2018cl\u00e1sico informal\u2019. Salvan perfectamente la distancia entre el calzado formal y el informal, permiti\u00e9ndole pasar sin problemas de un traje sastre a unos chinos o unos vaqueros. Disponibles en las populares tallas europeas 40, 41, 42, 43 y 44, encontrar su talla perfecta es sencillo. Invierta en estos duraderos <strong>Mocasines cl\u00e1sicos de hombre con borla de cuero negro<\/strong> y redefine tu colecci\u00f3n de calzado con una pieza que desprende confianza y estilo.<\/p>\n<h3>Oportunidades de venta al por mayor para minoristas<\/h3>\n<p>Estamos orgullosos de ofrecer estos productos de alta calidad <strong>Mocasines cl\u00e1sicos de hombre con borla de cuero negro<\/strong> para la compra al por mayor. Con una cantidad m\u00ednima de pedido de s\u00f3lo 16 pares, los minoristas pueden abastecerse f\u00e1cilmente de estos zapatos populares y de primera calidad, que atienden a clientes que aprecian la piel aut\u00e9ntica, la comodidad y el dise\u00f1o cl\u00e1sico. Ampl\u00ede su inventario con un producto que promete la satisfacci\u00f3n del cliente y la repetici\u00f3n del negocio. P\u00f3ngase en contacto con nosotros hoy mismo para hablar de precios al por mayor y oportunidades de asociaci\u00f3n para estos mocasines imprescindibles.<\/p>","protected":false},"excerpt":{"rendered":"<ul>\n<li>La parte superior de piel de ternero aut\u00e9ntica de primera calidad garantiza durabilidad y un tacto lujoso.<\/li>\n<li>El forro de piel de cabra, suave y transpirable, proporciona un confort superior para llevarlo todo el d\u00eda.<\/li>\n<li>Suela de EVA ligera y flexible que ofrece una excelente amortiguaci\u00f3n y agarre.<\/li>\n<li>El elegante detalle de la borla a\u00f1ade un toque de sofisticaci\u00f3n cl\u00e1sica a tu look.<\/li>\n<li>Disponible en las tallas europeas 40, 41, 42, 43 y 44.<\/li>\n<li>Ideal para conjuntos informales y elegantes.<\/li>\n<li>Oportunidades de venta al por mayor disponibles con un pedido m\u00ednimo de 16 pares.<\/li>\n<\/ul>","protected":false},"featured_media":6958,"template":"","meta":{"_acf_changed":false,"_uag_custom_page_level_css":"","site-sidebar-layout":"default","site-content-layout":"","ast-site-content-layout":"default","site-content-style":"default","site-sidebar-style":"default","ast-global-header-display":"","ast-banner-title-visibility":"","ast-main-header-display":"","ast-hfb-above-header-display":"","ast-hfb-below-header-display":"","ast-hfb-mobile-header-display":"","site-post-title":"","ast-breadcrumbs-content":"","ast-featured-img":"","footer-sml-layout":"","ast-disable-related-posts":"","theme-transparent-header-meta":"","adv-header-id-meta":"","stick-header-meta":"","header-above-stick-meta":"","header-main-stick-meta":"","header-below-stick-meta":"","astra-migrate-meta-layouts":"default","ast-page-background-enabled":"default","ast-page-background-meta":{"desktop":{"background-color":"var(--ast-global-color-4)","background-image":"","background-repeat":"repeat","background-position":"center center","background-size":"auto","background-attachment":"scroll","background-type":"","background-media":"","overlay-type":"","overlay-color":"","overlay-opacity":"","overlay-gradient":""},"tablet":{"background-color":"","background-image":"","background-repeat":"repeat","background-position":"center center","background-size":"auto","background-attachment":"scroll","background-type":"","background-media":"","overlay-type":"","overlay-color":"","overlay-opacity":"","overlay-gradient":""},"mobile":{"background-color":"","background-image":"","background-repeat":"repeat","background-position":"center center","background-size":"auto","background-attachment":"scroll","background-type":"","background-media":"","overlay-type":"","overlay-color":"","overlay-opacity":"","overlay-gradient":""}},"ast-content-background-meta":{"desktop":{"background-color":"var(--ast-global-color-5)","background-image":"","background-repeat":"repeat","background-position":"center center","background-size":"auto","background-attachment":"scroll","background-type":"","background-media":"","overlay-type":"","overlay-color":"","overlay-opacity":"","overlay-gradient":""},"tablet":{"background-color":"var(--ast-global-color-5)","background-image":"","background-repeat":"repeat","background-position":"center center","background-size":"auto","background-attachment":"scroll","background-type":"","background-media":"","overlay-type":"","overlay-color":"","overlay-opacity":"","overlay-gradient":""},"mobile":{"background-color":"var(--ast-global-color-5)","background-image":"","background-repeat":"repeat","background-position":"center center","background-size":"auto","background-attachment":"scroll","background-type":"","background-media":"","overlay-type":"","overlay-color":"","overlay-opacity":"","overlay-gradient":""}}},"product_brand":[],"product_cat":[48,47,49,430,1200],"product_tag":[814,185,1380,457,287,189,1053,186,349,289],"class_list":{"0":"post-8208","1":"product","2":"type-product","3":"status-publish","4":"has-post-thumbnail","6":"product_cat-casual","7":"product_cat-classic","8":"product_cat-loafer","9":"product_cat-men","10":"product_cat-mens-shoes-2","11":"product_tag-black-leather-loafers","12":"product_tag-calf-leather-shoes","13":"product_tag-casual-shoes-men","14":"product_tag-classic-loafers","15":"product_tag-eva-sole-shoes","16":"product_tag-goat-leather-lining","17":"product_tag-mens-dress-casual-shoes","18":"product_tag-mens-loafers","19":"product_tag-tassel-loafers","20":"product_tag-wholesale-leather-shoes","21":"desktop-align-center","22":"tablet-align-center","23":"mobile-align-center","25":"first","26":"instock","27":"shipping-taxable","28":"purchasable","29":"product-type-variable","30":"has-default-attributes"},"acf":[],"uagb_featured_image_src":{"full":["https:\/\/turkishtrade.co\/wp-content\/uploads\/2026\/01\/2600NZTMN00059-BLACK.png",453,250,false],"thumbnail":["https:\/\/turkishtrade.co\/wp-content\/uploads\/2026\/01\/2600NZTMN00059-BLACK-150x150.png",150,150,true],"medium":["https:\/\/turkishtrade.co\/wp-content\/uploads\/2026\/01\/2600NZTMN00059-BLACK-300x166.png",300,166,true],"medium_large":["https:\/\/turkishtrade.co\/wp-content\/uploads\/2026\/01\/2600NZTMN00059-BLACK.png",453,250,false],"large":["https:\/\/turkishtrade.co\/wp-content\/uploads\/2026\/01\/2600NZTMN00059-BLACK.png",453,250,false],"1536x1536":["https:\/\/turkishtrade.co\/wp-content\/uploads\/2026\/01\/2600NZTMN00059-BLACK.png",453,250,false],"2048x2048":["https:\/\/turkishtrade.co\/wp-content\/uploads\/2026\/01\/2600NZTMN00059-BLACK.png",453,250,false],"trp-custom-language-flag":["https:\/\/turkishtrade.co\/wp-content\/uploads\/2026\/01\/2600NZTMN00059-BLACK-18x10.png",18,10,true],"woocommerce_thumbnail":["https:\/\/turkishtrade.co\/wp-content\/uploads\/2026\/01\/2600NZTMN00059-BLACK-400x250.png",400,250,true],"woocommerce_single":["https:\/\/turkishtrade.co\/wp-content\/uploads\/2026\/01\/2600NZTMN00059-BLACK.png",453,250,false],"woocommerce_gallery_thumbnail":["https:\/\/turkishtrade.co\/wp-content\/uploads\/2026\/01\/2600NZTMN00059-BLACK-100x100.png",100,100,true]},"uagb_author_info":{"display_name":"python python","author_link":"https:\/\/turkishtrade.co\/es\/author\/"},"uagb_comment_info":0,"uagb_excerpt":"Premium genuine calf leather upper ensures durability and a luxurious feel. Soft and breathable goat leather lining provides superior comfort for all-day wear. Lightweight and flexible EVA sole offers excellent shock absorption and grip. Elegant tassel detail adds a touch of classic sophistication to your look. Available in European sizes 40, 41, 42, 43, 44.&hellip;","_links":{"self":[{"href":"https:\/\/turkishtrade.co\/es\/wp-json\/wp\/v2\/product\/8208","targetHints":{"allow":["GET"]}}],"collection":[{"href":"https:\/\/turkishtrade.co\/es\/wp-json\/wp\/v2\/product"}],"about":[{"href":"https:\/\/turkishtrade.co\/es\/wp-json\/wp\/v2\/types\/product"}],"wp:featuredmedia":[{"embeddable":true,"href":"https:\/\/turkishtrade.co\/es\/wp-json\/wp\/v2\/media\/6958"}],"wp:attachment":[{"href":"https:\/\/turkishtrade.co\/es\/wp-json\/wp\/v2\/media?parent=8208"}],"wp:term":[{"taxonomy":"product_brand","embeddable":true,"href":"https:\/\/turkishtrade.co\/es\/wp-json\/wp\/v2\/product_brand?post=8208"},{"taxonomy":"product_cat","embeddable":true,"href":"https:\/\/turkishtrade.co\/es\/wp-json\/wp\/v2\/product_cat?post=8208"},{"taxonomy":"product_tag","embeddable":true,"href":"https:\/\/turkishtrade.co\/es\/wp-json\/wp\/v2\/product_tag?post=8208"}],"curies":[{"name":"wp","href":"https:\/\/api.w.org\/{rel}","templated":true}]}}