{"id":8202,"date":"2026-01-29T14:48:21","date_gmt":"2026-01-29T14:48:21","guid":{"rendered":"https:\/\/turkishtrade.co\/?post_type=product&#038;p=8202"},"modified":"2026-04-09T20:32:48","modified_gmt":"2026-04-09T20:32:48","slug":"mens-brown-brogue-derby-shoes","status":"publish","type":"product","link":"https:\/\/turkishtrade.co\/es\/shop\/mens-brown-brogue-derby-shoes\/","title":{"rendered":"Zapatos Derby Marr\u00f3n Brogue Hombre Elite | Derby Marr\u00f3n Brogue Cl\u00e1sico Hombre"},"content":{"rendered":"<p><strong>Zapatos Derby Brogue Marr\u00f3n Hombre<\/strong>. Calidad y dise\u00f1o de \u00e9lite.<\/p>\n<p>Entre en una elegancia atemporal y un confort inigualable con nuestro exquisito <strong>Zapatos Derby Brogue Marr\u00f3n Hombre<\/strong>. Estos zapatos est\u00e1n meticulosamente elaborados para ofrecer una mezcla perfecta de sofisticaci\u00f3n cl\u00e1sica y comodidad contempor\u00e1nea. Dise\u00f1ados para el hombre moderno que aprecia la calidad y el estilo, estos zapatos Derby son un complemento esencial para cualquier armario exigente. Tanto si se viste para un evento informal de negocios, como para una salida de fin de semana o para a\u00f1adir un toque refinado a su atuendo diario, estos zapatos brogue marrones son la soluci\u00f3n.<\/p>\n<h3>Artesan\u00eda sin igual y materiales de primera calidad<\/h3>\n<p>Nuestra <strong>Zapatos Derby Brogue Marr\u00f3n Hombre<\/strong> son un testimonio de artesan\u00eda superior. La parte superior est\u00e1 hecha de piel de ternero de primera calidad, famosa por su textura suave, durabilidad y capacidad para envejecer maravillosamente. Esta piel de alta calidad garantiza que tus zapatos no s\u00f3lo tengan un aspecto fant\u00e1stico, sino que tambi\u00e9n resistan el paso del tiempo, desarrollando una p\u00e1tina \u00fanica con el paso de los a\u00f1os. El tono marr\u00f3n intenso ofrece opciones de estilo vers\u00e1tiles, que combinan sin esfuerzo con diversos atuendos, desde pantalones de sastrer\u00eda hasta elegantes vaqueros.<\/p>\n<p>La comodidad es primordial, por eso estos zapatos Derby incorporan un forro de piel de cabra suave y transpirable. Este lujoso forro acuna sus pies con comodidad, proporcionando excelentes propiedades de evacuaci\u00f3n de la humedad y garantizando una experiencia agradable incluso durante un uso prolongado. Diga adi\u00f3s a la incomodidad y hola a la frescura durante todo el d\u00eda.<\/p>\n<h3>Dise\u00f1o ligero para la comodidad diaria<\/h3>\n<p>A diferencia de los pesados zapatos de vestir tradicionales, nuestros <strong>Zapatos Derby Brogue Marr\u00f3n Hombre<\/strong> est\u00e1n fabricadas con una suela de EVA de \u00faltima generaci\u00f3n. Este innovador material para la suela es incre\u00edblemente ligero, flexible y proporciona una amortiguaci\u00f3n y absorci\u00f3n de impactos excepcionales. La robusta suela negra de EVA no s\u00f3lo a\u00f1ade un toque contempor\u00e1neo al cl\u00e1sico dise\u00f1o brogue, sino que tambi\u00e9n garantiza una zancada c\u00f3moda, lo que hace que estos zapatos sean perfectos para recorrer paisajes urbanos o pasar largas horas de pie. La suela texturizada tambi\u00e9n ofrece una tracci\u00f3n fiable.<\/p>\n<h3>El estilo cl\u00e1sico se combina con la versatilidad informal<\/h3>\n<p>El atemporal detalle brogue, caracterizado por perforaciones decorativas, a\u00f1ade un toque de encanto cl\u00e1sico y sofisticaci\u00f3n a estos zapatos Derby. El sistema de cordones abiertos del dise\u00f1o Derby proporciona un ajuste ligeramente m\u00e1s relajado y c\u00f3modo en comparaci\u00f3n con los Oxfords, mejorando su versatilidad. A la vez que desprenden una est\u00e9tica refinada adecuada para ocasiones semiformales, la c\u00f3moda suela de EVA y el dise\u00f1o casual-cl\u00e1sico hacen que estos zapatos se adapten perfectamente al uso diario. Disponibles en las tallas m\u00e1s habituales de la UE (40, 41, 42, 43 y 44), encontrar el zapato perfecto es muy sencillo.<\/p>\n<p>Invierta en un par de <strong>Zapatos Derby Brogue Marr\u00f3n Hombre<\/strong> que ofrecen un estilo excepcional y una comodidad duradera. Estos zapatos est\u00e1n dise\u00f1ados para realzar su imagen y proporcionarle una experiencia c\u00f3moda durante todo el d\u00eda. Las empresas que deseen disponer de calzado de alta calidad pueden comprar al por mayor, con un pedido m\u00ednimo de 16 pares.<\/p>","protected":false},"excerpt":{"rendered":"<ul>\n<li>Zapatos Derby Brogue Marr\u00f3n Cl\u00e1sico para Hombre hechos a mano<\/li>\n<li>Parte superior de piel de becerro de primera calidad para mayor durabilidad y estilo<\/li>\n<li>Forro de suave piel de cabra para mayor comodidad y transpirabilidad<\/li>\n<li>Suela de EVA ligera y flexible para llevarla todo el d\u00eda<\/li>\n<li>Elegantes detalles brogue con un dise\u00f1o derby atemporal<\/li>\n<li>Disponible en tallas EU: 40, 41, 42, 43, 44<\/li>\n<li>Oportunidades de venta al por mayor disponibles con un pedido m\u00ednimo de 16 pares.<\/li>\n<\/ul>","protected":false},"featured_media":6950,"template":"","meta":{"_acf_changed":false,"_uag_custom_page_level_css":"","site-sidebar-layout":"default","site-content-layout":"","ast-site-content-layout":"default","site-content-style":"default","site-sidebar-style":"default","ast-global-header-display":"","ast-banner-title-visibility":"","ast-main-header-display":"","ast-hfb-above-header-display":"","ast-hfb-below-header-display":"","ast-hfb-mobile-header-display":"","site-post-title":"","ast-breadcrumbs-content":"","ast-featured-img":"","footer-sml-layout":"","ast-disable-related-posts":"","theme-transparent-header-meta":"","adv-header-id-meta":"","stick-header-meta":"","header-above-stick-meta":"","header-main-stick-meta":"","header-below-stick-meta":"","astra-migrate-meta-layouts":"default","ast-page-background-enabled":"default","ast-page-background-meta":{"desktop":{"background-color":"var(--ast-global-color-4)","background-image":"","background-repeat":"repeat","background-position":"center center","background-size":"auto","background-attachment":"scroll","background-type":"","background-media":"","overlay-type":"","overlay-color":"","overlay-opacity":"","overlay-gradient":""},"tablet":{"background-color":"","background-image":"","background-repeat":"repeat","background-position":"center center","background-size":"auto","background-attachment":"scroll","background-type":"","background-media":"","overlay-type":"","overlay-color":"","overlay-opacity":"","overlay-gradient":""},"mobile":{"background-color":"","background-image":"","background-repeat":"repeat","background-position":"center center","background-size":"auto","background-attachment":"scroll","background-type":"","background-media":"","overlay-type":"","overlay-color":"","overlay-opacity":"","overlay-gradient":""}},"ast-content-background-meta":{"desktop":{"background-color":"var(--ast-global-color-5)","background-image":"","background-repeat":"repeat","background-position":"center center","background-size":"auto","background-attachment":"scroll","background-type":"","background-media":"","overlay-type":"","overlay-color":"","overlay-opacity":"","overlay-gradient":""},"tablet":{"background-color":"var(--ast-global-color-5)","background-image":"","background-repeat":"repeat","background-position":"center center","background-size":"auto","background-attachment":"scroll","background-type":"","background-media":"","overlay-type":"","overlay-color":"","overlay-opacity":"","overlay-gradient":""},"mobile":{"background-color":"var(--ast-global-color-5)","background-image":"","background-repeat":"repeat","background-position":"center center","background-size":"auto","background-attachment":"scroll","background-type":"","background-media":"","overlay-type":"","overlay-color":"","overlay-opacity":"","overlay-gradient":""}}},"product_brand":[],"product_cat":[48,47,49,430,1200],"product_tag":[654,218,202,449,145,212,438,227,281],"class_list":{"0":"post-8202","1":"product","2":"type-product","3":"status-publish","4":"has-post-thumbnail","6":"product_cat-casual","7":"product_cat-classic","8":"product_cat-loafer","9":"product_cat-men","10":"product_cat-mens-shoes-2","11":"product_tag-brogue-shoes","12":"product_tag-brown-shoes","13":"product_tag-calf-leather","14":"product_tag-casual-shoes","15":"product_tag-classic-shoes","16":"product_tag-derby-shoes","17":"product_tag-eva-sole","18":"product_tag-leather-shoes","19":"product_tag-wholesale-shoes","20":"desktop-align-center","21":"tablet-align-center","22":"mobile-align-center","24":"first","25":"instock","26":"shipping-taxable","27":"purchasable","28":"product-type-variable","29":"has-default-attributes"},"acf":[],"uagb_featured_image_src":{"full":["https:\/\/turkishtrade.co\/wp-content\/uploads\/2026\/01\/2600NZTMN00052-BROWN.png",453,250,false],"thumbnail":["https:\/\/turkishtrade.co\/wp-content\/uploads\/2026\/01\/2600NZTMN00052-BROWN-150x150.png",150,150,true],"medium":["https:\/\/turkishtrade.co\/wp-content\/uploads\/2026\/01\/2600NZTMN00052-BROWN-300x166.png",300,166,true],"medium_large":["https:\/\/turkishtrade.co\/wp-content\/uploads\/2026\/01\/2600NZTMN00052-BROWN.png",453,250,false],"large":["https:\/\/turkishtrade.co\/wp-content\/uploads\/2026\/01\/2600NZTMN00052-BROWN.png",453,250,false],"1536x1536":["https:\/\/turkishtrade.co\/wp-content\/uploads\/2026\/01\/2600NZTMN00052-BROWN.png",453,250,false],"2048x2048":["https:\/\/turkishtrade.co\/wp-content\/uploads\/2026\/01\/2600NZTMN00052-BROWN.png",453,250,false],"trp-custom-language-flag":["https:\/\/turkishtrade.co\/wp-content\/uploads\/2026\/01\/2600NZTMN00052-BROWN-18x10.png",18,10,true],"woocommerce_thumbnail":["https:\/\/turkishtrade.co\/wp-content\/uploads\/2026\/01\/2600NZTMN00052-BROWN-400x250.png",400,250,true],"woocommerce_single":["https:\/\/turkishtrade.co\/wp-content\/uploads\/2026\/01\/2600NZTMN00052-BROWN.png",453,250,false],"woocommerce_gallery_thumbnail":["https:\/\/turkishtrade.co\/wp-content\/uploads\/2026\/01\/2600NZTMN00052-BROWN-100x100.png",100,100,true]},"uagb_author_info":{"display_name":"python python","author_link":"https:\/\/turkishtrade.co\/es\/author\/"},"uagb_comment_info":0,"uagb_excerpt":"Handcrafted Men's Classic Brown Brogue Derby Shoes Premium Calf Leather Upper for Durability and Style Soft Goat Leather Lining for Breathable Comfort Lightweight and Flexible EVA Sole for All-Day Wear Elegant Brogue Detailing with Timeless Derby Design Available in EU Sizes: 40, 41, 42, 43, 44 Wholesale opportunities available with a minimum order of 16&hellip;","_links":{"self":[{"href":"https:\/\/turkishtrade.co\/es\/wp-json\/wp\/v2\/product\/8202","targetHints":{"allow":["GET"]}}],"collection":[{"href":"https:\/\/turkishtrade.co\/es\/wp-json\/wp\/v2\/product"}],"about":[{"href":"https:\/\/turkishtrade.co\/es\/wp-json\/wp\/v2\/types\/product"}],"wp:featuredmedia":[{"embeddable":true,"href":"https:\/\/turkishtrade.co\/es\/wp-json\/wp\/v2\/media\/6950"}],"wp:attachment":[{"href":"https:\/\/turkishtrade.co\/es\/wp-json\/wp\/v2\/media?parent=8202"}],"wp:term":[{"taxonomy":"product_brand","embeddable":true,"href":"https:\/\/turkishtrade.co\/es\/wp-json\/wp\/v2\/product_brand?post=8202"},{"taxonomy":"product_cat","embeddable":true,"href":"https:\/\/turkishtrade.co\/es\/wp-json\/wp\/v2\/product_cat?post=8202"},{"taxonomy":"product_tag","embeddable":true,"href":"https:\/\/turkishtrade.co\/es\/wp-json\/wp\/v2\/product_tag?post=8202"}],"curies":[{"name":"wp","href":"https:\/\/api.w.org\/{rel}","templated":true}]}}