{"id":8200,"date":"2026-01-29T14:48:21","date_gmt":"2026-01-29T14:48:21","guid":{"rendered":"https:\/\/turkishtrade.co\/?post_type=product&#038;p=8200"},"modified":"2026-04-09T20:32:55","modified_gmt":"2026-04-09T20:32:55","slug":"mens-classic-leather-loafers-10","status":"publish","type":"product","link":"https:\/\/turkishtrade.co\/es\/shop\/mens-classic-leather-loafers-10\/","title":{"rendered":"Mocasines cl\u00e1sicos de piel para hombre Ultimate | Mocasines cl\u00e1sicos de piel de becerro para hombre"},"content":{"rendered":"<p><strong>Mocasines cl\u00e1sicos de piel para hombre<\/strong>. M\u00e1xima calidad y dise\u00f1o.<\/p>\n<p>Sum\u00e9rjase en una elegancia atemporal y un confort sin igual con nuestro exquisito <b>Mocasines cl\u00e1sicos de piel para hombre<\/b>. Dise\u00f1ados para el hombre moderno que aprecia tanto el estilo como la esencia, estos mocasines son el ep\u00edtome de la ropa informal sofisticada. Cada par encarna la artesan\u00eda superior, la combinaci\u00f3n de materiales de primera calidad con un dise\u00f1o que nunca pasa de moda.<\/p>\n<h3>Calidad y comodidad inigualables<\/h3>\n<p>El superior de estos distinguidos <b>Mocasines cl\u00e1sicos de piel para hombre<\/b> est\u00e1 fabricado meticulosamente con piel de ternero de alta calidad. Esta elecci\u00f3n de material no s\u00f3lo confiere un aspecto y un tacto lujosos, sino que tambi\u00e9n garantiza una durabilidad y una resistencia al desgaste excepcionales, amold\u00e1ndose perfectamente al pie con el paso del tiempo. Como complemento al robusto exterior, el interior cuenta con un forro de piel de cabra suave y transpirable, que proporciona un nivel de comodidad inigualable para llevarlas puestas todo el d\u00eda. Di adi\u00f3s a la incomodidad y hola a un zapato que sienta tan bien como parece.<\/p>\n<h3>Dise\u00f1o ligero para uso diario<\/h3>\n<p>Experimenta una flexibilidad ligera con la innovadora suela de EVA. Dise\u00f1ada para una \u00f3ptima absorci\u00f3n de impactos y un confort duradero, la suela de EVA hace que estas <b>Mocasines cl\u00e1sicos de piel para hombre<\/b> perfectas para llevar a diario, ya sea por las calles de la ciudad o disfrutando de una relajada salida de fin de semana. La cl\u00e1sica silueta de mocas\u00edn, realzada con sutiles pero elegantes detalles de brogue en la pala y los laterales, a\u00f1ade un toque de refinada elegancia, haci\u00e9ndolos lo bastante vers\u00e1tiles para diversas ocasiones. Estos mocasines realzar\u00e1n tu atuendo, tanto en ambientes informales de negocios como en elegantes reuniones sociales.<\/p>\n<h3>Un complemento vers\u00e1til para tu armario<\/h3>\n<p>Nuestra <b>Mocasines cl\u00e1sicos de piel para hombre<\/b> est\u00e1n disponibles en una amplia gama de tallas de la UE (40, 41, 42, 43, 44) para garantizar un ajuste perfecto. No son s\u00f3lo zapatos; son una inversi\u00f3n en su guardarropa, que ofrece una mezcla de tradici\u00f3n y comodidad contempor\u00e1nea. Para las empresas que desean disponer de calzado de alta calidad, estos <b>Mocasines cl\u00e1sicos de piel para hombre<\/b> est\u00e1n disponibles para su compra al por mayor, con un pedido m\u00ednimo de 16 pares. Ampl\u00ede su colecci\u00f3n con un producto que promete la satisfacci\u00f3n del cliente y un atractivo duradero. Elija nuestros <b>Mocasines cl\u00e1sicos de piel para hombre<\/b> y camina con confianza hacia un estilo cl\u00e1sico.<\/p>","protected":false},"excerpt":{"rendered":"<ul>\n<li>Parte superior de piel de becerro de primera calidad para una mayor durabilidad y estilo<\/li>\n<li>Lujoso forro de piel de cabra para un confort excepcional durante todo el d\u00eda<\/li>\n<li>Suela ligera de EVA que ofrece flexibilidad y absorci\u00f3n de impactos<\/li>\n<li>Dise\u00f1o cl\u00e1sico de mocas\u00edn con elegantes perforaciones estilo brogue<\/li>\n<li>Disponible en tallas UE 40, 41, 42, 43, 44<\/li>\n<li>Oportunidades de venta al por mayor disponibles con un pedido m\u00ednimo de 16 pares<\/li>\n<\/ul>","protected":false},"featured_media":6947,"template":"","meta":{"_acf_changed":false,"_uag_custom_page_level_css":"","site-sidebar-layout":"default","site-content-layout":"","ast-site-content-layout":"default","site-content-style":"default","site-sidebar-style":"default","ast-global-header-display":"","ast-banner-title-visibility":"","ast-main-header-display":"","ast-hfb-above-header-display":"","ast-hfb-below-header-display":"","ast-hfb-mobile-header-display":"","site-post-title":"","ast-breadcrumbs-content":"","ast-featured-img":"","footer-sml-layout":"","ast-disable-related-posts":"","theme-transparent-header-meta":"","adv-header-id-meta":"","stick-header-meta":"","header-above-stick-meta":"","header-main-stick-meta":"","header-below-stick-meta":"","astra-migrate-meta-layouts":"default","ast-page-background-enabled":"default","ast-page-background-meta":{"desktop":{"background-color":"var(--ast-global-color-4)","background-image":"","background-repeat":"repeat","background-position":"center center","background-size":"auto","background-attachment":"scroll","background-type":"","background-media":"","overlay-type":"","overlay-color":"","overlay-opacity":"","overlay-gradient":""},"tablet":{"background-color":"","background-image":"","background-repeat":"repeat","background-position":"center center","background-size":"auto","background-attachment":"scroll","background-type":"","background-media":"","overlay-type":"","overlay-color":"","overlay-opacity":"","overlay-gradient":""},"mobile":{"background-color":"","background-image":"","background-repeat":"repeat","background-position":"center center","background-size":"auto","background-attachment":"scroll","background-type":"","background-media":"","overlay-type":"","overlay-color":"","overlay-opacity":"","overlay-gradient":""}},"ast-content-background-meta":{"desktop":{"background-color":"var(--ast-global-color-5)","background-image":"","background-repeat":"repeat","background-position":"center center","background-size":"auto","background-attachment":"scroll","background-type":"","background-media":"","overlay-type":"","overlay-color":"","overlay-opacity":"","overlay-gradient":""},"tablet":{"background-color":"var(--ast-global-color-5)","background-image":"","background-repeat":"repeat","background-position":"center center","background-size":"auto","background-attachment":"scroll","background-type":"","background-media":"","overlay-type":"","overlay-color":"","overlay-opacity":"","overlay-gradient":""},"mobile":{"background-color":"var(--ast-global-color-5)","background-image":"","background-repeat":"repeat","background-position":"center center","background-size":"auto","background-attachment":"scroll","background-type":"","background-media":"","overlay-type":"","overlay-color":"","overlay-opacity":"","overlay-gradient":""}}},"product_brand":[],"product_cat":[48,47,49,430,1200],"product_tag":[370,799,185,512,457,287,189,215,186],"class_list":{"0":"post-8200","1":"product","2":"type-product","3":"status-publish","4":"has-post-thumbnail","6":"product_cat-casual","7":"product_cat-classic","8":"product_cat-loafer","9":"product_cat-men","10":"product_cat-mens-shoes-2","11":"product_tag-black-loafers","12":"product_tag-brogue-loafers","13":"product_tag-calf-leather-shoes","14":"product_tag-casual-loafers","15":"product_tag-classic-loafers","16":"product_tag-eva-sole-shoes","17":"product_tag-goat-leather-lining","18":"product_tag-leather-loafers","19":"product_tag-mens-loafers","20":"desktop-align-center","21":"tablet-align-center","22":"mobile-align-center","24":"first","25":"instock","26":"shipping-taxable","27":"purchasable","28":"product-type-variable","29":"has-default-attributes"},"acf":[],"uagb_featured_image_src":{"full":["https:\/\/turkishtrade.co\/wp-content\/uploads\/2026\/01\/2600NZTMN00050-BLACK.png",453,250,false],"thumbnail":["https:\/\/turkishtrade.co\/wp-content\/uploads\/2026\/01\/2600NZTMN00050-BLACK-150x150.png",150,150,true],"medium":["https:\/\/turkishtrade.co\/wp-content\/uploads\/2026\/01\/2600NZTMN00050-BLACK-300x166.png",300,166,true],"medium_large":["https:\/\/turkishtrade.co\/wp-content\/uploads\/2026\/01\/2600NZTMN00050-BLACK.png",453,250,false],"large":["https:\/\/turkishtrade.co\/wp-content\/uploads\/2026\/01\/2600NZTMN00050-BLACK.png",453,250,false],"1536x1536":["https:\/\/turkishtrade.co\/wp-content\/uploads\/2026\/01\/2600NZTMN00050-BLACK.png",453,250,false],"2048x2048":["https:\/\/turkishtrade.co\/wp-content\/uploads\/2026\/01\/2600NZTMN00050-BLACK.png",453,250,false],"trp-custom-language-flag":["https:\/\/turkishtrade.co\/wp-content\/uploads\/2026\/01\/2600NZTMN00050-BLACK-18x10.png",18,10,true],"woocommerce_thumbnail":["https:\/\/turkishtrade.co\/wp-content\/uploads\/2026\/01\/2600NZTMN00050-BLACK-400x250.png",400,250,true],"woocommerce_single":["https:\/\/turkishtrade.co\/wp-content\/uploads\/2026\/01\/2600NZTMN00050-BLACK.png",453,250,false],"woocommerce_gallery_thumbnail":["https:\/\/turkishtrade.co\/wp-content\/uploads\/2026\/01\/2600NZTMN00050-BLACK-100x100.png",100,100,true]},"uagb_author_info":{"display_name":"python python","author_link":"https:\/\/turkishtrade.co\/es\/author\/"},"uagb_comment_info":0,"uagb_excerpt":"Premium Calf Leather Upper for superior durability and style Luxurious Goat Leather Lining for exceptional all-day comfort Lightweight EVA Sole offering flexibility and shock absorption Classic loafer design with elegant brogue-style perforations Available in EU sizes 40, 41, 42, 43, 44 Wholesale opportunities available with a minimum order of 16 pairs","_links":{"self":[{"href":"https:\/\/turkishtrade.co\/es\/wp-json\/wp\/v2\/product\/8200","targetHints":{"allow":["GET"]}}],"collection":[{"href":"https:\/\/turkishtrade.co\/es\/wp-json\/wp\/v2\/product"}],"about":[{"href":"https:\/\/turkishtrade.co\/es\/wp-json\/wp\/v2\/types\/product"}],"wp:featuredmedia":[{"embeddable":true,"href":"https:\/\/turkishtrade.co\/es\/wp-json\/wp\/v2\/media\/6947"}],"wp:attachment":[{"href":"https:\/\/turkishtrade.co\/es\/wp-json\/wp\/v2\/media?parent=8200"}],"wp:term":[{"taxonomy":"product_brand","embeddable":true,"href":"https:\/\/turkishtrade.co\/es\/wp-json\/wp\/v2\/product_brand?post=8200"},{"taxonomy":"product_cat","embeddable":true,"href":"https:\/\/turkishtrade.co\/es\/wp-json\/wp\/v2\/product_cat?post=8200"},{"taxonomy":"product_tag","embeddable":true,"href":"https:\/\/turkishtrade.co\/es\/wp-json\/wp\/v2\/product_tag?post=8200"}],"curies":[{"name":"wp","href":"https:\/\/api.w.org\/{rel}","templated":true}]}}