{"id":8176,"date":"2026-01-29T14:48:11","date_gmt":"2026-01-29T14:48:11","guid":{"rendered":"https:\/\/turkishtrade.co\/?post_type=product&#038;p=8176"},"modified":"2026-04-09T20:33:07","modified_gmt":"2026-04-09T20:33:07","slug":"classic-calf-leather-loafers-2","status":"publish","type":"product","link":"https:\/\/turkishtrade.co\/es\/shop\/classic-calf-leather-loafers-2\/","title":{"rendered":"Mocasines cl\u00e1sicos de piel de becerro Amazing | Hombre con suela de EVA"},"content":{"rendered":"<p><strong>Mocasines cl\u00e1sicos de piel de becerro<\/strong>. Calidad y dise\u00f1o incre\u00edbles.<\/p>\n<p>Sum\u00e9rjase en un confort incomparable y un estilo sofisticado con nuestra exquisita colecci\u00f3n de <strong>Mocasines cl\u00e1sicos de piel de becerro<\/strong>. Dise\u00f1ados para el caballero exigente, estos mocasines combinan la elegancia tradicional con la comodidad de hoy en d\u00eda, lo que los convierte en el complemento perfecto para cualquier armario. Cada par de estos mocasines de primera calidad est\u00e1 meticulosamente elaborado para ofrecer una experiencia de uso excepcional, asegurando que se vea y se sienta lo mejor posible, ya sea en la oficina o disfrutando de un fin de semana relajado.<\/p>\n<h3>Comodidad y estilo inigualables<\/h3>\n<p>Nuestra <strong>Mocasines cl\u00e1sicos de piel de becerro<\/strong> no se limitan a la est\u00e9tica, sino que est\u00e1n dise\u00f1adas para ofrecer una comodidad superior. La parte superior de piel de ternero aut\u00e9ntica, suave y flexible, se adapta al pie y proporciona un ajuste personalizado desde el primer uso. En el interior, un lujoso forro de piel de cabra ofrece una transpirabilidad excepcional y un tacto afelpado sobre la piel, evitando molestias incluso tras horas de uso. La suela de EVA de \u00faltima generaci\u00f3n complementa estos materiales de primera calidad. Esta suela ligera y flexible proporciona una amortiguaci\u00f3n y una sujeci\u00f3n extraordinarias, absorbiendo el impacto a cada paso y convirti\u00e9ndolas en las zapatillas m\u00e1s c\u00f3modas del mercado. <strong>Mocasines cl\u00e1sicos de piel de becerro<\/strong> que poseer\u00e1s.<\/p>\n<h3>Materiales de primera para una calidad duradera<\/h3>\n<p>La calidad es la base de nuestra <strong>Mocasines cl\u00e1sicos de piel de becerro<\/strong>. La selecci\u00f3n de piel de becerro para el empeine garantiza no s\u00f3lo un aspecto refinado, sino tambi\u00e9n una durabilidad y resistencia excepcionales frente al desgaste diario. La piel de becerro es famosa por su textura suave y su resistencia, lo que garantiza que sus mocasines mantendr\u00e1n su aspecto elegante durante a\u00f1os. El interior de piel de cabra, conocido por su suavidad y transpirabilidad, mejora a\u00fan m\u00e1s la sensaci\u00f3n de calidad, creando un entorno \u00f3ptimo para sus pies. Este compromiso con los materiales de alta calidad garantiza que estos no son s\u00f3lo unos zapatos, sino una inversi\u00f3n en estilo y confort duraderos.<\/p>\n<h3>Ideal para cualquier ocasi\u00f3n<\/h3>\n<p>El dise\u00f1o vers\u00e1til de estos <strong>Mocasines cl\u00e1sicos de piel de becerro<\/strong> los hace adecuados para una gran variedad de ocasiones. Su elegante silueta permite combinarlos sin esfuerzo con atuendos informales de negocios, como pantalones chinos y una americana, para un look profesional pulido. Sin embargo, su comodidad inherente y su estilo discreto tambi\u00e9n los hacen perfectos para entornos m\u00e1s relajados, complementando unos vaqueros o unos pantalones cortos para un elegante conjunto informal. Disponibles en las tallas 40, 41, 42, 43 y 44, estos mocasines se adaptan a una amplia gama de tama\u00f1os de pie, garantizando un ajuste perfecto para cada cliente que busque el zapato ideal. <strong>Mocasines cl\u00e1sicos de piel de becerro<\/strong>.<\/p>\n<h3>Oportunidades al por mayor<\/h3>\n<p>Para las empresas que desean ofrecer calzado de primera calidad, nuestro <strong>Mocasines cl\u00e1sicos de piel de becerro<\/strong> est\u00e1n disponibles para su compra al por mayor. Con un pedido m\u00ednimo de 16 pares, podr\u00e1 abastecer f\u00e1cilmente su inventario con un producto que promete calidad, comodidad y un atractivo atemporal. Eleve su colecci\u00f3n de calzado y proporcione a sus clientes estos excepcionales <strong>Mocasines cl\u00e1sicos de piel de becerro<\/strong> que realmente destacan en el mercado.<\/p>","protected":false},"excerpt":{"rendered":"<ul>\n<li>Confeccionados con piel de becerro aut\u00e9ntica de alta calidad.<\/li>\n<li>Incorpora un lujoso y transpirable forro de piel de cabra para el m\u00e1ximo confort.<\/li>\n<li>Equipadas con una suela de EVA ligera y flexible, que garantiza la amortiguaci\u00f3n durante todo el d\u00eda.<\/li>\n<li>Presenta un dise\u00f1o de mocas\u00edn cl\u00e1sico atemporal, vers\u00e1til tanto para ropa informal como semiformal.<\/li>\n<li>Disponibles para su compra al por mayor con un pedido m\u00ednimo de 16 pares.<\/li>\n<\/ul>","protected":false},"featured_media":6943,"template":"","meta":{"_acf_changed":false,"_uag_custom_page_level_css":"","site-sidebar-layout":"default","site-content-layout":"","ast-site-content-layout":"default","site-content-style":"default","site-sidebar-style":"default","ast-global-header-display":"","ast-banner-title-visibility":"","ast-main-header-display":"","ast-hfb-above-header-display":"","ast-hfb-below-header-display":"","ast-hfb-mobile-header-display":"","site-post-title":"","ast-breadcrumbs-content":"","ast-featured-img":"","footer-sml-layout":"","ast-disable-related-posts":"","theme-transparent-header-meta":"","adv-header-id-meta":"","stick-header-meta":"","header-above-stick-meta":"","header-main-stick-meta":"","header-below-stick-meta":"","astra-migrate-meta-layouts":"default","ast-page-background-enabled":"default","ast-page-background-meta":{"desktop":{"background-color":"var(--ast-global-color-4)","background-image":"","background-repeat":"repeat","background-position":"center center","background-size":"auto","background-attachment":"scroll","background-type":"","background-media":"","overlay-type":"","overlay-color":"","overlay-opacity":"","overlay-gradient":""},"tablet":{"background-color":"","background-image":"","background-repeat":"repeat","background-position":"center center","background-size":"auto","background-attachment":"scroll","background-type":"","background-media":"","overlay-type":"","overlay-color":"","overlay-opacity":"","overlay-gradient":""},"mobile":{"background-color":"","background-image":"","background-repeat":"repeat","background-position":"center center","background-size":"auto","background-attachment":"scroll","background-type":"","background-media":"","overlay-type":"","overlay-color":"","overlay-opacity":"","overlay-gradient":""}},"ast-content-background-meta":{"desktop":{"background-color":"var(--ast-global-color-5)","background-image":"","background-repeat":"repeat","background-position":"center center","background-size":"auto","background-attachment":"scroll","background-type":"","background-media":"","overlay-type":"","overlay-color":"","overlay-opacity":"","overlay-gradient":""},"tablet":{"background-color":"var(--ast-global-color-5)","background-image":"","background-repeat":"repeat","background-position":"center center","background-size":"auto","background-attachment":"scroll","background-type":"","background-media":"","overlay-type":"","overlay-color":"","overlay-opacity":"","overlay-gradient":""},"mobile":{"background-color":"var(--ast-global-color-5)","background-image":"","background-repeat":"repeat","background-position":"center center","background-size":"auto","background-attachment":"scroll","background-type":"","background-media":"","overlay-type":"","overlay-color":"","overlay-opacity":"","overlay-gradient":""}}},"product_brand":[],"product_cat":[48,47,49,430,1200],"product_tag":[370,512,1377,287,189,719,362,184,977,262],"class_list":{"0":"post-8176","1":"product","2":"type-product","3":"status-publish","4":"has-post-thumbnail","6":"product_cat-casual","7":"product_cat-classic","8":"product_cat-loafer","9":"product_cat-men","10":"product_cat-mens-shoes-2","11":"product_tag-black-loafers","12":"product_tag-casual-loafers","13":"product_tag-classic-calf-leather-loafers","14":"product_tag-eva-sole-shoes","15":"product_tag-goat-leather-lining","16":"product_tag-mens-leather-loafers","17":"product_tag-premium-footwear","18":"product_tag-slip-on-shoes","19":"product_tag-timeless-style","20":"product_tag-wholesale-mens-shoes","21":"desktop-align-center","22":"tablet-align-center","23":"mobile-align-center","25":"first","26":"instock","27":"shipping-taxable","28":"purchasable","29":"product-type-variable","30":"has-default-attributes"},"acf":[],"uagb_featured_image_src":{"full":["https:\/\/turkishtrade.co\/wp-content\/uploads\/2026\/01\/2600NZTMN00046-BLACK.png",453,250,false],"thumbnail":["https:\/\/turkishtrade.co\/wp-content\/uploads\/2026\/01\/2600NZTMN00046-BLACK-150x150.png",150,150,true],"medium":["https:\/\/turkishtrade.co\/wp-content\/uploads\/2026\/01\/2600NZTMN00046-BLACK-300x166.png",300,166,true],"medium_large":["https:\/\/turkishtrade.co\/wp-content\/uploads\/2026\/01\/2600NZTMN00046-BLACK.png",453,250,false],"large":["https:\/\/turkishtrade.co\/wp-content\/uploads\/2026\/01\/2600NZTMN00046-BLACK.png",453,250,false],"1536x1536":["https:\/\/turkishtrade.co\/wp-content\/uploads\/2026\/01\/2600NZTMN00046-BLACK.png",453,250,false],"2048x2048":["https:\/\/turkishtrade.co\/wp-content\/uploads\/2026\/01\/2600NZTMN00046-BLACK.png",453,250,false],"trp-custom-language-flag":["https:\/\/turkishtrade.co\/wp-content\/uploads\/2026\/01\/2600NZTMN00046-BLACK-18x10.png",18,10,true],"woocommerce_thumbnail":["https:\/\/turkishtrade.co\/wp-content\/uploads\/2026\/01\/2600NZTMN00046-BLACK-400x250.png",400,250,true],"woocommerce_single":["https:\/\/turkishtrade.co\/wp-content\/uploads\/2026\/01\/2600NZTMN00046-BLACK.png",453,250,false],"woocommerce_gallery_thumbnail":["https:\/\/turkishtrade.co\/wp-content\/uploads\/2026\/01\/2600NZTMN00046-BLACK-100x100.png",100,100,true]},"uagb_author_info":{"display_name":"python python","author_link":"https:\/\/turkishtrade.co\/es\/author\/"},"uagb_comment_info":0,"uagb_excerpt":"Expertly crafted from genuine, high-quality calf leather. Features a luxurious and breathable goat leather lining for ultimate comfort. Equipped with a lightweight and flexible EVA sole, ensuring all-day cushioning. Showcases a timeless classic loafer design, versatile for both casual and semi-formal wear. Available for wholesale purchase with a minimum order quantity of 16 pairs.","_links":{"self":[{"href":"https:\/\/turkishtrade.co\/es\/wp-json\/wp\/v2\/product\/8176","targetHints":{"allow":["GET"]}}],"collection":[{"href":"https:\/\/turkishtrade.co\/es\/wp-json\/wp\/v2\/product"}],"about":[{"href":"https:\/\/turkishtrade.co\/es\/wp-json\/wp\/v2\/types\/product"}],"wp:featuredmedia":[{"embeddable":true,"href":"https:\/\/turkishtrade.co\/es\/wp-json\/wp\/v2\/media\/6943"}],"wp:attachment":[{"href":"https:\/\/turkishtrade.co\/es\/wp-json\/wp\/v2\/media?parent=8176"}],"wp:term":[{"taxonomy":"product_brand","embeddable":true,"href":"https:\/\/turkishtrade.co\/es\/wp-json\/wp\/v2\/product_brand?post=8176"},{"taxonomy":"product_cat","embeddable":true,"href":"https:\/\/turkishtrade.co\/es\/wp-json\/wp\/v2\/product_cat?post=8176"},{"taxonomy":"product_tag","embeddable":true,"href":"https:\/\/turkishtrade.co\/es\/wp-json\/wp\/v2\/product_tag?post=8176"}],"curies":[{"name":"wp","href":"https:\/\/api.w.org\/{rel}","templated":true}]}}