{"id":8175,"date":"2026-01-29T14:48:11","date_gmt":"2026-01-29T14:48:11","guid":{"rendered":"https:\/\/turkishtrade.co\/?post_type=product&#038;p=8175"},"modified":"2026-04-09T20:33:12","modified_gmt":"2026-04-09T20:33:12","slug":"mens-black-leather-derby-shoes-17","status":"publish","type":"product","link":"https:\/\/turkishtrade.co\/es\/shop\/mens-black-leather-derby-shoes-17\/","title":{"rendered":"Zapatos Derby de hombre en piel negra genuina | Derby de hombre en piel de becerro negra"},"content":{"rendered":"<p><strong>Zapatos Derby de cuero negro para hombre<\/strong>. Calidad y dise\u00f1o aut\u00e9nticos.<\/p>\n<p>Descubra el ep\u00edtome del estilo cl\u00e1sico y la comodidad duradera con nuestro exquisito <b>Zapatos Derby de cuero negro para hombre<\/b>. Meticulosamente elaborados para satisfacer los m\u00e1s altos est\u00e1ndares de calidad y est\u00e9tica, estos zapatos est\u00e1n dise\u00f1ados para el individuo exigente que valora tanto la elegancia como la practicidad. Perfectos para una amplia gama de ocasiones, desde reuniones de negocios hasta sofisticadas salidas informales, estos <b>Zapatos Derby de cuero negro para hombre<\/b> son un b\u00e1sico vers\u00e1til para cualquier armario moderno.<\/p>\n<h3>Materiales de primera calidad para una comodidad y un estilo superiores<\/h3>\n<p>En el coraz\u00f3n de estos excepcionales zapatos derby se encuentra un compromiso con los materiales de primera calidad. La parte superior est\u00e1 fabricada con <i>piel de becerro<\/i>, famosa por su textura suave, su brillo natural y su notable durabilidad. Esta lujosa piel no solo garantiza un aspecto sofisticado, sino que tambi\u00e9n se amolda al pie con el paso del tiempo, proporcionando un ajuste personalizado y c\u00f3modo. Como complemento a su robusto exterior, el interior est\u00e1 forrado con un suave <i>cuero de cabra<\/i>. Este forro de alta calidad es transpirable, absorbe la humedad y es incre\u00edblemente suave con la piel, lo que garantiza la comodidad durante todo el d\u00eda, incluso durante un uso prolongado. Esta cuidada selecci\u00f3n de materiales hace que nuestros <b>Zapatos Derby de cuero negro para hombre<\/b> una verdadera inversi\u00f3n tanto en estilo como en bienestar.<\/p>\n<h3>Dise\u00f1ado para ofrecer rendimiento y versatilidad<\/h3>\n<p>M\u00e1s all\u00e1 de su impresionante est\u00e9tica, estos <b>Zapatos Derby de cuero negro para hombre<\/b> est\u00e1n dise\u00f1ados para ofrecer un rendimiento \u00f3ptimo. Su ligereza y robustez <i>Suela de EVA<\/i> proporciona una excelente amortiguaci\u00f3n y flexibilidad, absorbiendo el impacto a cada paso. Su dibujo antideslizante garantiza un agarre fiable en diversas superficies, ofreciendo confianza y estabilidad. El cl\u00e1sico dise\u00f1o Derby con cordones presenta una silueta atemporal con una elegante puntera lisa y sutiles detalles texturizados en la pala, que a\u00f1aden un toque contempor\u00e1neo a su encanto tradicional. Disponibles en una amplia gama de tallas europeas, entre las que se incluyen la 40, 41, 42, 43 y 44, encontrar el ajuste perfecto no supone ning\u00fan esfuerzo. Estos zapatos de alta calidad <b>Zapatos Derby de cuero negro para hombre<\/b> se adaptan sin esfuerzo tanto a trajes formales como a conjuntos elegantes e informales, lo que las convierte en un complemento indispensable de cualquier colecci\u00f3n de calzado.<\/p>\n<h3>Oportunidad de venta al por mayor para minoristas<\/h3>\n<p>Para los minoristas que buscan ofrecer a sus clientes calzado de primera calidad, nuestra colecci\u00f3n de <b>Zapatos Derby de cuero negro para hombre<\/b> presenta una excelente oportunidad de venta al por mayor. Nos enorgullecemos de ofrecer una fabricaci\u00f3n y unos materiales de calidad superior, que garantizan la satisfacci\u00f3n del cliente. Con un pedido m\u00ednimo de tan solo 16 pares, las empresas pueden almacenar f\u00e1cilmente estos populares y vers\u00e1tiles productos. <b>Zapatos Derby de cuero negro para hombre<\/b>, La industria de la moda masculina se ha convertido en una de las principales proveedoras de calzado, mejorando su inventario con productos de alta calidad que atraen a una amplia base de clientes. Mejore su oferta de calzado y as\u00f3ciese con nosotros para ofrecer a su clientela el mejor estilo cl\u00e1sico para hombre y una comodidad inigualable.<\/p>","protected":false},"excerpt":{"rendered":"<ul>\n<li>Parte superior de piel de becerro de primera calidad para una mayor durabilidad y un estilo sofisticado.<\/li>\n<li>El suave forro de piel de cabra garantiza un confort y una transpirabilidad excepcionales.<\/li>\n<li>Suela de EVA ligera y flexible que proporciona amortiguaci\u00f3n y comodidad durante todo el d\u00eda.<\/li>\n<li>Disponible en las tallas europeas 40, 41, 42, 43 y 44 para un ajuste perfecto.<\/li>\n<li>El cl\u00e1sico dise\u00f1o Derby con cordones es ideal para ambientes elegantes y profesionales.<\/li>\n<li>Se aceptan consultas al por mayor con un pedido m\u00ednimo de 16 pares.<\/li>\n<\/ul>","protected":false},"featured_media":6940,"template":"","meta":{"_acf_changed":false,"_uag_custom_page_level_css":"","site-sidebar-layout":"default","site-content-layout":"","ast-site-content-layout":"default","site-content-style":"default","site-sidebar-style":"default","ast-global-header-display":"","ast-banner-title-visibility":"","ast-main-header-display":"","ast-hfb-above-header-display":"","ast-hfb-below-header-display":"","ast-hfb-mobile-header-display":"","site-post-title":"","ast-breadcrumbs-content":"","ast-featured-img":"","footer-sml-layout":"","ast-disable-related-posts":"","theme-transparent-header-meta":"","adv-header-id-meta":"","stick-header-meta":"","header-above-stick-meta":"","header-main-stick-meta":"","header-below-stick-meta":"","astra-migrate-meta-layouts":"default","ast-page-background-enabled":"default","ast-page-background-meta":{"desktop":{"background-color":"var(--ast-global-color-4)","background-image":"","background-repeat":"repeat","background-position":"center center","background-size":"auto","background-attachment":"scroll","background-type":"","background-media":"","overlay-type":"","overlay-color":"","overlay-opacity":"","overlay-gradient":""},"tablet":{"background-color":"","background-image":"","background-repeat":"repeat","background-position":"center center","background-size":"auto","background-attachment":"scroll","background-type":"","background-media":"","overlay-type":"","overlay-color":"","overlay-opacity":"","overlay-gradient":""},"mobile":{"background-color":"","background-image":"","background-repeat":"repeat","background-position":"center center","background-size":"auto","background-attachment":"scroll","background-type":"","background-media":"","overlay-type":"","overlay-color":"","overlay-opacity":"","overlay-gradient":""}},"ast-content-background-meta":{"desktop":{"background-color":"var(--ast-global-color-5)","background-image":"","background-repeat":"repeat","background-position":"center center","background-size":"auto","background-attachment":"scroll","background-type":"","background-media":"","overlay-type":"","overlay-color":"","overlay-opacity":"","overlay-gradient":""},"tablet":{"background-color":"var(--ast-global-color-5)","background-image":"","background-repeat":"repeat","background-position":"center center","background-size":"auto","background-attachment":"scroll","background-type":"","background-media":"","overlay-type":"","overlay-color":"","overlay-opacity":"","overlay-gradient":""},"mobile":{"background-color":"var(--ast-global-color-5)","background-image":"","background-repeat":"repeat","background-position":"center center","background-size":"auto","background-attachment":"scroll","background-type":"","background-media":"","overlay-type":"","overlay-color":"","overlay-opacity":"","overlay-gradient":""}}},"product_brand":[],"product_cat":[48,47,49,430,1200],"product_tag":[196,566,754,287,1376,310,632,280,254],"class_list":{"0":"post-8175","1":"product","2":"type-product","3":"status-publish","4":"has-post-thumbnail","6":"product_cat-casual","7":"product_cat-classic","8":"product_cat-loafer","9":"product_cat-men","10":"product_cat-mens-shoes-2","11":"product_tag-black-leather-shoes","12":"product_tag-calfskin-shoes","13":"product_tag-classic-mens-shoes","14":"product_tag-eva-sole-shoes","15":"product_tag-formal-leather-shoes","16":"product_tag-mens-derby-shoes","17":"product_tag-premium-leather-shoes","18":"product_tag-smart-casual-shoes","19":"product_tag-wholesale-footwear","20":"desktop-align-center","21":"tablet-align-center","22":"mobile-align-center","24":"first","25":"instock","26":"shipping-taxable","27":"purchasable","28":"product-type-variable","29":"has-default-attributes"},"acf":[],"uagb_featured_image_src":{"full":["https:\/\/turkishtrade.co\/wp-content\/uploads\/2026\/01\/2600NZTMN00045-BLACK.png",453,250,false],"thumbnail":["https:\/\/turkishtrade.co\/wp-content\/uploads\/2026\/01\/2600NZTMN00045-BLACK-150x150.png",150,150,true],"medium":["https:\/\/turkishtrade.co\/wp-content\/uploads\/2026\/01\/2600NZTMN00045-BLACK-300x166.png",300,166,true],"medium_large":["https:\/\/turkishtrade.co\/wp-content\/uploads\/2026\/01\/2600NZTMN00045-BLACK.png",453,250,false],"large":["https:\/\/turkishtrade.co\/wp-content\/uploads\/2026\/01\/2600NZTMN00045-BLACK.png",453,250,false],"1536x1536":["https:\/\/turkishtrade.co\/wp-content\/uploads\/2026\/01\/2600NZTMN00045-BLACK.png",453,250,false],"2048x2048":["https:\/\/turkishtrade.co\/wp-content\/uploads\/2026\/01\/2600NZTMN00045-BLACK.png",453,250,false],"trp-custom-language-flag":["https:\/\/turkishtrade.co\/wp-content\/uploads\/2026\/01\/2600NZTMN00045-BLACK-18x10.png",18,10,true],"woocommerce_thumbnail":["https:\/\/turkishtrade.co\/wp-content\/uploads\/2026\/01\/2600NZTMN00045-BLACK-400x250.png",400,250,true],"woocommerce_single":["https:\/\/turkishtrade.co\/wp-content\/uploads\/2026\/01\/2600NZTMN00045-BLACK.png",453,250,false],"woocommerce_gallery_thumbnail":["https:\/\/turkishtrade.co\/wp-content\/uploads\/2026\/01\/2600NZTMN00045-BLACK-100x100.png",100,100,true]},"uagb_author_info":{"display_name":"python python","author_link":"https:\/\/turkishtrade.co\/es\/author\/"},"uagb_comment_info":0,"uagb_excerpt":"Premium Calf Leather Upper for durability and sophisticated style. Soft Goat Leather Lining ensures exceptional comfort and breathability. Lightweight and Flexible EVA Sole provides cushioning and all-day comfort. Available in European sizes 40, 41, 42, 43, 44 for a perfect fit. Classic lace-up Derby design ideal for smart-casual and professional settings. Wholesale inquiries welcome with&hellip;","_links":{"self":[{"href":"https:\/\/turkishtrade.co\/es\/wp-json\/wp\/v2\/product\/8175","targetHints":{"allow":["GET"]}}],"collection":[{"href":"https:\/\/turkishtrade.co\/es\/wp-json\/wp\/v2\/product"}],"about":[{"href":"https:\/\/turkishtrade.co\/es\/wp-json\/wp\/v2\/types\/product"}],"wp:featuredmedia":[{"embeddable":true,"href":"https:\/\/turkishtrade.co\/es\/wp-json\/wp\/v2\/media\/6940"}],"wp:attachment":[{"href":"https:\/\/turkishtrade.co\/es\/wp-json\/wp\/v2\/media?parent=8175"}],"wp:term":[{"taxonomy":"product_brand","embeddable":true,"href":"https:\/\/turkishtrade.co\/es\/wp-json\/wp\/v2\/product_brand?post=8175"},{"taxonomy":"product_cat","embeddable":true,"href":"https:\/\/turkishtrade.co\/es\/wp-json\/wp\/v2\/product_cat?post=8175"},{"taxonomy":"product_tag","embeddable":true,"href":"https:\/\/turkishtrade.co\/es\/wp-json\/wp\/v2\/product_tag?post=8175"}],"curies":[{"name":"wp","href":"https:\/\/api.w.org\/{rel}","templated":true}]}}