{"id":8172,"date":"2026-01-29T14:48:10","date_gmt":"2026-01-29T14:48:10","guid":{"rendered":"https:\/\/turkishtrade.co\/?post_type=product&#038;p=8172"},"modified":"2026-04-09T20:33:32","modified_gmt":"2026-04-09T20:33:32","slug":"mens-suede-casual-loafers-8","status":"publish","type":"product","link":"https:\/\/turkishtrade.co\/es\/shop\/mens-suede-casual-loafers-8\/","title":{"rendered":"Mocasines casuales de ante para hombre Elite | con suela de EVA"},"content":{"rendered":"<p><strong>Mocasines casuales de ante para hombre<\/strong>. Calidad y dise\u00f1o de \u00e9lite.<\/p>\n<p>Descubra la combinaci\u00f3n perfecta de estilo sofisticado y comodidad incomparable con nuestra gama Premium. <strong>mocasines casual de ante para hombre<\/strong>. Dise\u00f1ados para el hombre moderno que valora tanto la est\u00e9tica como la comodidad, estos mocasines son un testimonio de artesan\u00eda de calidad y dise\u00f1o cuidado. Tanto si te enfrentas a una ajetreada jornada laboral como si disfrutas de un brunch de fin de semana o sales a dar un paseo nocturno, estos mocasines son tu compa\u00f1ero ideal, ya que ofrecen un aspecto distinguido sin renunciar a la comodidad.<\/p>\n<h3>Confort inigualable y materiales de primera calidad<\/h3>\n<p>En el centro de estos excepcionales <strong>mocasines casual de ante para hombre<\/strong> es el compromiso de utilizar s\u00f3lo los mejores materiales. La parte superior est\u00e1 meticulosamente elaborada con aut\u00e9ntica piel de becerro de ante, que proporciona una textura suave y lujosa que se amolda al pie con el paso del tiempo. Esta piel de primera calidad no s\u00f3lo garantiza la durabilidad, sino que tambi\u00e9n ofrece una est\u00e9tica refinada que realza cualquier conjunto informal o elegante. En el interior, tus pies estar\u00e1n acunados por un suave forro de piel de cabra, famosa por su transpirabilidad y sus propiedades hipoalerg\u00e9nicas, que garantizan que tus pies se mantengan frescos y c\u00f3modos incluso despu\u00e9s de horas de uso. Desp\u00eddete de la incomodidad y da la bienvenida a una experiencia de caminar sin igual.<\/p>\n<h3>Dise\u00f1o ligero para llevarlo sin esfuerzo<\/h3>\n<p>Experimenta el placer de caminar sobre las nubes con la innovadora suela de EVA. Este material ligero y flexible ofrece una amortiguaci\u00f3n excepcional, reduciendo la fatiga y proporcionando una pisada el\u00e1stica durante todo el d\u00eda. A diferencia de las suelas pesadas tradicionales, la suela de EVA mantiene estas <strong>mocasines casual de ante para hombre<\/strong> incre\u00edblemente ligeras, lo que las hace perfectas para un uso prolongado. El dise\u00f1o de la suela tambi\u00e9n garantiza una excelente tracci\u00f3n, proporcionando estabilidad en diversas superficies. La cl\u00e1sica silueta de mocas\u00edn, realzada con un sutil pero elegante detalle de hebilla met\u00e1lica, a\u00f1ade un toque de elegancia atemporal, convirtiendo estos zapatos en un complemento vers\u00e1til para cualquier armario.<\/p>\n<h3>Estilo vers\u00e1til para cualquier ocasi\u00f3n<\/h3>\n<p>Nuestros mocasines informales de ante para hombre no s\u00f3lo son c\u00f3modos, sino tambi\u00e9n una declaraci\u00f3n de estilo. Su dise\u00f1o vers\u00e1til los hace adecuados para una gran variedad de ocasiones. Comb\u00ednalos con unos pantalones chinos y un polo para un look casual elegante, o v\u00edstelos con unos pantalones de sastre y una americana para un evento informal elegante. El rico tono terroso del ante a\u00f1ade profundidad y sofisticaci\u00f3n a cualquier atuendo, lo que convierte a estos mocasines en una elecci\u00f3n acertada para los hombres que aprecian la elegancia discreta. Disponibles en una gama de tallas UE de la 40 a la 44, garantizamos un ajuste perfecto para una amplia clientela. Tambi\u00e9n nos dirigimos a empresas que desean disponer de calzado de alta calidad, ofreciendo estos lujosos mocasines al por mayor con un pedido m\u00ednimo de 16 pares.<\/p>","protected":false},"excerpt":{"rendered":"<ul>\n<li>Fabricada en aut\u00e9ntica piel de becerro de ante para un tacto lujoso<\/li>\n<li>El suave forro de piel de cabra garantiza una transpirabilidad y un confort superiores<\/li>\n<li>Suela de EVA ligera y flexible que proporciona amortiguaci\u00f3n y sujeci\u00f3n durante todo el d\u00eda<\/li>\n<li>Mocas\u00edn de dise\u00f1o cl\u00e1sico con elegante hebilla met\u00e1lica<\/li>\n<li>Disponible en una vers\u00e1til gama de tallas EU: 40, 41, 42, 43, 44<\/li>\n<li>Posibilidad de venta al por mayor (pedido m\u00ednimo: 16 pares)<\/li>\n<\/ul>","protected":false},"featured_media":6931,"template":"","meta":{"_acf_changed":false,"_uag_custom_page_level_css":"","site-sidebar-layout":"default","site-content-layout":"","ast-site-content-layout":"default","site-content-style":"default","site-sidebar-style":"default","ast-global-header-display":"","ast-banner-title-visibility":"","ast-main-header-display":"","ast-hfb-above-header-display":"","ast-hfb-below-header-display":"","ast-hfb-mobile-header-display":"","site-post-title":"","ast-breadcrumbs-content":"","ast-featured-img":"","footer-sml-layout":"","ast-disable-related-posts":"","theme-transparent-header-meta":"","adv-header-id-meta":"","stick-header-meta":"","header-above-stick-meta":"","header-main-stick-meta":"","header-below-stick-meta":"","astra-migrate-meta-layouts":"default","ast-page-background-enabled":"default","ast-page-background-meta":{"desktop":{"background-color":"var(--ast-global-color-4)","background-image":"","background-repeat":"repeat","background-position":"center center","background-size":"auto","background-attachment":"scroll","background-type":"","background-media":"","overlay-type":"","overlay-color":"","overlay-opacity":"","overlay-gradient":""},"tablet":{"background-color":"","background-image":"","background-repeat":"repeat","background-position":"center center","background-size":"auto","background-attachment":"scroll","background-type":"","background-media":"","overlay-type":"","overlay-color":"","overlay-opacity":"","overlay-gradient":""},"mobile":{"background-color":"","background-image":"","background-repeat":"repeat","background-position":"center center","background-size":"auto","background-attachment":"scroll","background-type":"","background-media":"","overlay-type":"","overlay-color":"","overlay-opacity":"","overlay-gradient":""}},"ast-content-background-meta":{"desktop":{"background-color":"var(--ast-global-color-5)","background-image":"","background-repeat":"repeat","background-position":"center center","background-size":"auto","background-attachment":"scroll","background-type":"","background-media":"","overlay-type":"","overlay-color":"","overlay-opacity":"","overlay-gradient":""},"tablet":{"background-color":"var(--ast-global-color-5)","background-image":"","background-repeat":"repeat","background-position":"center center","background-size":"auto","background-attachment":"scroll","background-type":"","background-media":"","overlay-type":"","overlay-color":"","overlay-opacity":"","overlay-gradient":""},"mobile":{"background-color":"var(--ast-global-color-5)","background-image":"","background-repeat":"repeat","background-position":"center center","background-size":"auto","background-attachment":"scroll","background-type":"","background-media":"","overlay-type":"","overlay-color":"","overlay-opacity":"","overlay-gradient":""}}},"product_brand":[],"product_cat":[48,49,430,1200],"product_tag":[147,185,449,220,438,964,186,184,149,456],"class_list":{"0":"post-8172","1":"product","2":"type-product","3":"status-publish","4":"has-post-thumbnail","6":"product_cat-casual","7":"product_cat-loafer","8":"product_cat-men","9":"product_cat-mens-shoes-2","10":"product_tag-brown-loafers","11":"product_tag-calf-leather-shoes","12":"product_tag-casual-shoes","13":"product_tag-comfortable-loafers","14":"product_tag-eva-sole","15":"product_tag-mens-casual-footwear","16":"product_tag-mens-loafers","17":"product_tag-slip-on-shoes","18":"product_tag-suede-loafers","19":"product_tag-wholesale-loafers","20":"desktop-align-center","21":"tablet-align-center","22":"mobile-align-center","24":"first","25":"instock","26":"shipping-taxable","27":"purchasable","28":"product-type-variable","29":"has-default-attributes"},"acf":[],"uagb_featured_image_src":{"full":["https:\/\/turkishtrade.co\/wp-content\/uploads\/2026\/01\/2600NZTMN00042-BEIGE.png",453,250,false],"thumbnail":["https:\/\/turkishtrade.co\/wp-content\/uploads\/2026\/01\/2600NZTMN00042-BEIGE-150x150.png",150,150,true],"medium":["https:\/\/turkishtrade.co\/wp-content\/uploads\/2026\/01\/2600NZTMN00042-BEIGE-300x166.png",300,166,true],"medium_large":["https:\/\/turkishtrade.co\/wp-content\/uploads\/2026\/01\/2600NZTMN00042-BEIGE.png",453,250,false],"large":["https:\/\/turkishtrade.co\/wp-content\/uploads\/2026\/01\/2600NZTMN00042-BEIGE.png",453,250,false],"1536x1536":["https:\/\/turkishtrade.co\/wp-content\/uploads\/2026\/01\/2600NZTMN00042-BEIGE.png",453,250,false],"2048x2048":["https:\/\/turkishtrade.co\/wp-content\/uploads\/2026\/01\/2600NZTMN00042-BEIGE.png",453,250,false],"trp-custom-language-flag":["https:\/\/turkishtrade.co\/wp-content\/uploads\/2026\/01\/2600NZTMN00042-BEIGE-18x10.png",18,10,true],"woocommerce_thumbnail":["https:\/\/turkishtrade.co\/wp-content\/uploads\/2026\/01\/2600NZTMN00042-BEIGE-400x250.png",400,250,true],"woocommerce_single":["https:\/\/turkishtrade.co\/wp-content\/uploads\/2026\/01\/2600NZTMN00042-BEIGE.png",453,250,false],"woocommerce_gallery_thumbnail":["https:\/\/turkishtrade.co\/wp-content\/uploads\/2026\/01\/2600NZTMN00042-BEIGE-100x100.png",100,100,true]},"uagb_author_info":{"display_name":"python python","author_link":"https:\/\/turkishtrade.co\/es\/author\/"},"uagb_comment_info":0,"uagb_excerpt":"Crafted from genuine Suede Calf Leather for a luxurious feel Soft Goat Leather Lining ensures superior breathability and comfort Lightweight and flexible EVA Sole provides all-day cushioning and support Classic casual loafer design with elegant metal buckle accent Available in a versatile range of EU Sizes: 40, 41, 42, 43, 44 Wholesale opportunities available (Minimum&hellip;","_links":{"self":[{"href":"https:\/\/turkishtrade.co\/es\/wp-json\/wp\/v2\/product\/8172","targetHints":{"allow":["GET"]}}],"collection":[{"href":"https:\/\/turkishtrade.co\/es\/wp-json\/wp\/v2\/product"}],"about":[{"href":"https:\/\/turkishtrade.co\/es\/wp-json\/wp\/v2\/types\/product"}],"wp:featuredmedia":[{"embeddable":true,"href":"https:\/\/turkishtrade.co\/es\/wp-json\/wp\/v2\/media\/6931"}],"wp:attachment":[{"href":"https:\/\/turkishtrade.co\/es\/wp-json\/wp\/v2\/media?parent=8172"}],"wp:term":[{"taxonomy":"product_brand","embeddable":true,"href":"https:\/\/turkishtrade.co\/es\/wp-json\/wp\/v2\/product_brand?post=8172"},{"taxonomy":"product_cat","embeddable":true,"href":"https:\/\/turkishtrade.co\/es\/wp-json\/wp\/v2\/product_cat?post=8172"},{"taxonomy":"product_tag","embeddable":true,"href":"https:\/\/turkishtrade.co\/es\/wp-json\/wp\/v2\/product_tag?post=8172"}],"curies":[{"name":"wp","href":"https:\/\/api.w.org\/{rel}","templated":true}]}}