{"id":8171,"date":"2026-01-29T14:48:10","date_gmt":"2026-01-29T14:48:10","guid":{"rendered":"https:\/\/turkishtrade.co\/?post_type=product&#038;p=8171"},"modified":"2026-04-09T20:33:35","modified_gmt":"2026-04-09T20:33:35","slug":"mens-brown-leather-loafers-12","status":"publish","type":"product","link":"https:\/\/turkishtrade.co\/es\/shop\/mens-brown-leather-loafers-12\/","title":{"rendered":"Mocasines de hombre de cuero marr\u00f3n garantizados | Mocasines casuales de hombre de cuero marr\u00f3n"},"content":{"rendered":"<p><strong>Mocasines de hombre de piel marr\u00f3n<\/strong>. Calidad y dise\u00f1o garantizados.<\/p>\n<p>Disfrute de un confort sofisticado con nuestro exquisito <strong>Mocasines de hombre de piel marr\u00f3n<\/strong>. Elaborados por expertos para el hombre moderno, estos mocasines combinan a la perfecci\u00f3n un estilo atemporal con un dise\u00f1o contempor\u00e1neo. El tono marr\u00f3n intenso de la parte superior de piel de ternero de primera calidad ofrece una est\u00e9tica vers\u00e1til, lo que convierte a estos mocasines en el complemento perfecto para una amplia gama de conjuntos informales y elegantes. Tanto si te diriges a un brunch de fin de semana, a una reuni\u00f3n de negocios relajada o simplemente a disfrutar de un paseo, estos mocasines prometen elevar tu look con un aire de elegancia sin esfuerzo.<\/p>\n<h3>Comodidad y artesan\u00eda inigualables<\/h3>\n<p>Experimenta una comodidad inigualable a cada paso, gracias a la cuidada construcci\u00f3n de estas <strong>Mocasines de hombre de piel marr\u00f3n<\/strong>. La parte superior est\u00e1 confeccionada en piel de ternero de alta calidad, famosa por su durabilidad, suavidad y capacidad para amoldarse al pie con el paso del tiempo. En el interior, sus pies ser\u00e1n acunados por un lujoso forro de piel de cabra, proporcionando una transpirabilidad excepcional y una sensaci\u00f3n de felpa que dura todo el d\u00eda. A diferencia de las suelas pesadas tradicionales, estos mocasines incorporan una suela de EVA ligera y flexible. Este innovador material de suela garantiza una amortiguaci\u00f3n superior, absorci\u00f3n de impactos y un agarre excelente, haci\u00e9ndolos incre\u00edblemente c\u00f3modos para un uso prolongado.<\/p>\n<p>El cl\u00e1sico dise\u00f1o de mocas\u00edn se actualiza con un perfil elegante y un sutil detalle met\u00e1lico, que a\u00f1ade un toque de estilo contempor\u00e1neo sin sacrificar su atractivo atemporal. La meticulosa costura y el acabado hablan por s\u00ed solos de la calidad artesanal, garantizando que estos <strong>Mocasines de hombre de piel marr\u00f3n<\/strong> no son s\u00f3lo una compra, sino una inversi\u00f3n en su vestuario. Disponibles en las populares tallas europeas 40, 41, 42, 43 y 44, garantizamos un ajuste perfecto para una amplia gama de clientes.<\/p>\n<h3>Estilo vers\u00e1til para cualquier ocasi\u00f3n<\/h3>\n<p>Estos mocasines de piel marr\u00f3n son incre\u00edblemente vers\u00e1tiles, por lo que son imprescindibles en cualquier armario. Comb\u00ednalos con unos chinos y una camisa abotonada para un look elegante informal, o con unos vaqueros y un polo para un estilo relajado de fin de semana. El color marr\u00f3n intenso ofrece una alternativa sofisticada al negro, aportando calidez y riqueza a tus conjuntos. Para las empresas interesadas en almacenar calzado de alta calidad, estas <strong>Mocasines de hombre de piel marr\u00f3n<\/strong> est\u00e1n disponibles para pedidos al por mayor, con una cantidad m\u00ednima de 16 pares. Ofrezca a sus clientes la mezcla perfecta de comodidad, durabilidad y estilo cl\u00e1sico con este calzado excepcional.<\/p>","protected":false},"excerpt":{"rendered":"<ul>\n<li>Parte superior de piel de becerro de primera calidad para mayor durabilidad y estilo<\/li>\n<li>Lujoso forro de piel de cabra para un confort transpirable<\/li>\n<li>Suela de EVA ligera y flexible para llevarla todo el d\u00eda<\/li>\n<li>Dise\u00f1o cl\u00e1sico de mocas\u00edn con un toque moderno y desenfadado<\/li>\n<li>Disponible en tallas europeas 40, 41, 42, 43, 44<\/li>\n<li>Ideal tanto para salidas informales como para eventos elegantes e informales<\/li>\n<li>Se aceptan pedidos al por mayor (pedido m\u00ednimo: 16 pares)<\/li>\n<\/ul>","protected":false},"featured_media":6930,"template":"","meta":{"_acf_changed":false,"_uag_custom_page_level_css":"","site-sidebar-layout":"default","site-content-layout":"","ast-site-content-layout":"default","site-content-style":"default","site-sidebar-style":"default","ast-global-header-display":"","ast-banner-title-visibility":"","ast-main-header-display":"","ast-hfb-above-header-display":"","ast-hfb-below-header-display":"","ast-hfb-mobile-header-display":"","site-post-title":"","ast-breadcrumbs-content":"","ast-featured-img":"","footer-sml-layout":"","ast-disable-related-posts":"","theme-transparent-header-meta":"","adv-header-id-meta":"","stick-header-meta":"","header-above-stick-meta":"","header-main-stick-meta":"","header-below-stick-meta":"","astra-migrate-meta-layouts":"default","ast-page-background-enabled":"default","ast-page-background-meta":{"desktop":{"background-color":"var(--ast-global-color-4)","background-image":"","background-repeat":"repeat","background-position":"center center","background-size":"auto","background-attachment":"scroll","background-type":"","background-media":"","overlay-type":"","overlay-color":"","overlay-opacity":"","overlay-gradient":""},"tablet":{"background-color":"","background-image":"","background-repeat":"repeat","background-position":"center center","background-size":"auto","background-attachment":"scroll","background-type":"","background-media":"","overlay-type":"","overlay-color":"","overlay-opacity":"","overlay-gradient":""},"mobile":{"background-color":"","background-image":"","background-repeat":"repeat","background-position":"center center","background-size":"auto","background-attachment":"scroll","background-type":"","background-media":"","overlay-type":"","overlay-color":"","overlay-opacity":"","overlay-gradient":""}},"ast-content-background-meta":{"desktop":{"background-color":"var(--ast-global-color-5)","background-image":"","background-repeat":"repeat","background-position":"center center","background-size":"auto","background-attachment":"scroll","background-type":"","background-media":"","overlay-type":"","overlay-color":"","overlay-opacity":"","overlay-gradient":""},"tablet":{"background-color":"var(--ast-global-color-5)","background-image":"","background-repeat":"repeat","background-position":"center center","background-size":"auto","background-attachment":"scroll","background-type":"","background-media":"","overlay-type":"","overlay-color":"","overlay-opacity":"","overlay-gradient":""},"mobile":{"background-color":"var(--ast-global-color-5)","background-image":"","background-repeat":"repeat","background-position":"center center","background-size":"auto","background-attachment":"scroll","background-type":"","background-media":"","overlay-type":"","overlay-color":"","overlay-opacity":"","overlay-gradient":""}}},"product_brand":[],"product_cat":[48,49,430,1200],"product_tag":[292,202,449,220,438,189,186,279,546,254],"class_list":{"0":"post-8171","1":"product","2":"type-product","3":"status-publish","4":"has-post-thumbnail","6":"product_cat-casual","7":"product_cat-loafer","8":"product_cat-men","9":"product_cat-mens-shoes-2","10":"product_tag-brown-leather-shoes","11":"product_tag-calf-leather","12":"product_tag-casual-shoes","13":"product_tag-comfortable-loafers","14":"product_tag-eva-sole","15":"product_tag-goat-leather-lining","16":"product_tag-mens-loafers","17":"product_tag-penny-loafers","18":"product_tag-stylish-mens-shoes","19":"product_tag-wholesale-footwear","20":"desktop-align-center","21":"tablet-align-center","22":"mobile-align-center","24":"first","25":"instock","26":"shipping-taxable","27":"purchasable","28":"product-type-variable","29":"has-default-attributes"},"acf":[],"uagb_featured_image_src":{"full":["https:\/\/turkishtrade.co\/wp-content\/uploads\/2026\/01\/2600NZTMN00041-BLACK.png",453,250,false],"thumbnail":["https:\/\/turkishtrade.co\/wp-content\/uploads\/2026\/01\/2600NZTMN00041-BLACK-150x150.png",150,150,true],"medium":["https:\/\/turkishtrade.co\/wp-content\/uploads\/2026\/01\/2600NZTMN00041-BLACK-300x166.png",300,166,true],"medium_large":["https:\/\/turkishtrade.co\/wp-content\/uploads\/2026\/01\/2600NZTMN00041-BLACK.png",453,250,false],"large":["https:\/\/turkishtrade.co\/wp-content\/uploads\/2026\/01\/2600NZTMN00041-BLACK.png",453,250,false],"1536x1536":["https:\/\/turkishtrade.co\/wp-content\/uploads\/2026\/01\/2600NZTMN00041-BLACK.png",453,250,false],"2048x2048":["https:\/\/turkishtrade.co\/wp-content\/uploads\/2026\/01\/2600NZTMN00041-BLACK.png",453,250,false],"trp-custom-language-flag":["https:\/\/turkishtrade.co\/wp-content\/uploads\/2026\/01\/2600NZTMN00041-BLACK-18x10.png",18,10,true],"woocommerce_thumbnail":["https:\/\/turkishtrade.co\/wp-content\/uploads\/2026\/01\/2600NZTMN00041-BLACK-400x250.png",400,250,true],"woocommerce_single":["https:\/\/turkishtrade.co\/wp-content\/uploads\/2026\/01\/2600NZTMN00041-BLACK.png",453,250,false],"woocommerce_gallery_thumbnail":["https:\/\/turkishtrade.co\/wp-content\/uploads\/2026\/01\/2600NZTMN00041-BLACK-100x100.png",100,100,true]},"uagb_author_info":{"display_name":"python python","author_link":"https:\/\/turkishtrade.co\/es\/author\/"},"uagb_comment_info":0,"uagb_excerpt":"Premium Calf Leather Upper for Durability &amp; Style Luxurious Goat Leather Lining for Breathable Comfort Lightweight &amp; Flexible EVA Sole for All-Day Wear Classic Penny Loafer Design with Modern Casual Appeal Available in European Sizes 40, 41, 42, 43, 44 Ideal for both casual outings and smart-casual events Wholesale orders welcome (Minimum order: 16 pairs)","_links":{"self":[{"href":"https:\/\/turkishtrade.co\/es\/wp-json\/wp\/v2\/product\/8171","targetHints":{"allow":["GET"]}}],"collection":[{"href":"https:\/\/turkishtrade.co\/es\/wp-json\/wp\/v2\/product"}],"about":[{"href":"https:\/\/turkishtrade.co\/es\/wp-json\/wp\/v2\/types\/product"}],"wp:featuredmedia":[{"embeddable":true,"href":"https:\/\/turkishtrade.co\/es\/wp-json\/wp\/v2\/media\/6930"}],"wp:attachment":[{"href":"https:\/\/turkishtrade.co\/es\/wp-json\/wp\/v2\/media?parent=8171"}],"wp:term":[{"taxonomy":"product_brand","embeddable":true,"href":"https:\/\/turkishtrade.co\/es\/wp-json\/wp\/v2\/product_brand?post=8171"},{"taxonomy":"product_cat","embeddable":true,"href":"https:\/\/turkishtrade.co\/es\/wp-json\/wp\/v2\/product_cat?post=8171"},{"taxonomy":"product_tag","embeddable":true,"href":"https:\/\/turkishtrade.co\/es\/wp-json\/wp\/v2\/product_tag?post=8171"}],"curies":[{"name":"wp","href":"https:\/\/api.w.org\/{rel}","templated":true}]}}