{"id":8168,"date":"2026-01-29T14:48:10","date_gmt":"2026-01-29T14:48:10","guid":{"rendered":"https:\/\/turkishtrade.co\/?post_type=product&#038;p=8168"},"modified":"2026-04-09T20:33:54","modified_gmt":"2026-04-09T20:33:54","slug":"mens-black-leather-loafers-21","status":"publish","type":"product","link":"https:\/\/turkishtrade.co\/es\/shop\/mens-black-leather-loafers-21\/","title":{"rendered":"Mocasines de hombre de cuero negro genuino | con suela blanca de EVA"},"content":{"rendered":"<p>Presentamos nuestra exquisita colecci\u00f3n de <b>Mocasines de cuero negro para hombre<\/b>, dise\u00f1adas para el hombre moderno que valora tanto el estilo como la comodidad. Estos vers\u00e1tiles zapatos sin cordones son un complemento imprescindible en cualquier armario, ya que se adaptan a la perfecci\u00f3n tanto a salidas informales como a ocasiones m\u00e1s refinadas. Confeccionadas con una meticulosa atenci\u00f3n al detalle, estas <b>Mocasines de cuero negro para hombre<\/b> encarnan la calidad y la moda duradera.<\/p>\n<h3>Confort inigualable y materiales de primera calidad<\/h3>\n<p>Experimente una comodidad inigualable a cada paso, gracias a la cuidada construcci\u00f3n de estos excepcionales mocasines. La parte superior est\u00e1 fabricada en piel de ternero 100%, conocida por su suave textura, durabilidad y capacidad para amoldarse al pie con el paso del tiempo. En el interior, sus pies estar\u00e1n acunados por un lujoso forro de piel de cabra, que proporciona una transpirabilidad superior y un tacto suave y c\u00f3modo sobre la piel. A diferencia de las alternativas sint\u00e9ticas, nuestro forro de piel de cabra garantiza que sus pies se mantengan frescos durante todo el d\u00eda.<\/p>\n<p>La base de estos destacados <b>Mocasines de cuero negro para hombre<\/b> es su suela ligera de EVA. Esta avanzada tecnolog\u00eda de suela ofrece una excelente absorci\u00f3n de impactos, reduciendo la fatiga y proporcionando una pisada el\u00e1stica y amortiguada. La suela de EVA blanca crea un llamativo contraste con la elegante piel negra, a\u00f1adiendo un toque contempor\u00e1neo a un dise\u00f1o cl\u00e1sico. Tanto si te mueves por las calles de la ciudad como si disfrutas de un relajado fin de semana, estos mocasines prometen un confort supremo.<\/p>\n<h3>Estilo vers\u00e1til para cualquier ocasi\u00f3n<\/h3>\n<p>Nuestra <b>Mocasines de cuero negro para hombre<\/b> son la personificaci\u00f3n del calzado vers\u00e1til. Su atemporal silueta de mocas\u00edn informal los hace adecuados para un sinf\u00edn de entornos. Comb\u00ednalos con pantalones chinos o vaqueros para un look casual sofisticado, o v\u00edstelos con pantalones de sastrer\u00eda para un conjunto elegante-casual perfecto para los viernes informales de negocios o eventos nocturnos. El cl\u00e1sico tono negro garantiza que complementar\u00e1n pr\u00e1cticamente cualquier atuendo, convirti\u00e9ndolos en la piedra angular de tu colecci\u00f3n de zapatos.<\/p>\n<p>Disponibles en una gama de tallas que va de la 40 a la 44, encontrar el zapato perfecto es muy sencillo. Cada par es un testimonio de artesan\u00eda especializada, que ofrece una mezcla de artesan\u00eda zapatera tradicional y dise\u00f1o contempor\u00e1neo. No son s\u00f3lo zapatos; son una inversi\u00f3n en estilo, comodidad y calidad que le servir\u00e1 durante muchos a\u00f1os. Para nuestros clientes empresariales, estos zapatos de gran demanda <b>Mocasines de cuero negro para hombre<\/b> est\u00e1n disponibles para la venta al por mayor, con un pedido m\u00ednimo de 16 pares, perfecto para ampliar su inventario con un art\u00edculo muy vendido.<\/p>","protected":false},"excerpt":{"rendered":"<ul>\n<li>La parte superior de piel de ternero aut\u00e9ntica de primera calidad garantiza durabilidad y un aspecto sofisticado.<\/li>\n<li>El lujoso forro interior de piel de cabra proporciona un confort y una transpirabilidad excepcionales.<\/li>\n<li>Suela de EVA ligera y flexible que ofrece una amortiguaci\u00f3n superior y comodidad durante todo el d\u00eda.<\/li>\n<li>Elegante dise\u00f1o de mocas\u00edn negro informal con suela blanca en contraste para una elegancia moderna.<\/li>\n<li>Disponible en las tallas 40, 41, 42, 43 y 44 de la UE para garantizar un ajuste perfecto.<\/li>\n<li>Se aceptan pedidos al por mayor con una cantidad m\u00ednima de 16 pares.<\/li>\n<\/ul>","protected":false},"featured_media":6923,"template":"","meta":{"_acf_changed":false,"_uag_custom_page_level_css":"","site-sidebar-layout":"default","site-content-layout":"","ast-site-content-layout":"default","site-content-style":"default","site-sidebar-style":"default","ast-global-header-display":"","ast-banner-title-visibility":"","ast-main-header-display":"","ast-hfb-above-header-display":"","ast-hfb-below-header-display":"","ast-hfb-mobile-header-display":"","site-post-title":"","ast-breadcrumbs-content":"","ast-featured-img":"","footer-sml-layout":"","ast-disable-related-posts":"","theme-transparent-header-meta":"","adv-header-id-meta":"","stick-header-meta":"","header-above-stick-meta":"","header-main-stick-meta":"","header-below-stick-meta":"","astra-migrate-meta-layouts":"default","ast-page-background-enabled":"default","ast-page-background-meta":{"desktop":{"background-color":"var(--ast-global-color-4)","background-image":"","background-repeat":"repeat","background-position":"center center","background-size":"auto","background-attachment":"scroll","background-type":"","background-media":"","overlay-type":"","overlay-color":"","overlay-opacity":"","overlay-gradient":""},"tablet":{"background-color":"","background-image":"","background-repeat":"repeat","background-position":"center center","background-size":"auto","background-attachment":"scroll","background-type":"","background-media":"","overlay-type":"","overlay-color":"","overlay-opacity":"","overlay-gradient":""},"mobile":{"background-color":"","background-image":"","background-repeat":"repeat","background-position":"center center","background-size":"auto","background-attachment":"scroll","background-type":"","background-media":"","overlay-type":"","overlay-color":"","overlay-opacity":"","overlay-gradient":""}},"ast-content-background-meta":{"desktop":{"background-color":"var(--ast-global-color-5)","background-image":"","background-repeat":"repeat","background-position":"center center","background-size":"auto","background-attachment":"scroll","background-type":"","background-media":"","overlay-type":"","overlay-color":"","overlay-opacity":"","overlay-gradient":""},"tablet":{"background-color":"var(--ast-global-color-5)","background-image":"","background-repeat":"repeat","background-position":"center center","background-size":"auto","background-attachment":"scroll","background-type":"","background-media":"","overlay-type":"","overlay-color":"","overlay-opacity":"","overlay-gradient":""},"mobile":{"background-color":"var(--ast-global-color-5)","background-image":"","background-repeat":"repeat","background-position":"center center","background-size":"auto","background-attachment":"scroll","background-type":"","background-media":"","overlay-type":"","overlay-color":"","overlay-opacity":"","overlay-gradient":""}}},"product_brand":[],"product_cat":[48,49,430,1200],"product_tag":[370,202,512,287,189,215,733,184,1063],"class_list":{"0":"post-8168","1":"product","2":"type-product","3":"status-publish","4":"has-post-thumbnail","6":"product_cat-casual","7":"product_cat-loafer","8":"product_cat-men","9":"product_cat-mens-shoes-2","10":"product_tag-black-loafers","11":"product_tag-calf-leather","12":"product_tag-casual-loafers","13":"product_tag-eva-sole-shoes","14":"product_tag-goat-leather-lining","15":"product_tag-leather-loafers","16":"product_tag-mens-black-leather-loafers","17":"product_tag-slip-on-shoes","18":"product_tag-turkish-trade-shoes","19":"desktop-align-center","20":"tablet-align-center","21":"mobile-align-center","23":"first","24":"instock","25":"shipping-taxable","26":"purchasable","27":"product-type-variable","28":"has-default-attributes"},"acf":[],"uagb_featured_image_src":{"full":["https:\/\/turkishtrade.co\/wp-content\/uploads\/2026\/01\/2600NZTMN00038-BLACK.png",453,250,false],"thumbnail":["https:\/\/turkishtrade.co\/wp-content\/uploads\/2026\/01\/2600NZTMN00038-BLACK-150x150.png",150,150,true],"medium":["https:\/\/turkishtrade.co\/wp-content\/uploads\/2026\/01\/2600NZTMN00038-BLACK-300x166.png",300,166,true],"medium_large":["https:\/\/turkishtrade.co\/wp-content\/uploads\/2026\/01\/2600NZTMN00038-BLACK.png",453,250,false],"large":["https:\/\/turkishtrade.co\/wp-content\/uploads\/2026\/01\/2600NZTMN00038-BLACK.png",453,250,false],"1536x1536":["https:\/\/turkishtrade.co\/wp-content\/uploads\/2026\/01\/2600NZTMN00038-BLACK.png",453,250,false],"2048x2048":["https:\/\/turkishtrade.co\/wp-content\/uploads\/2026\/01\/2600NZTMN00038-BLACK.png",453,250,false],"trp-custom-language-flag":["https:\/\/turkishtrade.co\/wp-content\/uploads\/2026\/01\/2600NZTMN00038-BLACK-18x10.png",18,10,true],"woocommerce_thumbnail":["https:\/\/turkishtrade.co\/wp-content\/uploads\/2026\/01\/2600NZTMN00038-BLACK-400x250.png",400,250,true],"woocommerce_single":["https:\/\/turkishtrade.co\/wp-content\/uploads\/2026\/01\/2600NZTMN00038-BLACK.png",453,250,false],"woocommerce_gallery_thumbnail":["https:\/\/turkishtrade.co\/wp-content\/uploads\/2026\/01\/2600NZTMN00038-BLACK-100x100.png",100,100,true]},"uagb_author_info":{"display_name":"python python","author_link":"https:\/\/turkishtrade.co\/es\/author\/"},"uagb_comment_info":0,"uagb_excerpt":"Premium genuine calf leather upper ensures durability and a sophisticated look. Luxurious goat leather interior lining provides exceptional comfort and breathability. Lightweight and flexible EVA sole offers superior cushioning and all-day wearability. Sleek black casual loafer design with a contrasting white sole for modern elegance. Available in EU sizes 40, 41, 42, 43, 44 to&hellip;","_links":{"self":[{"href":"https:\/\/turkishtrade.co\/es\/wp-json\/wp\/v2\/product\/8168","targetHints":{"allow":["GET"]}}],"collection":[{"href":"https:\/\/turkishtrade.co\/es\/wp-json\/wp\/v2\/product"}],"about":[{"href":"https:\/\/turkishtrade.co\/es\/wp-json\/wp\/v2\/types\/product"}],"wp:featuredmedia":[{"embeddable":true,"href":"https:\/\/turkishtrade.co\/es\/wp-json\/wp\/v2\/media\/6923"}],"wp:attachment":[{"href":"https:\/\/turkishtrade.co\/es\/wp-json\/wp\/v2\/media?parent=8168"}],"wp:term":[{"taxonomy":"product_brand","embeddable":true,"href":"https:\/\/turkishtrade.co\/es\/wp-json\/wp\/v2\/product_brand?post=8168"},{"taxonomy":"product_cat","embeddable":true,"href":"https:\/\/turkishtrade.co\/es\/wp-json\/wp\/v2\/product_cat?post=8168"},{"taxonomy":"product_tag","embeddable":true,"href":"https:\/\/turkishtrade.co\/es\/wp-json\/wp\/v2\/product_tag?post=8168"}],"curies":[{"name":"wp","href":"https:\/\/api.w.org\/{rel}","templated":true}]}}