{"id":8148,"date":"2026-01-29T14:47:55","date_gmt":"2026-01-29T14:47:55","guid":{"rendered":"https:\/\/turkishtrade.co\/?post_type=product&#038;p=8148"},"modified":"2026-04-09T20:34:12","modified_gmt":"2026-04-09T20:34:12","slug":"mens-black-calf-leather-casual-loafer-shoes","status":"publish","type":"product","link":"https:\/\/turkishtrade.co\/es\/shop\/mens-black-calf-leather-casual-loafer-shoes\/","title":{"rendered":"Mocasines de hombre en piel de becerro negra asombrosos"},"content":{"rendered":"<p><strong>Mocasines de piel de becerro negra para hombre<\/strong>. Calidad y dise\u00f1o incre\u00edbles.<\/p>\n<p>Disfrute de un confort refinado y un estilo sin esfuerzo con nuestros <strong>Mocasines de piel de becerro negra para hombre<\/strong>. Dise\u00f1adas para el hombre moderno que valora tanto la elegancia como la practicidad, estas <strong>zapatos mocasines de piel de becerro negra<\/strong> son un complemento vers\u00e1til para cualquier armario. Tanto si te diriges a una reuni\u00f3n informal como si disfrutas de una salida de fin de semana o buscas un calzado sofisticado para el d\u00eda a d\u00eda, estos zapatos cumplen en todos los frentes.<\/p>\n<h3>Comodidad inigualable y materiales de primera calidad<\/h3>\n<p>Confeccionados en una exquisita y flexible piel de becerro, el empeine de estos <strong>zapatos casual mocasines de hombre en piel de becerro negra<\/strong> ofrece un aspecto sofisticado y un desgaste duradero. El tono negro intenso garantiza un atractivo atemporal, mientras que el sutil detalle texturizado a\u00f1ade un toque de car\u00e1cter \u00fanico. En el interior, sus pies experimentar\u00e1n una comodidad sin igual gracias al forro de piel de cabra suave y transpirable. Este forro de primera calidad garantiza un ajuste c\u00f3modo durante todo el d\u00eda, evitando molestias incluso durante un uso prolongado. La caracter\u00edstica m\u00e1s destacada es la ligera pero robusta suela de EVA, que proporciona una amortiguaci\u00f3n y flexibilidad superiores. Este innovador dise\u00f1o de suela hace que estas <strong>zapatos mocasines de piel de becerro negra<\/strong> perfecto para largos paseos o salidas informales cotidianas, garantizando que cada paso sea un placer.<\/p>\n<h3>Estilo vers\u00e1til para cualquier ocasi\u00f3n<\/h3>\n<p>El cl\u00e1sico dise\u00f1o de mocas\u00edn informal, complementado con sutiles detalles de encaje, confiere a estos <strong>mocasines para hombre<\/strong> un encanto inconfundible. Logran el equilibrio perfecto entre elegancia e informalidad, por lo que resultan adecuados para una gran variedad de ocasiones. Comb\u00ednalos con <strong>zapatos casual de cuero<\/strong> con pantalones chinos para un almuerzo de fin de semana, v\u00edstelos ligeramente con pantalones de sastrer\u00eda para un look informal de negocios, o simplemente ll\u00e9valos con vaqueros para la m\u00e1xima sofisticaci\u00f3n relajada. El tono negro atemporal garantiza que se integren a la perfecci\u00f3n en tu atuendo actual, convirti\u00e9ndolas en una parte indispensable de tu colecci\u00f3n de calzado.<\/p>\n<h3>Artesan\u00eda de calidad y oportunidades al por mayor<\/h3>\n<p>Disponibles en las tallas m\u00e1s populares de la UE, de la 40 a la 44, estas <strong>zapatos casual mocasines de hombre en piel de becerro negra<\/strong> se elaboran meticulosamente para garantizar un ajuste perfecto y una calidad duradera. Cada detalle, desde la precisi\u00f3n de las costuras hasta la elecci\u00f3n de materiales de primera calidad, refleja el compromiso con un calzado superior. Invertir en estos <strong>zapatos mocasines de piel de becerro negra<\/strong> significa invertir en un estilo y un confort duraderos que resistan el paso del tiempo.<\/p>\n<p>Para las empresas que buscan ofrecer un calzado excepcional, estas <strong>zapatos casual mocasines de hombre en piel de becerro negra<\/strong> est\u00e1n disponibles para pedidos al por mayor, con una cantidad m\u00ednima de 16 pares. Ampl\u00ede su colecci\u00f3n con un producto que promete satisfacci\u00f3n al cliente, calidad de primera y estilo atemporal.<\/p>\n<p>No renuncie a la comodidad ni al estilo. Elija nuestro <strong>Mocasines de piel de becerro negra para hombre<\/strong> y experimente la combinaci\u00f3n perfecta de materiales de primera calidad, artesan\u00eda experta y dise\u00f1o contempor\u00e1neo.<\/p>","protected":false},"excerpt":{"rendered":"<ul>\n<li>Parte superior de piel de becerro de primera calidad para mayor durabilidad y estilo<\/li>\n<li>Forro de piel de cabra suave y transpirable para mayor comodidad durante todo el d\u00eda<\/li>\n<li>Suela ligera de EVA para una excelente amortiguaci\u00f3n y flexibilidad<\/li>\n<li>Elegante dise\u00f1o de mocas\u00edn informal con sutiles detalles de encaje<\/li>\n<li>Disponible en tallas EU: 40, 41, 42, 43, 44<\/li>\n<li>Se aceptan pedidos al por mayor (pedido m\u00ednimo: 16 pares)<\/li>\n<\/ul>","protected":false},"featured_media":6917,"template":"","meta":{"_acf_changed":false,"_uag_custom_page_level_css":"","site-sidebar-layout":"default","site-content-layout":"","ast-site-content-layout":"default","site-content-style":"default","site-sidebar-style":"default","ast-global-header-display":"","ast-banner-title-visibility":"","ast-main-header-display":"","ast-hfb-above-header-display":"","ast-hfb-below-header-display":"","ast-hfb-mobile-header-display":"","site-post-title":"","ast-breadcrumbs-content":"","ast-featured-img":"","footer-sml-layout":"","ast-disable-related-posts":"","theme-transparent-header-meta":"","adv-header-id-meta":"","stick-header-meta":"","header-above-stick-meta":"","header-main-stick-meta":"","header-below-stick-meta":"","astra-migrate-meta-layouts":"default","ast-page-background-enabled":"default","ast-page-background-meta":{"desktop":{"background-color":"var(--ast-global-color-4)","background-image":"","background-repeat":"repeat","background-position":"center center","background-size":"auto","background-attachment":"scroll","background-type":"","background-media":"","overlay-type":"","overlay-color":"","overlay-opacity":"","overlay-gradient":""},"tablet":{"background-color":"","background-image":"","background-repeat":"repeat","background-position":"center center","background-size":"auto","background-attachment":"scroll","background-type":"","background-media":"","overlay-type":"","overlay-color":"","overlay-opacity":"","overlay-gradient":""},"mobile":{"background-color":"","background-image":"","background-repeat":"repeat","background-position":"center center","background-size":"auto","background-attachment":"scroll","background-type":"","background-media":"","overlay-type":"","overlay-color":"","overlay-opacity":"","overlay-gradient":""}},"ast-content-background-meta":{"desktop":{"background-color":"var(--ast-global-color-5)","background-image":"","background-repeat":"repeat","background-position":"center center","background-size":"auto","background-attachment":"scroll","background-type":"","background-media":"","overlay-type":"","overlay-color":"","overlay-opacity":"","overlay-gradient":""},"tablet":{"background-color":"var(--ast-global-color-5)","background-image":"","background-repeat":"repeat","background-position":"center center","background-size":"auto","background-attachment":"scroll","background-type":"","background-media":"","overlay-type":"","overlay-color":"","overlay-opacity":"","overlay-gradient":""},"mobile":{"background-color":"var(--ast-global-color-5)","background-image":"","background-repeat":"repeat","background-position":"center center","background-size":"auto","background-attachment":"scroll","background-type":"","background-media":"","overlay-type":"","overlay-color":"","overlay-opacity":"","overlay-gradient":""}}},"product_brand":[],"product_cat":[48,49,430,1200],"product_tag":[370,185,449,222,438,189,941,380,281],"class_list":{"0":"post-8148","1":"product","2":"type-product","3":"status-publish","4":"has-post-thumbnail","6":"product_cat-casual","7":"product_cat-loafer","8":"product_cat-men","9":"product_cat-mens-shoes-2","10":"product_tag-black-loafers","11":"product_tag-calf-leather-shoes","12":"product_tag-casual-shoes","13":"product_tag-comfortable-shoes","14":"product_tag-eva-sole","15":"product_tag-goat-leather-lining","16":"product_tag-lace-up-loafers","17":"product_tag-smart-casual-footwear","18":"product_tag-wholesale-shoes","19":"desktop-align-center","20":"tablet-align-center","21":"mobile-align-center","23":"first","24":"instock","25":"shipping-taxable","26":"purchasable","27":"product-type-variable","28":"has-default-attributes"},"acf":[],"uagb_featured_image_src":{"full":["https:\/\/turkishtrade.co\/wp-content\/uploads\/2026\/01\/2600NZTMN00033-BLACK.png",453,250,false],"thumbnail":["https:\/\/turkishtrade.co\/wp-content\/uploads\/2026\/01\/2600NZTMN00033-BLACK-150x150.png",150,150,true],"medium":["https:\/\/turkishtrade.co\/wp-content\/uploads\/2026\/01\/2600NZTMN00033-BLACK-300x166.png",300,166,true],"medium_large":["https:\/\/turkishtrade.co\/wp-content\/uploads\/2026\/01\/2600NZTMN00033-BLACK.png",453,250,false],"large":["https:\/\/turkishtrade.co\/wp-content\/uploads\/2026\/01\/2600NZTMN00033-BLACK.png",453,250,false],"1536x1536":["https:\/\/turkishtrade.co\/wp-content\/uploads\/2026\/01\/2600NZTMN00033-BLACK.png",453,250,false],"2048x2048":["https:\/\/turkishtrade.co\/wp-content\/uploads\/2026\/01\/2600NZTMN00033-BLACK.png",453,250,false],"trp-custom-language-flag":["https:\/\/turkishtrade.co\/wp-content\/uploads\/2026\/01\/2600NZTMN00033-BLACK-18x10.png",18,10,true],"woocommerce_thumbnail":["https:\/\/turkishtrade.co\/wp-content\/uploads\/2026\/01\/2600NZTMN00033-BLACK-400x250.png",400,250,true],"woocommerce_single":["https:\/\/turkishtrade.co\/wp-content\/uploads\/2026\/01\/2600NZTMN00033-BLACK.png",453,250,false],"woocommerce_gallery_thumbnail":["https:\/\/turkishtrade.co\/wp-content\/uploads\/2026\/01\/2600NZTMN00033-BLACK-100x100.png",100,100,true]},"uagb_author_info":{"display_name":"python python","author_link":"https:\/\/turkishtrade.co\/es\/author\/"},"uagb_comment_info":0,"uagb_excerpt":"Premium Calf Leather Upper for Durability &amp; Style Soft &amp; Breathable Goat Leather Lining for All-Day Comfort Lightweight EVA Sole for Excellent Cushioning and Flexibility Elegant Casual Loafer Design with Subtle Lace Detailing Available in EU Sizes: 40, 41, 42, 43, 44 Wholesale orders welcome (Minimum Order: 16 Pairs)","_links":{"self":[{"href":"https:\/\/turkishtrade.co\/es\/wp-json\/wp\/v2\/product\/8148","targetHints":{"allow":["GET"]}}],"collection":[{"href":"https:\/\/turkishtrade.co\/es\/wp-json\/wp\/v2\/product"}],"about":[{"href":"https:\/\/turkishtrade.co\/es\/wp-json\/wp\/v2\/types\/product"}],"wp:featuredmedia":[{"embeddable":true,"href":"https:\/\/turkishtrade.co\/es\/wp-json\/wp\/v2\/media\/6917"}],"wp:attachment":[{"href":"https:\/\/turkishtrade.co\/es\/wp-json\/wp\/v2\/media?parent=8148"}],"wp:term":[{"taxonomy":"product_brand","embeddable":true,"href":"https:\/\/turkishtrade.co\/es\/wp-json\/wp\/v2\/product_brand?post=8148"},{"taxonomy":"product_cat","embeddable":true,"href":"https:\/\/turkishtrade.co\/es\/wp-json\/wp\/v2\/product_cat?post=8148"},{"taxonomy":"product_tag","embeddable":true,"href":"https:\/\/turkishtrade.co\/es\/wp-json\/wp\/v2\/product_tag?post=8148"}],"curies":[{"name":"wp","href":"https:\/\/api.w.org\/{rel}","templated":true}]}}