{"id":8143,"date":"2026-01-29T14:47:55","date_gmt":"2026-01-29T14:47:55","guid":{"rendered":"https:\/\/turkishtrade.co\/?post_type=product&#038;p=8143"},"modified":"2026-04-09T20:34:28","modified_gmt":"2026-04-09T20:34:28","slug":"mens-classic-leather-shoes-3","status":"publish","type":"product","link":"https:\/\/turkishtrade.co\/es\/shop\/mens-classic-leather-shoes-3\/","title":{"rendered":"Calzado cl\u00e1sico de hombre Ultimate | Calzado cl\u00e1sico de hombre Piel de becerro marr\u00f3n"},"content":{"rendered":"<p>Entre en la elegancia atemporal con nuestro exquisito <strong>Zapatos cl\u00e1sicos de piel para hombre<\/strong>. Meticulosamente elaborados para el caballero moderno, estos zapatos combinan el dise\u00f1o tradicional con la comodidad contempor\u00e1nea, convirti\u00e9ndolos en un complemento indispensable para cualquier armario exigente. Cada par es un testimonio de artesan\u00eda superior, dise\u00f1ado para elevar su cociente de estilo si usted se dirige a una reuni\u00f3n de negocios, un evento formal, o simplemente en busca de calzado sofisticado todos los d\u00edas. Para quienes aprecian el estilo y la calidad duraderos, estos <strong>Zapatos cl\u00e1sicos de piel para hombre<\/strong> representan el pin\u00e1culo de la excelencia en calzado.<\/p>\n<h3>Calidad y comodidad inigualables<\/h3>\n<p>Experimente la diferencia de los materiales de primera calidad con nuestro <strong>Zapatos cl\u00e1sicos de piel para hombre<\/strong>. La parte superior est\u00e1 confeccionada en piel de ternero de alta calidad, famosa por su textura flexible, durabilidad y brillo natural. Esta rica piel de becerro marr\u00f3n no s\u00f3lo irradia lujo, sino que tambi\u00e9n se adapta perfectamente al pie con el paso del tiempo, garantizando un ajuste personalizado. Como complemento a su robusto exterior, el lujoso forro de piel de cabra proporciona una transpirabilidad excepcional y un tacto suave y c\u00f3modo sobre la piel, incluso durante un uso prolongado. Estos elementos se combinan para ofrecer una experiencia de aut\u00e9ntico lujo desde el momento en que te pones tus <strong>Zapatos cl\u00e1sicos de piel para hombre<\/strong>.<\/p>\n<h3>Dise\u00f1ado para ofrecer estilo y rendimiento<\/h3>\n<p>Nuestra <strong>Zapatos cl\u00e1sicos de piel para hombre<\/strong> presentan un refinado dise\u00f1o de cordones, perfecto para lograr un look pulido y sofisticado. La est\u00e9tica en dos tonos de marr\u00f3n, con una pala m\u00e1s lisa y un cuarto sutilmente texturizado, a\u00f1ade una profundidad y un car\u00e1cter \u00fanicos que los distinguen. M\u00e1s all\u00e1 de su aspecto llamativo, estos zapatos est\u00e1n dise\u00f1ados para ser c\u00f3modos y pr\u00e1cticos. La ligera suela de EVA ofrece una excelente amortiguaci\u00f3n y flexibilidad, garantizando zancadas seguras y un agarre superior en diversas superficies. Este dise\u00f1o cl\u00e1sico est\u00e1 disponible en una gama de tallas que van de la 40 a la 44, atendiendo a un amplio espectro de preferencias. Invierta en estas <strong>Zapatos cl\u00e1sicos de piel para hombre<\/strong> significa elegir estilo y confort duradero.<\/p>\n<h3>La elecci\u00f3n perfecta para cada ocasi\u00f3n<\/h3>\n<p>La versatilidad es clave, y estos <strong>Zapatos cl\u00e1sicos de piel para hombre<\/strong> se adaptan a cualquier entorno. Comb\u00ednalas con un traje elegante para causar una buena impresi\u00f3n en la sala de juntas, o con unos chinos y una americana para conseguir un conjunto informal elegante. Su atractivo duradero y su fabricaci\u00f3n excepcional hacen de ellos no s\u00f3lo una compra, sino una inversi\u00f3n en su estilo personal. Para los minoristas y las empresas que deseen disponer de calzado de alta calidad, estos zapatos de primera calidad est\u00e1n disponibles para su compra al por mayor con un pedido m\u00ednimo de 16 pares, lo que supone una excelente oportunidad para ofrecer a sus clientes calzado de primera calidad. <strong>Zapatos cl\u00e1sicos de piel para hombre<\/strong> que sin duda le impresionar\u00e1n. Elija nuestro <strong>Zapatos cl\u00e1sicos de piel para hombre<\/strong> para una armoniosa mezcla de estilo, comodidad y calidad duradera que realmente destaca.<\/p>","protected":false},"excerpt":{"rendered":"<ul>\n<li>Parte superior de piel de becerro de primera calidad para una durabilidad superior y un estilo sofisticado.<\/li>\n<li>El lujoso forro de piel de cabra garantiza la transpirabilidad y un confort excepcional.<\/li>\n<li>Suela de EVA ligera y flexible que proporciona una excelente tracci\u00f3n y comodidad durante todo el d\u00eda.<\/li>\n<li>Dise\u00f1o cl\u00e1sico con cordones ideal para eventos formales, negocios o atuendos informales elegantes.<\/li>\n<li>Disponible en tallas UE 40-44.<\/li>\n<li>Oportunidades de venta al por mayor disponibles con un pedido m\u00ednimo de 16 pares.<\/li>\n<\/ul>","protected":false},"featured_media":6997,"template":"","meta":{"_acf_changed":false,"_uag_custom_page_level_css":"","site-sidebar-layout":"default","site-content-layout":"","ast-site-content-layout":"default","site-content-style":"default","site-sidebar-style":"default","ast-global-header-display":"","ast-banner-title-visibility":"","ast-main-header-display":"","ast-hfb-above-header-display":"","ast-hfb-below-header-display":"","ast-hfb-mobile-header-display":"","site-post-title":"","ast-breadcrumbs-content":"","ast-featured-img":"","footer-sml-layout":"","ast-disable-related-posts":"","theme-transparent-header-meta":"","adv-header-id-meta":"","stick-header-meta":"","header-above-stick-meta":"","header-main-stick-meta":"","header-below-stick-meta":"","astra-migrate-meta-layouts":"default","ast-page-background-enabled":"default","ast-page-background-meta":{"desktop":{"background-color":"var(--ast-global-color-4)","background-image":"","background-repeat":"repeat","background-position":"center center","background-size":"auto","background-attachment":"scroll","background-type":"","background-media":"","overlay-type":"","overlay-color":"","overlay-opacity":"","overlay-gradient":""},"tablet":{"background-color":"","background-image":"","background-repeat":"repeat","background-position":"center center","background-size":"auto","background-attachment":"scroll","background-type":"","background-media":"","overlay-type":"","overlay-color":"","overlay-opacity":"","overlay-gradient":""},"mobile":{"background-color":"","background-image":"","background-repeat":"repeat","background-position":"center center","background-size":"auto","background-attachment":"scroll","background-type":"","background-media":"","overlay-type":"","overlay-color":"","overlay-opacity":"","overlay-gradient":""}},"ast-content-background-meta":{"desktop":{"background-color":"var(--ast-global-color-5)","background-image":"","background-repeat":"repeat","background-position":"center center","background-size":"auto","background-attachment":"scroll","background-type":"","background-media":"","overlay-type":"","overlay-color":"","overlay-opacity":"","overlay-gradient":""},"tablet":{"background-color":"var(--ast-global-color-5)","background-image":"","background-repeat":"repeat","background-position":"center center","background-size":"auto","background-attachment":"scroll","background-type":"","background-media":"","overlay-type":"","overlay-color":"","overlay-opacity":"","overlay-gradient":""},"mobile":{"background-color":"var(--ast-global-color-5)","background-image":"","background-repeat":"repeat","background-position":"center center","background-size":"auto","background-attachment":"scroll","background-type":"","background-media":"","overlay-type":"","overlay-color":"","overlay-opacity":"","overlay-gradient":""}}},"product_brand":[],"product_cat":[47,430,1200],"product_tag":[292,185,1409,284,287,251,189,973],"class_list":{"0":"post-8143","1":"product","2":"type-product","3":"status-publish","4":"has-post-thumbnail","6":"product_cat-classic","7":"product_cat-men","8":"product_cat-mens-shoes-2","9":"product_tag-brown-leather-shoes","10":"product_tag-calf-leather-shoes","11":"product_tag-classic-style-shoes","12":"product_tag-dress-shoes","13":"product_tag-eva-sole-shoes","14":"product_tag-formal-shoes","15":"product_tag-goat-leather-lining","16":"product_tag-mens-classic-leather-shoes","17":"desktop-align-center","18":"tablet-align-center","19":"mobile-align-center","21":"first","22":"instock","23":"shipping-taxable","24":"purchasable","25":"product-type-variable","26":"has-default-attributes"},"acf":[],"uagb_featured_image_src":{"full":["https:\/\/turkishtrade.co\/wp-content\/uploads\/2026\/01\/2600NZTMN00028-CAMEL.png",453,250,false],"thumbnail":["https:\/\/turkishtrade.co\/wp-content\/uploads\/2026\/01\/2600NZTMN00028-CAMEL-150x150.png",150,150,true],"medium":["https:\/\/turkishtrade.co\/wp-content\/uploads\/2026\/01\/2600NZTMN00028-CAMEL-300x166.png",300,166,true],"medium_large":["https:\/\/turkishtrade.co\/wp-content\/uploads\/2026\/01\/2600NZTMN00028-CAMEL.png",453,250,false],"large":["https:\/\/turkishtrade.co\/wp-content\/uploads\/2026\/01\/2600NZTMN00028-CAMEL.png",453,250,false],"1536x1536":["https:\/\/turkishtrade.co\/wp-content\/uploads\/2026\/01\/2600NZTMN00028-CAMEL.png",453,250,false],"2048x2048":["https:\/\/turkishtrade.co\/wp-content\/uploads\/2026\/01\/2600NZTMN00028-CAMEL.png",453,250,false],"trp-custom-language-flag":["https:\/\/turkishtrade.co\/wp-content\/uploads\/2026\/01\/2600NZTMN00028-CAMEL-18x10.png",18,10,true],"woocommerce_thumbnail":["https:\/\/turkishtrade.co\/wp-content\/uploads\/2026\/01\/2600NZTMN00028-CAMEL-400x250.png",400,250,true],"woocommerce_single":["https:\/\/turkishtrade.co\/wp-content\/uploads\/2026\/01\/2600NZTMN00028-CAMEL.png",453,250,false],"woocommerce_gallery_thumbnail":["https:\/\/turkishtrade.co\/wp-content\/uploads\/2026\/01\/2600NZTMN00028-CAMEL-100x100.png",100,100,true]},"uagb_author_info":{"display_name":"python python","author_link":"https:\/\/turkishtrade.co\/es\/author\/"},"uagb_comment_info":0,"uagb_excerpt":"Premium Calf Leather Upper for superior durability and sophisticated style. Luxurious Goat Leather Lining ensures breathability and exceptional comfort. Lightweight and flexible EVA Sole provides excellent traction and all-day wearability. Classic Lace-Up Design ideal for formal events, business, or smart casual attire. Available in EU Sizes 40-44. Wholesale opportunities available with a minimum order of&hellip;","_links":{"self":[{"href":"https:\/\/turkishtrade.co\/es\/wp-json\/wp\/v2\/product\/8143","targetHints":{"allow":["GET"]}}],"collection":[{"href":"https:\/\/turkishtrade.co\/es\/wp-json\/wp\/v2\/product"}],"about":[{"href":"https:\/\/turkishtrade.co\/es\/wp-json\/wp\/v2\/types\/product"}],"wp:featuredmedia":[{"embeddable":true,"href":"https:\/\/turkishtrade.co\/es\/wp-json\/wp\/v2\/media\/6997"}],"wp:attachment":[{"href":"https:\/\/turkishtrade.co\/es\/wp-json\/wp\/v2\/media?parent=8143"}],"wp:term":[{"taxonomy":"product_brand","embeddable":true,"href":"https:\/\/turkishtrade.co\/es\/wp-json\/wp\/v2\/product_brand?post=8143"},{"taxonomy":"product_cat","embeddable":true,"href":"https:\/\/turkishtrade.co\/es\/wp-json\/wp\/v2\/product_cat?post=8143"},{"taxonomy":"product_tag","embeddable":true,"href":"https:\/\/turkishtrade.co\/es\/wp-json\/wp\/v2\/product_tag?post=8143"}],"curies":[{"name":"wp","href":"https:\/\/api.w.org\/{rel}","templated":true}]}}