{"id":8142,"date":"2026-01-29T14:47:55","date_gmt":"2026-01-29T14:47:55","guid":{"rendered":"https:\/\/turkishtrade.co\/?post_type=product&#038;p=8142"},"modified":"2026-04-09T20:34:32","modified_gmt":"2026-04-09T20:34:32","slug":"classic-black-cap-toe-oxford","status":"publish","type":"product","link":"https:\/\/turkishtrade.co\/es\/shop\/classic-black-cap-toe-oxford\/","title":{"rendered":"Classic Black Cap Toe Oxford Authentic | Piel de becerro negra de primera calidad para hombre"},"content":{"rendered":"<p><strong>Oxford cl\u00e1sico negro con puntera en punta<\/strong>. Calidad y dise\u00f1o aut\u00e9nticos.<\/p>\n<p>Eleve su guardarropa con la elegancia sin igual de nuestro <b>Oxford cl\u00e1sico negro con puntera en punta<\/b> zapatos. Dise\u00f1ados para el caballero exigente, estos zapatos son la personificaci\u00f3n del calzado formal sofisticado. Cada par se elabora meticulosamente con la mejor piel de ternero de primera calidad, conocida por su excepcional durabilidad, tacto flexible y capacidad para desarrollar una hermosa p\u00e1tina con el paso del tiempo. El elegante acabado en negro convierte a estos zapatos en un b\u00e1sico vers\u00e1til, perfecto para cualquier evento formal, reuni\u00f3n de negocios u ocasi\u00f3n especial en la que sea esencial lucir un aspecto pulido.<\/p>\n<p>La comodidad es primordial, y estas <b>Oxford cl\u00e1sico negro con puntera en punta<\/b> ofrecen. El interior cuenta con un lujoso forro de piel de cabra, que proporciona una transpirabilidad superior y un abrazo suave y c\u00f3modo para tus pies durante todo el d\u00eda. Diga adi\u00f3s a la incomodidad que suele asociarse a los zapatos formales; nuestro dise\u00f1o prioriza su bienestar sin comprometer el estilo. La suela de EVA, ligera pero robusta, ofrece una excelente amortiguaci\u00f3n y flexibilidad, garantizando una zancada segura y comodidad durante todo el d\u00eda, tanto si se desplaza por la oficina como si asiste a una gala nocturna. El innovador material de la suela reduce significativamente el peso total del zapato, lo que hace que sea un placer llevarlos durante largos periodos.<\/p>\n<h3>Estilo atemporal y calidad inigualable<\/h3>\n<p>El distintivo dise\u00f1o de la puntera de este <b>Oxford cl\u00e1sico negro con puntera en punta<\/b> a\u00f1ade un toque de refinados detalles, convirti\u00e9ndola en una silueta verdaderamente ic\u00f3nica. Este estilo atemporal ha sido un sello distintivo de la moda masculina durante generaciones, sin\u00f3nimo de elegancia y atenci\u00f3n al detalle. Con un empeine cosido con precisi\u00f3n y cordones resistentes, estos zapatos no son s\u00f3lo un accesorio, sino una inversi\u00f3n en estilo duradero. Nuestro compromiso con la calidad garantiza que cada par de <b>Oxford cl\u00e1sico negro con puntera en punta<\/b> cumple con los m\u00e1s altos est\u00e1ndares de artesan\u00eda, ofreci\u00e9ndole un producto que seguir\u00e1 siendo una piedra angular de su atuendo formal en los a\u00f1os venideros.<\/p>\n<p>Disponibles en una amplia gama de tallas de la UE, de la 40 a la 44, encontrar la talla perfecta es muy sencillo. Para minoristas y empresas, nos enorgullece ofrecer disponibilidad al por mayor con un pedido m\u00ednimo de 16 pares, lo que le permite almacenar un producto de primera calidad que sin duda atraer\u00e1 a su clientela. En <b>Oxford cl\u00e1sico negro con puntera en punta<\/b> es m\u00e1s que un zapato: es una declaraci\u00f3n de sofisticaci\u00f3n, calidad y moda atemporal. Invierta en un par hoy mismo y experimente la mezcla perfecta de comodidad, durabilidad y estilo cl\u00e1sico que s\u00f3lo un verdadero... <b>Oxford cl\u00e1sico negro con puntera en punta<\/b> puede proporcionar.<\/p>","protected":false},"excerpt":{"rendered":"<ul>\n<li>Parte superior de piel de becerro de primera calidad para mayor durabilidad y brillo<\/li>\n<li>Lujoso forro de piel de cabra para un confort transpirable<\/li>\n<li>Suela de EVA ligera y flexible para llevarla todo el d\u00eda<\/li>\n<li>Dise\u00f1o Oxford atemporal<\/li>\n<li>Disponible en tallas UE 40, 41, 42, 43, 44<\/li>\n<li>Disponibilidad al por mayor: Pedido m\u00ednimo de 16 pares.<\/li>\n<\/ul>","protected":false},"featured_media":6996,"template":"","meta":{"_acf_changed":false,"_uag_custom_page_level_css":"","site-sidebar-layout":"default","site-content-layout":"","ast-site-content-layout":"default","site-content-style":"default","site-sidebar-style":"default","ast-global-header-display":"","ast-banner-title-visibility":"","ast-main-header-display":"","ast-hfb-above-header-display":"","ast-hfb-below-header-display":"","ast-hfb-mobile-header-display":"","site-post-title":"","ast-breadcrumbs-content":"","ast-featured-img":"","footer-sml-layout":"","ast-disable-related-posts":"","theme-transparent-header-meta":"","adv-header-id-meta":"","stick-header-meta":"","header-above-stick-meta":"","header-main-stick-meta":"","header-below-stick-meta":"","astra-migrate-meta-layouts":"default","ast-page-background-enabled":"default","ast-page-background-meta":{"desktop":{"background-color":"var(--ast-global-color-4)","background-image":"","background-repeat":"repeat","background-position":"center center","background-size":"auto","background-attachment":"scroll","background-type":"","background-media":"","overlay-type":"","overlay-color":"","overlay-opacity":"","overlay-gradient":""},"tablet":{"background-color":"","background-image":"","background-repeat":"repeat","background-position":"center center","background-size":"auto","background-attachment":"scroll","background-type":"","background-media":"","overlay-type":"","overlay-color":"","overlay-opacity":"","overlay-gradient":""},"mobile":{"background-color":"","background-image":"","background-repeat":"repeat","background-position":"center center","background-size":"auto","background-attachment":"scroll","background-type":"","background-media":"","overlay-type":"","overlay-color":"","overlay-opacity":"","overlay-gradient":""}},"ast-content-background-meta":{"desktop":{"background-color":"var(--ast-global-color-5)","background-image":"","background-repeat":"repeat","background-position":"center center","background-size":"auto","background-attachment":"scroll","background-type":"","background-media":"","overlay-type":"","overlay-color":"","overlay-opacity":"","overlay-gradient":""},"tablet":{"background-color":"var(--ast-global-color-5)","background-image":"","background-repeat":"repeat","background-position":"center center","background-size":"auto","background-attachment":"scroll","background-type":"","background-media":"","overlay-type":"","overlay-color":"","overlay-opacity":"","overlay-gradient":""},"mobile":{"background-color":"var(--ast-global-color-5)","background-image":"","background-repeat":"repeat","background-position":"center center","background-size":"auto","background-attachment":"scroll","background-type":"","background-media":"","overlay-type":"","overlay-color":"","overlay-opacity":"","overlay-gradient":""}}},"product_brand":[],"product_cat":[47,430,1200],"product_tag":[196,405,185,1408,287,251,1258,324,204],"class_list":{"0":"post-8142","1":"product","2":"type-product","3":"status-publish","4":"has-post-thumbnail","6":"product_cat-classic","7":"product_cat-men","8":"product_cat-mens-shoes-2","9":"product_tag-black-leather-shoes","10":"product_tag-business-shoes","11":"product_tag-calf-leather-shoes","12":"product_tag-classic-black-cap-toe-oxford","13":"product_tag-eva-sole-shoes","14":"product_tag-formal-shoes","15":"product_tag-goat-lined-shoes","16":"product_tag-mens-dress-shoes","17":"product_tag-oxford-shoes","18":"desktop-align-center","19":"tablet-align-center","20":"mobile-align-center","22":"first","23":"instock","24":"shipping-taxable","25":"purchasable","26":"product-type-variable","27":"has-default-attributes"},"acf":[],"uagb_featured_image_src":{"full":["https:\/\/turkishtrade.co\/wp-content\/uploads\/2026\/01\/2600NZTMN00027-BLACK.png",453,250,false],"thumbnail":["https:\/\/turkishtrade.co\/wp-content\/uploads\/2026\/01\/2600NZTMN00027-BLACK-150x150.png",150,150,true],"medium":["https:\/\/turkishtrade.co\/wp-content\/uploads\/2026\/01\/2600NZTMN00027-BLACK-300x166.png",300,166,true],"medium_large":["https:\/\/turkishtrade.co\/wp-content\/uploads\/2026\/01\/2600NZTMN00027-BLACK.png",453,250,false],"large":["https:\/\/turkishtrade.co\/wp-content\/uploads\/2026\/01\/2600NZTMN00027-BLACK.png",453,250,false],"1536x1536":["https:\/\/turkishtrade.co\/wp-content\/uploads\/2026\/01\/2600NZTMN00027-BLACK.png",453,250,false],"2048x2048":["https:\/\/turkishtrade.co\/wp-content\/uploads\/2026\/01\/2600NZTMN00027-BLACK.png",453,250,false],"trp-custom-language-flag":["https:\/\/turkishtrade.co\/wp-content\/uploads\/2026\/01\/2600NZTMN00027-BLACK-18x10.png",18,10,true],"woocommerce_thumbnail":["https:\/\/turkishtrade.co\/wp-content\/uploads\/2026\/01\/2600NZTMN00027-BLACK-400x250.png",400,250,true],"woocommerce_single":["https:\/\/turkishtrade.co\/wp-content\/uploads\/2026\/01\/2600NZTMN00027-BLACK.png",453,250,false],"woocommerce_gallery_thumbnail":["https:\/\/turkishtrade.co\/wp-content\/uploads\/2026\/01\/2600NZTMN00027-BLACK-100x100.png",100,100,true]},"uagb_author_info":{"display_name":"python python","author_link":"https:\/\/turkishtrade.co\/es\/author\/"},"uagb_comment_info":0,"uagb_excerpt":"Premium Calf Leather Upper for Durability and Shine Luxurious Goat Leather Lining for Breathable Comfort Lightweight and Flexible EVA Sole for All-Day Wear Timeless Cap Toe Oxford Design Available in EU Sizes 40, 41, 42, 43, 44 Wholesale Availability: Minimum order of 16 pairs.","_links":{"self":[{"href":"https:\/\/turkishtrade.co\/es\/wp-json\/wp\/v2\/product\/8142","targetHints":{"allow":["GET"]}}],"collection":[{"href":"https:\/\/turkishtrade.co\/es\/wp-json\/wp\/v2\/product"}],"about":[{"href":"https:\/\/turkishtrade.co\/es\/wp-json\/wp\/v2\/types\/product"}],"wp:featuredmedia":[{"embeddable":true,"href":"https:\/\/turkishtrade.co\/es\/wp-json\/wp\/v2\/media\/6996"}],"wp:attachment":[{"href":"https:\/\/turkishtrade.co\/es\/wp-json\/wp\/v2\/media?parent=8142"}],"wp:term":[{"taxonomy":"product_brand","embeddable":true,"href":"https:\/\/turkishtrade.co\/es\/wp-json\/wp\/v2\/product_brand?post=8142"},{"taxonomy":"product_cat","embeddable":true,"href":"https:\/\/turkishtrade.co\/es\/wp-json\/wp\/v2\/product_cat?post=8142"},{"taxonomy":"product_tag","embeddable":true,"href":"https:\/\/turkishtrade.co\/es\/wp-json\/wp\/v2\/product_tag?post=8142"}],"curies":[{"name":"wp","href":"https:\/\/api.w.org\/{rel}","templated":true}]}}