{"id":8141,"date":"2026-01-29T14:47:54","date_gmt":"2026-01-29T14:47:54","guid":{"rendered":"https:\/\/turkishtrade.co\/?post_type=product&#038;p=8141"},"modified":"2026-04-09T20:34:35","modified_gmt":"2026-04-09T20:34:35","slug":"classic-brown-calf-leather-shoes-2","status":"publish","type":"product","link":"https:\/\/turkishtrade.co\/es\/shop\/classic-brown-calf-leather-shoes-2\/","title":{"rendered":"Classic Brown Calf Leather Shoes Exclusive | Classic Brown Calf Leather Derby"},"content":{"rendered":"<p>Entre en la elegancia atemporal con nuestro exquisito <strong>Zapatos cl\u00e1sicos de piel de becerro marr\u00f3n<\/strong>. Meticulosamente elaborados para el caballero exigente, estos zapatos Derby combinan el dise\u00f1o tradicional con la comodidad moderna, convirti\u00e9ndolos en un complemento indispensable para cualquier armario. El rico tono marr\u00f3n bru\u00f1ido de estos zapatos de primera calidad a\u00f1ade un toque de encanto sofisticado, asegurando que usted hace una declaraci\u00f3n refinada donde quiera que vaya. No son s\u00f3lo zapatos; son un testimonio de estilo perdurable y calidad inigualable.<\/p>\n<h3>Artesan\u00eda sin igual y materiales de primera calidad<\/h3>\n<p>Experimente el lujo de los materiales aut\u00e9nticos a cada paso que da en nuestro <strong>Zapatos cl\u00e1sicos de piel de becerro marr\u00f3n<\/strong>. La parte superior de estos sofisticados zapatos est\u00e1 fabricada con materiales de alta calidad. <strong>piel de becerro<\/strong>, es famosa por su durabilidad excepcional, su suavidad flexible y su notable capacidad para envejecer con elegancia. Esta piel de primera calidad proporciona un acabado elegante y pulido que irradia una clase innegable. En el interior, sus pies estar\u00e1n acunados por una piel suntuosamente suave y transpirable. <strong>forro de piel de cabra<\/strong>, que ofrecen un confort superior y una eficaz evacuaci\u00f3n de la humedad para llevarlas puestas todo el d\u00eda. La meticulosa atenci\u00f3n al detalle en la costura y la construcci\u00f3n en general dice mucho acerca de la calidad y la dedicaci\u00f3n vertida en cada par de estos finos Classic Brown Calf Leather Shoes.<\/p>\n<h3>Comodidad y estilo en perfecta armon\u00eda<\/h3>\n<p>Dise\u00f1adas para ofrecer un estilo impecable y una comodidad suprema, estas zapatillas cuentan con un innovador <strong>Suela de EVA<\/strong>. Esta suela ligera y muy flexible proporciona una excelente amortiguaci\u00f3n y absorci\u00f3n de impactos, garantizando la comodidad incluso durante largos periodos de caminar o estar de pie. A diferencia de las suelas pesadas tradicionales, la suela de EVA mejora la agilidad sin comprometer la est\u00e9tica cl\u00e1sica del zapato. El perfil estilizado y el elegante dise\u00f1o de cordones definen a la perfecci\u00f3n el atemporal estilo Derby, haciendo de estos <strong>Zapatos cl\u00e1sicos de piel de becerro marr\u00f3n<\/strong> excepcionalmente adecuados para una amplia gama de entornos. Desde importantes reuniones de negocios y eventos formales hasta sofisticadas reuniones sociales, su vers\u00e1til tono marr\u00f3n combina sin esfuerzo con trajes de sastrer\u00eda, pantalones elegantes e incluso con atuendos informales de lujo, lo que los convierte en un aut\u00e9ntico b\u00e1sico de vestuario.<\/p>\n<h3>Su elecci\u00f3n para cualquier ocasi\u00f3n<\/h3>\n<p>Ya sea que se dirija a la oficina ejecutiva, asista a una boda de celebraci\u00f3n o simplemente busque elevar su conjunto de todos los d\u00edas, estas <strong>Zapatos cl\u00e1sicos de piel de becerro marr\u00f3n<\/strong> son su compa\u00f1ero ideal. Su atractivo duradero garantiza que seguir\u00e1n siendo un elemento b\u00e1sico de la moda masculina durante muchos a\u00f1os. Disponibles en una amplia gama de tallas UE desde la 40 hasta la 44, nos comprometemos a garantizar un ajuste perfecto para cada pie, ofreciendo comodidad y sofisticaci\u00f3n duraderas.<\/p>\n<h3>Oportunidades exclusivas para mayoristas<\/h3>\n<p>Para minoristas y empresas exigentes que buscan ofrecer calzado de primera calidad a su clientela, estos excepcionales <strong>Zapatos cl\u00e1sicos de piel de becerro marr\u00f3n<\/strong> est\u00e1n disponibles para su compra al por mayor. Damos la bienvenida a los pedidos m\u00ednimos de 16 pares, presentando una excelente oportunidad para almacenar de alta calidad, en la demanda de calzado que realmente se destaca. Eleve su inventario y proporcione a sus clientes un producto que encarna el lujo y la comodidad sin igual con estos magn\u00edficos zapatos cl\u00e1sicos de piel de becerro marr\u00f3n.<\/p>","protected":false},"excerpt":{"rendered":"<ul>\n<li>Parte superior de piel de ternero de primera calidad para un tacto lujoso y una durabilidad duradera.<\/li>\n<li>El forro de piel de cabra suave y transpirable garantiza comodidad y frescor durante todo el d\u00eda.<\/li>\n<li>Suela de EVA ligera y flexible para una mayor amortiguaci\u00f3n y experiencia al caminar.<\/li>\n<li>Dise\u00f1o cl\u00e1sico e intemporal Derby en un vers\u00e1til tono marr\u00f3n intenso.<\/li>\n<li>Disponible en las tallas 40-44 de la UE, lo que garantiza un ajuste perfecto.<\/li>\n<li>Se aceptan consultas al por mayor para pedidos m\u00ednimos de 16 pares.<\/li>\n<\/ul>","protected":false},"featured_media":6995,"template":"","meta":{"_acf_changed":false,"_uag_custom_page_level_css":"","site-sidebar-layout":"default","site-content-layout":"","ast-site-content-layout":"default","site-content-style":"default","site-sidebar-style":"default","ast-global-header-display":"","ast-banner-title-visibility":"","ast-main-header-display":"","ast-hfb-above-header-display":"","ast-hfb-below-header-display":"","ast-hfb-mobile-header-display":"","site-post-title":"","ast-breadcrumbs-content":"","ast-featured-img":"","footer-sml-layout":"","ast-disable-related-posts":"","theme-transparent-header-meta":"","adv-header-id-meta":"","stick-header-meta":"","header-above-stick-meta":"","header-main-stick-meta":"","header-below-stick-meta":"","astra-migrate-meta-layouts":"default","ast-page-background-enabled":"default","ast-page-background-meta":{"desktop":{"background-color":"var(--ast-global-color-4)","background-image":"","background-repeat":"repeat","background-position":"center center","background-size":"auto","background-attachment":"scroll","background-type":"","background-media":"","overlay-type":"","overlay-color":"","overlay-opacity":"","overlay-gradient":""},"tablet":{"background-color":"","background-image":"","background-repeat":"repeat","background-position":"center center","background-size":"auto","background-attachment":"scroll","background-type":"","background-media":"","overlay-type":"","overlay-color":"","overlay-opacity":"","overlay-gradient":""},"mobile":{"background-color":"","background-image":"","background-repeat":"repeat","background-position":"center center","background-size":"auto","background-attachment":"scroll","background-type":"","background-media":"","overlay-type":"","overlay-color":"","overlay-opacity":"","overlay-gradient":""}},"ast-content-background-meta":{"desktop":{"background-color":"var(--ast-global-color-5)","background-image":"","background-repeat":"repeat","background-position":"center center","background-size":"auto","background-attachment":"scroll","background-type":"","background-media":"","overlay-type":"","overlay-color":"","overlay-opacity":"","overlay-gradient":""},"tablet":{"background-color":"var(--ast-global-color-5)","background-image":"","background-repeat":"repeat","background-position":"center center","background-size":"auto","background-attachment":"scroll","background-type":"","background-media":"","overlay-type":"","overlay-color":"","overlay-opacity":"","overlay-gradient":""},"mobile":{"background-color":"var(--ast-global-color-5)","background-image":"","background-repeat":"repeat","background-position":"center center","background-size":"auto","background-attachment":"scroll","background-type":"","background-media":"","overlay-type":"","overlay-color":"","overlay-opacity":"","overlay-gradient":""}}},"product_brand":[],"product_cat":[47,430,1200],"product_tag":[1407,405,299,1406,609,287,314,1326,310,262],"class_list":{"0":"post-8141","1":"product","2":"type-product","3":"status-publish","4":"has-post-thumbnail","6":"product_cat-classic","7":"product_cat-men","8":"product_cat-mens-shoes-2","9":"product_tag-brown-leather-dress-shoes","10":"product_tag-business-shoes","11":"product_tag-calf-leather-footwear","12":"product_tag-classic-brown-calf-leather-shoes","13":"product_tag-elegant-mens-shoes","14":"product_tag-eva-sole-shoes","15":"product_tag-formal-mens-shoes","16":"product_tag-goat-leather-lined-shoes","17":"product_tag-mens-derby-shoes","18":"product_tag-wholesale-mens-shoes","19":"desktop-align-center","20":"tablet-align-center","21":"mobile-align-center","23":"first","24":"instock","25":"shipping-taxable","26":"purchasable","27":"product-type-variable","28":"has-default-attributes"},"acf":[],"uagb_featured_image_src":{"full":["https:\/\/turkishtrade.co\/wp-content\/uploads\/2026\/01\/2600NZTMN00026-CAMEL.png",453,250,false],"thumbnail":["https:\/\/turkishtrade.co\/wp-content\/uploads\/2026\/01\/2600NZTMN00026-CAMEL-150x150.png",150,150,true],"medium":["https:\/\/turkishtrade.co\/wp-content\/uploads\/2026\/01\/2600NZTMN00026-CAMEL-300x166.png",300,166,true],"medium_large":["https:\/\/turkishtrade.co\/wp-content\/uploads\/2026\/01\/2600NZTMN00026-CAMEL.png",453,250,false],"large":["https:\/\/turkishtrade.co\/wp-content\/uploads\/2026\/01\/2600NZTMN00026-CAMEL.png",453,250,false],"1536x1536":["https:\/\/turkishtrade.co\/wp-content\/uploads\/2026\/01\/2600NZTMN00026-CAMEL.png",453,250,false],"2048x2048":["https:\/\/turkishtrade.co\/wp-content\/uploads\/2026\/01\/2600NZTMN00026-CAMEL.png",453,250,false],"trp-custom-language-flag":["https:\/\/turkishtrade.co\/wp-content\/uploads\/2026\/01\/2600NZTMN00026-CAMEL-18x10.png",18,10,true],"woocommerce_thumbnail":["https:\/\/turkishtrade.co\/wp-content\/uploads\/2026\/01\/2600NZTMN00026-CAMEL-400x250.png",400,250,true],"woocommerce_single":["https:\/\/turkishtrade.co\/wp-content\/uploads\/2026\/01\/2600NZTMN00026-CAMEL.png",453,250,false],"woocommerce_gallery_thumbnail":["https:\/\/turkishtrade.co\/wp-content\/uploads\/2026\/01\/2600NZTMN00026-CAMEL-100x100.png",100,100,true]},"uagb_author_info":{"display_name":"python python","author_link":"https:\/\/turkishtrade.co\/es\/author\/"},"uagb_comment_info":0,"uagb_excerpt":"Premium calf leather upper for a luxurious feel and lasting durability. Soft, breathable goat leather lining ensures all-day comfort and freshness. Lightweight and flexible EVA sole for superior cushioning and walking experience. Timeless classic Derby design in a versatile, rich brown shade. Available in EU sizes 40-44, ensuring a perfect fit. Wholesale inquiries welcome for&hellip;","_links":{"self":[{"href":"https:\/\/turkishtrade.co\/es\/wp-json\/wp\/v2\/product\/8141","targetHints":{"allow":["GET"]}}],"collection":[{"href":"https:\/\/turkishtrade.co\/es\/wp-json\/wp\/v2\/product"}],"about":[{"href":"https:\/\/turkishtrade.co\/es\/wp-json\/wp\/v2\/types\/product"}],"wp:featuredmedia":[{"embeddable":true,"href":"https:\/\/turkishtrade.co\/es\/wp-json\/wp\/v2\/media\/6995"}],"wp:attachment":[{"href":"https:\/\/turkishtrade.co\/es\/wp-json\/wp\/v2\/media?parent=8141"}],"wp:term":[{"taxonomy":"product_brand","embeddable":true,"href":"https:\/\/turkishtrade.co\/es\/wp-json\/wp\/v2\/product_brand?post=8141"},{"taxonomy":"product_cat","embeddable":true,"href":"https:\/\/turkishtrade.co\/es\/wp-json\/wp\/v2\/product_cat?post=8141"},{"taxonomy":"product_tag","embeddable":true,"href":"https:\/\/turkishtrade.co\/es\/wp-json\/wp\/v2\/product_tag?post=8141"}],"curies":[{"name":"wp","href":"https:\/\/api.w.org\/{rel}","templated":true}]}}