{"id":8140,"date":"2026-01-29T14:47:54","date_gmt":"2026-01-29T14:47:54","guid":{"rendered":"https:\/\/turkishtrade.co\/?post_type=product&#038;p=8140"},"modified":"2026-04-09T20:34:38","modified_gmt":"2026-04-09T20:34:38","slug":"mens-brown-leather-tassel-loafers-2","status":"publish","type":"product","link":"https:\/\/turkishtrade.co\/es\/shop\/mens-brown-leather-tassel-loafers-2\/","title":{"rendered":"Mocasines con borla de cuero marr\u00f3n para hombre Inmejorables | Mocasines con borla de cuero marr\u00f3n para hombre"},"content":{"rendered":"<p><strong>mocasines de hombre con borlas de cuero marr\u00f3n<\/strong>. Calidad y dise\u00f1o inmejorables.<\/p>\n<p>Ad\u00e9ntrese en una sofisticaci\u00f3n sin igual con nuestro exquisito <strong>mocasines de hombre con borlas de cuero marr\u00f3n<\/strong>. Dise\u00f1ados para el caballero moderno que aprecia el estilo cl\u00e1sico y la comodidad superior, estos mocasines son un testimonio de artesan\u00eda fina y elegancia atemporal. Cada par est\u00e1 meticulosamente construido para ofrecer tanto una apariencia llamativa y portabilidad excepcional, por lo que una adici\u00f3n indispensable a cualquier guardarropa exigente.<\/p>\n<h3>Calidad y comodidad inigualables<\/h3>\n<p>Nuestros mocasines cl\u00e1sicos con borlas de piel marr\u00f3n para hombre presentan una parte superior de piel de ternero de primera calidad, famosa por su durabilidad, tacto flexible y bonito acabado bru\u00f1ido. Este cuero de alta calidad no s\u00f3lo proporciona un aspecto lujoso, sino que tambi\u00e9n se amolda a sus pies con el tiempo para un ajuste personalizado. En el interior, encontrar\u00e1s un forro de piel de cabra suntuosamente suave, que ofrece transpirabilidad y un tacto incre\u00edblemente suave contra tu piel. Esta combinaci\u00f3n garantiza el m\u00e1ximo confort, incluso durante largos periodos de uso. La suela de EVA, ligera y flexible, proporciona una excelente amortiguaci\u00f3n y apoyo, absorbiendo el impacto a cada paso y haciendo que estos mocasines sean perfectos tanto para entornos profesionales como para reuniones sociales relajadas.<\/p>\n<h3>Dise\u00f1o distintivo y versatilidad<\/h3>\n<p>El dise\u00f1o de estos mocasines con borlas de piel marr\u00f3n para hombre es una clase magistral de calzado cl\u00e1sico. Adornados con elegantes borlas y refinados detalles de brogue en la puntera y los paneles laterales, desprenden un encanto sofisticado que eleva sin esfuerzo cualquier atuendo. El tono marr\u00f3n bru\u00f1ido ofrece una versatilidad inmensa, combinando a la perfecci\u00f3n con todo, desde elegantes trajes de negocios hasta elegantes atuendos informales como chinos y americanas. Ya sea para asistir a un evento formal, ir a la oficina o disfrutar de un brunch de fin de semana, estos mocasines cl\u00e1sicos garantizan un estilo impecable. Disponibles en las tallas 40, 41, 42, 43 y 44 de la UE, encontrar su talla perfecta es sencillo.<\/p>\n<h3>Hecho a mano para los entendidos<\/h3>\n<p>Cada detalle de estos sofisticados mocasines habla de una herencia de excelencia zapatera. Desde los patrones de brogue cuidadosamente cosidos hasta las borlas expertamente unidas, la atenci\u00f3n al detalle es evidente. No son s\u00f3lo zapatos; son una inversi\u00f3n en calidad y estilo que resistir\u00e1 el paso del tiempo. Disfrute de la mezcla de tradici\u00f3n y comodidad con nuestra colecci\u00f3n de primera calidad. Para las empresas que deseen ofrecer calzado de alta calidad, disponemos de opciones de venta al por mayor con un pedido m\u00ednimo de 16 pares, lo que supone una excelente oportunidad para tener en stock estos mocasines con borlas de piel marr\u00f3n para hombre tan solicitados.<\/p>","protected":false},"excerpt":{"rendered":"<ul>\n<li>Exquisito empeine de piel de becerro de primera calidad para una elegancia duradera y un refinado acabado bru\u00f1ido.<\/li>\n<li>El lujoso forro de piel de cabra garantiza un confort superior, transpirabilidad y un tacto suave.<\/li>\n<li>Suela de EVA ligera y flexible que proporciona una excelente amortiguaci\u00f3n para llevarlas todo el d\u00eda.<\/li>\n<li>Presenta detalles cl\u00e1sicos de borlas y sofisticados detalles de brogue en la puntera.<\/li>\n<li>Disponible en las tallas 40, 41, 42, 43 y 44 de la UE para garantizar un ajuste perfecto.<\/li>\n<li>Se aceptan consultas al por mayor, con un pedido m\u00ednimo de 16 pares.<\/li>\n<\/ul>","protected":false},"featured_media":6994,"template":"","meta":{"_acf_changed":false,"_uag_custom_page_level_css":"","site-sidebar-layout":"default","site-content-layout":"","ast-site-content-layout":"default","site-content-style":"default","site-sidebar-style":"default","ast-global-header-display":"","ast-banner-title-visibility":"","ast-main-header-display":"","ast-hfb-above-header-display":"","ast-hfb-below-header-display":"","ast-hfb-mobile-header-display":"","site-post-title":"","ast-breadcrumbs-content":"","ast-featured-img":"","footer-sml-layout":"","ast-disable-related-posts":"","theme-transparent-header-meta":"","adv-header-id-meta":"","stick-header-meta":"","header-above-stick-meta":"","header-main-stick-meta":"","header-below-stick-meta":"","astra-migrate-meta-layouts":"default","ast-page-background-enabled":"default","ast-page-background-meta":{"desktop":{"background-color":"var(--ast-global-color-4)","background-image":"","background-repeat":"repeat","background-position":"center center","background-size":"auto","background-attachment":"scroll","background-type":"","background-media":"","overlay-type":"","overlay-color":"","overlay-opacity":"","overlay-gradient":""},"tablet":{"background-color":"","background-image":"","background-repeat":"repeat","background-position":"center center","background-size":"auto","background-attachment":"scroll","background-type":"","background-media":"","overlay-type":"","overlay-color":"","overlay-opacity":"","overlay-gradient":""},"mobile":{"background-color":"","background-image":"","background-repeat":"repeat","background-position":"center center","background-size":"auto","background-attachment":"scroll","background-type":"","background-media":"","overlay-type":"","overlay-color":"","overlay-opacity":"","overlay-gradient":""}},"ast-content-background-meta":{"desktop":{"background-color":"var(--ast-global-color-5)","background-image":"","background-repeat":"repeat","background-position":"center center","background-size":"auto","background-attachment":"scroll","background-type":"","background-media":"","overlay-type":"","overlay-color":"","overlay-opacity":"","overlay-gradient":""},"tablet":{"background-color":"var(--ast-global-color-5)","background-image":"","background-repeat":"repeat","background-position":"center center","background-size":"auto","background-attachment":"scroll","background-type":"","background-media":"","overlay-type":"","overlay-color":"","overlay-opacity":"","overlay-gradient":""},"mobile":{"background-color":"var(--ast-global-color-5)","background-image":"","background-repeat":"repeat","background-position":"center center","background-size":"auto","background-attachment":"scroll","background-type":"","background-media":"","overlay-type":"","overlay-color":"","overlay-opacity":"","overlay-gradient":""}}},"product_brand":[],"product_cat":[47,430,1200],"product_tag":[654,147,185,145,284,287,352,215,186,349],"class_list":{"0":"post-8140","1":"product","2":"type-product","3":"status-publish","4":"has-post-thumbnail","6":"product_cat-classic","7":"product_cat-men","8":"product_cat-mens-shoes-2","9":"product_tag-brogue-shoes","10":"product_tag-brown-loafers","11":"product_tag-calf-leather-shoes","12":"product_tag-classic-shoes","13":"product_tag-dress-shoes","14":"product_tag-eva-sole-shoes","15":"product_tag-formal-loafers","16":"product_tag-leather-loafers","17":"product_tag-mens-loafers","18":"product_tag-tassel-loafers","19":"desktop-align-center","20":"tablet-align-center","21":"mobile-align-center","23":"first","24":"instock","25":"shipping-taxable","26":"purchasable","27":"product-type-variable","28":"has-default-attributes"},"acf":[],"uagb_featured_image_src":{"full":["https:\/\/turkishtrade.co\/wp-content\/uploads\/2026\/01\/2600NZTMN00025-CAMEL.png",453,250,false],"thumbnail":["https:\/\/turkishtrade.co\/wp-content\/uploads\/2026\/01\/2600NZTMN00025-CAMEL-150x150.png",150,150,true],"medium":["https:\/\/turkishtrade.co\/wp-content\/uploads\/2026\/01\/2600NZTMN00025-CAMEL-300x166.png",300,166,true],"medium_large":["https:\/\/turkishtrade.co\/wp-content\/uploads\/2026\/01\/2600NZTMN00025-CAMEL.png",453,250,false],"large":["https:\/\/turkishtrade.co\/wp-content\/uploads\/2026\/01\/2600NZTMN00025-CAMEL.png",453,250,false],"1536x1536":["https:\/\/turkishtrade.co\/wp-content\/uploads\/2026\/01\/2600NZTMN00025-CAMEL.png",453,250,false],"2048x2048":["https:\/\/turkishtrade.co\/wp-content\/uploads\/2026\/01\/2600NZTMN00025-CAMEL.png",453,250,false],"trp-custom-language-flag":["https:\/\/turkishtrade.co\/wp-content\/uploads\/2026\/01\/2600NZTMN00025-CAMEL-18x10.png",18,10,true],"woocommerce_thumbnail":["https:\/\/turkishtrade.co\/wp-content\/uploads\/2026\/01\/2600NZTMN00025-CAMEL-400x250.png",400,250,true],"woocommerce_single":["https:\/\/turkishtrade.co\/wp-content\/uploads\/2026\/01\/2600NZTMN00025-CAMEL.png",453,250,false],"woocommerce_gallery_thumbnail":["https:\/\/turkishtrade.co\/wp-content\/uploads\/2026\/01\/2600NZTMN00025-CAMEL-100x100.png",100,100,true]},"uagb_author_info":{"display_name":"python python","author_link":"https:\/\/turkishtrade.co\/es\/author\/"},"uagb_comment_info":0,"uagb_excerpt":"Exquisite premium calf leather upper for lasting elegance and a refined burnished finish. Luxurious goat leather lining ensures superior comfort, breathability, and a smooth feel. Lightweight and flexible EVA sole provides excellent cushioning for all-day wear. Features classic tassel detailing and sophisticated brogue accents on the toe cap. Available in EU sizes 40, 41, 42,&hellip;","_links":{"self":[{"href":"https:\/\/turkishtrade.co\/es\/wp-json\/wp\/v2\/product\/8140","targetHints":{"allow":["GET"]}}],"collection":[{"href":"https:\/\/turkishtrade.co\/es\/wp-json\/wp\/v2\/product"}],"about":[{"href":"https:\/\/turkishtrade.co\/es\/wp-json\/wp\/v2\/types\/product"}],"wp:featuredmedia":[{"embeddable":true,"href":"https:\/\/turkishtrade.co\/es\/wp-json\/wp\/v2\/media\/6994"}],"wp:attachment":[{"href":"https:\/\/turkishtrade.co\/es\/wp-json\/wp\/v2\/media?parent=8140"}],"wp:term":[{"taxonomy":"product_brand","embeddable":true,"href":"https:\/\/turkishtrade.co\/es\/wp-json\/wp\/v2\/product_brand?post=8140"},{"taxonomy":"product_cat","embeddable":true,"href":"https:\/\/turkishtrade.co\/es\/wp-json\/wp\/v2\/product_cat?post=8140"},{"taxonomy":"product_tag","embeddable":true,"href":"https:\/\/turkishtrade.co\/es\/wp-json\/wp\/v2\/product_tag?post=8140"}],"curies":[{"name":"wp","href":"https:\/\/api.w.org\/{rel}","templated":true}]}}