{"id":8119,"date":"2026-01-29T14:47:42","date_gmt":"2026-01-29T14:47:42","guid":{"rendered":"https:\/\/turkishtrade.co\/?post_type=product&#038;p=8119"},"modified":"2026-04-09T20:34:50","modified_gmt":"2026-04-09T20:34:50","slug":"mens-brown-suede-loafers-3","status":"publish","type":"product","link":"https:\/\/turkishtrade.co\/es\/shop\/mens-brown-suede-loafers-3\/","title":{"rendered":"Mocasines de hombre de ante marr\u00f3n Incredible | Mocasines de hombre de ante marr\u00f3n de piel de becerro"},"content":{"rendered":"<p><strong>Mocasines de hombre de ante marr\u00f3n<\/strong>. Calidad y dise\u00f1o incre\u00edbles.<\/p>\n<p>Descubra la combinaci\u00f3n perfecta de estilo, comodidad y durabilidad con nuestro exquisito <strong>Mocasines de hombre de ante marr\u00f3n<\/strong>. Dise\u00f1ados para el hombre moderno que valora tanto la est\u00e9tica como la practicidad, estos mocasines son un complemento esencial para cualquier armario exigente. Elaborados con una meticulosa atenci\u00f3n al detalle, estos mocasines informales prometen elevar tu look diario a la vez que te proporcionan una comodidad inigualable.<\/p>\n<h3>Calidad y artesan\u00eda inigualables<\/h3>\n<p>En el centro de estos excepcionales <strong>mocasines de hombre de ante marr\u00f3n<\/strong> es el uso de materiales de primera calidad. La parte superior est\u00e1 fabricada en flexible piel de becerro, expertamente acabada con una rica textura de ante marr\u00f3n que ofrece un aspecto sofisticado y elegante. La piel de becerro de ante es famosa por su tacto suave, su sensaci\u00f3n de lujo y su excelente transpirabilidad, lo que garantiza que tus pies se mantengan c\u00f3modos durante todo el d\u00eda. Como complemento al robusto exterior, el interior est\u00e1 forrado con aut\u00e9ntica piel de cabra. Este forro natural es incre\u00edblemente suave con la piel, mejora la circulaci\u00f3n del aire y elimina la humedad, contribuyendo a una experiencia de uso realmente c\u00f3moda. Cada puntada y cada costura reflejan una artesan\u00eda superior, lo que garantiza un producto que no s\u00f3lo es elegante, sino que tambi\u00e9n est\u00e1 hecho para durar.<\/p>\n<h3>Confort revolucionario con suela de EVA<\/h3>\n<p>\u00bfQu\u00e9 es lo que <strong>mocasines de hombre de ante marr\u00f3n<\/strong> es el innovador dise\u00f1o de su suela. Con una suela ligera de EVA (etilvinilacetato), estos zapatos ofrecen una amortiguaci\u00f3n y flexibilidad excepcionales. El EVA es conocido por sus propiedades amortiguadoras, que reducen el impacto en los pies y las articulaciones, haciendo que estos mocasines sean ideales para un uso prolongado. Tanto si se desplaza por las calles de la ciudad, como si asiste a una reuni\u00f3n de negocios informal o disfruta de un fin de semana de ocio, la suela de EVA proporciona un apoyo y una comodidad receptivos. Su suela antideslizante garantiza la estabilidad en diversas superficies, a\u00f1adiendo una capa extra de confianza a su paso. Experimenta la comodidad durante todo el d\u00eda sin renunciar al estilo.<\/p>\n<h3>Estilo vers\u00e1til para cualquier ocasi\u00f3n<\/h3>\n<p>Estos mocasines de ante marr\u00f3n encarnan una elegancia casual atemporal que los hace incre\u00edblemente vers\u00e1tiles. El tono marr\u00f3n intenso combina sin esfuerzo con una amplia gama de conjuntos, desde elegantes chinos informales y camisas abotonadas hasta vaqueros y polos m\u00e1s relajados. La cl\u00e1sica silueta de mocas\u00edn, adornada con elegantes costuras y un sutil detalle de correa, irradia una sofisticaci\u00f3n discreta. Perfectos tanto para entornos profesionales que permiten un calzado relajado como para reuniones puramente sociales, estos <strong>mocasines de hombre de ante marr\u00f3n<\/strong> est\u00e1n dise\u00f1adas para ser tu mejor elecci\u00f3n. Tienden un puente entre lo formal y lo informal, ofreciendo una opci\u00f3n refinada pero c\u00f3moda para cualquier ocasi\u00f3n.<\/p>\n<p>Nuestros mocasines de piel de becerro de primera calidad est\u00e1n disponibles en una amplia gama de tallas europeas: 40, 41, 42, 43 y 44, garantizando un ajuste perfecto para una clientela diversa. Tambi\u00e9n estamos orgullosos de ofrecer estos mocasines informales de alta calidad para su compra al por mayor. Con una cantidad m\u00ednima de pedido de s\u00f3lo 16 pares, las empresas pueden abastecerse f\u00e1cilmente de un producto que est\u00e1 garantizado para impresionar a los clientes con su calidad, comodidad y estilo duradero. Invierta en un par de nuestros mocasines de ante marr\u00f3n para hombre y entre en un mundo en el que el lujo se une a la practicidad diaria.<\/p>","protected":false},"excerpt":{"rendered":"<ul>\n<li>Fabricada en piel de becerro de ante de primera calidad para ofrecer un aspecto y un tacto lujosos<\/li>\n<li>Forro de piel de cabra suave y transpirable para una mayor comodidad durante todo el d\u00eda.<\/li>\n<li>Equipada con una suela de EVA ligera y flexible para una amortiguaci\u00f3n superior<\/li>\n<li>Dise\u00f1o cl\u00e1sico de mocas\u00edn informal con elegantes detalles de costura<\/li>\n<li>Disponible en tallas europeas 40, 41, 42, 43, 44<\/li>\n<li>Se aceptan pedidos al por mayor con una cantidad m\u00ednima de 16 pares.<\/li>\n<\/ul>","protected":false},"featured_media":6915,"template":"","meta":{"_acf_changed":false,"_uag_custom_page_level_css":"","site-sidebar-layout":"default","site-content-layout":"","ast-site-content-layout":"default","site-content-style":"default","site-sidebar-style":"default","ast-global-header-display":"","ast-banner-title-visibility":"","ast-main-header-display":"","ast-hfb-above-header-display":"","ast-hfb-below-header-display":"","ast-hfb-mobile-header-display":"","site-post-title":"","ast-breadcrumbs-content":"","ast-featured-img":"","footer-sml-layout":"","ast-disable-related-posts":"","theme-transparent-header-meta":"","adv-header-id-meta":"","stick-header-meta":"","header-above-stick-meta":"","header-main-stick-meta":"","header-below-stick-meta":"","astra-migrate-meta-layouts":"default","ast-page-background-enabled":"default","ast-page-background-meta":{"desktop":{"background-color":"var(--ast-global-color-4)","background-image":"","background-repeat":"repeat","background-position":"center center","background-size":"auto","background-attachment":"scroll","background-type":"","background-media":"","overlay-type":"","overlay-color":"","overlay-opacity":"","overlay-gradient":""},"tablet":{"background-color":"","background-image":"","background-repeat":"repeat","background-position":"center center","background-size":"auto","background-attachment":"scroll","background-type":"","background-media":"","overlay-type":"","overlay-color":"","overlay-opacity":"","overlay-gradient":""},"mobile":{"background-color":"","background-image":"","background-repeat":"repeat","background-position":"center center","background-size":"auto","background-attachment":"scroll","background-type":"","background-media":"","overlay-type":"","overlay-color":"","overlay-opacity":"","overlay-gradient":""}},"ast-content-background-meta":{"desktop":{"background-color":"var(--ast-global-color-5)","background-image":"","background-repeat":"repeat","background-position":"center center","background-size":"auto","background-attachment":"scroll","background-type":"","background-media":"","overlay-type":"","overlay-color":"","overlay-opacity":"","overlay-gradient":""},"tablet":{"background-color":"var(--ast-global-color-5)","background-image":"","background-repeat":"repeat","background-position":"center center","background-size":"auto","background-attachment":"scroll","background-type":"","background-media":"","overlay-type":"","overlay-color":"","overlay-opacity":"","overlay-gradient":""},"mobile":{"background-color":"var(--ast-global-color-5)","background-image":"","background-repeat":"repeat","background-position":"center center","background-size":"auto","background-attachment":"scroll","background-type":"","background-media":"","overlay-type":"","overlay-color":"","overlay-opacity":"","overlay-gradient":""}}},"product_brand":[],"product_cat":[48,49,430,1200],"product_tag":[147,202,449,222,438,1249,186,149,281],"class_list":{"0":"post-8119","1":"product","2":"type-product","3":"status-publish","4":"has-post-thumbnail","6":"product_cat-casual","7":"product_cat-loafer","8":"product_cat-men","9":"product_cat-mens-shoes-2","10":"product_tag-brown-loafers","11":"product_tag-calf-leather","12":"product_tag-casual-shoes","13":"product_tag-comfortable-shoes","14":"product_tag-eva-sole","15":"product_tag-goat-lining","16":"product_tag-mens-loafers","17":"product_tag-suede-loafers","18":"product_tag-wholesale-shoes","19":"desktop-align-center","20":"tablet-align-center","21":"mobile-align-center","23":"first","24":"instock","25":"shipping-taxable","26":"purchasable","27":"product-type-variable","28":"has-default-attributes"},"acf":[],"uagb_featured_image_src":{"full":["https:\/\/turkishtrade.co\/wp-content\/uploads\/2026\/01\/2600NZTMN00021-BROWN.png",453,250,false],"thumbnail":["https:\/\/turkishtrade.co\/wp-content\/uploads\/2026\/01\/2600NZTMN00021-BROWN-150x150.png",150,150,true],"medium":["https:\/\/turkishtrade.co\/wp-content\/uploads\/2026\/01\/2600NZTMN00021-BROWN-300x166.png",300,166,true],"medium_large":["https:\/\/turkishtrade.co\/wp-content\/uploads\/2026\/01\/2600NZTMN00021-BROWN.png",453,250,false],"large":["https:\/\/turkishtrade.co\/wp-content\/uploads\/2026\/01\/2600NZTMN00021-BROWN.png",453,250,false],"1536x1536":["https:\/\/turkishtrade.co\/wp-content\/uploads\/2026\/01\/2600NZTMN00021-BROWN.png",453,250,false],"2048x2048":["https:\/\/turkishtrade.co\/wp-content\/uploads\/2026\/01\/2600NZTMN00021-BROWN.png",453,250,false],"trp-custom-language-flag":["https:\/\/turkishtrade.co\/wp-content\/uploads\/2026\/01\/2600NZTMN00021-BROWN-18x10.png",18,10,true],"woocommerce_thumbnail":["https:\/\/turkishtrade.co\/wp-content\/uploads\/2026\/01\/2600NZTMN00021-BROWN-400x250.png",400,250,true],"woocommerce_single":["https:\/\/turkishtrade.co\/wp-content\/uploads\/2026\/01\/2600NZTMN00021-BROWN.png",453,250,false],"woocommerce_gallery_thumbnail":["https:\/\/turkishtrade.co\/wp-content\/uploads\/2026\/01\/2600NZTMN00021-BROWN-100x100.png",100,100,true]},"uagb_author_info":{"display_name":"python python","author_link":"https:\/\/turkishtrade.co\/es\/author\/"},"uagb_comment_info":0,"uagb_excerpt":"Crafted from premium suede calf leather for a luxurious look and feel Features a soft and breathable goat leather lining for all-day comfort Equipped with a lightweight and flexible EVA sole for superior cushioning Classic casual loafer design with elegant stitching details Available in European sizes 40, 41, 42, 43, 44 Wholesale orders are welcome&hellip;","_links":{"self":[{"href":"https:\/\/turkishtrade.co\/es\/wp-json\/wp\/v2\/product\/8119","targetHints":{"allow":["GET"]}}],"collection":[{"href":"https:\/\/turkishtrade.co\/es\/wp-json\/wp\/v2\/product"}],"about":[{"href":"https:\/\/turkishtrade.co\/es\/wp-json\/wp\/v2\/types\/product"}],"wp:featuredmedia":[{"embeddable":true,"href":"https:\/\/turkishtrade.co\/es\/wp-json\/wp\/v2\/media\/6915"}],"wp:attachment":[{"href":"https:\/\/turkishtrade.co\/es\/wp-json\/wp\/v2\/media?parent=8119"}],"wp:term":[{"taxonomy":"product_brand","embeddable":true,"href":"https:\/\/turkishtrade.co\/es\/wp-json\/wp\/v2\/product_brand?post=8119"},{"taxonomy":"product_cat","embeddable":true,"href":"https:\/\/turkishtrade.co\/es\/wp-json\/wp\/v2\/product_cat?post=8119"},{"taxonomy":"product_tag","embeddable":true,"href":"https:\/\/turkishtrade.co\/es\/wp-json\/wp\/v2\/product_tag?post=8119"}],"curies":[{"name":"wp","href":"https:\/\/api.w.org\/{rel}","templated":true}]}}