{"id":8115,"date":"2026-01-29T14:47:41","date_gmt":"2026-01-29T14:47:41","guid":{"rendered":"https:\/\/turkishtrade.co\/?post_type=product&#038;p=8115"},"modified":"2026-04-09T20:35:48","modified_gmt":"2026-04-09T20:35:48","slug":"mens-classic-brown-leather-shoes-2","status":"publish","type":"product","link":"https:\/\/turkishtrade.co\/es\/shop\/mens-classic-brown-leather-shoes-2\/","title":{"rendered":"Cl\u00e1sico de los hombres de cuero marr\u00f3n zapatos aut\u00e9nticos | Cl\u00e1sico de los hombres de cuero marr\u00f3n Derby"},"content":{"rendered":"<p>Entre en la elegancia atemporal con nuestro exquisito <strong>Zapatos cl\u00e1sicos de hombre de piel marr\u00f3n<\/strong>. Meticulosamente elaborados para ofrecer sofisticaci\u00f3n y una comodidad sin igual, estos zapatos son un complemento indispensable en el armario de cualquier caballero exigente. Dise\u00f1ados para el hombre moderno que valora la calidad y el estilo, estos <strong>zapatos cl\u00e1sicos de hombre de piel marr\u00f3n<\/strong> de la sala de juntas a los eventos nocturnos, garantizando siempre una impresi\u00f3n distinguida.<\/p>\n<h3>Confort y calidad inigualables<\/h3>\n<p>Experimente la artesan\u00eda superior de estos <strong>zapatos cl\u00e1sicos de hombre de piel marr\u00f3n<\/strong>. El empeine est\u00e1 confeccionado en piel de ternero de alta calidad, famosa por su durabilidad, textura suave y acabado elegante. En el interior, sus pies estar\u00e1n acunados por un lujoso forro de piel de cabra, que proporciona una transpirabilidad excepcional y un tacto suave y c\u00f3modo sobre la piel. A diferencia de las alternativas sint\u00e9ticas, nuestro forro de piel de cabra se adapta a su pie con el tiempo, creando un ajuste personalizado. La base de estos excepcionales <strong>zapatos cl\u00e1sicos de hombre de piel marr\u00f3n<\/strong> es una suela de EVA ligera pero robusta. Este avanzado material de suela ofrece una excelente flexibilidad y una amortiguaci\u00f3n superior, haciendo que cada paso sea c\u00f3modo y sin esfuerzo, incluso durante un uso prolongado.<\/p>\n<h3>Estilo vers\u00e1til para cualquier ocasi\u00f3n<\/h3>\n<p>Nuestra <strong>Zapatos cl\u00e1sicos de hombre de piel marr\u00f3n<\/strong> presentan un dise\u00f1o Derby atemporal, caracterizado por su sistema de cordones abiertos, que ofrece una est\u00e9tica vers\u00e1til que complementa una amplia gama de atuendos. El tono marr\u00f3n intenso a\u00f1ade un toque de calidez y sofisticaci\u00f3n, lo que hace que estos zapatos sean incre\u00edblemente adaptables. Comb\u00ednalos con un elegante traje de negocios para un look profesional, o con unos pantalones chinos y una elegante americana para un refinado conjunto informal y elegante. Estos <strong>zapatos cl\u00e1sicos de hombre de piel marr\u00f3n<\/strong> son perfectos para reuniones de negocios, bodas, encuentros formales o simplemente para elevar su estilo cotidiano. Su atractivo cl\u00e1sico garantiza que seguir\u00e1n siendo un b\u00e1sico en su colecci\u00f3n durante a\u00f1os.<\/p>\n<h3>Oportunidades al por mayor<\/h3>\n<p>Para los minoristas y las empresas que buscan calzado de alta calidad, nuestro <strong>Zapatos cl\u00e1sicos de hombre de piel marr\u00f3n<\/strong> est\u00e1n disponibles para su compra al por mayor. Ofrecemos condiciones atractivas con un pedido m\u00ednimo de 16 pares, lo que facilita la adquisici\u00f3n de estos populares y elegantes zapatos. Fabricado con un compromiso inquebrantable con la calidad y el dise\u00f1o cl\u00e1sico, estos zapatos representan un valor excelente y ser\u00e1 de inter\u00e9s para una amplia base de clientes. Ampl\u00ede su inventario con estos zapatos de dise\u00f1o impecable <strong>zapatos cl\u00e1sicos de hombre de piel marr\u00f3n<\/strong> y proporcione a sus clientes un calzado que combina lujo, comodidad y estilo duradero. P\u00f3ngase en contacto con nosotros hoy mismo para hablar de sus necesidades de venta al por mayor de estos excepcionales productos. <strong>zapatos cl\u00e1sicos de hombre de piel marr\u00f3n<\/strong>.<\/p>","protected":false},"excerpt":{"rendered":"<ul>\n<li>Parte superior de piel de becerro de primera calidad para un aspecto y un tacto lujosos.<\/li>\n<li>El forro de piel de cabra suave y transpirable garantiza la comodidad durante todo el d\u00eda.<\/li>\n<li>Suela de EVA ligera y flexible que proporciona una amortiguaci\u00f3n superior.<\/li>\n<li>Dise\u00f1o Derby cl\u00e1sico, vers\u00e1til tanto para atuendos formales como informales.<\/li>\n<li>Disponible en las tallas 40, 41, 42, 43 y 44.<\/li>\n<li>Se aceptan pedidos al por mayor, con una cantidad m\u00ednima de 16 pares.<\/li>\n<\/ul>","protected":false},"featured_media":7006,"template":"","meta":{"_acf_changed":false,"_uag_custom_page_level_css":"","site-sidebar-layout":"default","site-content-layout":"","ast-site-content-layout":"default","site-content-style":"default","site-sidebar-style":"default","ast-global-header-display":"","ast-banner-title-visibility":"","ast-main-header-display":"","ast-hfb-above-header-display":"","ast-hfb-below-header-display":"","ast-hfb-mobile-header-display":"","site-post-title":"","ast-breadcrumbs-content":"","ast-featured-img":"","footer-sml-layout":"","ast-disable-related-posts":"","theme-transparent-header-meta":"","adv-header-id-meta":"","stick-header-meta":"","header-above-stick-meta":"","header-main-stick-meta":"","header-below-stick-meta":"","astra-migrate-meta-layouts":"default","ast-page-background-enabled":"default","ast-page-background-meta":{"desktop":{"background-color":"var(--ast-global-color-4)","background-image":"","background-repeat":"repeat","background-position":"center center","background-size":"auto","background-attachment":"scroll","background-type":"","background-media":"","overlay-type":"","overlay-color":"","overlay-opacity":"","overlay-gradient":""},"tablet":{"background-color":"","background-image":"","background-repeat":"repeat","background-position":"center center","background-size":"auto","background-attachment":"scroll","background-type":"","background-media":"","overlay-type":"","overlay-color":"","overlay-opacity":"","overlay-gradient":""},"mobile":{"background-color":"","background-image":"","background-repeat":"repeat","background-position":"center center","background-size":"auto","background-attachment":"scroll","background-type":"","background-media":"","overlay-type":"","overlay-color":"","overlay-opacity":"","overlay-gradient":""}},"ast-content-background-meta":{"desktop":{"background-color":"var(--ast-global-color-5)","background-image":"","background-repeat":"repeat","background-position":"center center","background-size":"auto","background-attachment":"scroll","background-type":"","background-media":"","overlay-type":"","overlay-color":"","overlay-opacity":"","overlay-gradient":""},"tablet":{"background-color":"var(--ast-global-color-5)","background-image":"","background-repeat":"repeat","background-position":"center center","background-size":"auto","background-attachment":"scroll","background-type":"","background-media":"","overlay-type":"","overlay-color":"","overlay-opacity":"","overlay-gradient":""},"mobile":{"background-color":"var(--ast-global-color-5)","background-image":"","background-repeat":"repeat","background-position":"center center","background-size":"auto","background-attachment":"scroll","background-type":"","background-media":"","overlay-type":"","overlay-color":"","overlay-opacity":"","overlay-gradient":""}}},"product_brand":[],"product_cat":[47,430,1200],"product_tag":[292,185,754,319,287,201,189,1365,324,281],"class_list":{"0":"post-8115","1":"product","2":"type-product","3":"status-publish","4":"has-post-thumbnail","6":"product_cat-classic","7":"product_cat-men","8":"product_cat-mens-shoes-2","9":"product_tag-brown-leather-shoes","10":"product_tag-calf-leather-shoes","11":"product_tag-classic-mens-shoes","12":"product_tag-comfortable-leather-shoes","13":"product_tag-eva-sole-shoes","14":"product_tag-formal-footwear","15":"product_tag-goat-leather-lining","16":"product_tag-mens-classic-brown-leather-shoes","17":"product_tag-mens-dress-shoes","18":"product_tag-wholesale-shoes","19":"desktop-align-center","20":"tablet-align-center","21":"mobile-align-center","23":"first","24":"instock","25":"shipping-taxable","26":"purchasable","27":"product-type-variable","28":"has-default-attributes"},"acf":[],"uagb_featured_image_src":{"full":["https:\/\/turkishtrade.co\/wp-content\/uploads\/2026\/01\/2600NZTMN00017-BROWN.png",453,250,false],"thumbnail":["https:\/\/turkishtrade.co\/wp-content\/uploads\/2026\/01\/2600NZTMN00017-BROWN-150x150.png",150,150,true],"medium":["https:\/\/turkishtrade.co\/wp-content\/uploads\/2026\/01\/2600NZTMN00017-BROWN-300x166.png",300,166,true],"medium_large":["https:\/\/turkishtrade.co\/wp-content\/uploads\/2026\/01\/2600NZTMN00017-BROWN.png",453,250,false],"large":["https:\/\/turkishtrade.co\/wp-content\/uploads\/2026\/01\/2600NZTMN00017-BROWN.png",453,250,false],"1536x1536":["https:\/\/turkishtrade.co\/wp-content\/uploads\/2026\/01\/2600NZTMN00017-BROWN.png",453,250,false],"2048x2048":["https:\/\/turkishtrade.co\/wp-content\/uploads\/2026\/01\/2600NZTMN00017-BROWN.png",453,250,false],"trp-custom-language-flag":["https:\/\/turkishtrade.co\/wp-content\/uploads\/2026\/01\/2600NZTMN00017-BROWN-18x10.png",18,10,true],"woocommerce_thumbnail":["https:\/\/turkishtrade.co\/wp-content\/uploads\/2026\/01\/2600NZTMN00017-BROWN-400x250.png",400,250,true],"woocommerce_single":["https:\/\/turkishtrade.co\/wp-content\/uploads\/2026\/01\/2600NZTMN00017-BROWN.png",453,250,false],"woocommerce_gallery_thumbnail":["https:\/\/turkishtrade.co\/wp-content\/uploads\/2026\/01\/2600NZTMN00017-BROWN-100x100.png",100,100,true]},"uagb_author_info":{"display_name":"python python","author_link":"https:\/\/turkishtrade.co\/es\/author\/"},"uagb_comment_info":0,"uagb_excerpt":"Premium calf leather upper for a luxurious look and feel. Soft and breathable goat leather lining ensures all-day comfort. Lightweight and flexible EVA sole provides superior shock absorption. Classic Derby design, versatile for both formal and smart-casual attire. Available in sizes 40, 41, 42, 43, 44. Wholesale orders are welcome, with a minimum order quantity&hellip;","_links":{"self":[{"href":"https:\/\/turkishtrade.co\/es\/wp-json\/wp\/v2\/product\/8115","targetHints":{"allow":["GET"]}}],"collection":[{"href":"https:\/\/turkishtrade.co\/es\/wp-json\/wp\/v2\/product"}],"about":[{"href":"https:\/\/turkishtrade.co\/es\/wp-json\/wp\/v2\/types\/product"}],"wp:featuredmedia":[{"embeddable":true,"href":"https:\/\/turkishtrade.co\/es\/wp-json\/wp\/v2\/media\/7006"}],"wp:attachment":[{"href":"https:\/\/turkishtrade.co\/es\/wp-json\/wp\/v2\/media?parent=8115"}],"wp:term":[{"taxonomy":"product_brand","embeddable":true,"href":"https:\/\/turkishtrade.co\/es\/wp-json\/wp\/v2\/product_brand?post=8115"},{"taxonomy":"product_cat","embeddable":true,"href":"https:\/\/turkishtrade.co\/es\/wp-json\/wp\/v2\/product_cat?post=8115"},{"taxonomy":"product_tag","embeddable":true,"href":"https:\/\/turkishtrade.co\/es\/wp-json\/wp\/v2\/product_tag?post=8115"}],"curies":[{"name":"wp","href":"https:\/\/api.w.org\/{rel}","templated":true}]}}